{"id":790,"date":"2025-06-16T22:30:58","date_gmt":"2025-06-16T19:30:58","guid":{"rendered":"https:\/\/www.vaasanseudunareenat.fi\/vaasan-sahko-areena\/?page_id=790"},"modified":"2025-06-19T14:58:33","modified_gmt":"2025-06-19T11:58:33","slug":"ankomst-och-tillganglighet","status":"publish","type":"page","link":"https:\/\/www.vaasanseudunareenat.fi\/vaasan-sahko-areena\/sv\/ankomst-och-tillganglighet\/","title":{"rendered":"Ankomst och tillg\u00e4nglighet"},"content":{"rendered":"\n<section class=\"block block-hero has-overlay\">\n\t<div class=\"hero-inner\">\n\t\t\t\t\t<div class=\"image-container background-container\">\n\t\t\t\t<img decoding=\"async\" width=\"1920\" height=\"1080\" src=\"https:\/\/www.vaasanseudunareenat.fi\/vaasan-sahko-areena\/wp-content\/uploads\/sites\/4\/2024\/11\/0d9edf65-vaasan-sahko-areena-ulkokuva-kuva-esa-siltaloppi-1920x1296-1-1920x1080.jpg\" class=\"img\" alt=\"\" fetchpriority=\"high\" srcset=\"https:\/\/www.vaasanseudunareenat.fi\/vaasan-sahko-areena\/wp-content\/uploads\/sites\/4\/2024\/11\/0d9edf65-vaasan-sahko-areena-ulkokuva-kuva-esa-siltaloppi-1920x1296-1-1920x1080.jpg 1920w, https:\/\/www.vaasanseudunareenat.fi\/vaasan-sahko-areena\/wp-content\/uploads\/sites\/4\/2024\/11\/0d9edf65-vaasan-sahko-areena-ulkokuva-kuva-esa-siltaloppi-1920x1296-1-1440x810.jpg 1440w, https:\/\/www.vaasanseudunareenat.fi\/vaasan-sahko-areena\/wp-content\/uploads\/sites\/4\/2024\/11\/0d9edf65-vaasan-sahko-areena-ulkokuva-kuva-esa-siltaloppi-1920x1296-1-1024x576.jpg 1024w, https:\/\/www.vaasanseudunareenat.fi\/vaasan-sahko-areena\/wp-content\/uploads\/sites\/4\/2024\/11\/0d9edf65-vaasan-sahko-areena-ulkokuva-kuva-esa-siltaloppi-1920x1296-1-768x432.jpg 768w, https:\/\/www.vaasanseudunareenat.fi\/vaasan-sahko-areena\/wp-content\/uploads\/sites\/4\/2024\/11\/0d9edf65-vaasan-sahko-areena-ulkokuva-kuva-esa-siltaloppi-1920x1296-1-576x324.jpg 576w\" sizes=\"(max-width: 1920px) 100vw, 1920px\" \/>\t\t\t<\/div>\n\t\t\t\n\t\t\t\t<div class=\"container text-left\">\n\t\t\t<div class=\"hero-content\">\n\t\t\t\t<h1 class=\"title h1\">Ankomst och tillg\u00e4nglighet<\/h1>\n\t\t\t\t\n\t\t\t\t\t\t\t<\/div>\n\t\t<\/div>\n\n\t\t<div class=\"hero-columns grid-columns-2\">\n\t\t\t\n\t\t\t\t\t<\/div>\n\t<\/div>\n<\/section>\n\n\n\n<div style=\"height:46px\" aria-hidden=\"true\" class=\"wp-block-spacer\"><\/div>\n\n\n\n<section class=\"block block-banner layout-left theme-light has-image image-sizing-cover image-inside-container image-rounded-corners\">\n\t\t\t<div class=\"image-container \">\n\t\t\t<img loading=\"lazy\" decoding=\"async\" width=\"800\" height=\"595\" src=\"https:\/\/www.vaasanseudunareenat.fi\/vaasan-sahko-areena\/wp-content\/uploads\/sites\/4\/2025\/06\/Screenshot-2025-06-09-at-15.53.07-1024x762.png\" class=\"img\" alt=\"\" srcset=\"https:\/\/www.vaasanseudunareenat.fi\/vaasan-sahko-areena\/wp-content\/uploads\/sites\/4\/2025\/06\/Screenshot-2025-06-09-at-15.53.07-1024x762.png 1024w, https:\/\/www.vaasanseudunareenat.fi\/vaasan-sahko-areena\/wp-content\/uploads\/sites\/4\/2025\/06\/Screenshot-2025-06-09-at-15.53.07-300x223.png 300w, https:\/\/www.vaasanseudunareenat.fi\/vaasan-sahko-areena\/wp-content\/uploads\/sites\/4\/2025\/06\/Screenshot-2025-06-09-at-15.53.07-768x571.png 768w, https:\/\/www.vaasanseudunareenat.fi\/vaasan-sahko-areena\/wp-content\/uploads\/sites\/4\/2025\/06\/Screenshot-2025-06-09-at-15.53.07-1536x1143.png 1536w, https:\/\/www.vaasanseudunareenat.fi\/vaasan-sahko-areena\/wp-content\/uploads\/sites\/4\/2025\/06\/Screenshot-2025-06-09-at-15.53.07.png 1782w\" sizes=\"(max-width: 800px) 100vw, 800px\" \/>\t\t<\/div>\n\t\n\t\n\t<div class=\"container text-left\">\n\t\t<div class=\"content\">\n\t\t\t<h1 class=\"title h2\">Ankomst till Vasa Elektriska Arena<\/h1>\t\t\t\t<div class=\"content-wysiwyg\">\n\t\t\t\t\t<p>Vasa Elektriska Arena \u00e4r bel\u00e4gen p\u00e5 adressen<br \/>\n<strong>Parallellv\u00e4gen 1, 65350 Vasa<\/strong><\/p>\n\t\t\t\t<\/div>\n\t\t\t\t\n\t<ul class=\"buttons\">\n\t\t\t\t\t<li class=\"button-item\">\n\t\t\t\t<a href=\"https:\/\/www.google.fi\/maps\/place\/Vaasan+S%C3%A4hk%C3%B6+Areena\/@63.07977,21.6413648,15.66z\/data=!4m6!3m5!1s0x467d601734229f6f:0xe1adb3b7be44ab40!8m2!3d63.0801468!4d21.6414566!16zL20vMDlsOHY0?entry=ttu&#038;g_ep=EgoyMDI1MDYwNC4wIKXMDSoASAFQAw%3D%3D\" class=\"link\" target=\"_blank\">Vasa Elektriska Arena p\u00e5 kartan<\/a>\t\t\t<\/li>\n\t\t\t<\/ul>\n\t\t\t<\/div>\n\t<\/div>\n<\/section>\n\n\n\n<section class=\"block block-columns theme-light\">\n\t<div class=\"container\">\n\t\t\n\t\t\t\t\t<div class=\"columns grid-columns-2 text-left\">\n\t\t\t\t\t\t\t\t\t<div class=\"column\">\n\t\t\t\t\t\t\n\t\t\t\t\t\t\t\t\t\t\t\t\t<h2 class=\"title h3\">Med bil<\/h2>\t\t\t\t\t\t\n\t\t\t\t\t\t\t\t\t\t\t\t\t<div class=\"content content-wysiwyg\">\n\t\t\t\t\t\t\t\t<p>Arenan n\u00e5s via Parallellv\u00e4gen b\u00e5de fr\u00e5n s\u00f6der och norr (utfart endast mot s\u00f6der). Framf\u00f6r tr\u00e4ningshallarna finns parkeringsplatser f\u00f6r 4 timmars parkering samt tre bussparkeringsplatser. Parkeringsplatserna bakom tr\u00e4ningshallen \u00e4r reserverade f\u00f6r hallanv\u00e4ndare och personal. Det g\u00e5r ocks\u00e5 att anv\u00e4nda parkeringsomr\u00e5det vid t\u00e4vlingshallen (vid evenemang kan parkeringsavgift tillkomma).<\/p>\n<p>Dessutom finns tre avgiftsfria parkeringsomr\u00e5den mellan Parallellv\u00e4gen och motorv\u00e4gen, bel\u00e4gna mellan underfarten och rondellen i Sunnanvik. Fler gratis parkeringsplatser finns cirka 400\u2013500 meter fr\u00e5n arenan, vid Krutk\u00e4lalrv\u00e4gen och Stradnlandsv\u00e4gen (intill Tennis Center).<\/p>\n\t\t\t\t\t\t\t<\/div>\n\t\t\t\t\t\t\n\t\t\t\t\t\t\t\t\t\t\t<\/div>\n\t\t\t\t\t\t\t\t\t<div class=\"column\">\n\t\t\t\t\t\t\n\t\t\t\t\t\t\t\t\t\t\t\t\t<h2 class=\"title h3\">Med buss<\/h2>\t\t\t\t\t\t\n\t\t\t\t\t\t\t\t\t\t\t\t\t<div class=\"content content-wysiwyg\">\n\t\t\t\t\t\t\t\t<p>Det \u00e4r cirka 2,5 km fr\u00e5n Vasa centrum till arenan. Den n\u00e4rmaste bussh\u00e5llplatsen \u00e4r Strandlandsv\u00e4gen \/ Karlsplan A. Vid evenemang l\u00f6nar det sig att kontrollera eventuella specialarrangemang i kollektivtrafiken.<\/p>\n<p><a href=\"https:\/\/www.vaasa.fi\/sv\/bo-och-lev\/trafik-och-gator\/kollektivtrafik\/busstidtabeller-och-rutter\/\">Busstrafikf\u00f6rbindelse<\/a><\/p>\n\t\t\t\t\t\t\t<\/div>\n\t\t\t\t\t\t\n\t\t\t\t\t\t\t\t\t\t\t<\/div>\n\t\t\t\t\t\t\t<\/div>\n\t\t\n\t\t\t<\/div>\n<\/section>\n\n\n\n<hr class=\"wp-block-separator has-alpha-channel-opacity\" \/>\n\n\n\n<section class=\"block block-banner layout-right theme-light has-image image-sizing-contain image-inside-container\">\n\t\t\t<div class=\"image-container \">\n\t\t\t<img loading=\"lazy\" decoding=\"async\" width=\"800\" height=\"874\" src=\"https:\/\/www.vaasanseudunareenat.fi\/vaasan-sahko-areena\/wp-content\/uploads\/sites\/4\/2024\/11\/Vaasanseudun-areenat-VAASANKAUPUNKI-688fdbc6-vaasan-sahko-areena-kuva-esa-siltaloppi-scaled-1-937x1024.png\" class=\"img\" alt=\"\" srcset=\"https:\/\/www.vaasanseudunareenat.fi\/vaasan-sahko-areena\/wp-content\/uploads\/sites\/4\/2024\/11\/Vaasanseudun-areenat-VAASANKAUPUNKI-688fdbc6-vaasan-sahko-areena-kuva-esa-siltaloppi-scaled-1-937x1024.png 937w, https:\/\/www.vaasanseudunareenat.fi\/vaasan-sahko-areena\/wp-content\/uploads\/sites\/4\/2024\/11\/Vaasanseudun-areenat-VAASANKAUPUNKI-688fdbc6-vaasan-sahko-areena-kuva-esa-siltaloppi-scaled-1-274x300.png 274w, https:\/\/www.vaasanseudunareenat.fi\/vaasan-sahko-areena\/wp-content\/uploads\/sites\/4\/2024\/11\/Vaasanseudun-areenat-VAASANKAUPUNKI-688fdbc6-vaasan-sahko-areena-kuva-esa-siltaloppi-scaled-1-768x840.png 768w, https:\/\/www.vaasanseudunareenat.fi\/vaasan-sahko-areena\/wp-content\/uploads\/sites\/4\/2024\/11\/Vaasanseudun-areenat-VAASANKAUPUNKI-688fdbc6-vaasan-sahko-areena-kuva-esa-siltaloppi-scaled-1.png 988w\" sizes=\"(max-width: 800px) 100vw, 800px\" \/>\t\t<\/div>\n\t\n\t\n\t<div class=\"container text-left\">\n\t\t<div class=\"content\">\n\t\t\t<h2 class=\"title h2\">Tillg\u00e4nglighetstj\u00e4nster<\/h2>\t\t\t\t<div class=\"content-wysiwyg\">\n\t\t\t\t\t<p>Vasa Elektriska Arena \u00e4r utformad f\u00f6r att vara tillg\u00e4nglig s\u00e5 att alla kan njuta av evenemangen p\u00e5 ett s\u00e4kert och bekv\u00e4mt s\u00e4tt. Arenan erbjuder f\u00f6ljande tillg\u00e4nglighetstj\u00e4nster:<\/p>\n<p><strong>Handikapparkering:<\/strong><br \/>\nFlera handikapplatser finns p\u00e5 arenans framsida n\u00e4ra huvudentr\u00e9erna.<\/p>\n<p><strong>Tillg\u00e4ngliga ing\u00e5ngar:<\/strong><br \/>\nD\u00f6rr 1: Bel\u00e4gen under den gamla huvudentr\u00e9ns trappa.<br \/>\nLounge-d\u00f6rren: Invid den nya huvudentr\u00e9ns trappa. B\u00e5da ing\u00e5ngarna \u00e4r tillg\u00e4ngliga.<\/p>\n<p><strong>Hissar:<\/strong><br \/>\nTv\u00e5 hissar g\u00f6r det l\u00e4tt att r\u00f6ra sig i anslutning till de tillg\u00e4ngliga ing\u00e5ngarna.<\/p>\n<p><strong>Tillg\u00e4ngliga WC:n:<\/strong><br \/>\nTre tillg\u00e4ngliga toaletter finns p\u00e5 v\u00e5ning 1 och 2.<\/p>\n<p><strong>Skridskok\u00e4lkar:<\/strong><br \/>\nTv\u00e5 skridskok\u00e4lkar kan l\u00e5nas f\u00f6r de allm\u00e4nna istiderna.<\/p>\n\t\t\t\t<\/div>\n\t\t\t\t\t\t<\/div>\n\t<\/div>\n<\/section>\n","protected":false},"excerpt":{"rendered":"","protected":false},"author":13,"featured_media":0,"parent":0,"menu_order":0,"comment_status":"closed","ping_status":"closed","template":"","meta":{"_acf_changed":false,"footnotes":""},"class_list":["post-790","page","type-page","status-publish","hentry"],"acf":[],"yoast_head":"<!-- This site is optimized with the Yoast SEO plugin v27.3 - https:\/\/yoast.com\/product\/yoast-seo-wordpress\/ -->\n<title>Ankomst och tillg\u00e4nglighet - Vaasan S\u00e4hk\u00f6 Areena<\/title>\n<meta name=\"robots\" content=\"index, follow, max-snippet:-1, max-image-preview:large, max-video-preview:-1\" \/>\n<link rel=\"canonical\" href=\"https:\/\/www.vaasanseudunareenat.fi\/vaasan-sahko-areena\/sv\/ankomst-och-tillganglighet\/\" \/>\n<meta property=\"og:locale\" content=\"en_US\" \/>\n<meta property=\"og:type\" content=\"article\" \/>\n<meta property=\"og:title\" content=\"Ankomst och tillg\u00e4nglighet - Vaasan S\u00e4hk\u00f6 Areena\" \/>\n<meta property=\"og:url\" content=\"https:\/\/www.vaasanseudunareenat.fi\/vaasan-sahko-areena\/sv\/ankomst-och-tillganglighet\/\" \/>\n<meta property=\"og:site_name\" content=\"Vaasan S\u00e4hk\u00f6 Areena\" \/>\n<meta property=\"article:publisher\" content=\"https:\/\/www.facebook.com\/VaasanSahkoAreena\/\" \/>\n<meta property=\"article:modified_time\" content=\"2025-06-19T11:58:33+00:00\" \/>\n<meta name=\"twitter:card\" content=\"summary_large_image\" \/>\n<script type=\"application\/ld+json\" class=\"yoast-schema-graph\">{\"@context\":\"https:\\\/\\\/schema.org\",\"@graph\":[{\"@type\":\"WebPage\",\"@id\":\"https:\\\/\\\/www.vaasanseudunareenat.fi\\\/vaasan-sahko-areena\\\/sv\\\/ankomst-och-tillganglighet\\\/\",\"url\":\"https:\\\/\\\/www.vaasanseudunareenat.fi\\\/vaasan-sahko-areena\\\/sv\\\/ankomst-och-tillganglighet\\\/\",\"name\":\"Ankomst och tillg\u00e4nglighet - Vaasan S\u00e4hk\u00f6 Areena\",\"isPartOf\":{\"@id\":\"https:\\\/\\\/www.vaasanseudunareenat.fi\\\/vaasan-sahko-areena\\\/#website\"},\"datePublished\":\"2025-06-16T19:30:58+00:00\",\"dateModified\":\"2025-06-19T11:58:33+00:00\",\"breadcrumb\":{\"@id\":\"https:\\\/\\\/www.vaasanseudunareenat.fi\\\/vaasan-sahko-areena\\\/sv\\\/ankomst-och-tillganglighet\\\/#breadcrumb\"},\"inLanguage\":\"en-US\",\"potentialAction\":[{\"@type\":\"ReadAction\",\"target\":[\"https:\\\/\\\/www.vaasanseudunareenat.fi\\\/vaasan-sahko-areena\\\/sv\\\/ankomst-och-tillganglighet\\\/\"]}]},{\"@type\":\"BreadcrumbList\",\"@id\":\"https:\\\/\\\/www.vaasanseudunareenat.fi\\\/vaasan-sahko-areena\\\/sv\\\/ankomst-och-tillganglighet\\\/#breadcrumb\",\"itemListElement\":[{\"@type\":\"ListItem\",\"position\":1,\"name\":\"Home\",\"item\":\"https:\\\/\\\/www.vaasanseudunareenat.fi\\\/vaasan-sahko-areena\\\/\"},{\"@type\":\"ListItem\",\"position\":2,\"name\":\"Ankomst och tillg\u00e4nglighet\"}]},{\"@type\":\"WebSite\",\"@id\":\"https:\\\/\\\/www.vaasanseudunareenat.fi\\\/vaasan-sahko-areena\\\/#website\",\"url\":\"https:\\\/\\\/www.vaasanseudunareenat.fi\\\/vaasan-sahko-areena\\\/\",\"name\":\"Vaasan S\u00e4hk\u00f6 Areena\",\"description\":\"\",\"potentialAction\":[{\"@type\":\"SearchAction\",\"target\":{\"@type\":\"EntryPoint\",\"urlTemplate\":\"https:\\\/\\\/www.vaasanseudunareenat.fi\\\/vaasan-sahko-areena\\\/?s={search_term_string}\"},\"query-input\":{\"@type\":\"PropertyValueSpecification\",\"valueRequired\":true,\"valueName\":\"search_term_string\"}}],\"inLanguage\":\"en-US\"}]}<\/script>\n<!-- \/ Yoast SEO plugin. -->","yoast_head_json":{"title":"Ankomst och tillg\u00e4nglighet - Vaasan S\u00e4hk\u00f6 Areena","robots":{"index":"index","follow":"follow","max-snippet":"max-snippet:-1","max-image-preview":"max-image-preview:large","max-video-preview":"max-video-preview:-1"},"canonical":"https:\/\/www.vaasanseudunareenat.fi\/vaasan-sahko-areena\/sv\/ankomst-och-tillganglighet\/","og_locale":"en_US","og_type":"article","og_title":"Ankomst och tillg\u00e4nglighet - Vaasan S\u00e4hk\u00f6 Areena","og_url":"https:\/\/www.vaasanseudunareenat.fi\/vaasan-sahko-areena\/sv\/ankomst-och-tillganglighet\/","og_site_name":"Vaasan S\u00e4hk\u00f6 Areena","article_publisher":"https:\/\/www.facebook.com\/VaasanSahkoAreena\/","article_modified_time":"2025-06-19T11:58:33+00:00","twitter_card":"summary_large_image","schema":{"@context":"https:\/\/schema.org","@graph":[{"@type":"WebPage","@id":"https:\/\/www.vaasanseudunareenat.fi\/vaasan-sahko-areena\/sv\/ankomst-och-tillganglighet\/","url":"https:\/\/www.vaasanseudunareenat.fi\/vaasan-sahko-areena\/sv\/ankomst-och-tillganglighet\/","name":"Ankomst och tillg\u00e4nglighet - Vaasan S\u00e4hk\u00f6 Areena","isPartOf":{"@id":"https:\/\/www.vaasanseudunareenat.fi\/vaasan-sahko-areena\/#website"},"datePublished":"2025-06-16T19:30:58+00:00","dateModified":"2025-06-19T11:58:33+00:00","breadcrumb":{"@id":"https:\/\/www.vaasanseudunareenat.fi\/vaasan-sahko-areena\/sv\/ankomst-och-tillganglighet\/#breadcrumb"},"inLanguage":"en-US","potentialAction":[{"@type":"ReadAction","target":["https:\/\/www.vaasanseudunareenat.fi\/vaasan-sahko-areena\/sv\/ankomst-och-tillganglighet\/"]}]},{"@type":"BreadcrumbList","@id":"https:\/\/www.vaasanseudunareenat.fi\/vaasan-sahko-areena\/sv\/ankomst-och-tillganglighet\/#breadcrumb","itemListElement":[{"@type":"ListItem","position":1,"name":"Home","item":"https:\/\/www.vaasanseudunareenat.fi\/vaasan-sahko-areena\/"},{"@type":"ListItem","position":2,"name":"Ankomst och tillg\u00e4nglighet"}]},{"@type":"WebSite","@id":"https:\/\/www.vaasanseudunareenat.fi\/vaasan-sahko-areena\/#website","url":"https:\/\/www.vaasanseudunareenat.fi\/vaasan-sahko-areena\/","name":"Vaasan S\u00e4hk\u00f6 Areena","description":"","potentialAction":[{"@type":"SearchAction","target":{"@type":"EntryPoint","urlTemplate":"https:\/\/www.vaasanseudunareenat.fi\/vaasan-sahko-areena\/?s={search_term_string}"},"query-input":{"@type":"PropertyValueSpecification","valueRequired":true,"valueName":"search_term_string"}}],"inLanguage":"en-US"}]}},"lang":"sv","translations":{"sv":790,"fi":126},"pll_sync_post":[],"_links":{"self":[{"href":"https:\/\/www.vaasanseudunareenat.fi\/vaasan-sahko-areena\/wp-json\/wp\/v2\/pages\/790","targetHints":{"allow":["GET"]}}],"collection":[{"href":"https:\/\/www.vaasanseudunareenat.fi\/vaasan-sahko-areena\/wp-json\/wp\/v2\/pages"}],"about":[{"href":"https:\/\/www.vaasanseudunareenat.fi\/vaasan-sahko-areena\/wp-json\/wp\/v2\/types\/page"}],"author":[{"embeddable":true,"href":"https:\/\/www.vaasanseudunareenat.fi\/vaasan-sahko-areena\/wp-json\/wp\/v2\/users\/13"}],"replies":[{"embeddable":true,"href":"https:\/\/www.vaasanseudunareenat.fi\/vaasan-sahko-areena\/wp-json\/wp\/v2\/comments?post=790"}],"version-history":[{"count":3,"href":"https:\/\/www.vaasanseudunareenat.fi\/vaasan-sahko-areena\/wp-json\/wp\/v2\/pages\/790\/revisions"}],"predecessor-version":[{"id":821,"href":"https:\/\/www.vaasanseudunareenat.fi\/vaasan-sahko-areena\/wp-json\/wp\/v2\/pages\/790\/revisions\/821"}],"wp:attachment":[{"href":"https:\/\/www.vaasanseudunareenat.fi\/vaasan-sahko-areena\/wp-json\/wp\/v2\/media?parent=790"}],"curies":[{"name":"wp","href":"https:\/\/api.w.org\/{rel}","templated":true}]}}