{"id":785,"date":"2025-06-16T22:17:34","date_gmt":"2025-06-16T19:17:34","guid":{"rendered":"https:\/\/www.vaasanseudunareenat.fi\/vaasan-sahko-areena\/?page_id=785"},"modified":"2025-06-16T22:17:35","modified_gmt":"2025-06-16T19:17:35","slug":"oppettider-for-vasa-elektriska-arena","status":"publish","type":"page","link":"https:\/\/www.vaasanseudunareenat.fi\/vaasan-sahko-areena\/sv\/oppettider-for-vasa-elektriska-arena\/","title":{"rendered":"\u00d6ppettider f\u00f6r Vasa Elektriska Arena"},"content":{"rendered":"\n<section class=\"block block-arena-opening-hours theme-light\">\n\t<div class=\"container\">\n\t\t<h1 class=\"title h2\">\u00d6ppettider f\u00f6r Vasa Elektriska Arena<\/h1>\t\t\n\t\t<div class=\"opening-hours-container grid-columns-3\">\n\t\t\t<div class=\"opening-hours\">\n\t\t\t\t<h3 class=\"h4\">\n\t\t\t\t\tOpening hours\t\t\t\t<\/h3>\n\t\t\t\t\t\t\t\t\t<div class=\"day\">\n\t\t\t\t\t\t<p class=\"day-title\">\n\t\t\t\t\t\t\t<span aria-hidden=\"true\">Mon<\/span>\n\t\t\t\t\t\t\t<span class=\"screen-reader-text\">Monday<\/span>\n\t\t\t\t\t\t<\/p>\n\t\t\t\t\t\t<div class=\"hours\">\n\t\t\t\t\t\t\tBuilding: 7:00\u201322:00<br>\t\t\t\t\t\t<\/div>\n\t\t\t\t\t<\/div>\n\t\t\t\t\t\t\t\t\t<div class=\"day\">\n\t\t\t\t\t\t<p class=\"day-title\">\n\t\t\t\t\t\t\t<span aria-hidden=\"true\">Tue<\/span>\n\t\t\t\t\t\t\t<span class=\"screen-reader-text\">Tuesday<\/span>\n\t\t\t\t\t\t<\/p>\n\t\t\t\t\t\t<div class=\"hours\">\n\t\t\t\t\t\t\tBuilding: 7:00\u201322:00<br>\t\t\t\t\t\t<\/div>\n\t\t\t\t\t<\/div>\n\t\t\t\t\t\t\t\t\t<div class=\"day\">\n\t\t\t\t\t\t<p class=\"day-title\">\n\t\t\t\t\t\t\t<span aria-hidden=\"true\">Wed<\/span>\n\t\t\t\t\t\t\t<span class=\"screen-reader-text\">Wednesday<\/span>\n\t\t\t\t\t\t<\/p>\n\t\t\t\t\t\t<div class=\"hours\">\n\t\t\t\t\t\t\tBuilding: 7:00\u201322:00<br>\t\t\t\t\t\t<\/div>\n\t\t\t\t\t<\/div>\n\t\t\t\t\t\t\t\t\t<div class=\"day\">\n\t\t\t\t\t\t<p class=\"day-title\">\n\t\t\t\t\t\t\t<span aria-hidden=\"true\">Thu<\/span>\n\t\t\t\t\t\t\t<span class=\"screen-reader-text\">Thursday<\/span>\n\t\t\t\t\t\t<\/p>\n\t\t\t\t\t\t<div class=\"hours\">\n\t\t\t\t\t\t\tBuilding: 7:00\u201322:00<br>\t\t\t\t\t\t<\/div>\n\t\t\t\t\t<\/div>\n\t\t\t\t\t\t\t\t\t<div class=\"day\">\n\t\t\t\t\t\t<p class=\"day-title\">\n\t\t\t\t\t\t\t<span aria-hidden=\"true\">Fri<\/span>\n\t\t\t\t\t\t\t<span class=\"screen-reader-text\">Friday<\/span>\n\t\t\t\t\t\t<\/p>\n\t\t\t\t\t\t<div class=\"hours\">\n\t\t\t\t\t\t\tBuilding: 7:00\u201321:00<br>\t\t\t\t\t\t<\/div>\n\t\t\t\t\t<\/div>\n\t\t\t\t\t\t\t\t\t<div class=\"day\">\n\t\t\t\t\t\t<p class=\"day-title\">\n\t\t\t\t\t\t\t<span aria-hidden=\"true\">Sat<\/span>\n\t\t\t\t\t\t\t<span class=\"screen-reader-text\">Saturday<\/span>\n\t\t\t\t\t\t<\/p>\n\t\t\t\t\t\t<div class=\"hours\">\n\t\t\t\t\t\t\tBuilding: 9:00\u201318:00<br>\t\t\t\t\t\t<\/div>\n\t\t\t\t\t<\/div>\n\t\t\t\t\t\t\t\t\t<div class=\"day\">\n\t\t\t\t\t\t<p class=\"day-title\">\n\t\t\t\t\t\t\t<span aria-hidden=\"true\">Sun<\/span>\n\t\t\t\t\t\t\t<span class=\"screen-reader-text\">Sunday<\/span>\n\t\t\t\t\t\t<\/p>\n\t\t\t\t\t\t<div class=\"hours\">\n\t\t\t\t\t\t\tBuilding: 9:00\u201320:00<br>\t\t\t\t\t\t<\/div>\n\t\t\t\t\t<\/div>\n\t\t\t\t\n\t\t\t\t\t\t\t\t\t<div class=\"booking-link-container\">\n\t\t\t\t\t\t<p>\n\t\t\t\t\t\t\t<strong> Check the reservation status of the spaces in the reservation calendar!<\/strong>\n\t\t\t\t\t\t<\/p>\n\n\t\t\t\t\t\t\t\t\t\t\t\t<a class=\"booking-link external\" href=\"https:\/\/varaus.vaasa.fi\/WebTimmi\/#\/18\" target=\"_blank\">\n\t\t\t\t\t\t\tGo to the reservation calendar\t\t\t\t\t\t<\/a>\n\t\t\t\t\t<\/div>\n\t\t\t\t\t\t\t<\/div>\n\n\t\t\t\n\t\t\t\t\t<\/div>\n\t<\/div>\n<\/section>\n","protected":false},"excerpt":{"rendered":"","protected":false},"author":13,"featured_media":0,"parent":0,"menu_order":0,"comment_status":"closed","ping_status":"closed","template":"","meta":{"_acf_changed":false,"footnotes":""},"class_list":["post-785","page","type-page","status-publish","hentry"],"acf":[],"yoast_head":"<!-- This site is optimized with the Yoast SEO plugin v27.3 - https:\/\/yoast.com\/product\/yoast-seo-wordpress\/ -->\n<title>\u00d6ppettider f\u00f6r Vasa Elektriska Arena - Vaasan S\u00e4hk\u00f6 Areena<\/title>\n<meta name=\"robots\" content=\"index, follow, max-snippet:-1, max-image-preview:large, max-video-preview:-1\" \/>\n<link rel=\"canonical\" href=\"https:\/\/www.vaasanseudunareenat.fi\/vaasan-sahko-areena\/sv\/oppettider-for-vasa-elektriska-arena\/\" \/>\n<meta property=\"og:locale\" content=\"en_US\" \/>\n<meta property=\"og:type\" content=\"article\" \/>\n<meta property=\"og:title\" content=\"\u00d6ppettider f\u00f6r Vasa Elektriska Arena - Vaasan S\u00e4hk\u00f6 Areena\" \/>\n<meta property=\"og:url\" content=\"https:\/\/www.vaasanseudunareenat.fi\/vaasan-sahko-areena\/sv\/oppettider-for-vasa-elektriska-arena\/\" \/>\n<meta property=\"og:site_name\" content=\"Vaasan S\u00e4hk\u00f6 Areena\" \/>\n<meta property=\"article:publisher\" content=\"https:\/\/www.facebook.com\/VaasanSahkoAreena\/\" \/>\n<meta property=\"article:modified_time\" content=\"2025-06-16T19:17:35+00:00\" \/>\n<meta name=\"twitter:card\" content=\"summary_large_image\" \/>\n<script type=\"application\/ld+json\" class=\"yoast-schema-graph\">{\"@context\":\"https:\\\/\\\/schema.org\",\"@graph\":[{\"@type\":\"WebPage\",\"@id\":\"https:\\\/\\\/www.vaasanseudunareenat.fi\\\/vaasan-sahko-areena\\\/sv\\\/oppettider-for-vasa-elektriska-arena\\\/\",\"url\":\"https:\\\/\\\/www.vaasanseudunareenat.fi\\\/vaasan-sahko-areena\\\/sv\\\/oppettider-for-vasa-elektriska-arena\\\/\",\"name\":\"\u00d6ppettider f\u00f6r Vasa Elektriska Arena - Vaasan S\u00e4hk\u00f6 Areena\",\"isPartOf\":{\"@id\":\"https:\\\/\\\/www.vaasanseudunareenat.fi\\\/vaasan-sahko-areena\\\/#website\"},\"datePublished\":\"2025-06-16T19:17:34+00:00\",\"dateModified\":\"2025-06-16T19:17:35+00:00\",\"breadcrumb\":{\"@id\":\"https:\\\/\\\/www.vaasanseudunareenat.fi\\\/vaasan-sahko-areena\\\/sv\\\/oppettider-for-vasa-elektriska-arena\\\/#breadcrumb\"},\"inLanguage\":\"en-US\",\"potentialAction\":[{\"@type\":\"ReadAction\",\"target\":[\"https:\\\/\\\/www.vaasanseudunareenat.fi\\\/vaasan-sahko-areena\\\/sv\\\/oppettider-for-vasa-elektriska-arena\\\/\"]}]},{\"@type\":\"BreadcrumbList\",\"@id\":\"https:\\\/\\\/www.vaasanseudunareenat.fi\\\/vaasan-sahko-areena\\\/sv\\\/oppettider-for-vasa-elektriska-arena\\\/#breadcrumb\",\"itemListElement\":[{\"@type\":\"ListItem\",\"position\":1,\"name\":\"Home\",\"item\":\"https:\\\/\\\/www.vaasanseudunareenat.fi\\\/vaasan-sahko-areena\\\/\"},{\"@type\":\"ListItem\",\"position\":2,\"name\":\"\u00d6ppettider f\u00f6r Vasa Elektriska Arena\"}]},{\"@type\":\"WebSite\",\"@id\":\"https:\\\/\\\/www.vaasanseudunareenat.fi\\\/vaasan-sahko-areena\\\/#website\",\"url\":\"https:\\\/\\\/www.vaasanseudunareenat.fi\\\/vaasan-sahko-areena\\\/\",\"name\":\"Vaasan S\u00e4hk\u00f6 Areena\",\"description\":\"\",\"potentialAction\":[{\"@type\":\"SearchAction\",\"target\":{\"@type\":\"EntryPoint\",\"urlTemplate\":\"https:\\\/\\\/www.vaasanseudunareenat.fi\\\/vaasan-sahko-areena\\\/?s={search_term_string}\"},\"query-input\":{\"@type\":\"PropertyValueSpecification\",\"valueRequired\":true,\"valueName\":\"search_term_string\"}}],\"inLanguage\":\"en-US\"}]}<\/script>\n<!-- \/ Yoast SEO plugin. -->","yoast_head_json":{"title":"\u00d6ppettider f\u00f6r Vasa Elektriska Arena - Vaasan S\u00e4hk\u00f6 Areena","robots":{"index":"index","follow":"follow","max-snippet":"max-snippet:-1","max-image-preview":"max-image-preview:large","max-video-preview":"max-video-preview:-1"},"canonical":"https:\/\/www.vaasanseudunareenat.fi\/vaasan-sahko-areena\/sv\/oppettider-for-vasa-elektriska-arena\/","og_locale":"en_US","og_type":"article","og_title":"\u00d6ppettider f\u00f6r Vasa Elektriska Arena - Vaasan S\u00e4hk\u00f6 Areena","og_url":"https:\/\/www.vaasanseudunareenat.fi\/vaasan-sahko-areena\/sv\/oppettider-for-vasa-elektriska-arena\/","og_site_name":"Vaasan S\u00e4hk\u00f6 Areena","article_publisher":"https:\/\/www.facebook.com\/VaasanSahkoAreena\/","article_modified_time":"2025-06-16T19:17:35+00:00","twitter_card":"summary_large_image","schema":{"@context":"https:\/\/schema.org","@graph":[{"@type":"WebPage","@id":"https:\/\/www.vaasanseudunareenat.fi\/vaasan-sahko-areena\/sv\/oppettider-for-vasa-elektriska-arena\/","url":"https:\/\/www.vaasanseudunareenat.fi\/vaasan-sahko-areena\/sv\/oppettider-for-vasa-elektriska-arena\/","name":"\u00d6ppettider f\u00f6r Vasa Elektriska Arena - Vaasan S\u00e4hk\u00f6 Areena","isPartOf":{"@id":"https:\/\/www.vaasanseudunareenat.fi\/vaasan-sahko-areena\/#website"},"datePublished":"2025-06-16T19:17:34+00:00","dateModified":"2025-06-16T19:17:35+00:00","breadcrumb":{"@id":"https:\/\/www.vaasanseudunareenat.fi\/vaasan-sahko-areena\/sv\/oppettider-for-vasa-elektriska-arena\/#breadcrumb"},"inLanguage":"en-US","potentialAction":[{"@type":"ReadAction","target":["https:\/\/www.vaasanseudunareenat.fi\/vaasan-sahko-areena\/sv\/oppettider-for-vasa-elektriska-arena\/"]}]},{"@type":"BreadcrumbList","@id":"https:\/\/www.vaasanseudunareenat.fi\/vaasan-sahko-areena\/sv\/oppettider-for-vasa-elektriska-arena\/#breadcrumb","itemListElement":[{"@type":"ListItem","position":1,"name":"Home","item":"https:\/\/www.vaasanseudunareenat.fi\/vaasan-sahko-areena\/"},{"@type":"ListItem","position":2,"name":"\u00d6ppettider f\u00f6r Vasa Elektriska Arena"}]},{"@type":"WebSite","@id":"https:\/\/www.vaasanseudunareenat.fi\/vaasan-sahko-areena\/#website","url":"https:\/\/www.vaasanseudunareenat.fi\/vaasan-sahko-areena\/","name":"Vaasan S\u00e4hk\u00f6 Areena","description":"","potentialAction":[{"@type":"SearchAction","target":{"@type":"EntryPoint","urlTemplate":"https:\/\/www.vaasanseudunareenat.fi\/vaasan-sahko-areena\/?s={search_term_string}"},"query-input":{"@type":"PropertyValueSpecification","valueRequired":true,"valueName":"search_term_string"}}],"inLanguage":"en-US"}]}},"lang":"sv","translations":{"sv":785,"fi":170},"pll_sync_post":[],"_links":{"self":[{"href":"https:\/\/www.vaasanseudunareenat.fi\/vaasan-sahko-areena\/wp-json\/wp\/v2\/pages\/785","targetHints":{"allow":["GET"]}}],"collection":[{"href":"https:\/\/www.vaasanseudunareenat.fi\/vaasan-sahko-areena\/wp-json\/wp\/v2\/pages"}],"about":[{"href":"https:\/\/www.vaasanseudunareenat.fi\/vaasan-sahko-areena\/wp-json\/wp\/v2\/types\/page"}],"author":[{"embeddable":true,"href":"https:\/\/www.vaasanseudunareenat.fi\/vaasan-sahko-areena\/wp-json\/wp\/v2\/users\/13"}],"replies":[{"embeddable":true,"href":"https:\/\/www.vaasanseudunareenat.fi\/vaasan-sahko-areena\/wp-json\/wp\/v2\/comments?post=785"}],"version-history":[{"count":1,"href":"https:\/\/www.vaasanseudunareenat.fi\/vaasan-sahko-areena\/wp-json\/wp\/v2\/pages\/785\/revisions"}],"predecessor-version":[{"id":786,"href":"https:\/\/www.vaasanseudunareenat.fi\/vaasan-sahko-areena\/wp-json\/wp\/v2\/pages\/785\/revisions\/786"}],"wp:attachment":[{"href":"https:\/\/www.vaasanseudunareenat.fi\/vaasan-sahko-areena\/wp-json\/wp\/v2\/media?parent=785"}],"curies":[{"name":"wp","href":"https:\/\/api.w.org\/{rel}","templated":true}]}}