{"id":776,"date":"2025-06-16T22:13:06","date_gmt":"2025-06-16T19:13:06","guid":{"rendered":"https:\/\/www.vaasanseudunareenat.fi\/vaasan-sahko-areena\/?page_id=776"},"modified":"2025-06-19T15:19:56","modified_gmt":"2025-06-19T12:19:56","slug":"for-evenemangsarrangorer","status":"publish","type":"page","link":"https:\/\/www.vaasanseudunareenat.fi\/vaasan-sahko-areena\/sv\/for-evenemangsarrangorer\/","title":{"rendered":"F\u00f6r evenemangsarrang\u00f6rer"},"content":{"rendered":"\n<section class=\"block block-hero has-overlay\">\n\t<div class=\"hero-inner\">\n\t\t\t\t\t<div class=\"image-container background-container\">\n\t\t\t\t<img decoding=\"async\" width=\"1920\" height=\"1080\" src=\"https:\/\/www.vaasanseudunareenat.fi\/vaasan-sahko-areena\/wp-content\/uploads\/sites\/4\/2025\/05\/IMG_3977-www.esasiltaloppi.fi_-1920x1080.jpg\" class=\"img\" alt=\"\" fetchpriority=\"high\" srcset=\"https:\/\/www.vaasanseudunareenat.fi\/vaasan-sahko-areena\/wp-content\/uploads\/sites\/4\/2025\/05\/IMG_3977-www.esasiltaloppi.fi_-1920x1080.jpg 1920w, https:\/\/www.vaasanseudunareenat.fi\/vaasan-sahko-areena\/wp-content\/uploads\/sites\/4\/2025\/05\/IMG_3977-www.esasiltaloppi.fi_-1440x810.jpg 1440w, https:\/\/www.vaasanseudunareenat.fi\/vaasan-sahko-areena\/wp-content\/uploads\/sites\/4\/2025\/05\/IMG_3977-www.esasiltaloppi.fi_-1024x576.jpg 1024w, https:\/\/www.vaasanseudunareenat.fi\/vaasan-sahko-areena\/wp-content\/uploads\/sites\/4\/2025\/05\/IMG_3977-www.esasiltaloppi.fi_-768x432.jpg 768w, https:\/\/www.vaasanseudunareenat.fi\/vaasan-sahko-areena\/wp-content\/uploads\/sites\/4\/2025\/05\/IMG_3977-www.esasiltaloppi.fi_-576x324.jpg 576w\" sizes=\"(max-width: 1920px) 100vw, 1920px\" \/>\t\t\t<\/div>\n\t\t\t\n\t\t\t\t<div class=\"container text-left\">\n\t\t\t<div class=\"hero-content\">\n\t\t\t\t<h1 class=\"title h1\">Evenemangs&shy;arrangemang i Vasa<\/h1>\n\t\t\t\t\t\t\t\t\t<div class=\"content-wysiwyg\">\n\t\t\t\t\t\t<p>Tre arenor med fantastiska utrymmen och h\u00f6gklassiga tj\u00e4nster m\u00f6jligg\u00f6r allt fr\u00e5n idrottsevenemang till inspirerande m\u00f6ten, stora publiktillst\u00e4llningar och konserter i toppklass. Vi erbjuder suver\u00e4na f\u00f6ruts\u00e4ttningar f\u00f6r m\u00e5nga slags storskaliga evenemang \u2013 kontakta oss!<\/p>\n\t\t\t\t\t<\/div>\n\t\t\t\t\n\t\t\t\t\t\t\t<\/div>\n\t\t<\/div>\n\n\t\t<div class=\"hero-columns grid-columns-2\">\n\t\t\t\n\t\t\t\t\t<\/div>\n\t<\/div>\n<\/section>\n\n\n\n<section class=\"block block-columns theme-light\">\n\t<div class=\"container\">\n\t\t\t\t\t<header class=\"header\">\n\t\t\t\t<h2 class=\"title h2\">Vasa Elektriska Arena \u2013 en scen f\u00f6r stora spektakel och sm\u00e5 \u00f6gonblick<\/h2>\n\t\t\t\t\t\t\t\t\t<div class=\"description\">\n\t\t\t\t\t\t<p>Vasa Elektriska Arena \u00e4r en m\u00e5ngsidig evenemangsplats som ger stora m\u00f6jligheter. Arenan \u00e4r k\u00e4nd f\u00f6r sina stora publikevenemang s\u00e5som idrottst\u00e4vlingar, konserter och m\u00e4ssor, men passar ocks\u00e5 utm\u00e4rkt f\u00f6r mindre tillst\u00e4llningar \u2013 fr\u00e5n f\u00f6retagsm\u00f6ten till utbildningar och fester.<\/p>\n\t\t\t\t\t<\/div>\n\t\t\t\t\t\t\t<\/header>\n\t\t\n\t\t\t\t\t<div class=\"columns grid-columns-3 text-left\">\n\t\t\t\t\t\t\t\t\t<div class=\"column\">\n\t\t\t\t\t\t\t\t\t\t\t\t\t<div class=\"image image-horizontal\">\n\t\t\t\t\t\t\t\t<img loading=\"lazy\" decoding=\"async\" width=\"768\" height=\"432\" src=\"https:\/\/www.vaasanseudunareenat.fi\/vaasan-sahko-areena\/wp-content\/uploads\/sites\/4\/2025\/05\/ENC25_Janne-Maljanen-03-768x432.jpg\" class=\"img\" alt=\"\" srcset=\"https:\/\/www.vaasanseudunareenat.fi\/vaasan-sahko-areena\/wp-content\/uploads\/sites\/4\/2025\/05\/ENC25_Janne-Maljanen-03-768x432.jpg 768w, https:\/\/www.vaasanseudunareenat.fi\/vaasan-sahko-areena\/wp-content\/uploads\/sites\/4\/2025\/05\/ENC25_Janne-Maljanen-03-1920x1080.jpg 1920w, https:\/\/www.vaasanseudunareenat.fi\/vaasan-sahko-areena\/wp-content\/uploads\/sites\/4\/2025\/05\/ENC25_Janne-Maljanen-03-1440x810.jpg 1440w, https:\/\/www.vaasanseudunareenat.fi\/vaasan-sahko-areena\/wp-content\/uploads\/sites\/4\/2025\/05\/ENC25_Janne-Maljanen-03-1024x576.jpg 1024w, https:\/\/www.vaasanseudunareenat.fi\/vaasan-sahko-areena\/wp-content\/uploads\/sites\/4\/2025\/05\/ENC25_Janne-Maljanen-03-576x324.jpg 576w\" sizes=\"(max-width: 768px) 100vw, 768px\" \/>\t\t\t\t\t\t\t<\/div>\n\t\t\t\t\t\t\n\t\t\t\t\t\t\t\t\t\t\t\t\t<h3 class=\"title h4\">Elisa Nordic Championship 24.-25.5.2025 <\/h3>\t\t\t\t\t\t\n\t\t\t\t\t\t\t\t\t\t\t\t\t<div class=\"content content-wysiwyg\">\n\t\t\t\t\t\t\t\t<p>Elisa Nordic Championship 2025 \u00e4r det f\u00f6rsta e-sportevenemanget som arrangeras i Vasa. Elisa introducerade e-sport i Vasa med den nya turneringsserien Elisa Nordic Championship 2025, som samlar Nordens topp\u00adlag i Counter-Strike 2. Turneringen erbjuder tier 2-lag en m\u00f6jlighet att samla v\u00e4rdefulla Valve-rankingpo\u00e4ng och t\u00e4vla om en prispott p\u00e5 100 000 dollar. Finalen h\u00f6lls i Vasa Elektriska Arena.<\/p>\n<p><em>&#8220;Stadens l\u00e4ge och goda trafikf\u00f6rbindelser g\u00f6r den l\u00e4ttillg\u00e4nglig f\u00f6r b\u00e5de deltagare och \u00e5sk\u00e5dare fr\u00e5n hela Norden.&#8221;<\/em><\/p>\n\t\t\t\t\t\t\t<\/div>\n\t\t\t\t\t\t\n\t\t\t\t\t\t\t\t\t\t\t<\/div>\n\t\t\t\t\t\t\t\t\t<div class=\"column\">\n\t\t\t\t\t\t\t\t\t\t\t\t\t<div class=\"image image-horizontal\">\n\t\t\t\t\t\t\t\t<img loading=\"lazy\" decoding=\"async\" width=\"768\" height=\"432\" src=\"https:\/\/www.vaasanseudunareenat.fi\/vaasan-sahko-areena\/wp-content\/uploads\/sites\/4\/2025\/05\/istockphoto-471910387-2048x2048-1-768x432.jpg\" class=\"img\" alt=\"\" srcset=\"https:\/\/www.vaasanseudunareenat.fi\/vaasan-sahko-areena\/wp-content\/uploads\/sites\/4\/2025\/05\/istockphoto-471910387-2048x2048-1-768x432.jpg 768w, https:\/\/www.vaasanseudunareenat.fi\/vaasan-sahko-areena\/wp-content\/uploads\/sites\/4\/2025\/05\/istockphoto-471910387-2048x2048-1-1024x576.jpg 1024w, https:\/\/www.vaasanseudunareenat.fi\/vaasan-sahko-areena\/wp-content\/uploads\/sites\/4\/2025\/05\/istockphoto-471910387-2048x2048-1-576x324.jpg 576w\" sizes=\"(max-width: 768px) 100vw, 768px\" \/>\t\t\t\t\t\t\t<\/div>\n\t\t\t\t\t\t\n\t\t\t\t\t\t\t\t\t\t\t\t\t<h3 class=\"title h4\">FM i cheerleading 7.6. &#8211; 8.6.2025 <\/h3>\t\t\t\t\t\t\n\t\t\t\t\t\t\t\t\t\t\t\t\t<div class=\"content content-wysiwyg\">\n\t\t\t\t\t\t\t\t<p>FM-t\u00e4vlingarna i cheerleading 2025 bj\u00f6d p\u00e5 en fantastisk helg fylld av skickliga framtr\u00e4danden och stora k\u00e4nslor, d\u00e5 Finlands b\u00e4sta lag samlades i Vasa Elektriska Arena den 7\u20138 juni. Evenemanget var \u00e5rets h\u00f6jdpunkt f\u00f6r alla cheerleadingentusiaster och gav publiken of\u00f6rgl\u00f6mliga upplevelser. T\u00e4vlingshelgen var inte bara ett idrottsevenemang \u2013 det var en fest f\u00f6r hela grenen. Publiken, de t\u00e4vlande och arrang\u00f6rerna skapade tillsammans en atmosf\u00e4r som inspirerade b\u00e5de unga ut\u00f6vare och erfarna veteraner.<\/p>\n\t\t\t\t\t\t\t<\/div>\n\t\t\t\t\t\t\n\t\t\t\t\t\t\t\t\t\t\t<\/div>\n\t\t\t\t\t\t\t\t\t<div class=\"column\">\n\t\t\t\t\t\t\t\t\t\t\t\t\t<div class=\"image image-horizontal\">\n\t\t\t\t\t\t\t\t<img loading=\"lazy\" decoding=\"async\" width=\"295\" height=\"197\" src=\"https:\/\/www.vaasanseudunareenat.fi\/vaasan-sahko-areena\/wp-content\/uploads\/sites\/4\/2025\/05\/kaj-netticket-omslag4.jpg\" class=\"img\" alt=\"\" \/>\t\t\t\t\t\t\t<\/div>\n\t\t\t\t\t\t\n\t\t\t\t\t\t\t\t\t\t\t\t\t<h3 class=\"title h4\">KAJ:s konsertserie tog \u00f6ver Vasa Elektriska Arena<\/h3>\t\t\t\t\t\t\n\t\t\t\t\t\t\t\t\t\t\t\t\t<div class=\"content content-wysiwyg\">\n\t\t\t\t\t\t\t\t<p>Storslagen musik, sprakande humor och en fantastisk gemenskap fyllde Vasa Elektriska Arena i slutet av mars n\u00e4r KAJ intog scenen med fyra sluts\u00e5lda konserter. Bandets turn\u00e9 <strong>Karar i arbeit p\u00e5 turn\u00e9 2025<\/strong> var ett av v\u00e5rens mest efterl\u00e4ngtade evenemang, och KAJ lyckades \u00e5terigen f\u00f6rtrolla sin publik. Gruppen har tidigare skrivit historia i \u00d6sterbotten \u2013 \u00e5r 2019 firade de sitt 10-\u00e5rsjubileum i Botniahallen, och nu bef\u00e4ste \u00e5terkomsten deras st\u00e4llning som regionens mest \u00e4lskade humor\u00admusikgrupp. Under konserterna framf\u00f6rdes bland annat hitl\u00e5tarna <strong>Karar i arbeit, \u00c4ngeln i e-posten<\/strong> och <strong>Bara bada bastu<\/strong> \u2013 vinnarl\u00e5ten fr\u00e5n Melodifestivalen, som f\u00f6rde KAJ till internationell framg\u00e5ng.<\/p>\n\t\t\t\t\t\t\t<\/div>\n\t\t\t\t\t\t\n\t\t\t\t\t\t\t\t\t\t\t<\/div>\n\t\t\t\t\t\t\t<\/div>\n\t\t\n\t\t\t<\/div>\n<\/section>\n\n\n\n<section class=\"block block-separator top-color-light shape-upward-arc\">\n\t<svg xmlns=\"http:\/\/www.w3.org\/2000\/svg\" height=\"100\" viewBox=\"0 0 100 100\" preserveAspectRatio=\"none\"><path d=\"M0 0v49.671s16.03-2.66 47.17-2.71S100 99.989 100 99.989V0z\" fill=\"#fff\"\/><\/svg><\/section>\n\n\n\n<section id=\"yhteystiedot\" class=\"block block-columns theme-white\">\n\t<div class=\"container\">\n\t\t\t\t\t<header class=\"header\">\n\t\t\t\t<h2 class=\"title h2\">Ta kontakt \u2013 vi hj\u00e4lper dig att ordna ett of\u00f6rgl\u00f6mligt evenemang!<\/h2>\n\t\t\t\t\t\t\t<\/header>\n\t\t\n\t\t\t\t\t<div class=\"columns grid-columns-4 text-left\">\n\t\t\t\t\t\t\t\t\t<div class=\"column\">\n\t\t\t\t\t\t\n\t\t\t\t\t\t\n\t\t\t\t\t\t\n\t\t\t\t\t\t\t\t\t\t\t<\/div>\n\t\t\t\t\t\t\t\t\t<div class=\"column\">\n\t\t\t\t\t\t\n\t\t\t\t\t\t\t\t\t\t\t\t\t<h3 class=\"title h4\">Pia Reini<\/h3>\t\t\t\t\t\t\n\t\t\t\t\t\t\t\t\t\t\t\t\t<div class=\"content content-wysiwyg\">\n\t\t\t\t\t\t\t\t<p>F\u00f6rs\u00e4ljnings- och marknadsf\u00f6ringschef<\/p>\n<div class=\"content-wysiwyg\">\n<p class=\"p2\">tel. <a href=\"tel:040%204845%20222\"><span class=\"s1\">040 4845 222<\/span><\/a><br \/>\n<a href=\"mailto:pia.reini@vaasanseudunareenat.fi\"><span class=\"s1\">pia.reini@vaasanseudunareenat.fi<\/span><\/a><\/p>\n<\/div>\n\t\t\t\t\t\t\t<\/div>\n\t\t\t\t\t\t\n\t\t\t\t\t\t\t\t\t\t\t<\/div>\n\t\t\t\t\t\t\t\t\t<div class=\"column\">\n\t\t\t\t\t\t\n\t\t\t\t\t\t\t\t\t\t\t\t\t<h3 class=\"title h4\">Michael Lyyski<\/h3>\t\t\t\t\t\t\n\t\t\t\t\t\t\t\t\t\t\t\t\t<div class=\"content content-wysiwyg\">\n\t\t\t\t\t\t\t\t<p>Direkt\u00f6r<\/p>\n<p>tel. <a href=\"tel:0500919949\">050 091 9949<\/a><br \/>\n<a href=\"mailto:michael.lyyski@vaasanseudunareenat.fi\">michael.lyyski@vaasanseudunareenat.fi<\/a><\/p>\n\t\t\t\t\t\t\t<\/div>\n\t\t\t\t\t\t\n\t\t\t\t\t\t\t\t\t\t\t<\/div>\n\t\t\t\t\t\t\t\t\t<div class=\"column\">\n\t\t\t\t\t\t\n\t\t\t\t\t\t\n\t\t\t\t\t\t\n\t\t\t\t\t\t\t\t\t\t\t<\/div>\n\t\t\t\t\t\t\t<\/div>\n\t\t\n\t\t\t<\/div>\n<\/section>\n\n\n\n<div style=\"height:47px\" aria-hidden=\"true\" class=\"wp-block-spacer\"><\/div>\n\n\n\n<h2 class=\"wp-block-heading has-text-align-center\">M\u00f6jligheterna med tre arenor<\/h2>\n\n\n\n<div class=\"wp-block-columns is-layout-flex wp-container-core-columns-is-layout-9d6595d7 wp-block-columns-is-layout-flex\">\n<div class=\"wp-block-column is-layout-flow wp-block-column-is-layout-flow\">\n<h3 class=\"wp-block-heading\">Botniahallen<\/h3>\n\n\n\n<p>Botniahallen \u00e4r  till ytan Finlands st\u00f6rsta sammanh\u00e4ngande multifunktionshall och ger m\u00f6jlighet f\u00f6r en m\u00e4ngd olika storskaliga evenemang. Botniahallen kan omvandlas till exempelvis en konsertarena, m\u00e4sscentrum eller konferensplats.<\/p>\n\n\n\n<p><a href=\"https:\/\/www.vaasanseudunareenat.fi\/botniahalli\/sv\/\">L\u00e4s mer<\/a><\/p>\n<\/div>\n\n\n\n<div class=\"wp-block-column is-layout-flow wp-block-column-is-layout-flow\">\n<h3 class=\"wp-block-heading\">Lemonsoft Stadion<\/h3>\n\n\n\n<p>Lemonsoft Stadion \u00e4r en modern stadion n\u00e4ra Vasa centrum, som passar utm\u00e4rkt f\u00f6r b\u00e5de utomhuskonserter och idrottsevenemang.<\/p>\n\n\n\n<p><a href=\"https:\/\/www.vaasanseudunareenat.fi\/lemonsoft-stadion\/sv\/startsida\/\">L\u00e4s mer<\/a><\/p>\n<\/div>\n\n\n\n<div class=\"wp-block-column is-layout-flow wp-block-column-is-layout-flow\">\n<h3 class=\"wp-block-heading\">Vasa Elektriska Arena<\/h3>\n\n\n\n<p>Vasa Elektriska Arena erbjuder utrymmen f\u00f6r en m\u00e4ngd olika storskaliga evenemang. T\u00e4vlingsarenan kan \u00e5ret runt omvandlas till konsertarena, m\u00e4ssomr\u00e5de eller plats f\u00f6r konferenser.<\/p>\n<\/div>\n<\/div>\n\n\n\n<div style=\"height:100px\" aria-hidden=\"true\" class=\"wp-block-spacer\"><\/div>\n","protected":false},"excerpt":{"rendered":"<p>M\u00f6jligheterna med tre arenor Botniahallen Botniahallen \u00e4r till ytan Finlands st\u00f6rsta sammanh\u00e4ngande multifunktionshall och ger m\u00f6jlighet f\u00f6r en m\u00e4ngd olika storskaliga evenemang. Botniahallen kan omvandlas\u2026<\/p>\n","protected":false},"author":13,"featured_media":0,"parent":0,"menu_order":0,"comment_status":"closed","ping_status":"closed","template":"","meta":{"_acf_changed":false,"footnotes":""},"class_list":["post-776","page","type-page","status-publish","hentry"],"acf":[],"yoast_head":"<!-- This site is optimized with the Yoast SEO plugin v27.3 - https:\/\/yoast.com\/product\/yoast-seo-wordpress\/ -->\n<title>F\u00f6r evenemangsarrang\u00f6rer - Vaasan S\u00e4hk\u00f6 Areena<\/title>\n<meta name=\"robots\" content=\"index, follow, max-snippet:-1, max-image-preview:large, max-video-preview:-1\" \/>\n<link rel=\"canonical\" href=\"https:\/\/www.vaasanseudunareenat.fi\/vaasan-sahko-areena\/sv\/for-evenemangsarrangorer\/\" \/>\n<meta property=\"og:locale\" content=\"en_US\" \/>\n<meta property=\"og:type\" content=\"article\" \/>\n<meta property=\"og:title\" content=\"F\u00f6r evenemangsarrang\u00f6rer - Vaasan S\u00e4hk\u00f6 Areena\" \/>\n<meta property=\"og:description\" content=\"M\u00f6jligheterna med tre arenor Botniahallen Botniahallen \u00e4r till ytan Finlands st\u00f6rsta sammanh\u00e4ngande multifunktionshall och ger m\u00f6jlighet f\u00f6r en m\u00e4ngd olika storskaliga evenemang. Botniahallen kan omvandlas\u2026\" \/>\n<meta property=\"og:url\" content=\"https:\/\/www.vaasanseudunareenat.fi\/vaasan-sahko-areena\/sv\/for-evenemangsarrangorer\/\" \/>\n<meta property=\"og:site_name\" content=\"Vaasan S\u00e4hk\u00f6 Areena\" \/>\n<meta property=\"article:publisher\" content=\"https:\/\/www.facebook.com\/VaasanSahkoAreena\/\" \/>\n<meta property=\"article:modified_time\" content=\"2025-06-19T12:19:56+00:00\" \/>\n<meta name=\"twitter:card\" content=\"summary_large_image\" \/>\n<meta name=\"twitter:label1\" content=\"Est. reading time\" \/>\n\t<meta name=\"twitter:data1\" content=\"1 minute\" \/>\n<script type=\"application\/ld+json\" class=\"yoast-schema-graph\">{\"@context\":\"https:\\\/\\\/schema.org\",\"@graph\":[{\"@type\":\"WebPage\",\"@id\":\"https:\\\/\\\/www.vaasanseudunareenat.fi\\\/vaasan-sahko-areena\\\/sv\\\/for-evenemangsarrangorer\\\/\",\"url\":\"https:\\\/\\\/www.vaasanseudunareenat.fi\\\/vaasan-sahko-areena\\\/sv\\\/for-evenemangsarrangorer\\\/\",\"name\":\"F\u00f6r evenemangsarrang\u00f6rer - Vaasan S\u00e4hk\u00f6 Areena\",\"isPartOf\":{\"@id\":\"https:\\\/\\\/www.vaasanseudunareenat.fi\\\/vaasan-sahko-areena\\\/#website\"},\"datePublished\":\"2025-06-16T19:13:06+00:00\",\"dateModified\":\"2025-06-19T12:19:56+00:00\",\"breadcrumb\":{\"@id\":\"https:\\\/\\\/www.vaasanseudunareenat.fi\\\/vaasan-sahko-areena\\\/sv\\\/for-evenemangsarrangorer\\\/#breadcrumb\"},\"inLanguage\":\"en-US\",\"potentialAction\":[{\"@type\":\"ReadAction\",\"target\":[\"https:\\\/\\\/www.vaasanseudunareenat.fi\\\/vaasan-sahko-areena\\\/sv\\\/for-evenemangsarrangorer\\\/\"]}]},{\"@type\":\"BreadcrumbList\",\"@id\":\"https:\\\/\\\/www.vaasanseudunareenat.fi\\\/vaasan-sahko-areena\\\/sv\\\/for-evenemangsarrangorer\\\/#breadcrumb\",\"itemListElement\":[{\"@type\":\"ListItem\",\"position\":1,\"name\":\"Home\",\"item\":\"https:\\\/\\\/www.vaasanseudunareenat.fi\\\/vaasan-sahko-areena\\\/\"},{\"@type\":\"ListItem\",\"position\":2,\"name\":\"F\u00f6r evenemangsarrang\u00f6rer\"}]},{\"@type\":\"WebSite\",\"@id\":\"https:\\\/\\\/www.vaasanseudunareenat.fi\\\/vaasan-sahko-areena\\\/#website\",\"url\":\"https:\\\/\\\/www.vaasanseudunareenat.fi\\\/vaasan-sahko-areena\\\/\",\"name\":\"Vaasan S\u00e4hk\u00f6 Areena\",\"description\":\"\",\"potentialAction\":[{\"@type\":\"SearchAction\",\"target\":{\"@type\":\"EntryPoint\",\"urlTemplate\":\"https:\\\/\\\/www.vaasanseudunareenat.fi\\\/vaasan-sahko-areena\\\/?s={search_term_string}\"},\"query-input\":{\"@type\":\"PropertyValueSpecification\",\"valueRequired\":true,\"valueName\":\"search_term_string\"}}],\"inLanguage\":\"en-US\"}]}<\/script>\n<!-- \/ Yoast SEO plugin. -->","yoast_head_json":{"title":"F\u00f6r evenemangsarrang\u00f6rer - Vaasan S\u00e4hk\u00f6 Areena","robots":{"index":"index","follow":"follow","max-snippet":"max-snippet:-1","max-image-preview":"max-image-preview:large","max-video-preview":"max-video-preview:-1"},"canonical":"https:\/\/www.vaasanseudunareenat.fi\/vaasan-sahko-areena\/sv\/for-evenemangsarrangorer\/","og_locale":"en_US","og_type":"article","og_title":"F\u00f6r evenemangsarrang\u00f6rer - Vaasan S\u00e4hk\u00f6 Areena","og_description":"M\u00f6jligheterna med tre arenor Botniahallen Botniahallen \u00e4r till ytan Finlands st\u00f6rsta sammanh\u00e4ngande multifunktionshall och ger m\u00f6jlighet f\u00f6r en m\u00e4ngd olika storskaliga evenemang. Botniahallen kan omvandlas\u2026","og_url":"https:\/\/www.vaasanseudunareenat.fi\/vaasan-sahko-areena\/sv\/for-evenemangsarrangorer\/","og_site_name":"Vaasan S\u00e4hk\u00f6 Areena","article_publisher":"https:\/\/www.facebook.com\/VaasanSahkoAreena\/","article_modified_time":"2025-06-19T12:19:56+00:00","twitter_card":"summary_large_image","twitter_misc":{"Est. reading time":"1 minute"},"schema":{"@context":"https:\/\/schema.org","@graph":[{"@type":"WebPage","@id":"https:\/\/www.vaasanseudunareenat.fi\/vaasan-sahko-areena\/sv\/for-evenemangsarrangorer\/","url":"https:\/\/www.vaasanseudunareenat.fi\/vaasan-sahko-areena\/sv\/for-evenemangsarrangorer\/","name":"F\u00f6r evenemangsarrang\u00f6rer - Vaasan S\u00e4hk\u00f6 Areena","isPartOf":{"@id":"https:\/\/www.vaasanseudunareenat.fi\/vaasan-sahko-areena\/#website"},"datePublished":"2025-06-16T19:13:06+00:00","dateModified":"2025-06-19T12:19:56+00:00","breadcrumb":{"@id":"https:\/\/www.vaasanseudunareenat.fi\/vaasan-sahko-areena\/sv\/for-evenemangsarrangorer\/#breadcrumb"},"inLanguage":"en-US","potentialAction":[{"@type":"ReadAction","target":["https:\/\/www.vaasanseudunareenat.fi\/vaasan-sahko-areena\/sv\/for-evenemangsarrangorer\/"]}]},{"@type":"BreadcrumbList","@id":"https:\/\/www.vaasanseudunareenat.fi\/vaasan-sahko-areena\/sv\/for-evenemangsarrangorer\/#breadcrumb","itemListElement":[{"@type":"ListItem","position":1,"name":"Home","item":"https:\/\/www.vaasanseudunareenat.fi\/vaasan-sahko-areena\/"},{"@type":"ListItem","position":2,"name":"F\u00f6r evenemangsarrang\u00f6rer"}]},{"@type":"WebSite","@id":"https:\/\/www.vaasanseudunareenat.fi\/vaasan-sahko-areena\/#website","url":"https:\/\/www.vaasanseudunareenat.fi\/vaasan-sahko-areena\/","name":"Vaasan S\u00e4hk\u00f6 Areena","description":"","potentialAction":[{"@type":"SearchAction","target":{"@type":"EntryPoint","urlTemplate":"https:\/\/www.vaasanseudunareenat.fi\/vaasan-sahko-areena\/?s={search_term_string}"},"query-input":{"@type":"PropertyValueSpecification","valueRequired":true,"valueName":"search_term_string"}}],"inLanguage":"en-US"}]}},"lang":"sv","translations":{"sv":776,"fi":53},"pll_sync_post":[],"_links":{"self":[{"href":"https:\/\/www.vaasanseudunareenat.fi\/vaasan-sahko-areena\/wp-json\/wp\/v2\/pages\/776","targetHints":{"allow":["GET"]}}],"collection":[{"href":"https:\/\/www.vaasanseudunareenat.fi\/vaasan-sahko-areena\/wp-json\/wp\/v2\/pages"}],"about":[{"href":"https:\/\/www.vaasanseudunareenat.fi\/vaasan-sahko-areena\/wp-json\/wp\/v2\/types\/page"}],"author":[{"embeddable":true,"href":"https:\/\/www.vaasanseudunareenat.fi\/vaasan-sahko-areena\/wp-json\/wp\/v2\/users\/13"}],"replies":[{"embeddable":true,"href":"https:\/\/www.vaasanseudunareenat.fi\/vaasan-sahko-areena\/wp-json\/wp\/v2\/comments?post=776"}],"version-history":[{"count":9,"href":"https:\/\/www.vaasanseudunareenat.fi\/vaasan-sahko-areena\/wp-json\/wp\/v2\/pages\/776\/revisions"}],"predecessor-version":[{"id":829,"href":"https:\/\/www.vaasanseudunareenat.fi\/vaasan-sahko-areena\/wp-json\/wp\/v2\/pages\/776\/revisions\/829"}],"wp:attachment":[{"href":"https:\/\/www.vaasanseudunareenat.fi\/vaasan-sahko-areena\/wp-json\/wp\/v2\/media?parent=776"}],"curies":[{"name":"wp","href":"https:\/\/api.w.org\/{rel}","templated":true}]}}