{"id":59,"date":"2024-11-01T14:39:39","date_gmt":"2024-11-01T12:39:39","guid":{"rendered":"https:\/\/www.vaasanseudunareenat.fi\/vaasan-sahko-areena\/yrityksille-ja-ryhmille\/tyky\/"},"modified":"2025-08-05T10:36:34","modified_gmt":"2025-08-05T07:36:34","slug":"tyky","status":"publish","type":"page","link":"https:\/\/www.vaasanseudunareenat.fi\/vaasan-sahko-areena\/tyky\/","title":{"rendered":"TYKY"},"content":{"rendered":"\n<section class=\"block block-hero has-overlay\">\n\t<div class=\"hero-inner\">\n\t\t\t\t\t<div class=\"image-container background-container\">\n\t\t\t\t<img decoding=\"async\" width=\"800\" height=\"533\" src=\"https:\/\/www.vaasanseudunareenat.fi\/vaasan-sahko-areena\/wp-content\/uploads\/sites\/4\/2025\/05\/MG_7725-800x533-1.jpg\" class=\"img\" alt=\"\" fetchpriority=\"high\" srcset=\"https:\/\/www.vaasanseudunareenat.fi\/vaasan-sahko-areena\/wp-content\/uploads\/sites\/4\/2025\/05\/MG_7725-800x533-1.jpg 800w, https:\/\/www.vaasanseudunareenat.fi\/vaasan-sahko-areena\/wp-content\/uploads\/sites\/4\/2025\/05\/MG_7725-800x533-1-300x200.jpg 300w, https:\/\/www.vaasanseudunareenat.fi\/vaasan-sahko-areena\/wp-content\/uploads\/sites\/4\/2025\/05\/MG_7725-800x533-1-768x512.jpg 768w\" sizes=\"(max-width: 800px) 100vw, 800px\" \/>\t\t\t<\/div>\n\t\t\t\n\t\t\t\t<div class=\"container text-left\">\n\t\t\t<div class=\"hero-content\">\n\t\t\t\t<h1 class=\"title h1\">TYKY-p\u00e4iv\u00e4 ja ty\u00f6hyvinvointi-valmennus <\/h1>\n\t\t\t\t\t\t\t\t\t<div class=\"content-wysiwyg\">\n\t\t\t\t\t\t<p>Viet\u00e4 meill\u00e4 TYKY-p\u00e4iv\u00e4 ja uudista henkil\u00f6st\u00f6n energiatasot. Meilt\u00e4 saat monipuolisesti ja r\u00e4\u00e4t\u00e4l\u00f6idysti erilaisia TYKY-kokonaisuuksia isoille ja pienille ryhmille. Tarjoamme my\u00f6s eri mittaisia ty\u00f6hyvinvointivalmennuksia.<\/p>\n\t\t\t\t\t<\/div>\n\t\t\t\t\n\t\t\t\t\t\t\t<\/div>\n\t\t<\/div>\n\n\t\t<div class=\"hero-columns grid-columns-2\">\n\t\t\t\n\t\t\t\t\t<\/div>\n\t<\/div>\n<\/section>\n\n\n\n<section class=\"block block-banner layout-right theme-light has-image image-sizing-cover image-inside-container image-rounded-corners bottom-border\">\n\t\t\t<div class=\"image-container \">\n\t\t\t<img loading=\"lazy\" decoding=\"async\" width=\"683\" height=\"1024\" src=\"https:\/\/www.vaasanseudunareenat.fi\/vaasan-sahko-areena\/wp-content\/uploads\/sites\/4\/2024\/11\/5i3a9276-scaled-2-683x1024.jpg\" class=\"img\" alt=\"\" srcset=\"https:\/\/www.vaasanseudunareenat.fi\/vaasan-sahko-areena\/wp-content\/uploads\/sites\/4\/2024\/11\/5i3a9276-scaled-2-683x1024.jpg 683w, https:\/\/www.vaasanseudunareenat.fi\/vaasan-sahko-areena\/wp-content\/uploads\/sites\/4\/2024\/11\/5i3a9276-scaled-2-200x300.jpg 200w, https:\/\/www.vaasanseudunareenat.fi\/vaasan-sahko-areena\/wp-content\/uploads\/sites\/4\/2024\/11\/5i3a9276-scaled-2-768x1152.jpg 768w, https:\/\/www.vaasanseudunareenat.fi\/vaasan-sahko-areena\/wp-content\/uploads\/sites\/4\/2024\/11\/5i3a9276-scaled-2-1024x1536.jpg 1024w, https:\/\/www.vaasanseudunareenat.fi\/vaasan-sahko-areena\/wp-content\/uploads\/sites\/4\/2024\/11\/5i3a9276-scaled-2-1366x2048.jpg 1366w, https:\/\/www.vaasanseudunareenat.fi\/vaasan-sahko-areena\/wp-content\/uploads\/sites\/4\/2024\/11\/5i3a9276-scaled-2.jpg 1707w\" sizes=\"(max-width: 683px) 100vw, 683px\" \/>\t\t<\/div>\n\t\n\t\n\t<div class=\"container text-left\">\n\t\t<div class=\"content\">\n\t\t\t<h2 class=\"title h2\">Suunnittele TYKY-p\u00e4iv\u00e4si itse tai tilaa valmis paketti meilt\u00e4!<\/h2>\t\t\t\t<div class=\"content-wysiwyg\">\n\t\t\t\t\t<p>TYKY-p\u00e4iv\u00e4n ohjelma voidaan r\u00e4\u00e4t\u00e4l\u00f6id\u00e4 toiveidesi mukaisesti. Mahdollisia aktiviteetteja ovat esimerkiksi: Ryhm\u00e4liikuntatunnit, ohjatut saliharjoitukset, luentoja hyvinvoinnista, kuntotestaukset tai leikkimieliset kisailut.<\/p>\n<p><strong>Ohjelmaehdotus:<\/strong><\/p>\n<p>08.30 Ilmoittautuminen ja aamupala<br \/>\n09.00 Tervetuloa &amp; p\u00e4iv\u00e4n aloitus<br \/>\n09.30 Luento: &#8220;Hyvinvointia pienist\u00e4 puroista&#8221;<br \/>\n10.30 Taukojumppa tai kehonhuolto<br \/>\n11.00 Ty\u00f6pajat (valitse 1.) :<\/p>\n<ul>\n<li>Arkip\u00e4iv\u00e4n energisoivat rutiinit<\/li>\n<li>Ravinto ja vireys<\/li>\n<li>Mindfulness &amp; stressinhallinta<\/li>\n<\/ul>\n<p>12.00 Lounas ja yhteenveto<br \/>\n13.00 Kevyt liikunnallinen aktiviteetti esim. curling<br \/>\n15.00 P\u00e4iv\u00e4 p\u00e4\u00e4ttyy<\/p>\n\t\t\t\t<\/div>\n\t\t\t\t\t\t<\/div>\n\t<\/div>\n<\/section>\n\n\n\n<section class=\"block block-banner layout-left theme-light has-image image-sizing-contain image-inside-container bottom-border\">\n\t\t\t<div class=\"image-container \">\n\t\t\t<img loading=\"lazy\" decoding=\"async\" width=\"800\" height=\"800\" src=\"https:\/\/www.vaasanseudunareenat.fi\/vaasan-sahko-areena\/wp-content\/uploads\/sites\/4\/2025\/06\/lataa-TYKYesite-1024x1024.png\" class=\"img\" alt=\"\" srcset=\"https:\/\/www.vaasanseudunareenat.fi\/vaasan-sahko-areena\/wp-content\/uploads\/sites\/4\/2025\/06\/lataa-TYKYesite-1024x1024.png 1024w, https:\/\/www.vaasanseudunareenat.fi\/vaasan-sahko-areena\/wp-content\/uploads\/sites\/4\/2025\/06\/lataa-TYKYesite-300x300.png 300w, https:\/\/www.vaasanseudunareenat.fi\/vaasan-sahko-areena\/wp-content\/uploads\/sites\/4\/2025\/06\/lataa-TYKYesite-150x150.png 150w, https:\/\/www.vaasanseudunareenat.fi\/vaasan-sahko-areena\/wp-content\/uploads\/sites\/4\/2025\/06\/lataa-TYKYesite-768x768.png 768w, https:\/\/www.vaasanseudunareenat.fi\/vaasan-sahko-areena\/wp-content\/uploads\/sites\/4\/2025\/06\/lataa-TYKYesite-1280x1280.png 1280w, https:\/\/www.vaasanseudunareenat.fi\/vaasan-sahko-areena\/wp-content\/uploads\/sites\/4\/2025\/06\/lataa-TYKYesite-640x640.png 640w, https:\/\/www.vaasanseudunareenat.fi\/vaasan-sahko-areena\/wp-content\/uploads\/sites\/4\/2025\/06\/lataa-TYKYesite-420x420.png 420w, https:\/\/www.vaasanseudunareenat.fi\/vaasan-sahko-areena\/wp-content\/uploads\/sites\/4\/2025\/06\/lataa-TYKYesite-360x360.png 360w, https:\/\/www.vaasanseudunareenat.fi\/vaasan-sahko-areena\/wp-content\/uploads\/sites\/4\/2025\/06\/lataa-TYKYesite.png 1380w\" sizes=\"(max-width: 800px) 100vw, 800px\" \/>\t\t<\/div>\n\t\n\t\n\t<div class=\"container text-left\">\n\t\t<div class=\"content\">\n\t\t\t<h2 class=\"title h2\">Hyvinvointip\u00e4iv\u00e4t yrityksille<\/h2>\t\t\t\t<div class=\"content-wysiwyg\">\n\t\t\t\t\t<p>Vaasan S\u00e4hk\u00f6 Areena on monipuolinen tapahtumakeskus, joka tarjoaa erinomaiset puitteet hyvinvointip\u00e4ivien ja muiden terveytt\u00e4 edist\u00e4vien tapahtumien j\u00e4rjest\u00e4miseen. Vaasan S\u00e4hk\u00f6 Areena tarjoaa monipuolisia palveluita, kuten kokouspalvelut, TYKY-p\u00e4iv\u00e4t, juoksukoulut, personal training -palvelut ja fysiikkavalmennukset . Areenan tilat soveltuvat erinomaisesti erilaisiin tapahtumiin &#8211; isoihin ja pieniin.<\/p>\n\t\t\t\t<\/div>\n\t\t\t\t\n\t<ul class=\"buttons\">\n\t\t\t\t\t<li class=\"button-item\">\n\t\t\t\t<a href=\"#\" class=\"link\" target=\"_self\">Lataa esite<\/a>\t\t\t<\/li>\n\t\t\t\t\t<li class=\"button-item\">\n\t\t\t\t<a href=\"https:\/\/www.vaasanseudunareenat.fi\/vaasan-sahko-areena\/tyky\/#yhteystiedot\" class=\"link\" target=\"_self\">Kysy lis\u00e4\u00e4<\/a>\t\t\t<\/li>\n\t\t\t<\/ul>\n\t\t\t<\/div>\n\t<\/div>\n<\/section>\n\n\n\n<section class=\"block block-banner layout-left theme-light has-image image-sizing-contain image-inside-container image-rounded-corners\">\n\t\t\t<div class=\"image-container \">\n\t\t\t<img loading=\"lazy\" decoding=\"async\" width=\"800\" height=\"800\" src=\"https:\/\/www.vaasanseudunareenat.fi\/vaasan-sahko-areena\/wp-content\/uploads\/sites\/4\/2025\/06\/lataa-lajiesite-1024x1024.png\" class=\"img\" alt=\"\" srcset=\"https:\/\/www.vaasanseudunareenat.fi\/vaasan-sahko-areena\/wp-content\/uploads\/sites\/4\/2025\/06\/lataa-lajiesite-1024x1024.png 1024w, https:\/\/www.vaasanseudunareenat.fi\/vaasan-sahko-areena\/wp-content\/uploads\/sites\/4\/2025\/06\/lataa-lajiesite-300x300.png 300w, https:\/\/www.vaasanseudunareenat.fi\/vaasan-sahko-areena\/wp-content\/uploads\/sites\/4\/2025\/06\/lataa-lajiesite-150x150.png 150w, https:\/\/www.vaasanseudunareenat.fi\/vaasan-sahko-areena\/wp-content\/uploads\/sites\/4\/2025\/06\/lataa-lajiesite-768x768.png 768w, https:\/\/www.vaasanseudunareenat.fi\/vaasan-sahko-areena\/wp-content\/uploads\/sites\/4\/2025\/06\/lataa-lajiesite-1280x1280.png 1280w, https:\/\/www.vaasanseudunareenat.fi\/vaasan-sahko-areena\/wp-content\/uploads\/sites\/4\/2025\/06\/lataa-lajiesite-640x640.png 640w, https:\/\/www.vaasanseudunareenat.fi\/vaasan-sahko-areena\/wp-content\/uploads\/sites\/4\/2025\/06\/lataa-lajiesite-420x420.png 420w, https:\/\/www.vaasanseudunareenat.fi\/vaasan-sahko-areena\/wp-content\/uploads\/sites\/4\/2025\/06\/lataa-lajiesite-360x360.png 360w, https:\/\/www.vaasanseudunareenat.fi\/vaasan-sahko-areena\/wp-content\/uploads\/sites\/4\/2025\/06\/lataa-lajiesite.png 1380w\" sizes=\"(max-width: 800px) 100vw, 800px\" \/>\t\t<\/div>\n\t\n\t\n\t<div class=\"container text-left\">\n\t\t<div class=\"content\">\n\t\t\t<h2 class=\"title h2\">TYKY-p\u00e4ivien lajivaihtoehdot laidasta laitaan <\/h2>\t\t\t\t<div class=\"content-wysiwyg\">\n\t\t\t\t\t<p><a href=\"https:\/\/issuu.com\/graafisetpalvelut_vaasa\/docs\/vaasanseudun-areenat-lajiesite?fr=sZmUxYzcwNjM4NjU\" target=\"_blank\" rel=\"noopener\">Lataa esite<\/a><\/p>\n\t\t\t\t<\/div>\n\t\t\t\t\n\t<ul class=\"buttons\">\n\t\t\t\t\t<li class=\"button-item\">\n\t\t\t\t\t\t\t<\/li>\n\t\t\t<\/ul>\n\t\t\t<\/div>\n\t<\/div>\n<\/section>\n\n\n\n<section class=\"block block-separator top-color-light shape-downward-arc\">\n\t<svg xmlns=\"http:\/\/www.w3.org\/2000\/svg\" height=\"100\" viewBox=\"0 0 100 100\" preserveAspectRatio=\"none\"><path d=\"M0 100V50s16.03 7.74 47.17 7.91S100 0 100 0v100z\" fill=\"#fff\"\/><\/svg><\/section>\n\n\n\n<section class=\"block block-accordion theme-white\">\n\t<div class=\"container\">\n\t\t\t\t\t<header class=\"header text-left\">\n\t\t\t\t<h2 class=\"title h2\">Usein kysytyt kysymykset<\/h2>\n\t\t\t\t\t\t\t<\/header>\n\t\t\n\t\t<div class=\"accordion-items\">\n\t\t\t\t\t\t\t<div class=\"accordion-item\">\n\t\t\t\t\t<h3 class=\"title accordion-title h4\">\n\t\t\t\t\t\t\t<button class=\"accordion-toggle\" id=\"button-usein-kysytyt-kysymykset-usein-kysytyt-kysymykset-1\" aria-expanded=\"false\" aria-controls=\"panel-usein-kysytyt-kysymykset-usein-kysytyt-kysymykset-1\" type=\"button\">\n\t\t\t\t\t\t\t\t<span class=\"toggle-title\">Kuinka isoille tai pienille ryhmille j\u00e4rjest\u00e4tte TYKYp\u00e4ivi\u00e4?<\/span>\n\t\t\t\t\t\t\t\t<span class=\"toggle-icon\" aria-hidden=\"true\"><\/span>\n\t\t\t\t\t\t\t<\/button>\n\t\t\t\t\t\t<\/h3>\n\t\t\t\t\t<div id=\"panel-usein-kysytyt-kysymykset-usein-kysytyt-kysymykset-1\" aria-labelledby=\"button-usein-kysytyt-kysymykset-usein-kysytyt-kysymykset-1\" class=\"accordion-panel\" role=\"region\">\n\t\t\t\t\t\t<div class=\"accordion-inner\">\n\t\t\t\t\t\t\t<div class=\"accordion-inner-wrap\">\n\t\t\t\t\t\t\t\t<div class=\"content-wrap\">\n\t\t\t\t\t\t\t\t\t<div class=\"content content-wysiwyg\">\n\t\t\t\t\t\t\t\t\t\t<p>J\u00e4rjest\u00e4mme TYKY-p\u00e4ivi\u00e4 ja valmennuksia kaiken kokoisille ryhmille. Otamme aina huomioon asiakkaan toiveet ja tarpeet ja r\u00e4\u00e4t\u00e4l\u00f6imme erilaisia kokonaisuuksia.<\/p>\n\t\t\t\t\t\t\t\t\t<\/div>\n\n\t\t\t\t\t\t\t\t\t\t\t\t\t\t\t\t\t<\/div>\n\t\t\t\t\t\t\t<\/div>\n\t\t\t\t\t\t<\/div>\n\t\t\t\t\t<\/div>\n\t\t\t\t<\/div>\n\t\t\t\t\t\t\t<div class=\"accordion-item\">\n\t\t\t\t\t<h3 class=\"title accordion-title h4\">\n\t\t\t\t\t\t\t<button class=\"accordion-toggle\" id=\"button-usein-kysytyt-kysymykset-usein-kysytyt-kysymykset-2\" aria-expanded=\"false\" aria-controls=\"panel-usein-kysytyt-kysymykset-usein-kysytyt-kysymykset-2\" type=\"button\">\n\t\t\t\t\t\t\t\t<span class=\"toggle-title\">Voitteko r\u00e4\u00e4t\u00e4l\u00f6id\u00e4 yrityksellemme koko p\u00e4iv\u00e4n?<\/span>\n\t\t\t\t\t\t\t\t<span class=\"toggle-icon\" aria-hidden=\"true\"><\/span>\n\t\t\t\t\t\t\t<\/button>\n\t\t\t\t\t\t<\/h3>\n\t\t\t\t\t<div id=\"panel-usein-kysytyt-kysymykset-usein-kysytyt-kysymykset-2\" aria-labelledby=\"button-usein-kysytyt-kysymykset-usein-kysytyt-kysymykset-2\" class=\"accordion-panel\" role=\"region\">\n\t\t\t\t\t\t<div class=\"accordion-inner\">\n\t\t\t\t\t\t\t<div class=\"accordion-inner-wrap\">\n\t\t\t\t\t\t\t\t<div class=\"content-wrap\">\n\t\t\t\t\t\t\t\t\t<div class=\"content content-wysiwyg\">\n\t\t\t\t\t\t\t\t\t\t<p>Areenoiden esitteess\u00e4 on paljon vaihtoehtoja, joista voi l\u00e4hte\u00e4 suunnittelemaan omalle ryhm\u00e4lle mieluisinta ohjelmaa, mutta autamme mielell\u00e4mme heti alkuvaiheessa l\u00f6yt\u00e4m\u00e4\u00e4n juuri sinun ryhm\u00e4llesi sopivan ohjelman. P\u00e4iv\u00e4\u00e4n vaikuttaa aina tilan varattavuus, ryhm\u00e4n koko ja muut oheispalvelut kuten ruokailu. Areenoiden myynti auttaa mielell\u00e4\u00e4n kaikenlaisissa kysymyksiss\u00e4\u00a0 ja auttaa rakentamaan kivoja ratkaisuja.<\/p>\n\t\t\t\t\t\t\t\t\t<\/div>\n\n\t\t\t\t\t\t\t\t\t\t\t\t\t\t\t\t\t<\/div>\n\t\t\t\t\t\t\t<\/div>\n\t\t\t\t\t\t<\/div>\n\t\t\t\t\t<\/div>\n\t\t\t\t<\/div>\n\t\t\t\t\t\t\t<div class=\"accordion-item\">\n\t\t\t\t\t<h3 class=\"title accordion-title h4\">\n\t\t\t\t\t\t\t<button class=\"accordion-toggle\" id=\"button-usein-kysytyt-kysymykset-usein-kysytyt-kysymykset-3\" aria-expanded=\"false\" aria-controls=\"panel-usein-kysytyt-kysymykset-usein-kysytyt-kysymykset-3\" type=\"button\">\n\t\t\t\t\t\t\t\t<span class=\"toggle-title\">Voitteko j\u00e4rjest\u00e4\u00e4 ruokailun? <\/span>\n\t\t\t\t\t\t\t\t<span class=\"toggle-icon\" aria-hidden=\"true\"><\/span>\n\t\t\t\t\t\t\t<\/button>\n\t\t\t\t\t\t<\/h3>\n\t\t\t\t\t<div id=\"panel-usein-kysytyt-kysymykset-usein-kysytyt-kysymykset-3\" aria-labelledby=\"button-usein-kysytyt-kysymykset-usein-kysytyt-kysymykset-3\" class=\"accordion-panel\" role=\"region\">\n\t\t\t\t\t\t<div class=\"accordion-inner\">\n\t\t\t\t\t\t\t<div class=\"accordion-inner-wrap\">\n\t\t\t\t\t\t\t\t<div class=\"content-wrap\">\n\t\t\t\t\t\t\t\t\t<div class=\"content content-wysiwyg\">\n\t\t\t\t\t\t\t\t\t\t<p>Kyll\u00e4! Meill\u00e4 voit lounastaa Sportin lounasravintolassa arkisin. Yksityiset tilaukset huomioidaan my\u00f6s, mutta kysy niist\u00e4 erikseen varauksen yhteydess\u00e4.<\/p>\n\t\t\t\t\t\t\t\t\t<\/div>\n\n\t\t\t\t\t\t\t\t\t\t\t\t\t\t\t\t\t<\/div>\n\t\t\t\t\t\t\t<\/div>\n\t\t\t\t\t\t<\/div>\n\t\t\t\t\t<\/div>\n\t\t\t\t<\/div>\n\t\t\t\t\t\t\t<div class=\"accordion-item\">\n\t\t\t\t\t<h3 class=\"title accordion-title h4\">\n\t\t\t\t\t\t\t<button class=\"accordion-toggle\" id=\"button-usein-kysytyt-kysymykset-usein-kysytyt-kysymykset-4\" aria-expanded=\"false\" aria-controls=\"panel-usein-kysytyt-kysymykset-usein-kysytyt-kysymykset-4\" type=\"button\">\n\t\t\t\t\t\t\t\t<span class=\"toggle-title\">Mit\u00e4 lajeja teilt\u00e4 l\u00f6ytyy?<\/span>\n\t\t\t\t\t\t\t\t<span class=\"toggle-icon\" aria-hidden=\"true\"><\/span>\n\t\t\t\t\t\t\t<\/button>\n\t\t\t\t\t\t<\/h3>\n\t\t\t\t\t<div id=\"panel-usein-kysytyt-kysymykset-usein-kysytyt-kysymykset-4\" aria-labelledby=\"button-usein-kysytyt-kysymykset-usein-kysytyt-kysymykset-4\" class=\"accordion-panel\" role=\"region\">\n\t\t\t\t\t\t<div class=\"accordion-inner\">\n\t\t\t\t\t\t\t<div class=\"accordion-inner-wrap\">\n\t\t\t\t\t\t\t\t<div class=\"content-wrap\">\n\t\t\t\t\t\t\t\t\t<div class=\"content content-wysiwyg\">\n\t\t\t\t\t\t\t\t\t\t<p>Meill\u00e4 hallista riippuen monenlaisiin lajeihin. Vaasan S\u00e4hk\u00f6 Areenalla painopiste on j\u00e4\u00e4urheilussa, mutta j\u00e4rjest\u00e4mme my\u00f6s ryhm\u00e4liikuntatunteja, saliharjoittelua ja Areenan l\u00e4hist\u00f6ll\u00e4 vaikkapa polkujuoksua.<\/p>\n\t\t\t\t\t\t\t\t\t<\/div>\n\n\t\t\t\t\t\t\t\t\t\t\t\t\t\t\t\t\t<\/div>\n\t\t\t\t\t\t\t<\/div>\n\t\t\t\t\t\t<\/div>\n\t\t\t\t\t<\/div>\n\t\t\t\t<\/div>\n\t\t\t\t\t<\/div>\n\n\t\t\t<\/div>\n<\/section>\n\n\n\n<section class=\"block block-separator top-color-white shape-upward-arc\">\n\t<svg xmlns=\"http:\/\/www.w3.org\/2000\/svg\" height=\"100\" viewBox=\"0 0 100 100\" preserveAspectRatio=\"none\"><path d=\"M0 0v49.671s16.03-2.66 47.17-2.71S100 99.989 100 99.989V0z\" fill=\"#fff\"\/><\/svg><\/section>\n\n\n\n<section class=\"block block-columns theme-light\">\n\t<div class=\"container\">\n\t\t\t\t\t<header class=\"header\">\n\t\t\t\t<h2 class=\"title h2\">Kolme erilaista areenaa \u2013 rajattomat mahdollisuudet<\/h2>\n\t\t\t\t\t\t\t<\/header>\n\t\t\n\t\t\t\t\t<div class=\"columns grid-columns-3 text-left\">\n\t\t\t\t\t\t\t\t\t<div class=\"column\">\n\t\t\t\t\t\t\n\t\t\t\t\t\t\t\t\t\t\t\t\t<h3 class=\"title h4\">Botniahalli<\/h3>\t\t\t\t\t\t\n\t\t\t\t\t\t\t\t\t\t\t\t\t<div class=\"content content-wysiwyg\">\n\t\t\t\t\t\t\t\t<p>Suomen suurin ja monipuolisin urheiluun, liikuntaan niin suuriin kuin pieniinkin yleis\u00f6tapahtumiin. Ammattitaitoiset TYKYp\u00e4iv\u00e4t, fysiikkavalmennus, testaus ja lajivalmennus, personal training ja ryhm\u00e4liikunta.<\/p>\n\t\t\t\t\t\t\t<\/div>\n\t\t\t\t\t\t\n\t\t\t\t\t\t\t\t\t\t\t<\/div>\n\t\t\t\t\t\t\t\t\t<div class=\"column\">\n\t\t\t\t\t\t\n\t\t\t\t\t\t\t\t\t\t\t\t\t<h3 class=\"title h4\">Lemonsoft Stadion<\/h3>\t\t\t\t\t\t\n\t\t\t\t\t\t\t\t\t\t\t\t\t<div class=\"content content-wysiwyg\">\n\t\t\t\t\t\t\t\t<p>Upeat puitteet ja laadukkaat oheispalvelut mahdollistavat kaiken liikunnan harrastamisesta inspiroiviin kokouksiin, isoihin yleis\u00f6tapahtumiin ja suuren luokan konsertteihin<\/p>\n\t\t\t\t\t\t\t<\/div>\n\t\t\t\t\t\t\n\t\t\t\t\t\t\t\t\t\t\t<\/div>\n\t\t\t\t\t\t\t\t\t<div class=\"column\">\n\t\t\t\t\t\t\n\t\t\t\t\t\t\t\t\t\t\t\t\t<h3 class=\"title h4\">Vaasan S\u00e4hk\u00f6 Areena<\/h3>\t\t\t\t\t\t\n\t\t\t\t\t\t\t\t\t\t\t\t\t<div class=\"content content-wysiwyg\">\n\t\t\t\t\t\t\t\t<p>Ainutlaatuinen j\u00e4\u00e4urheilun ja tapahtumien keskus, jossa nelj\u00e4 j\u00e4\u00e4t\u00e4 on saman katon alla. Areena tarjoaa my\u00f6s loistavat puitteet konserteille, yleis\u00f6tapahtumiin ja TYKY- p\u00e4iville.<\/p>\n\t\t\t\t\t\t\t<\/div>\n\t\t\t\t\t\t\n\t\t\t\t\t\t\t\t\t\t\t<\/div>\n\t\t\t\t\t\t\t<\/div>\n\t\t\n\t\t\t<\/div>\n<\/section>\n\n\n\n<section class=\"block block-separator top-color-light shape-downward-arc\">\n\t<svg xmlns=\"http:\/\/www.w3.org\/2000\/svg\" height=\"100\" viewBox=\"0 0 100 100\" preserveAspectRatio=\"none\"><path d=\"M0 100V50s16.03 7.74 47.17 7.91S100 0 100 0v100z\" fill=\"#fff\"\/><\/svg><\/section>\n\n\n\n<section id=\"yhteystiedot\" class=\"block block-banner layout-left theme-white has-image image-sizing-contain image-inside-container bottom-border\">\n\t\t\t<div class=\"image-container \">\n\t\t\t<img loading=\"lazy\" decoding=\"async\" width=\"800\" height=\"800\" src=\"https:\/\/www.vaasanseudunareenat.fi\/vaasan-sahko-areena\/wp-content\/uploads\/sites\/4\/2024\/11\/terveytta-elamyksia-liikuntaa-1024x1024.png\" class=\"img\" alt=\"\" srcset=\"https:\/\/www.vaasanseudunareenat.fi\/vaasan-sahko-areena\/wp-content\/uploads\/sites\/4\/2024\/11\/terveytta-elamyksia-liikuntaa-1024x1024.png 1024w, https:\/\/www.vaasanseudunareenat.fi\/vaasan-sahko-areena\/wp-content\/uploads\/sites\/4\/2024\/11\/terveytta-elamyksia-liikuntaa-300x300.png 300w, https:\/\/www.vaasanseudunareenat.fi\/vaasan-sahko-areena\/wp-content\/uploads\/sites\/4\/2024\/11\/terveytta-elamyksia-liikuntaa-150x150.png 150w, https:\/\/www.vaasanseudunareenat.fi\/vaasan-sahko-areena\/wp-content\/uploads\/sites\/4\/2024\/11\/terveytta-elamyksia-liikuntaa-768x768.png 768w, https:\/\/www.vaasanseudunareenat.fi\/vaasan-sahko-areena\/wp-content\/uploads\/sites\/4\/2024\/11\/terveytta-elamyksia-liikuntaa-640x640.png 640w, https:\/\/www.vaasanseudunareenat.fi\/vaasan-sahko-areena\/wp-content\/uploads\/sites\/4\/2024\/11\/terveytta-elamyksia-liikuntaa-420x420.png 420w, https:\/\/www.vaasanseudunareenat.fi\/vaasan-sahko-areena\/wp-content\/uploads\/sites\/4\/2024\/11\/terveytta-elamyksia-liikuntaa-360x360.png 360w, https:\/\/www.vaasanseudunareenat.fi\/vaasan-sahko-areena\/wp-content\/uploads\/sites\/4\/2024\/11\/terveytta-elamyksia-liikuntaa.png 1080w\" sizes=\"(max-width: 800px) 100vw, 800px\" \/>\t\t<\/div>\n\t\n\t\n\t<div class=\"container text-left\">\n\t\t<div class=\"content\">\n\t\t\t<h2 class=\"title h2\">Haluatko j\u00e4rjest\u00e4\u00e4 TYKY-p\u00e4iv\u00e4n?<\/h2>\t\t\t\t<div class=\"content-wysiwyg\">\n\t\t\t\t\t<p>Ota yhteytt\u00e4 ja kysy lis\u00e4\u00e4.<\/p>\n<p><strong>Pia Reini<br \/>\n<\/strong>Myynti- ja markkinointip\u00e4\u00e4llikk\u00f6<\/p>\n<p><a href=\"tel:0404845222\">puh. 040 4845 222<\/a><br \/>\n<a href=\"mailto:pia.reini@vaasanseudunareenat.fi\">pia.reini@vaasanseudunareenat.fi<\/a> tai<br \/>\n<a href=\"mailto:sales@vaasanseudunareenat.fi\">sales@vaasanseudunareenat.fi<\/a><\/p>\n\t\t\t\t<\/div>\n\t\t\t\t\t\t<\/div>\n\t<\/div>\n<\/section>\n","protected":false},"excerpt":{"rendered":"","protected":false},"author":6,"featured_media":0,"parent":0,"menu_order":0,"comment_status":"closed","ping_status":"closed","template":"","meta":{"_acf_changed":false,"footnotes":""},"class_list":["post-59","page","type-page","status-publish","hentry"],"acf":[],"yoast_head":"<!-- This site is optimized with the Yoast SEO plugin v27.3 - https:\/\/yoast.com\/product\/yoast-seo-wordpress\/ -->\n<title>TYKY - Vaasan S\u00e4hk\u00f6 Areena<\/title>\n<meta name=\"robots\" content=\"index, follow, max-snippet:-1, max-image-preview:large, max-video-preview:-1\" \/>\n<link rel=\"canonical\" href=\"https:\/\/www.vaasanseudunareenat.fi\/vaasan-sahko-areena\/tyky\/\" \/>\n<meta property=\"og:locale\" content=\"en_US\" \/>\n<meta property=\"og:type\" content=\"article\" \/>\n<meta property=\"og:title\" content=\"TYKY - Vaasan S\u00e4hk\u00f6 Areena\" \/>\n<meta property=\"og:url\" content=\"https:\/\/www.vaasanseudunareenat.fi\/vaasan-sahko-areena\/tyky\/\" \/>\n<meta property=\"og:site_name\" content=\"Vaasan S\u00e4hk\u00f6 Areena\" \/>\n<meta property=\"article:publisher\" content=\"https:\/\/www.facebook.com\/VaasanSahkoAreena\/\" \/>\n<meta property=\"article:modified_time\" content=\"2025-08-05T07:36:34+00:00\" \/>\n<meta name=\"twitter:card\" content=\"summary_large_image\" \/>\n<script type=\"application\/ld+json\" class=\"yoast-schema-graph\">{\"@context\":\"https:\\\/\\\/schema.org\",\"@graph\":[{\"@type\":\"WebPage\",\"@id\":\"https:\\\/\\\/www.vaasanseudunareenat.fi\\\/vaasan-sahko-areena\\\/tyky\\\/\",\"url\":\"https:\\\/\\\/www.vaasanseudunareenat.fi\\\/vaasan-sahko-areena\\\/tyky\\\/\",\"name\":\"TYKY - Vaasan S\u00e4hk\u00f6 Areena\",\"isPartOf\":{\"@id\":\"https:\\\/\\\/www.vaasanseudunareenat.fi\\\/vaasan-sahko-areena\\\/#website\"},\"datePublished\":\"2024-11-01T12:39:39+00:00\",\"dateModified\":\"2025-08-05T07:36:34+00:00\",\"breadcrumb\":{\"@id\":\"https:\\\/\\\/www.vaasanseudunareenat.fi\\\/vaasan-sahko-areena\\\/tyky\\\/#breadcrumb\"},\"inLanguage\":\"en-US\",\"potentialAction\":[{\"@type\":\"ReadAction\",\"target\":[\"https:\\\/\\\/www.vaasanseudunareenat.fi\\\/vaasan-sahko-areena\\\/tyky\\\/\"]}]},{\"@type\":\"BreadcrumbList\",\"@id\":\"https:\\\/\\\/www.vaasanseudunareenat.fi\\\/vaasan-sahko-areena\\\/tyky\\\/#breadcrumb\",\"itemListElement\":[{\"@type\":\"ListItem\",\"position\":1,\"name\":\"Home\",\"item\":\"https:\\\/\\\/www.vaasanseudunareenat.fi\\\/vaasan-sahko-areena\\\/\"},{\"@type\":\"ListItem\",\"position\":2,\"name\":\"TYKY\"}]},{\"@type\":\"WebSite\",\"@id\":\"https:\\\/\\\/www.vaasanseudunareenat.fi\\\/vaasan-sahko-areena\\\/#website\",\"url\":\"https:\\\/\\\/www.vaasanseudunareenat.fi\\\/vaasan-sahko-areena\\\/\",\"name\":\"Vaasan S\u00e4hk\u00f6 Areena\",\"description\":\"\",\"potentialAction\":[{\"@type\":\"SearchAction\",\"target\":{\"@type\":\"EntryPoint\",\"urlTemplate\":\"https:\\\/\\\/www.vaasanseudunareenat.fi\\\/vaasan-sahko-areena\\\/?s={search_term_string}\"},\"query-input\":{\"@type\":\"PropertyValueSpecification\",\"valueRequired\":true,\"valueName\":\"search_term_string\"}}],\"inLanguage\":\"en-US\"}]}<\/script>\n<!-- \/ Yoast SEO plugin. -->","yoast_head_json":{"title":"TYKY - Vaasan S\u00e4hk\u00f6 Areena","robots":{"index":"index","follow":"follow","max-snippet":"max-snippet:-1","max-image-preview":"max-image-preview:large","max-video-preview":"max-video-preview:-1"},"canonical":"https:\/\/www.vaasanseudunareenat.fi\/vaasan-sahko-areena\/tyky\/","og_locale":"en_US","og_type":"article","og_title":"TYKY - Vaasan S\u00e4hk\u00f6 Areena","og_url":"https:\/\/www.vaasanseudunareenat.fi\/vaasan-sahko-areena\/tyky\/","og_site_name":"Vaasan S\u00e4hk\u00f6 Areena","article_publisher":"https:\/\/www.facebook.com\/VaasanSahkoAreena\/","article_modified_time":"2025-08-05T07:36:34+00:00","twitter_card":"summary_large_image","schema":{"@context":"https:\/\/schema.org","@graph":[{"@type":"WebPage","@id":"https:\/\/www.vaasanseudunareenat.fi\/vaasan-sahko-areena\/tyky\/","url":"https:\/\/www.vaasanseudunareenat.fi\/vaasan-sahko-areena\/tyky\/","name":"TYKY - Vaasan S\u00e4hk\u00f6 Areena","isPartOf":{"@id":"https:\/\/www.vaasanseudunareenat.fi\/vaasan-sahko-areena\/#website"},"datePublished":"2024-11-01T12:39:39+00:00","dateModified":"2025-08-05T07:36:34+00:00","breadcrumb":{"@id":"https:\/\/www.vaasanseudunareenat.fi\/vaasan-sahko-areena\/tyky\/#breadcrumb"},"inLanguage":"en-US","potentialAction":[{"@type":"ReadAction","target":["https:\/\/www.vaasanseudunareenat.fi\/vaasan-sahko-areena\/tyky\/"]}]},{"@type":"BreadcrumbList","@id":"https:\/\/www.vaasanseudunareenat.fi\/vaasan-sahko-areena\/tyky\/#breadcrumb","itemListElement":[{"@type":"ListItem","position":1,"name":"Home","item":"https:\/\/www.vaasanseudunareenat.fi\/vaasan-sahko-areena\/"},{"@type":"ListItem","position":2,"name":"TYKY"}]},{"@type":"WebSite","@id":"https:\/\/www.vaasanseudunareenat.fi\/vaasan-sahko-areena\/#website","url":"https:\/\/www.vaasanseudunareenat.fi\/vaasan-sahko-areena\/","name":"Vaasan S\u00e4hk\u00f6 Areena","description":"","potentialAction":[{"@type":"SearchAction","target":{"@type":"EntryPoint","urlTemplate":"https:\/\/www.vaasanseudunareenat.fi\/vaasan-sahko-areena\/?s={search_term_string}"},"query-input":{"@type":"PropertyValueSpecification","valueRequired":true,"valueName":"search_term_string"}}],"inLanguage":"en-US"}]}},"lang":"fi","translations":{"fi":59,"sv":757},"pll_sync_post":[],"_links":{"self":[{"href":"https:\/\/www.vaasanseudunareenat.fi\/vaasan-sahko-areena\/wp-json\/wp\/v2\/pages\/59","targetHints":{"allow":["GET"]}}],"collection":[{"href":"https:\/\/www.vaasanseudunareenat.fi\/vaasan-sahko-areena\/wp-json\/wp\/v2\/pages"}],"about":[{"href":"https:\/\/www.vaasanseudunareenat.fi\/vaasan-sahko-areena\/wp-json\/wp\/v2\/types\/page"}],"author":[{"embeddable":true,"href":"https:\/\/www.vaasanseudunareenat.fi\/vaasan-sahko-areena\/wp-json\/wp\/v2\/users\/6"}],"replies":[{"embeddable":true,"href":"https:\/\/www.vaasanseudunareenat.fi\/vaasan-sahko-areena\/wp-json\/wp\/v2\/comments?post=59"}],"version-history":[{"count":32,"href":"https:\/\/www.vaasanseudunareenat.fi\/vaasan-sahko-areena\/wp-json\/wp\/v2\/pages\/59\/revisions"}],"predecessor-version":[{"id":942,"href":"https:\/\/www.vaasanseudunareenat.fi\/vaasan-sahko-areena\/wp-json\/wp\/v2\/pages\/59\/revisions\/942"}],"wp:attachment":[{"href":"https:\/\/www.vaasanseudunareenat.fi\/vaasan-sahko-areena\/wp-json\/wp\/v2\/media?parent=59"}],"curies":[{"name":"wp","href":"https:\/\/api.w.org\/{rel}","templated":true}]}}