{"id":53,"date":"2024-11-01T15:09:45","date_gmt":"2024-11-01T13:09:45","guid":{"rendered":"https:\/\/www.vaasanseudunareenat.fi\/vaasan-sahko-areena\/tapahtumajarjestajille\/"},"modified":"2025-06-10T08:26:14","modified_gmt":"2025-06-10T05:26:14","slug":"tapahtumajarjestajille","status":"publish","type":"page","link":"https:\/\/www.vaasanseudunareenat.fi\/vaasan-sahko-areena\/tapahtumajarjestajille\/","title":{"rendered":"Tapahtumaj\u00e4rjest\u00e4jille"},"content":{"rendered":"\n<section class=\"block block-hero has-overlay\">\n\t<div class=\"hero-inner\">\n\t\t\t\t\t<div class=\"image-container background-container\">\n\t\t\t\t<img decoding=\"async\" width=\"1920\" height=\"1080\" src=\"https:\/\/www.vaasanseudunareenat.fi\/vaasan-sahko-areena\/wp-content\/uploads\/sites\/4\/2025\/05\/IMG_3977-www.esasiltaloppi.fi_-1920x1080.jpg\" class=\"img\" alt=\"\" fetchpriority=\"high\" srcset=\"https:\/\/www.vaasanseudunareenat.fi\/vaasan-sahko-areena\/wp-content\/uploads\/sites\/4\/2025\/05\/IMG_3977-www.esasiltaloppi.fi_-1920x1080.jpg 1920w, https:\/\/www.vaasanseudunareenat.fi\/vaasan-sahko-areena\/wp-content\/uploads\/sites\/4\/2025\/05\/IMG_3977-www.esasiltaloppi.fi_-1440x810.jpg 1440w, https:\/\/www.vaasanseudunareenat.fi\/vaasan-sahko-areena\/wp-content\/uploads\/sites\/4\/2025\/05\/IMG_3977-www.esasiltaloppi.fi_-1024x576.jpg 1024w, https:\/\/www.vaasanseudunareenat.fi\/vaasan-sahko-areena\/wp-content\/uploads\/sites\/4\/2025\/05\/IMG_3977-www.esasiltaloppi.fi_-768x432.jpg 768w, https:\/\/www.vaasanseudunareenat.fi\/vaasan-sahko-areena\/wp-content\/uploads\/sites\/4\/2025\/05\/IMG_3977-www.esasiltaloppi.fi_-576x324.jpg 576w\" sizes=\"(max-width: 1920px) 100vw, 1920px\" \/>\t\t\t<\/div>\n\t\t\t\n\t\t\t\t<div class=\"container text-left\">\n\t\t\t<div class=\"hero-content\">\n\t\t\t\t<h1 class=\"title h1\">Tapahtumaj\u00e4rjest\u00e4minen Vaasassa<\/h1>\n\t\t\t\t\t\t\t\t\t<div class=\"content-wysiwyg\">\n\t\t\t\t\t\t<p>Kolmen areenan upeat puitteet ja laadukkaat oheispalvelut mahdollistavat kaiken liikuntatapahtumista inspiroiviin kokouksiin, isoihin yleis\u00f6tapahtumiin ja suuren luokan konsertteihin. Tarjoamme huikeat puitteet monenlaisille suurtapahtumille \u2013 ota yhteytt\u00e4.<\/p>\n\t\t\t\t\t<\/div>\n\t\t\t\t\n\t\t\t\t\t\t\t<\/div>\n\t\t<\/div>\n\n\t\t<div class=\"hero-columns grid-columns-2\">\n\t\t\t\n\t\t\t\t\t<\/div>\n\t<\/div>\n<\/section>\n\n\n\n<section class=\"block block-columns theme-light\">\n\t<div class=\"container\">\n\t\t\t\t\t<header class=\"header\">\n\t\t\t\t<h2 class=\"title h2\">Vaasan S\u00e4hk\u00f6 Areena \u2013 Suurten spektaakkelien ja pienten hetkien n\u00e4ytt\u00e4m\u00f6<\/h2>\n\t\t\t\t\t\t\t\t\t<div class=\"description\">\n\t\t\t\t\t\t<p>Vaasan S\u00e4hk\u00f6 Areena on monipuolinen tapahtumapaikka, joka taipuu moneen. Areena on tunnettu isoista yleis\u00f6tapahtumista kuten urheilukilpailuista, konserteista ja messuista, mutta se tarjoaa my\u00f6s loistavat puitteet pienemmille tilaisuuksille \u2013 aina yritystapaamisista koulutuksiin ja juhliin.<\/p>\n\t\t\t\t\t<\/div>\n\t\t\t\t\t\t\t<\/header>\n\t\t\n\t\t\t\t\t<div class=\"columns grid-columns-3 text-left\">\n\t\t\t\t\t\t\t\t\t<div class=\"column\">\n\t\t\t\t\t\t\t\t\t\t\t\t\t<div class=\"image image-horizontal\">\n\t\t\t\t\t\t\t\t<img loading=\"lazy\" decoding=\"async\" width=\"768\" height=\"432\" src=\"https:\/\/www.vaasanseudunareenat.fi\/vaasan-sahko-areena\/wp-content\/uploads\/sites\/4\/2025\/05\/ENC25_Janne-Maljanen-03-768x432.jpg\" class=\"img\" alt=\"\" srcset=\"https:\/\/www.vaasanseudunareenat.fi\/vaasan-sahko-areena\/wp-content\/uploads\/sites\/4\/2025\/05\/ENC25_Janne-Maljanen-03-768x432.jpg 768w, https:\/\/www.vaasanseudunareenat.fi\/vaasan-sahko-areena\/wp-content\/uploads\/sites\/4\/2025\/05\/ENC25_Janne-Maljanen-03-1920x1080.jpg 1920w, https:\/\/www.vaasanseudunareenat.fi\/vaasan-sahko-areena\/wp-content\/uploads\/sites\/4\/2025\/05\/ENC25_Janne-Maljanen-03-1440x810.jpg 1440w, https:\/\/www.vaasanseudunareenat.fi\/vaasan-sahko-areena\/wp-content\/uploads\/sites\/4\/2025\/05\/ENC25_Janne-Maljanen-03-1024x576.jpg 1024w, https:\/\/www.vaasanseudunareenat.fi\/vaasan-sahko-areena\/wp-content\/uploads\/sites\/4\/2025\/05\/ENC25_Janne-Maljanen-03-576x324.jpg 576w\" sizes=\"(max-width: 768px) 100vw, 768px\" \/>\t\t\t\t\t\t\t<\/div>\n\t\t\t\t\t\t\n\t\t\t\t\t\t\t\t\t\t\t\t\t<h3 class=\"title h4\">Elisa Nordic Championship 24.-25.5.2025 <\/h3>\t\t\t\t\t\t\n\t\t\t\t\t\t\t\t\t\t\t\t\t<div class=\"content content-wysiwyg\">\n\t\t\t\t\t\t\t\t<p>Elisa Nordic Championship 2025 on ensimm\u00e4inen e-urheilutapahtuma, joka j\u00e4rjestet\u00e4\u00e4n Vaasassa.\u00a0Elisa toi e-urheilun ensimm\u00e4ist\u00e4 kertaa Vaasaan uudella turnaussarjalla, Elisa Nordic Championship 2025, kokoaa yhteen Pohjoismaiden Counter-Strike 2 -huippujoukkueet. Turnaus tarjoaa tier 2 -tason joukkueille mahdollisuuden ker\u00e4t\u00e4 arvokkaita Valve-rankingpisteit\u00e4 ja kilpailla 100 000 dollarin palkintopotista. Finaalitapahtuma j\u00e4rjestettiin Vaasan S\u00e4hk\u00f6 Areenalla.<\/p>\n<p><em>&#8220;Kaupungin sijainti ja hyv\u00e4t liikenneyhteydet tekev\u00e4t siit\u00e4 helposti saavutettavan kohteen niin osallistujille kuin katsojille ymp\u00e4ri Pohjoismaita&#8221;.\u00a0<\/em><\/p>\n<p>&nbsp;<\/p>\n\t\t\t\t\t\t\t<\/div>\n\t\t\t\t\t\t\n\t\t\t\t\t\t\t\t\t\t\t<\/div>\n\t\t\t\t\t\t\t\t\t<div class=\"column\">\n\t\t\t\t\t\t\t\t\t\t\t\t\t<div class=\"image image-horizontal\">\n\t\t\t\t\t\t\t\t<img loading=\"lazy\" decoding=\"async\" width=\"768\" height=\"432\" src=\"https:\/\/www.vaasanseudunareenat.fi\/vaasan-sahko-areena\/wp-content\/uploads\/sites\/4\/2025\/05\/istockphoto-471910387-2048x2048-1-768x432.jpg\" class=\"img\" alt=\"\" srcset=\"https:\/\/www.vaasanseudunareenat.fi\/vaasan-sahko-areena\/wp-content\/uploads\/sites\/4\/2025\/05\/istockphoto-471910387-2048x2048-1-768x432.jpg 768w, https:\/\/www.vaasanseudunareenat.fi\/vaasan-sahko-areena\/wp-content\/uploads\/sites\/4\/2025\/05\/istockphoto-471910387-2048x2048-1-1024x576.jpg 1024w, https:\/\/www.vaasanseudunareenat.fi\/vaasan-sahko-areena\/wp-content\/uploads\/sites\/4\/2025\/05\/istockphoto-471910387-2048x2048-1-576x324.jpg 576w\" sizes=\"(max-width: 768px) 100vw, 768px\" \/>\t\t\t\t\t\t\t<\/div>\n\t\t\t\t\t\t\n\t\t\t\t\t\t\t\t\t\t\t\t\t<h3 class=\"title h4\">Cheerleading SM-kilpailut 7.6. &#8211; 8.6.2025 <\/h3>\t\t\t\t\t\t\n\t\t\t\t\t\t\t\t\t\t\t\t\t<div class=\"content content-wysiwyg\">\n\t\t\t\t\t\t\t\t<p>Cheerleadingin SM-kilpailut 2025 hurmasivat Vaasan S\u00e4hk\u00f6 Areenalla<\/p>\n<p>Cheerleadingin SM-kilpailut 2025 tarjosivat huikean viikonlopun t\u00e4ynn\u00e4 taitoa, tunnelmaa ja tunteita, kun Suomen parhaat joukkueet kokoontuivat Vaasan S\u00e4hk\u00f6 Areenalle 7.\u20138. kes\u00e4kuuta. Tapahtuma oli vuoden kohokohta cheerleadingin yst\u00e4ville ja tarjosi katsojille unohtumattomia hetki\u00e4. Kilpailuviikonloppu ei ollut vain urheilutapahtuma \u2013 se oli my\u00f6s lajin juhla. Yleis\u00f6, kilpailijat ja j\u00e4rjest\u00e4j\u00e4t loivat yhdess\u00e4 kannustavan ja energisen ilmapiirin, joka inspiroi niin nuoria harrastajia kuin kokeneita konkareitakin.<\/p>\n\t\t\t\t\t\t\t<\/div>\n\t\t\t\t\t\t\n\t\t\t\t\t\t\t\t\t\t\t<\/div>\n\t\t\t\t\t\t\t\t\t<div class=\"column\">\n\t\t\t\t\t\t\t\t\t\t\t\t\t<div class=\"image image-horizontal\">\n\t\t\t\t\t\t\t\t<img loading=\"lazy\" decoding=\"async\" width=\"295\" height=\"197\" src=\"https:\/\/www.vaasanseudunareenat.fi\/vaasan-sahko-areena\/wp-content\/uploads\/sites\/4\/2025\/05\/kaj-netticket-omslag4.jpg\" class=\"img\" alt=\"\" \/>\t\t\t\t\t\t\t<\/div>\n\t\t\t\t\t\t\n\t\t\t\t\t\t\t\t\t\t\t\t\t<h3 class=\"title h4\">KAJ:n konserttisarja valloitti Vaasan S\u00e4hk\u00f6 Areenan<\/h3>\t\t\t\t\t\t\n\t\t\t\t\t\t\t\t\t\t\t\t\t<div class=\"content content-wysiwyg\">\n\t\t\t\t\t\t\t\t<p><strong>KAJ r\u00e4j\u00e4ytti tunnelman Vaasan S\u00e4hk\u00f6 Areenalla \u2013 nelj\u00e4 loppuunmyyty\u00e4 konserttia t\u00e4ynn\u00e4 naurua ja nostalgiaa<\/strong><\/p>\n<p>Mahtipontinen musiikki, r\u00e4iskyv\u00e4 huumori ja loistava yhteishenki t\u00e4yttiv\u00e4t Vaasan S\u00e4hk\u00f6 Areenan maaliskuun lopussa, kun KAJ valloitti lavan nelj\u00e4n per\u00e4kk\u00e4isen loppuunmyydyn konsertin voimin. Yhtyeen <strong>Karar i arbeit p\u00e5 turn\u00e9 2025<\/strong> oli yksi kev\u00e4\u00e4n odotetuimmista tapahtumista, ja KAJ onnistui j\u00e4lleen kerran hurmaamaan yleis\u00f6ns\u00e4. Yhtye on aiemminkin tehnyt historiaa Pohjanmaalla \u2013 vuonna 2019 he juhlistivat <strong>10-vuotista uraansa Botniahallissa<\/strong>, ja nyt paluu Vaasaan vain vahvisti heid\u00e4n asemaansa alueen rakastetuimpana huumorimusiikkiryhm\u00e4n\u00e4. Konserteissa kuultiin hittikappaleita kuten <strong>Karar i arbeit, \u00c4ngeln i e-posten<\/strong> sek\u00e4 Melodifestivalenin voittajakappale <strong>Bara bada bastu<\/strong>, joka siivitti KAJ:n kansainv\u00e4liseen suosioon.<\/p>\n\t\t\t\t\t\t\t<\/div>\n\t\t\t\t\t\t\n\t\t\t\t\t\t\t\t\t\t\t<\/div>\n\t\t\t\t\t\t\t<\/div>\n\t\t\n\t\t\t<\/div>\n<\/section>\n\n\n\n<section class=\"block block-separator top-color-light shape-upward-arc\">\n\t<svg xmlns=\"http:\/\/www.w3.org\/2000\/svg\" height=\"100\" viewBox=\"0 0 100 100\" preserveAspectRatio=\"none\"><path d=\"M0 0v49.671s16.03-2.66 47.17-2.71S100 99.989 100 99.989V0z\" fill=\"#fff\"\/><\/svg><\/section>\n\n\n\n<section id=\"yhteystiedot\" class=\"block block-columns theme-white\">\n\t<div class=\"container\">\n\t\t\t\t\t<header class=\"header\">\n\t\t\t\t<h2 class=\"title h2\">Ota yhteytt\u00e4 \u2013 autamme j\u00e4rjest\u00e4m\u00e4\u00e4n unohtumattoman tapahtuman!<\/h2>\n\t\t\t\t\t\t\t<\/header>\n\t\t\n\t\t\t\t\t<div class=\"columns grid-columns-4 text-left\">\n\t\t\t\t\t\t\t\t\t<div class=\"column\">\n\t\t\t\t\t\t\n\t\t\t\t\t\t\n\t\t\t\t\t\t\n\t\t\t\t\t\t\t\t\t\t\t<\/div>\n\t\t\t\t\t\t\t\t\t<div class=\"column\">\n\t\t\t\t\t\t\n\t\t\t\t\t\t\t\t\t\t\t\t\t<h3 class=\"title h4\">Pia Reini<\/h3>\t\t\t\t\t\t\n\t\t\t\t\t\t\t\t\t\t\t\t\t<div class=\"content content-wysiwyg\">\n\t\t\t\t\t\t\t\t<p>Myynti- ja markkinointip\u00e4\u00e4llikk\u00f6<\/p>\n<div class=\"content-wysiwyg\">\n<p class=\"p2\">puh.\u00a0<a href=\"tel:040%204845%20222\"><span class=\"s1\">040 4845 222<\/span><\/a><br \/>\n<a href=\"mailto:pia.reini@vaasanseudunareenat.fi\"><span class=\"s1\">pia.reini@vaasanseudunareenat.fi<\/span><\/a><\/p>\n<\/div>\n\t\t\t\t\t\t\t<\/div>\n\t\t\t\t\t\t\n\t\t\t\t\t\t\t\t\t\t\t<\/div>\n\t\t\t\t\t\t\t\t\t<div class=\"column\">\n\t\t\t\t\t\t\n\t\t\t\t\t\t\t\t\t\t\t\t\t<h3 class=\"title h4\">Michael Lyyski<\/h3>\t\t\t\t\t\t\n\t\t\t\t\t\t\t\t\t\t\t\t\t<div class=\"content content-wysiwyg\">\n\t\t\t\t\t\t\t\t<p>Johtaja<\/p>\n<p>Puh. <a href=\"tel:0500919949\">050 091 9949<\/a><br \/>\n<a href=\"mailto:michael.lyyski@vaasanseudunareenat.fi\">michael.lyyski@vaasanseudunareenat.fi<\/a><\/p>\n\t\t\t\t\t\t\t<\/div>\n\t\t\t\t\t\t\n\t\t\t\t\t\t\t\t\t\t\t<\/div>\n\t\t\t\t\t\t\t\t\t<div class=\"column\">\n\t\t\t\t\t\t\n\t\t\t\t\t\t\n\t\t\t\t\t\t\n\t\t\t\t\t\t\t\t\t\t\t<\/div>\n\t\t\t\t\t\t\t<\/div>\n\t\t\n\t\t\t<\/div>\n<\/section>\n\n\n\n<div style=\"height:100px\" aria-hidden=\"true\" class=\"wp-block-spacer\"><\/div>\n\n\n\n<h2 class=\"wp-block-heading has-text-align-center\">Kolmen areenan mahdollisuudet<\/h2>\n\n\n\n<div class=\"wp-block-columns is-layout-flex wp-container-core-columns-is-layout-9d6595d7 wp-block-columns-is-layout-flex\">\n<div class=\"wp-block-column is-layout-flow wp-block-column-is-layout-flow\">\n<h3 class=\"wp-block-heading\">Botniahalli<\/h3>\n\n\n\n<p>Botniahalli on yhteispinta-alaltaan Suomen suurin yhten\u00e4inen monitoimihalli, joka tarjoaa puitteet monenlaisille suurtapahtumille. Botniahalli muuntuu mm. konserttiareenaksi, messukeskukseksi tai vaikka konferenssien pitopaikaksi.<\/p>\n<\/div>\n\n\n\n<div class=\"wp-block-column is-layout-flow wp-block-column-is-layout-flow\">\n<h3 class=\"wp-block-heading\">Lemonsoftin stadion<\/h3>\n\n\n\n<p>Moderni ja nykyaikainen Stadion l\u00e4hell\u00e4 Vaasan keskustaa tarjoaa tapahtumapaikan ulkoilmakonserteille ja urheilutapahtumille. <\/p>\n<\/div>\n\n\n\n<div class=\"wp-block-column is-layout-flow wp-block-column-is-layout-flow\">\n<h3 class=\"wp-block-heading\">Vaasan S\u00e4hk\u00f6 Areena<\/h3>\n\n\n\n<p>Vaasan S\u00e4hk\u00f6&nbsp;Areena tarjoaa puitteet monenlaisille suurtapahtumille.&nbsp;Kilpa Arena&nbsp;muuntuu mm. konserttiareenaksi, messualueeksi tai vaikka konferenssien pitopaikaksi ymp\u00e4rivuotisesti.<\/p>\n<\/div>\n<\/div>\n\n\n\n<div style=\"height:100px\" aria-hidden=\"true\" class=\"wp-block-spacer\"><\/div>\n","protected":false},"excerpt":{"rendered":"<p>Kolmen areenan mahdollisuudet Botniahalli Botniahalli on yhteispinta-alaltaan Suomen suurin yhten\u00e4inen monitoimihalli, joka tarjoaa puitteet monenlaisille suurtapahtumille. Botniahalli muuntuu mm. konserttiareenaksi, messukeskukseksi tai vaikka konferenssien pitopaikaksi.\u2026<\/p>\n","protected":false},"author":6,"featured_media":0,"parent":0,"menu_order":0,"comment_status":"closed","ping_status":"closed","template":"","meta":{"_acf_changed":false,"footnotes":""},"class_list":["post-53","page","type-page","status-publish","hentry"],"acf":[],"yoast_head":"<!-- This site is optimized with the Yoast SEO plugin v27.5 - https:\/\/yoast.com\/product\/yoast-seo-wordpress\/ -->\n<title>Tapahtumaj\u00e4rjest\u00e4jille - Vaasan S\u00e4hk\u00f6 Areena<\/title>\n<meta name=\"robots\" content=\"index, follow, max-snippet:-1, max-image-preview:large, max-video-preview:-1\" \/>\n<link rel=\"canonical\" href=\"https:\/\/www.vaasanseudunareenat.fi\/vaasan-sahko-areena\/tapahtumajarjestajille\/\" \/>\n<meta property=\"og:locale\" content=\"en_US\" \/>\n<meta property=\"og:type\" content=\"article\" \/>\n<meta property=\"og:title\" content=\"Tapahtumaj\u00e4rjest\u00e4jille - Vaasan S\u00e4hk\u00f6 Areena\" \/>\n<meta property=\"og:description\" content=\"Kolmen areenan mahdollisuudet Botniahalli Botniahalli on yhteispinta-alaltaan Suomen suurin yhten\u00e4inen monitoimihalli, joka tarjoaa puitteet monenlaisille suurtapahtumille. Botniahalli muuntuu mm. konserttiareenaksi, messukeskukseksi tai vaikka konferenssien pitopaikaksi.\u2026\" \/>\n<meta property=\"og:url\" content=\"https:\/\/www.vaasanseudunareenat.fi\/vaasan-sahko-areena\/tapahtumajarjestajille\/\" \/>\n<meta property=\"og:site_name\" content=\"Vaasan S\u00e4hk\u00f6 Areena\" \/>\n<meta property=\"article:publisher\" content=\"https:\/\/www.facebook.com\/VaasanSahkoAreena\/\" \/>\n<meta property=\"article:modified_time\" content=\"2025-06-10T05:26:14+00:00\" \/>\n<meta name=\"twitter:card\" content=\"summary_large_image\" \/>\n<script type=\"application\/ld+json\" class=\"yoast-schema-graph\">{\"@context\":\"https:\\\/\\\/schema.org\",\"@graph\":[{\"@type\":\"WebPage\",\"@id\":\"https:\\\/\\\/www.vaasanseudunareenat.fi\\\/vaasan-sahko-areena\\\/tapahtumajarjestajille\\\/\",\"url\":\"https:\\\/\\\/www.vaasanseudunareenat.fi\\\/vaasan-sahko-areena\\\/tapahtumajarjestajille\\\/\",\"name\":\"Tapahtumaj\u00e4rjest\u00e4jille - Vaasan S\u00e4hk\u00f6 Areena\",\"isPartOf\":{\"@id\":\"https:\\\/\\\/www.vaasanseudunareenat.fi\\\/vaasan-sahko-areena\\\/#website\"},\"datePublished\":\"2024-11-01T13:09:45+00:00\",\"dateModified\":\"2025-06-10T05:26:14+00:00\",\"breadcrumb\":{\"@id\":\"https:\\\/\\\/www.vaasanseudunareenat.fi\\\/vaasan-sahko-areena\\\/tapahtumajarjestajille\\\/#breadcrumb\"},\"inLanguage\":\"en-US\",\"potentialAction\":[{\"@type\":\"ReadAction\",\"target\":[\"https:\\\/\\\/www.vaasanseudunareenat.fi\\\/vaasan-sahko-areena\\\/tapahtumajarjestajille\\\/\"]}]},{\"@type\":\"BreadcrumbList\",\"@id\":\"https:\\\/\\\/www.vaasanseudunareenat.fi\\\/vaasan-sahko-areena\\\/tapahtumajarjestajille\\\/#breadcrumb\",\"itemListElement\":[{\"@type\":\"ListItem\",\"position\":1,\"name\":\"Home\",\"item\":\"https:\\\/\\\/www.vaasanseudunareenat.fi\\\/vaasan-sahko-areena\\\/\"},{\"@type\":\"ListItem\",\"position\":2,\"name\":\"Tapahtumaj\u00e4rjest\u00e4jille\"}]},{\"@type\":\"WebSite\",\"@id\":\"https:\\\/\\\/www.vaasanseudunareenat.fi\\\/vaasan-sahko-areena\\\/#website\",\"url\":\"https:\\\/\\\/www.vaasanseudunareenat.fi\\\/vaasan-sahko-areena\\\/\",\"name\":\"Vaasan S\u00e4hk\u00f6 Areena\",\"description\":\"\",\"potentialAction\":[{\"@type\":\"SearchAction\",\"target\":{\"@type\":\"EntryPoint\",\"urlTemplate\":\"https:\\\/\\\/www.vaasanseudunareenat.fi\\\/vaasan-sahko-areena\\\/?s={search_term_string}\"},\"query-input\":{\"@type\":\"PropertyValueSpecification\",\"valueRequired\":true,\"valueName\":\"search_term_string\"}}],\"inLanguage\":\"en-US\"}]}<\/script>\n<!-- \/ Yoast SEO plugin. -->","yoast_head_json":{"title":"Tapahtumaj\u00e4rjest\u00e4jille - Vaasan S\u00e4hk\u00f6 Areena","robots":{"index":"index","follow":"follow","max-snippet":"max-snippet:-1","max-image-preview":"max-image-preview:large","max-video-preview":"max-video-preview:-1"},"canonical":"https:\/\/www.vaasanseudunareenat.fi\/vaasan-sahko-areena\/tapahtumajarjestajille\/","og_locale":"en_US","og_type":"article","og_title":"Tapahtumaj\u00e4rjest\u00e4jille - Vaasan S\u00e4hk\u00f6 Areena","og_description":"Kolmen areenan mahdollisuudet Botniahalli Botniahalli on yhteispinta-alaltaan Suomen suurin yhten\u00e4inen monitoimihalli, joka tarjoaa puitteet monenlaisille suurtapahtumille. Botniahalli muuntuu mm. konserttiareenaksi, messukeskukseksi tai vaikka konferenssien pitopaikaksi.\u2026","og_url":"https:\/\/www.vaasanseudunareenat.fi\/vaasan-sahko-areena\/tapahtumajarjestajille\/","og_site_name":"Vaasan S\u00e4hk\u00f6 Areena","article_publisher":"https:\/\/www.facebook.com\/VaasanSahkoAreena\/","article_modified_time":"2025-06-10T05:26:14+00:00","twitter_card":"summary_large_image","schema":{"@context":"https:\/\/schema.org","@graph":[{"@type":"WebPage","@id":"https:\/\/www.vaasanseudunareenat.fi\/vaasan-sahko-areena\/tapahtumajarjestajille\/","url":"https:\/\/www.vaasanseudunareenat.fi\/vaasan-sahko-areena\/tapahtumajarjestajille\/","name":"Tapahtumaj\u00e4rjest\u00e4jille - Vaasan S\u00e4hk\u00f6 Areena","isPartOf":{"@id":"https:\/\/www.vaasanseudunareenat.fi\/vaasan-sahko-areena\/#website"},"datePublished":"2024-11-01T13:09:45+00:00","dateModified":"2025-06-10T05:26:14+00:00","breadcrumb":{"@id":"https:\/\/www.vaasanseudunareenat.fi\/vaasan-sahko-areena\/tapahtumajarjestajille\/#breadcrumb"},"inLanguage":"en-US","potentialAction":[{"@type":"ReadAction","target":["https:\/\/www.vaasanseudunareenat.fi\/vaasan-sahko-areena\/tapahtumajarjestajille\/"]}]},{"@type":"BreadcrumbList","@id":"https:\/\/www.vaasanseudunareenat.fi\/vaasan-sahko-areena\/tapahtumajarjestajille\/#breadcrumb","itemListElement":[{"@type":"ListItem","position":1,"name":"Home","item":"https:\/\/www.vaasanseudunareenat.fi\/vaasan-sahko-areena\/"},{"@type":"ListItem","position":2,"name":"Tapahtumaj\u00e4rjest\u00e4jille"}]},{"@type":"WebSite","@id":"https:\/\/www.vaasanseudunareenat.fi\/vaasan-sahko-areena\/#website","url":"https:\/\/www.vaasanseudunareenat.fi\/vaasan-sahko-areena\/","name":"Vaasan S\u00e4hk\u00f6 Areena","description":"","potentialAction":[{"@type":"SearchAction","target":{"@type":"EntryPoint","urlTemplate":"https:\/\/www.vaasanseudunareenat.fi\/vaasan-sahko-areena\/?s={search_term_string}"},"query-input":{"@type":"PropertyValueSpecification","valueRequired":true,"valueName":"search_term_string"}}],"inLanguage":"en-US"}]}},"lang":"fi","translations":{"fi":53,"sv":776},"pll_sync_post":{},"_links":{"self":[{"href":"https:\/\/www.vaasanseudunareenat.fi\/vaasan-sahko-areena\/wp-json\/wp\/v2\/pages\/53","targetHints":{"allow":["GET"]}}],"collection":[{"href":"https:\/\/www.vaasanseudunareenat.fi\/vaasan-sahko-areena\/wp-json\/wp\/v2\/pages"}],"about":[{"href":"https:\/\/www.vaasanseudunareenat.fi\/vaasan-sahko-areena\/wp-json\/wp\/v2\/types\/page"}],"author":[{"embeddable":true,"href":"https:\/\/www.vaasanseudunareenat.fi\/vaasan-sahko-areena\/wp-json\/wp\/v2\/users\/6"}],"replies":[{"embeddable":true,"href":"https:\/\/www.vaasanseudunareenat.fi\/vaasan-sahko-areena\/wp-json\/wp\/v2\/comments?post=53"}],"version-history":[{"count":49,"href":"https:\/\/www.vaasanseudunareenat.fi\/vaasan-sahko-areena\/wp-json\/wp\/v2\/pages\/53\/revisions"}],"predecessor-version":[{"id":654,"href":"https:\/\/www.vaasanseudunareenat.fi\/vaasan-sahko-areena\/wp-json\/wp\/v2\/pages\/53\/revisions\/654"}],"wp:attachment":[{"href":"https:\/\/www.vaasanseudunareenat.fi\/vaasan-sahko-areena\/wp-json\/wp\/v2\/media?parent=53"}],"curies":[{"name":"wp","href":"https:\/\/api.w.org\/{rel}","templated":true}]}}