{"id":231,"date":"2025-04-16T10:52:36","date_gmt":"2025-04-16T07:52:36","guid":{"rendered":"https:\/\/www.vaasanseudunareenat.fi\/vaasan-sahko-areena\/?page_id=231"},"modified":"2026-02-24T13:29:38","modified_gmt":"2026-02-24T11:29:38","slug":"tilat","status":"publish","type":"page","link":"https:\/\/www.vaasanseudunareenat.fi\/vaasan-sahko-areena\/tilat\/","title":{"rendered":"Tutustu tiloihimme"},"content":{"rendered":"\n<section class=\"block block-hero has-overlay\">\n\t<div class=\"hero-inner\">\n\t\t\t\t\t<div class=\"image-container background-container\">\n\t\t\t\t<img decoding=\"async\" width=\"1700\" height=\"1080\" src=\"https:\/\/www.vaasanseudunareenat.fi\/vaasan-sahko-areena\/wp-content\/uploads\/sites\/4\/2024\/11\/VAASANKAUPUNKI-8bbcbbcf-vaasan-sahko-areena-sport-_z0a7844-nettikoko-kuva-esa-siltaloppi-1700x1080.jpg\" class=\"img\" alt=\"\" fetchpriority=\"high\" \/>\t\t\t<\/div>\n\t\t\t\n\t\t\t\t<div class=\"container text-left\">\n\t\t\t<div class=\"hero-content\">\n\t\t\t\t<h1 class=\"title h1\">Tutustu tiloihimme <\/h1>\n\t\t\t\t\t\t\t\t\t<div class=\"content-wysiwyg\">\n\t\t\t\t\t\t<p>Uudistettu Vaasan S\u00e4hk\u00f6 Areena tarjoaa k\u00e4vij\u00f6illeen uskomattoman kokemuksen, niin j\u00e4\u00e4urheilussa kuin tapahtumissa.<\/p>\n\t\t\t\t\t<\/div>\n\t\t\t\t\n\t\t\t\t\t\t\t<\/div>\n\t\t<\/div>\n\n\t\t<div class=\"hero-columns grid-columns-2\">\n\t\t\t\n\t\t\t\t\t<\/div>\n\t<\/div>\n<\/section>\n\n\n\n<section class=\"block block-columns theme-light\">\n\t<div class=\"container\">\n\t\t\t\t\t<header class=\"header\">\n\t\t\t\t<h2 class=\"title h2\">Vaasan S\u00e4hk\u00f6 Areenan nelj\u00e4 j\u00e4\u00e4t\u00e4 <br \/>\r\nja muut tilat<\/h2>\n\t\t\t\t\t\t\t<\/header>\n\t\t\n\t\t\t\t\t<div class=\"columns grid-columns-3 text-left\">\n\t\t\t\t\t\t\t\t\t<div class=\"column\">\n\t\t\t\t\t\t\n\t\t\t\t\t\t\t\t\t\t\t\t\t<h3 class=\"title h3\">Kilpahalli<\/h3>\t\t\t\t\t\t\n\t\t\t\t\t\t\t\t\t\t\t\t\t<div class=\"content content-wysiwyg\">\n\t\t\t\t\t\t\t\t<ul>\n<li>Kaukalon koko (kilpahalli): 28 x 58 m<\/li>\n<li>Katsomopaikat: 5\u202f000<\/li>\n<li>Permantopaikat (esim. konsertit): 2\u202f000<\/li>\n<li>Maksimikapasiteetti tapahtumissa: n. 7\u202f000 henkil\u00f6\u00e4<\/li>\n<\/ul>\n\t\t\t\t\t\t\t<\/div>\n\t\t\t\t\t\t\n\t\t\t\t\t\t\t\t\t\t\t<\/div>\n\t\t\t\t\t\t\t\t\t<div class=\"column\">\n\t\t\t\t\t\t\n\t\t\t\t\t\t\t\t\t\t\t\t\t<h3 class=\"title h3\">Harjoitushallit\u00a0<\/h3>\t\t\t\t\t\t\n\t\t\t\t\t\t\t\t\t\t\t\t\t<div class=\"content content-wysiwyg\">\n\t\t\t\t\t\t\t\t<ul>\n<li>Harjoitushalli 1: 27 x 57 m<\/li>\n<li>Harjoitushalli 2: 27 x 57 m<\/li>\n<li>Harjoitushalli 3: 26 x 56 m<\/li>\n<li>Curlingradat: 1\u20133 kpl (harjoitushalli 1:ss\u00e4)<\/li>\n<\/ul>\n\t\t\t\t\t\t\t<\/div>\n\t\t\t\t\t\t\n\t\t\t\t\t\t\t\t\t\t\t<\/div>\n\t\t\t\t\t\t\t\t\t<div class=\"column\">\n\t\t\t\t\t\t\n\t\t\t\t\t\t\t\t\t\t\t\t\t<h3 class=\"title h3\">Muut tilat ja palvelut<\/h3>\t\t\t\t\t\t\n\t\t\t\t\t\t\t\t\t\t\t\t\t<div class=\"content content-wysiwyg\">\n\t\t\t\t\t\t\t\t<ul>\n<li>Pukuhuoneet: 20 suurta ja 5 pient\u00e4<\/li>\n<li>Kuntosali: 100 m\u00b2<\/li>\n<li>Jumppasali: 196 m\u00b2<\/li>\n<li>Ravintola (3. kerros)<\/li>\n<li>Kahvio ja ravintolatilat<\/li>\n<\/ul>\n\t\t\t\t\t\t\t<\/div>\n\t\t\t\t\t\t\n\t\t\t\t\t\t\t\t\t\t\t<\/div>\n\t\t\t\t\t\t\t<\/div>\n\t\t\n\t\t\t<\/div>\n<\/section>\n\n\n\n<section class=\"block block-separator top-color-light shape-downward-arc\">\n\t<svg xmlns=\"http:\/\/www.w3.org\/2000\/svg\" height=\"100\" viewBox=\"0 0 100 100\" preserveAspectRatio=\"none\"><path d=\"M0 100V50s16.03 7.74 47.17 7.91S100 0 100 0v100z\" fill=\"#fff\"\/><\/svg><\/section>\n\n\n\n<section class=\"block block-accordion theme-white\">\n\t<div class=\"container\">\n\t\t\t\t\t<header class=\"header text-left\">\n\t\t\t\t<h2 class=\"title h2\">Usein kysytyt kysymykset<\/h2>\n\t\t\t\t\t\t\t<\/header>\n\t\t\n\t\t<div class=\"accordion-items\">\n\t\t\t\t\t\t\t<div class=\"accordion-item\">\n\t\t\t\t\t<h3 class=\"title accordion-title h4\">\n\t\t\t\t\t\t\t<button class=\"accordion-toggle\" id=\"button-usein-kysytyt-kysymykset-usein-kysytyt-kysymykset-1\" aria-expanded=\"false\" aria-controls=\"panel-usein-kysytyt-kysymykset-usein-kysytyt-kysymykset-1\" type=\"button\">\n\t\t\t\t\t\t\t\t<span class=\"toggle-title\">Mist\u00e4 numerosta tavoittaa henkil\u00f6kunnan?<\/span>\n\t\t\t\t\t\t\t\t<span class=\"toggle-icon\" aria-hidden=\"true\"><\/span>\n\t\t\t\t\t\t\t<\/button>\n\t\t\t\t\t\t<\/h3>\n\t\t\t\t\t<div id=\"panel-usein-kysytyt-kysymykset-usein-kysytyt-kysymykset-1\" aria-labelledby=\"button-usein-kysytyt-kysymykset-usein-kysytyt-kysymykset-1\" class=\"accordion-panel\" role=\"region\">\n\t\t\t\t\t\t<div class=\"accordion-inner\">\n\t\t\t\t\t\t\t<div class=\"accordion-inner-wrap\">\n\t\t\t\t\t\t\t\t<div class=\"content-wrap\">\n\t\t\t\t\t\t\t\t\t<div class=\"content content-wysiwyg\">\n\t\t\t\t\t\t\t\t\t\t<p>loremrnrnu0026nbsp;<\/p>\n\t\t\t\t\t\t\t\t\t<\/div>\n\n\t\t\t\t\t\t\t\t\t\t\t\t\t\t\t\t\t<\/div>\n\t\t\t\t\t\t\t<\/div>\n\t\t\t\t\t\t<\/div>\n\t\t\t\t\t<\/div>\n\t\t\t\t<\/div>\n\t\t\t\t\t\t\t<div class=\"accordion-item\">\n\t\t\t\t\t<h3 class=\"title accordion-title h4\">\n\t\t\t\t\t\t\t<button class=\"accordion-toggle\" id=\"button-usein-kysytyt-kysymykset-usein-kysytyt-kysymykset-2\" aria-expanded=\"false\" aria-controls=\"panel-usein-kysytyt-kysymykset-usein-kysytyt-kysymykset-2\" type=\"button\">\n\t\t\t\t\t\t\t\t<span class=\"toggle-title\">Keneen voi olla yhteydess\u00e4, jos haluaa j\u00e4rjest\u00e4\u00e4 tapahtuman Vaasan S\u00e4hk\u00f6 Areenalla? <\/span>\n\t\t\t\t\t\t\t\t<span class=\"toggle-icon\" aria-hidden=\"true\"><\/span>\n\t\t\t\t\t\t\t<\/button>\n\t\t\t\t\t\t<\/h3>\n\t\t\t\t\t<div id=\"panel-usein-kysytyt-kysymykset-usein-kysytyt-kysymykset-2\" aria-labelledby=\"button-usein-kysytyt-kysymykset-usein-kysytyt-kysymykset-2\" class=\"accordion-panel\" role=\"region\">\n\t\t\t\t\t\t<div class=\"accordion-inner\">\n\t\t\t\t\t\t\t<div class=\"accordion-inner-wrap\">\n\t\t\t\t\t\t\t\t<div class=\"content-wrap\">\n\t\t\t\t\t\t\t\t\t<div class=\"content content-wysiwyg\">\n\t\t\t\t\t\t\t\t\t\t<p>lo rem lorem\u00a0rem lorem rem lorem rem lorem rem lorem rem loremrnrnu0026nbsp;<\/p>\n\t\t\t\t\t\t\t\t\t<\/div>\n\n\t\t\t\t\t\t\t\t\t\t\t\t\t\t\t\t\t<\/div>\n\t\t\t\t\t\t\t<\/div>\n\t\t\t\t\t\t<\/div>\n\t\t\t\t\t<\/div>\n\t\t\t\t<\/div>\n\t\t\t\t\t\t\t<div class=\"accordion-item\">\n\t\t\t\t\t<h3 class=\"title accordion-title h4\">\n\t\t\t\t\t\t\t<button class=\"accordion-toggle\" id=\"button-usein-kysytyt-kysymykset-usein-kysytyt-kysymykset-3\" aria-expanded=\"false\" aria-controls=\"panel-usein-kysytyt-kysymykset-usein-kysytyt-kysymykset-3\" type=\"button\">\n\t\t\t\t\t\t\t\t<span class=\"toggle-title\">Voiko teill\u00e4 j\u00e4rjest\u00e4\u00e4 TYKY-p\u00e4iv\u00e4n tai syntt\u00e4rit? <\/span>\n\t\t\t\t\t\t\t\t<span class=\"toggle-icon\" aria-hidden=\"true\"><\/span>\n\t\t\t\t\t\t\t<\/button>\n\t\t\t\t\t\t<\/h3>\n\t\t\t\t\t<div id=\"panel-usein-kysytyt-kysymykset-usein-kysytyt-kysymykset-3\" aria-labelledby=\"button-usein-kysytyt-kysymykset-usein-kysytyt-kysymykset-3\" class=\"accordion-panel\" role=\"region\">\n\t\t\t\t\t\t<div class=\"accordion-inner\">\n\t\t\t\t\t\t\t<div class=\"accordion-inner-wrap\">\n\t\t\t\t\t\t\t\t<div class=\"content-wrap\">\n\t\t\t\t\t\t\t\t\t<div class=\"content content-wysiwyg\">\n\t\t\t\t\t\t\t\t\t\t<p>u003culu003ern tu003cliu003elajiu003c\/liu003ern tu003cliu003elajiu003c\/liu003ern tu003cliu003elajiu003c\/liu003ern tu003cliu003elajiu003c\/liu003ernu003c\/ulu003ernu0026nbsp;<\/p>\n\t\t\t\t\t\t\t\t\t<\/div>\n\n\t\t\t\t\t\t\t\t\t\t\t\t\t\t\t\t\t<\/div>\n\t\t\t\t\t\t\t<\/div>\n\t\t\t\t\t\t<\/div>\n\t\t\t\t\t<\/div>\n\t\t\t\t<\/div>\n\t\t\t\t\t<\/div>\n\n\t\t\t<\/div>\n<\/section>\n\n\n\n<section class=\"block block-separator top-color-white shape-upward-arc\">\n\t<svg xmlns=\"http:\/\/www.w3.org\/2000\/svg\" height=\"100\" viewBox=\"0 0 100 100\" preserveAspectRatio=\"none\"><path d=\"M0 0v49.671s16.03-2.66 47.17-2.71S100 99.989 100 99.989V0z\" fill=\"#fff\"\/><\/svg><\/section>\n\n\n\n<section class=\"block block-columns theme-light\">\n\t<div class=\"container\">\n\t\t\t\t\t<header class=\"header\">\n\t\t\t\t<h2 class=\"title h2\">Kolme erilaista areenaa \u2013 rajattomat mahdollisuudet<\/h2>\n\t\t\t\t\t\t\t<\/header>\n\t\t\n\t\t\t\t\t<div class=\"columns grid-columns-3 text-left\">\n\t\t\t\t\t\t\t\t\t<div class=\"column\">\n\t\t\t\t\t\t\n\t\t\t\t\t\t\t\t\t\t\t\t\t<h3 class=\"title h4\">Botniahalli<\/h3>\t\t\t\t\t\t\n\t\t\t\t\t\t\t\t\t\t\t\t\t<div class=\"content content-wysiwyg\">\n\t\t\t\t\t\t\t\t<p>Suomen suurin ja monipuolisin urheiluun, liikuntaan niin suuriin kuin pieniinkin yleis\u00f6tapahtumiin. Ammattitaitoiset TYKY-p\u00e4iv\u00e4t, ty\u00f6hyvinvointivalmennukset, fysiikkavalmennus, testaus ja lajivalmennus, personal training ja ryhm\u00e4liikunta.<\/p>\n\t\t\t\t\t\t\t<\/div>\n\t\t\t\t\t\t\n\t\t\t\t\t\t\t\t\t\t\t<\/div>\n\t\t\t\t\t\t\t\t\t<div class=\"column\">\n\t\t\t\t\t\t\n\t\t\t\t\t\t\t\t\t\t\t\t\t<h3 class=\"title h4\">Lemonsoft Stadion<\/h3>\t\t\t\t\t\t\n\t\t\t\t\t\t\t\t\t\t\t\t\t<div class=\"content content-wysiwyg\">\n\t\t\t\t\t\t\t\t<p>Upeat puitteet ja laadukkaat oheispalvelut mahdollistavat kaiken liikunnan harrastamisesta inspiroiviin kokouksiin, isoihin yleis\u00f6tapahtumiin ja suuren luokan konsertteihin.<\/p>\n\t\t\t\t\t\t\t<\/div>\n\t\t\t\t\t\t\n\t\t\t\t\t\t\t\t\t\t\t<\/div>\n\t\t\t\t\t\t\t\t\t<div class=\"column\">\n\t\t\t\t\t\t\n\t\t\t\t\t\t\t\t\t\t\t\t\t<h3 class=\"title h4\">Vaasan S\u00e4hk\u00f6 Areena<\/h3>\t\t\t\t\t\t\n\t\t\t\t\t\t\t\t\t\t\t\t\t<div class=\"content content-wysiwyg\">\n\t\t\t\t\t\t\t\t<p>Ainutlaatuinen j\u00e4\u00e4urheilun ja tapahtumien keskus, jossa nelj\u00e4 j\u00e4\u00e4t\u00e4 on saman katon alla. Areena tarjoaa my\u00f6s loistavat puitteet konserteille, yleis\u00f6tapahtumiin ja TYKY-kokousp\u00e4iville.<\/p>\n\t\t\t\t\t\t\t<\/div>\n\t\t\t\t\t\t\n\t\t\t\t\t\t\t\t\t\t\t<\/div>\n\t\t\t\t\t\t\t<\/div>\n\t\t\n\t\t\t<\/div>\n<\/section>\n","protected":false},"excerpt":{"rendered":"","protected":false},"author":6,"featured_media":0,"parent":0,"menu_order":0,"comment_status":"closed","ping_status":"closed","template":"","meta":{"_acf_changed":false,"footnotes":""},"class_list":["post-231","page","type-page","status-publish","hentry"],"acf":[],"yoast_head":"<!-- This site is optimized with the Yoast SEO plugin v27.3 - https:\/\/yoast.com\/product\/yoast-seo-wordpress\/ -->\n<title>Tutustu tiloihimme - Vaasan S\u00e4hk\u00f6 Areena<\/title>\n<meta name=\"robots\" content=\"index, follow, max-snippet:-1, max-image-preview:large, max-video-preview:-1\" \/>\n<link rel=\"canonical\" href=\"https:\/\/www.vaasanseudunareenat.fi\/vaasan-sahko-areena\/tilat\/\" \/>\n<meta property=\"og:locale\" content=\"en_US\" \/>\n<meta property=\"og:type\" content=\"article\" \/>\n<meta property=\"og:title\" content=\"Tutustu tiloihimme - Vaasan S\u00e4hk\u00f6 Areena\" \/>\n<meta property=\"og:url\" content=\"https:\/\/www.vaasanseudunareenat.fi\/vaasan-sahko-areena\/tilat\/\" \/>\n<meta property=\"og:site_name\" content=\"Vaasan S\u00e4hk\u00f6 Areena\" \/>\n<meta property=\"article:publisher\" content=\"https:\/\/www.facebook.com\/VaasanSahkoAreena\/\" \/>\n<meta property=\"article:modified_time\" content=\"2026-02-24T11:29:38+00:00\" \/>\n<meta name=\"twitter:card\" content=\"summary_large_image\" \/>\n<script type=\"application\/ld+json\" class=\"yoast-schema-graph\">{\"@context\":\"https:\\\/\\\/schema.org\",\"@graph\":[{\"@type\":\"WebPage\",\"@id\":\"https:\\\/\\\/www.vaasanseudunareenat.fi\\\/vaasan-sahko-areena\\\/tilat\\\/\",\"url\":\"https:\\\/\\\/www.vaasanseudunareenat.fi\\\/vaasan-sahko-areena\\\/tilat\\\/\",\"name\":\"Tutustu tiloihimme - Vaasan S\u00e4hk\u00f6 Areena\",\"isPartOf\":{\"@id\":\"https:\\\/\\\/www.vaasanseudunareenat.fi\\\/vaasan-sahko-areena\\\/#website\"},\"datePublished\":\"2025-04-16T07:52:36+00:00\",\"dateModified\":\"2026-02-24T11:29:38+00:00\",\"breadcrumb\":{\"@id\":\"https:\\\/\\\/www.vaasanseudunareenat.fi\\\/vaasan-sahko-areena\\\/tilat\\\/#breadcrumb\"},\"inLanguage\":\"en-US\",\"potentialAction\":[{\"@type\":\"ReadAction\",\"target\":[\"https:\\\/\\\/www.vaasanseudunareenat.fi\\\/vaasan-sahko-areena\\\/tilat\\\/\"]}]},{\"@type\":\"BreadcrumbList\",\"@id\":\"https:\\\/\\\/www.vaasanseudunareenat.fi\\\/vaasan-sahko-areena\\\/tilat\\\/#breadcrumb\",\"itemListElement\":[{\"@type\":\"ListItem\",\"position\":1,\"name\":\"Home\",\"item\":\"https:\\\/\\\/www.vaasanseudunareenat.fi\\\/vaasan-sahko-areena\\\/\"},{\"@type\":\"ListItem\",\"position\":2,\"name\":\"Tutustu tiloihimme\"}]},{\"@type\":\"WebSite\",\"@id\":\"https:\\\/\\\/www.vaasanseudunareenat.fi\\\/vaasan-sahko-areena\\\/#website\",\"url\":\"https:\\\/\\\/www.vaasanseudunareenat.fi\\\/vaasan-sahko-areena\\\/\",\"name\":\"Vaasan S\u00e4hk\u00f6 Areena\",\"description\":\"\",\"potentialAction\":[{\"@type\":\"SearchAction\",\"target\":{\"@type\":\"EntryPoint\",\"urlTemplate\":\"https:\\\/\\\/www.vaasanseudunareenat.fi\\\/vaasan-sahko-areena\\\/?s={search_term_string}\"},\"query-input\":{\"@type\":\"PropertyValueSpecification\",\"valueRequired\":true,\"valueName\":\"search_term_string\"}}],\"inLanguage\":\"en-US\"}]}<\/script>\n<!-- \/ Yoast SEO plugin. -->","yoast_head_json":{"title":"Tutustu tiloihimme - Vaasan S\u00e4hk\u00f6 Areena","robots":{"index":"index","follow":"follow","max-snippet":"max-snippet:-1","max-image-preview":"max-image-preview:large","max-video-preview":"max-video-preview:-1"},"canonical":"https:\/\/www.vaasanseudunareenat.fi\/vaasan-sahko-areena\/tilat\/","og_locale":"en_US","og_type":"article","og_title":"Tutustu tiloihimme - Vaasan S\u00e4hk\u00f6 Areena","og_url":"https:\/\/www.vaasanseudunareenat.fi\/vaasan-sahko-areena\/tilat\/","og_site_name":"Vaasan S\u00e4hk\u00f6 Areena","article_publisher":"https:\/\/www.facebook.com\/VaasanSahkoAreena\/","article_modified_time":"2026-02-24T11:29:38+00:00","twitter_card":"summary_large_image","schema":{"@context":"https:\/\/schema.org","@graph":[{"@type":"WebPage","@id":"https:\/\/www.vaasanseudunareenat.fi\/vaasan-sahko-areena\/tilat\/","url":"https:\/\/www.vaasanseudunareenat.fi\/vaasan-sahko-areena\/tilat\/","name":"Tutustu tiloihimme - Vaasan S\u00e4hk\u00f6 Areena","isPartOf":{"@id":"https:\/\/www.vaasanseudunareenat.fi\/vaasan-sahko-areena\/#website"},"datePublished":"2025-04-16T07:52:36+00:00","dateModified":"2026-02-24T11:29:38+00:00","breadcrumb":{"@id":"https:\/\/www.vaasanseudunareenat.fi\/vaasan-sahko-areena\/tilat\/#breadcrumb"},"inLanguage":"en-US","potentialAction":[{"@type":"ReadAction","target":["https:\/\/www.vaasanseudunareenat.fi\/vaasan-sahko-areena\/tilat\/"]}]},{"@type":"BreadcrumbList","@id":"https:\/\/www.vaasanseudunareenat.fi\/vaasan-sahko-areena\/tilat\/#breadcrumb","itemListElement":[{"@type":"ListItem","position":1,"name":"Home","item":"https:\/\/www.vaasanseudunareenat.fi\/vaasan-sahko-areena\/"},{"@type":"ListItem","position":2,"name":"Tutustu tiloihimme"}]},{"@type":"WebSite","@id":"https:\/\/www.vaasanseudunareenat.fi\/vaasan-sahko-areena\/#website","url":"https:\/\/www.vaasanseudunareenat.fi\/vaasan-sahko-areena\/","name":"Vaasan S\u00e4hk\u00f6 Areena","description":"","potentialAction":[{"@type":"SearchAction","target":{"@type":"EntryPoint","urlTemplate":"https:\/\/www.vaasanseudunareenat.fi\/vaasan-sahko-areena\/?s={search_term_string}"},"query-input":{"@type":"PropertyValueSpecification","valueRequired":true,"valueName":"search_term_string"}}],"inLanguage":"en-US"}]}},"lang":"fi","translations":{"fi":231,"sv":794},"pll_sync_post":[],"_links":{"self":[{"href":"https:\/\/www.vaasanseudunareenat.fi\/vaasan-sahko-areena\/wp-json\/wp\/v2\/pages\/231","targetHints":{"allow":["GET"]}}],"collection":[{"href":"https:\/\/www.vaasanseudunareenat.fi\/vaasan-sahko-areena\/wp-json\/wp\/v2\/pages"}],"about":[{"href":"https:\/\/www.vaasanseudunareenat.fi\/vaasan-sahko-areena\/wp-json\/wp\/v2\/types\/page"}],"author":[{"embeddable":true,"href":"https:\/\/www.vaasanseudunareenat.fi\/vaasan-sahko-areena\/wp-json\/wp\/v2\/users\/6"}],"replies":[{"embeddable":true,"href":"https:\/\/www.vaasanseudunareenat.fi\/vaasan-sahko-areena\/wp-json\/wp\/v2\/comments?post=231"}],"version-history":[{"count":19,"href":"https:\/\/www.vaasanseudunareenat.fi\/vaasan-sahko-areena\/wp-json\/wp\/v2\/pages\/231\/revisions"}],"predecessor-version":[{"id":1051,"href":"https:\/\/www.vaasanseudunareenat.fi\/vaasan-sahko-areena\/wp-json\/wp\/v2\/pages\/231\/revisions\/1051"}],"wp:attachment":[{"href":"https:\/\/www.vaasanseudunareenat.fi\/vaasan-sahko-areena\/wp-json\/wp\/v2\/media?parent=231"}],"curies":[{"name":"wp","href":"https:\/\/api.w.org\/{rel}","templated":true}]}}