{"id":145,"date":"2025-01-15T11:44:58","date_gmt":"2025-01-15T09:44:58","guid":{"rendered":"https:\/\/www.vaasanseudunareenat.fi\/vaasan-sahko-areena\/?page_id=145"},"modified":"2026-03-23T09:08:13","modified_gmt":"2026-03-23T07:08:13","slug":"vakiovuorot","status":"publish","type":"page","link":"https:\/\/www.vaasanseudunareenat.fi\/vaasan-sahko-areena\/vakiovuorot\/","title":{"rendered":"Vakiovuorot"},"content":{"rendered":"\n<section class=\"block block-hero has-overlay\">\n\t<div class=\"hero-inner\">\n\t\t\t\t\t<div class=\"image-container background-container\">\n\t\t\t\t<img decoding=\"async\" width=\"1920\" height=\"1080\" src=\"https:\/\/www.vaasanseudunareenat.fi\/vaasan-sahko-areena\/wp-content\/uploads\/sites\/4\/2024\/11\/VAASANKAUPUNKI-688fdbc6-vaasan-sahko-areena-kuva-esa-siltaloppi-scaled-1-1920x1080.jpg\" class=\"img\" alt=\"\" fetchpriority=\"high\" srcset=\"https:\/\/www.vaasanseudunareenat.fi\/vaasan-sahko-areena\/wp-content\/uploads\/sites\/4\/2024\/11\/VAASANKAUPUNKI-688fdbc6-vaasan-sahko-areena-kuva-esa-siltaloppi-scaled-1-1920x1080.jpg 1920w, https:\/\/www.vaasanseudunareenat.fi\/vaasan-sahko-areena\/wp-content\/uploads\/sites\/4\/2024\/11\/VAASANKAUPUNKI-688fdbc6-vaasan-sahko-areena-kuva-esa-siltaloppi-scaled-1-1440x810.jpg 1440w, https:\/\/www.vaasanseudunareenat.fi\/vaasan-sahko-areena\/wp-content\/uploads\/sites\/4\/2024\/11\/VAASANKAUPUNKI-688fdbc6-vaasan-sahko-areena-kuva-esa-siltaloppi-scaled-1-1024x576.jpg 1024w, https:\/\/www.vaasanseudunareenat.fi\/vaasan-sahko-areena\/wp-content\/uploads\/sites\/4\/2024\/11\/VAASANKAUPUNKI-688fdbc6-vaasan-sahko-areena-kuva-esa-siltaloppi-scaled-1-768x432.jpg 768w, https:\/\/www.vaasanseudunareenat.fi\/vaasan-sahko-areena\/wp-content\/uploads\/sites\/4\/2024\/11\/VAASANKAUPUNKI-688fdbc6-vaasan-sahko-areena-kuva-esa-siltaloppi-scaled-1-576x324.jpg 576w\" sizes=\"(max-width: 1920px) 100vw, 1920px\" \/>\t\t\t<\/div>\n\t\t\t\n\t\t\t\t<div class=\"container text-center\">\n\t\t\t<div class=\"hero-content\">\n\t\t\t\t<h1 class=\"title h1\">Vakiovuorot<\/h1>\n\t\t\t\t\n\t\t\t\t\t\t\t<\/div>\n\t\t<\/div>\n\n\t\t<div class=\"hero-columns grid-columns-2\">\n\t\t\t\n\t\t\t\t\t<\/div>\n\t<\/div>\n<\/section>\n\n\n\n<section class=\"block block-columns theme-light\">\n\t<div class=\"container\">\n\t\t\n\t\t\t\t\t<div class=\"columns grid-columns-2 text-center\">\n\t\t\t\t\t\t\t\t\t<div class=\"column\">\n\t\t\t\t\t\t\n\t\t\t\t\t\t\t\t\t\t\t\t\t<h2 class=\"title h3\">Vakiovuorot<\/h2>\t\t\t\t\t\t\n\t\t\t\t\t\t\t\t\t\t\t\t\t<div class=\"content content-wysiwyg\">\n\t\t\t\t\t\t\t\t<p>Vaasan S\u00e4hk\u00f6 Areenan vakiovuorot alkavat viikolla 36 ja jatkuvat viikon 13 loppuun asti. Vakiovuorojen hakuaika on maaliskuun lopulla.<br \/>\nVakiovuorot jaetaan Vaasan ja Mustasaaren liikuntavirastoissa sovittujen jakoperusteiden mukaisesti.<br \/>\n<strong>Lis\u00e4tietoja antaa: info@vaasanseudunareenat.fi<\/strong><\/p>\n<p>Hakulomake: <a href=\"https:\/\/www.vaasanseudunareenat.fi\/vaasan-sahko-areena\/wp-content\/uploads\/sites\/4\/2026\/03\/Arena.kausi2026-27.xlsx\">Arena.kausi2026-27<\/a><\/p>\n<p>Tapahtumat ja turnaukset 2026-27: <a href=\"https:\/\/www.vaasanseudunareenat.fi\/vaasan-sahko-areena\/wp-content\/uploads\/sites\/4\/2026\/03\/Arena.tapahtuma2026-27.xlsx\">Arena.tapahtuma2026-27<\/a><\/p>\n<p>Haku p\u00e4\u00e4ttyy maanantaina 6.4.2026<\/p>\n\t\t\t\t\t\t\t<\/div>\n\t\t\t\t\t\t\n\t\t\t\t\t\t\t\t\t\t\t<\/div>\n\t\t\t\t\t\t\t\t\t<div class=\"column\">\n\t\t\t\t\t\t\n\t\t\t\t\t\t\t\t\t\t\t\t\t<h2 class=\"title h3\">Kes\u00e4vuorot<\/h2>\t\t\t\t\t\t\n\t\t\t\t\t\t\t\t\t\t\t\t\t<div class=\"content content-wysiwyg\">\n\t\t\t\t\t\t\t\t<p>Vakiovuorojen ulkopuoliset vuorot (vko 14-35) haetaan tammikuussa.<br \/>\nHakulomake: Ei k\u00e4ynniss\u00e4 olevaa hakua!<\/p>\n\t\t\t\t\t\t\t<\/div>\n\t\t\t\t\t\t\n\t\t\t\t\t\t\t\t\t\t\t<\/div>\n\t\t\t\t\t\t\t<\/div>\n\t\t\n\t\t\t<\/div>\n<\/section>\n\n\n\n<section class=\"block block-columns theme-light show-in-boxes\">\n\t<div class=\"container\">\n\t\t\n\t\t\t\t\t<div class=\"columns grid-columns-2 text-center\">\n\t\t\t\t\t\t\t\t\t<div class=\"column\">\n\t\t\t\t\t\t\n\t\t\t\t\t\t<h2 class=\"title h4\"><a class=\"title-link\" href=\"https:\/\/www.vaasanseudunareenat.fi\/vaasan-sahko-areena\/wp-content\/uploads\/sites\/4\/2025\/07\/Varaus-ja-peruutusehdot2025.pdf\" target=\"_self\">Varaus- ja peruutusehdot<\/a><\/h2>\t\t\t\t\t\t\n\t\t\t\t\t\t\n\t\t\t\t\t\t\t\t\t\t\t<\/div>\n\t\t\t\t\t\t\t\t\t<div class=\"column\">\n\t\t\t\t\t\t\n\t\t\t\t\t\t<h2 class=\"title h4\"><a class=\"title-link\" href=\"https:\/\/www.vaasanseudunareenat.fi\/vaasan-sahko-areena\/wp-content\/uploads\/sites\/4\/2025\/07\/Saannot-jaahallissa.pdf\" target=\"_self\">S\u00e4\u00e4nn\u00f6t Vaasan S\u00e4hk\u00f6 Areenalla<\/a><\/h2>\t\t\t\t\t\t\n\t\t\t\t\t\t\n\t\t\t\t\t\t\t\t\t\t\t<\/div>\n\t\t\t\t\t\t\t<\/div>\n\t\t\n\t\t\t<\/div>\n<\/section>\n\n\n\n<section class=\"block block-banner layout-left theme-light has-image image-sizing-contain image-inside-container\">\n\t\t\t<div class=\"image-container \">\n\t\t\t<img loading=\"lazy\" decoding=\"async\" width=\"800\" height=\"800\" src=\"https:\/\/www.vaasanseudunareenat.fi\/vaasan-sahko-areena\/wp-content\/uploads\/sites\/4\/2024\/11\/terveytta-elamyksia-liikuntaa-1024x1024.png\" class=\"img\" alt=\"\" srcset=\"https:\/\/www.vaasanseudunareenat.fi\/vaasan-sahko-areena\/wp-content\/uploads\/sites\/4\/2024\/11\/terveytta-elamyksia-liikuntaa-1024x1024.png 1024w, https:\/\/www.vaasanseudunareenat.fi\/vaasan-sahko-areena\/wp-content\/uploads\/sites\/4\/2024\/11\/terveytta-elamyksia-liikuntaa-300x300.png 300w, https:\/\/www.vaasanseudunareenat.fi\/vaasan-sahko-areena\/wp-content\/uploads\/sites\/4\/2024\/11\/terveytta-elamyksia-liikuntaa-150x150.png 150w, https:\/\/www.vaasanseudunareenat.fi\/vaasan-sahko-areena\/wp-content\/uploads\/sites\/4\/2024\/11\/terveytta-elamyksia-liikuntaa-768x768.png 768w, https:\/\/www.vaasanseudunareenat.fi\/vaasan-sahko-areena\/wp-content\/uploads\/sites\/4\/2024\/11\/terveytta-elamyksia-liikuntaa-640x640.png 640w, https:\/\/www.vaasanseudunareenat.fi\/vaasan-sahko-areena\/wp-content\/uploads\/sites\/4\/2024\/11\/terveytta-elamyksia-liikuntaa-420x420.png 420w, https:\/\/www.vaasanseudunareenat.fi\/vaasan-sahko-areena\/wp-content\/uploads\/sites\/4\/2024\/11\/terveytta-elamyksia-liikuntaa-360x360.png 360w, https:\/\/www.vaasanseudunareenat.fi\/vaasan-sahko-areena\/wp-content\/uploads\/sites\/4\/2024\/11\/terveytta-elamyksia-liikuntaa.png 1080w\" sizes=\"(max-width: 800px) 100vw, 800px\" \/>\t\t<\/div>\n\t\n\t\n\t<div class=\"container text-left\">\n\t\t<div class=\"content\">\n\t\t\t<h2 class=\"title h2\">Lis\u00e4tietoja <\/h2>\t\t\t\t<div class=\"content-wysiwyg\">\n\t\t\t\t\t<p>Autamme mielell\u00e4mme lis\u00e4kysymysten kanssa.<\/p>\n<p>puh. <a href=\"0201201700\">0201 201 700<\/a><br \/>\n<a href=\"mailto:info@vaasanseudunareenat.fi\" target=\"_blank\" rel=\"noopener\">info@vaasanseudunareenat.fi<\/a><\/p>\n\t\t\t\t<\/div>\n\t\t\t\t\t\t<\/div>\n\t<\/div>\n<\/section>\n","protected":false},"excerpt":{"rendered":"","protected":false},"author":6,"featured_media":0,"parent":0,"menu_order":0,"comment_status":"closed","ping_status":"closed","template":"","meta":{"_acf_changed":false,"footnotes":""},"class_list":["post-145","page","type-page","status-publish","hentry"],"acf":[],"yoast_head":"<!-- This site is optimized with the Yoast SEO plugin v27.3 - https:\/\/yoast.com\/product\/yoast-seo-wordpress\/ -->\n<title>Vakiovuorot - Vaasan S\u00e4hk\u00f6 Areena<\/title>\n<meta name=\"robots\" content=\"index, follow, max-snippet:-1, max-image-preview:large, max-video-preview:-1\" \/>\n<link rel=\"canonical\" href=\"https:\/\/www.vaasanseudunareenat.fi\/vaasan-sahko-areena\/vakiovuorot\/\" \/>\n<meta property=\"og:locale\" content=\"en_US\" \/>\n<meta property=\"og:type\" content=\"article\" \/>\n<meta property=\"og:title\" content=\"Vakiovuorot - Vaasan S\u00e4hk\u00f6 Areena\" \/>\n<meta property=\"og:url\" content=\"https:\/\/www.vaasanseudunareenat.fi\/vaasan-sahko-areena\/vakiovuorot\/\" \/>\n<meta property=\"og:site_name\" content=\"Vaasan S\u00e4hk\u00f6 Areena\" \/>\n<meta property=\"article:publisher\" content=\"https:\/\/www.facebook.com\/VaasanSahkoAreena\/\" \/>\n<meta property=\"article:modified_time\" content=\"2026-03-23T07:08:13+00:00\" \/>\n<meta name=\"twitter:card\" content=\"summary_large_image\" \/>\n<script type=\"application\/ld+json\" class=\"yoast-schema-graph\">{\"@context\":\"https:\\\/\\\/schema.org\",\"@graph\":[{\"@type\":\"WebPage\",\"@id\":\"https:\\\/\\\/www.vaasanseudunareenat.fi\\\/vaasan-sahko-areena\\\/vakiovuorot\\\/\",\"url\":\"https:\\\/\\\/www.vaasanseudunareenat.fi\\\/vaasan-sahko-areena\\\/vakiovuorot\\\/\",\"name\":\"Vakiovuorot - Vaasan S\u00e4hk\u00f6 Areena\",\"isPartOf\":{\"@id\":\"https:\\\/\\\/www.vaasanseudunareenat.fi\\\/vaasan-sahko-areena\\\/#website\"},\"datePublished\":\"2025-01-15T09:44:58+00:00\",\"dateModified\":\"2026-03-23T07:08:13+00:00\",\"breadcrumb\":{\"@id\":\"https:\\\/\\\/www.vaasanseudunareenat.fi\\\/vaasan-sahko-areena\\\/vakiovuorot\\\/#breadcrumb\"},\"inLanguage\":\"en-US\",\"potentialAction\":[{\"@type\":\"ReadAction\",\"target\":[\"https:\\\/\\\/www.vaasanseudunareenat.fi\\\/vaasan-sahko-areena\\\/vakiovuorot\\\/\"]}]},{\"@type\":\"BreadcrumbList\",\"@id\":\"https:\\\/\\\/www.vaasanseudunareenat.fi\\\/vaasan-sahko-areena\\\/vakiovuorot\\\/#breadcrumb\",\"itemListElement\":[{\"@type\":\"ListItem\",\"position\":1,\"name\":\"Home\",\"item\":\"https:\\\/\\\/www.vaasanseudunareenat.fi\\\/vaasan-sahko-areena\\\/\"},{\"@type\":\"ListItem\",\"position\":2,\"name\":\"Vakiovuorot\"}]},{\"@type\":\"WebSite\",\"@id\":\"https:\\\/\\\/www.vaasanseudunareenat.fi\\\/vaasan-sahko-areena\\\/#website\",\"url\":\"https:\\\/\\\/www.vaasanseudunareenat.fi\\\/vaasan-sahko-areena\\\/\",\"name\":\"Vaasan S\u00e4hk\u00f6 Areena\",\"description\":\"\",\"potentialAction\":[{\"@type\":\"SearchAction\",\"target\":{\"@type\":\"EntryPoint\",\"urlTemplate\":\"https:\\\/\\\/www.vaasanseudunareenat.fi\\\/vaasan-sahko-areena\\\/?s={search_term_string}\"},\"query-input\":{\"@type\":\"PropertyValueSpecification\",\"valueRequired\":true,\"valueName\":\"search_term_string\"}}],\"inLanguage\":\"en-US\"}]}<\/script>\n<!-- \/ Yoast SEO plugin. -->","yoast_head_json":{"title":"Vakiovuorot - Vaasan S\u00e4hk\u00f6 Areena","robots":{"index":"index","follow":"follow","max-snippet":"max-snippet:-1","max-image-preview":"max-image-preview:large","max-video-preview":"max-video-preview:-1"},"canonical":"https:\/\/www.vaasanseudunareenat.fi\/vaasan-sahko-areena\/vakiovuorot\/","og_locale":"en_US","og_type":"article","og_title":"Vakiovuorot - Vaasan S\u00e4hk\u00f6 Areena","og_url":"https:\/\/www.vaasanseudunareenat.fi\/vaasan-sahko-areena\/vakiovuorot\/","og_site_name":"Vaasan S\u00e4hk\u00f6 Areena","article_publisher":"https:\/\/www.facebook.com\/VaasanSahkoAreena\/","article_modified_time":"2026-03-23T07:08:13+00:00","twitter_card":"summary_large_image","schema":{"@context":"https:\/\/schema.org","@graph":[{"@type":"WebPage","@id":"https:\/\/www.vaasanseudunareenat.fi\/vaasan-sahko-areena\/vakiovuorot\/","url":"https:\/\/www.vaasanseudunareenat.fi\/vaasan-sahko-areena\/vakiovuorot\/","name":"Vakiovuorot - Vaasan S\u00e4hk\u00f6 Areena","isPartOf":{"@id":"https:\/\/www.vaasanseudunareenat.fi\/vaasan-sahko-areena\/#website"},"datePublished":"2025-01-15T09:44:58+00:00","dateModified":"2026-03-23T07:08:13+00:00","breadcrumb":{"@id":"https:\/\/www.vaasanseudunareenat.fi\/vaasan-sahko-areena\/vakiovuorot\/#breadcrumb"},"inLanguage":"en-US","potentialAction":[{"@type":"ReadAction","target":["https:\/\/www.vaasanseudunareenat.fi\/vaasan-sahko-areena\/vakiovuorot\/"]}]},{"@type":"BreadcrumbList","@id":"https:\/\/www.vaasanseudunareenat.fi\/vaasan-sahko-areena\/vakiovuorot\/#breadcrumb","itemListElement":[{"@type":"ListItem","position":1,"name":"Home","item":"https:\/\/www.vaasanseudunareenat.fi\/vaasan-sahko-areena\/"},{"@type":"ListItem","position":2,"name":"Vakiovuorot"}]},{"@type":"WebSite","@id":"https:\/\/www.vaasanseudunareenat.fi\/vaasan-sahko-areena\/#website","url":"https:\/\/www.vaasanseudunareenat.fi\/vaasan-sahko-areena\/","name":"Vaasan S\u00e4hk\u00f6 Areena","description":"","potentialAction":[{"@type":"SearchAction","target":{"@type":"EntryPoint","urlTemplate":"https:\/\/www.vaasanseudunareenat.fi\/vaasan-sahko-areena\/?s={search_term_string}"},"query-input":{"@type":"PropertyValueSpecification","valueRequired":true,"valueName":"search_term_string"}}],"inLanguage":"en-US"}]}},"lang":"fi","translations":{"fi":145,"sv":742},"pll_sync_post":[],"_links":{"self":[{"href":"https:\/\/www.vaasanseudunareenat.fi\/vaasan-sahko-areena\/wp-json\/wp\/v2\/pages\/145","targetHints":{"allow":["GET"]}}],"collection":[{"href":"https:\/\/www.vaasanseudunareenat.fi\/vaasan-sahko-areena\/wp-json\/wp\/v2\/pages"}],"about":[{"href":"https:\/\/www.vaasanseudunareenat.fi\/vaasan-sahko-areena\/wp-json\/wp\/v2\/types\/page"}],"author":[{"embeddable":true,"href":"https:\/\/www.vaasanseudunareenat.fi\/vaasan-sahko-areena\/wp-json\/wp\/v2\/users\/6"}],"replies":[{"embeddable":true,"href":"https:\/\/www.vaasanseudunareenat.fi\/vaasan-sahko-areena\/wp-json\/wp\/v2\/comments?post=145"}],"version-history":[{"count":23,"href":"https:\/\/www.vaasanseudunareenat.fi\/vaasan-sahko-areena\/wp-json\/wp\/v2\/pages\/145\/revisions"}],"predecessor-version":[{"id":1062,"href":"https:\/\/www.vaasanseudunareenat.fi\/vaasan-sahko-areena\/wp-json\/wp\/v2\/pages\/145\/revisions\/1062"}],"wp:attachment":[{"href":"https:\/\/www.vaasanseudunareenat.fi\/vaasan-sahko-areena\/wp-json\/wp\/v2\/media?parent=145"}],"curies":[{"name":"wp","href":"https:\/\/api.w.org\/{rel}","templated":true}]}}