{"id":130,"date":"2025-01-09T13:56:44","date_gmt":"2025-01-09T11:56:44","guid":{"rendered":"https:\/\/www.vaasanseudunareenat.fi\/vaasan-sahko-areena\/?page_id=130"},"modified":"2025-04-08T13:47:48","modified_gmt":"2025-04-08T10:47:48","slug":"tutustu-tiloihin","status":"publish","type":"page","link":"https:\/\/www.vaasanseudunareenat.fi\/vaasan-sahko-areena\/tutustu-tiloihin\/","title":{"rendered":"Tutustu tiloihin"},"content":{"rendered":"\n<section class=\"block block-banner layout-full theme-dark has-image image-rounded-corners bottom-border\">\n\t\t\t<div class=\"image-container has-overlay\">\n\t\t\t<img loading=\"lazy\" decoding=\"async\" width=\"1920\" height=\"1080\" src=\"https:\/\/www.vaasanseudunareenat.fi\/vaasan-sahko-areena\/wp-content\/uploads\/sites\/4\/2024\/11\/0d9edf65-vaasan-sahko-areena-ulkokuva-kuva-esa-siltaloppi-1920x1296-1-1920x1080.jpg\" class=\"img\" alt=\"\" srcset=\"https:\/\/www.vaasanseudunareenat.fi\/vaasan-sahko-areena\/wp-content\/uploads\/sites\/4\/2024\/11\/0d9edf65-vaasan-sahko-areena-ulkokuva-kuva-esa-siltaloppi-1920x1296-1-1920x1080.jpg 1920w, https:\/\/www.vaasanseudunareenat.fi\/vaasan-sahko-areena\/wp-content\/uploads\/sites\/4\/2024\/11\/0d9edf65-vaasan-sahko-areena-ulkokuva-kuva-esa-siltaloppi-1920x1296-1-1440x810.jpg 1440w, https:\/\/www.vaasanseudunareenat.fi\/vaasan-sahko-areena\/wp-content\/uploads\/sites\/4\/2024\/11\/0d9edf65-vaasan-sahko-areena-ulkokuva-kuva-esa-siltaloppi-1920x1296-1-1024x576.jpg 1024w, https:\/\/www.vaasanseudunareenat.fi\/vaasan-sahko-areena\/wp-content\/uploads\/sites\/4\/2024\/11\/0d9edf65-vaasan-sahko-areena-ulkokuva-kuva-esa-siltaloppi-1920x1296-1-768x432.jpg 768w, https:\/\/www.vaasanseudunareenat.fi\/vaasan-sahko-areena\/wp-content\/uploads\/sites\/4\/2024\/11\/0d9edf65-vaasan-sahko-areena-ulkokuva-kuva-esa-siltaloppi-1920x1296-1-576x324.jpg 576w\" sizes=\"(max-width: 1920px) 100vw, 1920px\" \/>\t\t<\/div>\n\t\n\t\n\t<div class=\"container text-left\">\n\t\t<div class=\"content\">\n\t\t\t<h1 class=\"title h2\">Tutustu tiloihin <\/h1>\t\t<\/div>\n\t<\/div>\n<\/section>\n\n\n\n<section class=\"block block-columns theme-white\">\n\t<div class=\"container\">\n\t\t\t\t\t<header class=\"header\">\n\t\t\t\t<h2 class=\"title h2\">Nelj\u00e4 j\u00e4\u00e4t\u00e4 saman katon alla!<\/h2>\n\t\t\t\t\t\t\t\t\t<div class=\"description\">\n\t\t\t\t\t\t<p>Vaasan S\u00e4hk\u00f6 Areena on rakennettu vuonna 1971, samalla paikalla vuodesta 1967 sijainneen tekoj\u00e4\u00e4n tilalle. Se on Suomen viidenneksi vanhin j\u00e4\u00e4halli, jota on uudistettu ja laajennettu 1980-luvulla ja vuosina 1999 ja 2014. Saman katon alla on Suomessa ainutlaatuinen nelj\u00e4n j\u00e4\u00e4n kokonaisuus: Kilpaj\u00e4\u00e4kaukalo ja kolme harjoituskentt\u00e4\u00e4. Yhdell\u00e4 harjoitusj\u00e4\u00e4ll\u00e4 on mahdollisuus my\u00f6s curlingin pelaamiseen. Vaasan S\u00e4hk\u00f6 Areenalla on my\u00f6s kokoustilat, tilausravintola- ja kahvilapalvelut, pukuhuoneita, kuntosali, sek\u00e4 jumppasali, jotka mahdollistavat monipuolisen oheisharjoittelun. Uusi peruskorjattu ja laajennettu kilpahalli valmistui 2020 lopulla.<\/p>\n\t\t\t\t\t<\/div>\n\t\t\t\t\t\t\t<\/header>\n\t\t\n\t\t\n\t\t\t<\/div>\n<\/section>\n\n\n\n<section class=\"block block-banner layout-right theme-white has-image image-sizing-cover image-inside-container image-rounded-corners bottom-border\">\n\t\t\t<div class=\"image-container \">\n\t\t\t<img loading=\"lazy\" decoding=\"async\" width=\"800\" height=\"541\" src=\"https:\/\/www.vaasanseudunareenat.fi\/vaasan-sahko-areena\/wp-content\/uploads\/sites\/4\/2024\/11\/Vaasan-Sahko-Areena-ulkokuva-nettikoko-kuva-Esa-Siltaloppi-1024x692.jpg\" class=\"img\" alt=\"\" srcset=\"https:\/\/www.vaasanseudunareenat.fi\/vaasan-sahko-areena\/wp-content\/uploads\/sites\/4\/2024\/11\/Vaasan-Sahko-Areena-ulkokuva-nettikoko-kuva-Esa-Siltaloppi-1024x692.jpg 1024w, https:\/\/www.vaasanseudunareenat.fi\/vaasan-sahko-areena\/wp-content\/uploads\/sites\/4\/2024\/11\/Vaasan-Sahko-Areena-ulkokuva-nettikoko-kuva-Esa-Siltaloppi-300x203.jpg 300w, https:\/\/www.vaasanseudunareenat.fi\/vaasan-sahko-areena\/wp-content\/uploads\/sites\/4\/2024\/11\/Vaasan-Sahko-Areena-ulkokuva-nettikoko-kuva-Esa-Siltaloppi-768x519.jpg 768w, https:\/\/www.vaasanseudunareenat.fi\/vaasan-sahko-areena\/wp-content\/uploads\/sites\/4\/2024\/11\/Vaasan-Sahko-Areena-ulkokuva-nettikoko-kuva-Esa-Siltaloppi-1536x1037.jpg 1536w, https:\/\/www.vaasanseudunareenat.fi\/vaasan-sahko-areena\/wp-content\/uploads\/sites\/4\/2024\/11\/Vaasan-Sahko-Areena-ulkokuva-nettikoko-kuva-Esa-Siltaloppi.jpg 1700w\" sizes=\"(max-width: 800px) 100vw, 800px\" \/>\t\t<\/div>\n\t\n\t\n\t<div class=\"container text-left\">\n\t\t<div class=\"content\">\n\t\t\t<h2 class=\"title h2\">Kokoustilat <\/h2>\t\t\t\t<div class=\"content-wysiwyg\">\n\t\t\t\t\t<p>T\u00e4h\u00e4n tulee teksti\u00e4 kokoustiloista&#8230;<\/p>\n<p>laksjdoisajoidjsa<\/p>\n<p>lskdjfoidjof<\/p>\n<p>lskdjflds<\/p>\n\t\t\t\t<\/div>\n\t\t\t\t\t\t<\/div>\n\t<\/div>\n<\/section>\n\n\n\n<section class=\"block block-separator top-color-light shape-upward-arc\">\n\t<svg xmlns=\"http:\/\/www.w3.org\/2000\/svg\" height=\"100\" viewBox=\"0 0 100 100\" preserveAspectRatio=\"none\"><path d=\"M0 0v49.671s16.03-2.66 47.17-2.71S100 99.989 100 99.989V0z\" fill=\"#fff\"\/><\/svg><\/section>\n\n\n\n<section class=\"block block-banner layout-right theme-white has-image image-sizing-cover image-inside-container image-rounded-corners bottom-border\">\n\t\t\t<div class=\"image-container \">\n\t\t\t<img loading=\"lazy\" decoding=\"async\" width=\"800\" height=\"541\" src=\"https:\/\/www.vaasanseudunareenat.fi\/vaasan-sahko-areena\/wp-content\/uploads\/sites\/4\/2024\/11\/Vaasan-Sahko-Areena-ulkokuva-nettikoko-kuva-Esa-Siltaloppi-1024x692.jpg\" class=\"img\" alt=\"\" srcset=\"https:\/\/www.vaasanseudunareenat.fi\/vaasan-sahko-areena\/wp-content\/uploads\/sites\/4\/2024\/11\/Vaasan-Sahko-Areena-ulkokuva-nettikoko-kuva-Esa-Siltaloppi-1024x692.jpg 1024w, https:\/\/www.vaasanseudunareenat.fi\/vaasan-sahko-areena\/wp-content\/uploads\/sites\/4\/2024\/11\/Vaasan-Sahko-Areena-ulkokuva-nettikoko-kuva-Esa-Siltaloppi-300x203.jpg 300w, https:\/\/www.vaasanseudunareenat.fi\/vaasan-sahko-areena\/wp-content\/uploads\/sites\/4\/2024\/11\/Vaasan-Sahko-Areena-ulkokuva-nettikoko-kuva-Esa-Siltaloppi-768x519.jpg 768w, https:\/\/www.vaasanseudunareenat.fi\/vaasan-sahko-areena\/wp-content\/uploads\/sites\/4\/2024\/11\/Vaasan-Sahko-Areena-ulkokuva-nettikoko-kuva-Esa-Siltaloppi-1536x1037.jpg 1536w, https:\/\/www.vaasanseudunareenat.fi\/vaasan-sahko-areena\/wp-content\/uploads\/sites\/4\/2024\/11\/Vaasan-Sahko-Areena-ulkokuva-nettikoko-kuva-Esa-Siltaloppi.jpg 1700w\" sizes=\"(max-width: 800px) 100vw, 800px\" \/>\t\t<\/div>\n\t\n\t\n\t<div class=\"container text-left\">\n\t\t<div class=\"content\">\n\t\t\t<h2 class=\"title h2\">J\u00e4\u00e4t <\/h2>\t\t\t\t<div class=\"content-wysiwyg\">\n\t\t\t\t\t<h2>Kilpa Arena<\/h2>\n<p>Koko: 28 x 58 m<br \/>\nKatsomokapasiteetti: 5000 + permanto 2000<br \/>\nEsteet\u00f6n kulku<br \/>\nPukuhuoneet: 7<br \/>\nRavintola ja kahvila<\/p>\n<h2>Harjoitusj\u00e4\u00e4t<\/h2>\n<p>HH1: 27 x 57 m<br \/>\nHH2: 27 x 57 m<br \/>\nHH3: 25 x 56 m<br \/>\nCurlingradat (1-3 kpl) harjoitushalli 1:ss\u00e4<\/p>\n\t\t\t\t<\/div>\n\t\t\t\t\t\t<\/div>\n\t<\/div>\n<\/section>\n\n\n\n<section class=\"block block-banner layout-right theme-white has-image image-sizing-cover image-inside-container image-rounded-corners bottom-border\">\n\t\t\t<div class=\"image-container \">\n\t\t\t<img loading=\"lazy\" decoding=\"async\" width=\"800\" height=\"541\" src=\"https:\/\/www.vaasanseudunareenat.fi\/vaasan-sahko-areena\/wp-content\/uploads\/sites\/4\/2024\/11\/Vaasan-Sahko-Areena-ulkokuva-nettikoko-kuva-Esa-Siltaloppi-1024x692.jpg\" class=\"img\" alt=\"\" srcset=\"https:\/\/www.vaasanseudunareenat.fi\/vaasan-sahko-areena\/wp-content\/uploads\/sites\/4\/2024\/11\/Vaasan-Sahko-Areena-ulkokuva-nettikoko-kuva-Esa-Siltaloppi-1024x692.jpg 1024w, https:\/\/www.vaasanseudunareenat.fi\/vaasan-sahko-areena\/wp-content\/uploads\/sites\/4\/2024\/11\/Vaasan-Sahko-Areena-ulkokuva-nettikoko-kuva-Esa-Siltaloppi-300x203.jpg 300w, https:\/\/www.vaasanseudunareenat.fi\/vaasan-sahko-areena\/wp-content\/uploads\/sites\/4\/2024\/11\/Vaasan-Sahko-Areena-ulkokuva-nettikoko-kuva-Esa-Siltaloppi-768x519.jpg 768w, https:\/\/www.vaasanseudunareenat.fi\/vaasan-sahko-areena\/wp-content\/uploads\/sites\/4\/2024\/11\/Vaasan-Sahko-Areena-ulkokuva-nettikoko-kuva-Esa-Siltaloppi-1536x1037.jpg 1536w, https:\/\/www.vaasanseudunareenat.fi\/vaasan-sahko-areena\/wp-content\/uploads\/sites\/4\/2024\/11\/Vaasan-Sahko-Areena-ulkokuva-nettikoko-kuva-Esa-Siltaloppi.jpg 1700w\" sizes=\"(max-width: 800px) 100vw, 800px\" \/>\t\t<\/div>\n\t\n\t\n\t<div class=\"container text-left\">\n\t\t<div class=\"content\">\n\t\t\t<h2 class=\"title h2\">Muut tilat<\/h2>\t\t\t\t<div class=\"content-wysiwyg\">\n\t\t\t\t\t<div class=\"content-block feature_block\">\n<div class=\"block-content\">\n<div class=\"container\">\n<div class=\"content cute-12-phone cute-6-tablet\">\n<div class=\"cute-12-phone cute-9-desktop\">\n<h3>Jumppasali<\/h3>\n<p>196 m2<br \/>\nV\u00e4lineist\u00f6: matot, kahvakuulat, kepit, TRX-nauhat, yhdell\u00e4 sein\u00e4ll\u00e4 peilit<\/p>\n<\/div>\n<\/div>\n<\/div>\n<\/div>\n<\/div>\n<div class=\"content-block feature_block\">\n<div class=\"block-content\">\n<div class=\"container\">\n<h3>Kuntosali<\/h3>\n<p>100 m2<br \/>\nPeruskuntosalivarustus<\/p>\n<\/div>\n<\/div>\n<h3>Pukuhuoneet<\/h3>\n<p>20 isoa<br \/>\n5 pient\u00e4<\/p>\n<\/div>\n\t\t\t\t<\/div>\n\t\t\t\t\t\t<\/div>\n\t<\/div>\n<\/section>\n\n\n\n<section class=\"block block-columns theme-white\">\n\t<div class=\"container\">\n\t\t\t\t\t<header class=\"header\">\n\t\t\t\t<h2 class=\"title h2\">Muut tilat <\/h2>\n\t\t\t\t\t\t\t\t\t<div class=\"description\">\n\t\t\t\t\t\t<p>Vaasan S\u00e4hk\u00f6 Areenan uusi ravintola I-Mediat Lounge sijaitsee areenan kolmannessa kerroksessa<br \/>\nVaasan J\u00e4\u00e4hallin Ravintolat, puh. 0400 754 961, ravintola@vaasansport.fi<\/p>\n\t\t\t\t\t<\/div>\n\t\t\t\t\t\t\t<\/header>\n\t\t\n\t\t\n\t\t\t<\/div>\n<\/section>\n","protected":false},"excerpt":{"rendered":"","protected":false},"author":6,"featured_media":0,"parent":0,"menu_order":0,"comment_status":"closed","ping_status":"closed","template":"","meta":{"_acf_changed":false,"footnotes":""},"class_list":["post-130","page","type-page","status-publish","hentry"],"acf":[],"yoast_head":"<!-- This site is optimized with the Yoast SEO plugin v27.5 - https:\/\/yoast.com\/product\/yoast-seo-wordpress\/ -->\n<title>Tutustu tiloihin - Vaasan S\u00e4hk\u00f6 Areena<\/title>\n<meta name=\"robots\" content=\"index, follow, max-snippet:-1, max-image-preview:large, max-video-preview:-1\" \/>\n<link rel=\"canonical\" href=\"https:\/\/www.vaasanseudunareenat.fi\/vaasan-sahko-areena\/tutustu-tiloihin\/\" \/>\n<meta property=\"og:locale\" content=\"en_US\" \/>\n<meta property=\"og:type\" content=\"article\" \/>\n<meta property=\"og:title\" content=\"Tutustu tiloihin - Vaasan S\u00e4hk\u00f6 Areena\" \/>\n<meta property=\"og:url\" content=\"https:\/\/www.vaasanseudunareenat.fi\/vaasan-sahko-areena\/tutustu-tiloihin\/\" \/>\n<meta property=\"og:site_name\" content=\"Vaasan S\u00e4hk\u00f6 Areena\" \/>\n<meta property=\"article:publisher\" content=\"https:\/\/www.facebook.com\/VaasanSahkoAreena\/\" \/>\n<meta property=\"article:modified_time\" content=\"2025-04-08T10:47:48+00:00\" \/>\n<meta name=\"twitter:card\" content=\"summary_large_image\" \/>\n<script type=\"application\/ld+json\" class=\"yoast-schema-graph\">{\"@context\":\"https:\\\/\\\/schema.org\",\"@graph\":[{\"@type\":\"WebPage\",\"@id\":\"https:\\\/\\\/www.vaasanseudunareenat.fi\\\/vaasan-sahko-areena\\\/tutustu-tiloihin\\\/\",\"url\":\"https:\\\/\\\/www.vaasanseudunareenat.fi\\\/vaasan-sahko-areena\\\/tutustu-tiloihin\\\/\",\"name\":\"Tutustu tiloihin - Vaasan S\u00e4hk\u00f6 Areena\",\"isPartOf\":{\"@id\":\"https:\\\/\\\/www.vaasanseudunareenat.fi\\\/vaasan-sahko-areena\\\/#website\"},\"datePublished\":\"2025-01-09T11:56:44+00:00\",\"dateModified\":\"2025-04-08T10:47:48+00:00\",\"breadcrumb\":{\"@id\":\"https:\\\/\\\/www.vaasanseudunareenat.fi\\\/vaasan-sahko-areena\\\/tutustu-tiloihin\\\/#breadcrumb\"},\"inLanguage\":\"en-US\",\"potentialAction\":[{\"@type\":\"ReadAction\",\"target\":[\"https:\\\/\\\/www.vaasanseudunareenat.fi\\\/vaasan-sahko-areena\\\/tutustu-tiloihin\\\/\"]}]},{\"@type\":\"BreadcrumbList\",\"@id\":\"https:\\\/\\\/www.vaasanseudunareenat.fi\\\/vaasan-sahko-areena\\\/tutustu-tiloihin\\\/#breadcrumb\",\"itemListElement\":[{\"@type\":\"ListItem\",\"position\":1,\"name\":\"Home\",\"item\":\"https:\\\/\\\/www.vaasanseudunareenat.fi\\\/vaasan-sahko-areena\\\/\"},{\"@type\":\"ListItem\",\"position\":2,\"name\":\"Tutustu tiloihin\"}]},{\"@type\":\"WebSite\",\"@id\":\"https:\\\/\\\/www.vaasanseudunareenat.fi\\\/vaasan-sahko-areena\\\/#website\",\"url\":\"https:\\\/\\\/www.vaasanseudunareenat.fi\\\/vaasan-sahko-areena\\\/\",\"name\":\"Vaasan S\u00e4hk\u00f6 Areena\",\"description\":\"\",\"potentialAction\":[{\"@type\":\"SearchAction\",\"target\":{\"@type\":\"EntryPoint\",\"urlTemplate\":\"https:\\\/\\\/www.vaasanseudunareenat.fi\\\/vaasan-sahko-areena\\\/?s={search_term_string}\"},\"query-input\":{\"@type\":\"PropertyValueSpecification\",\"valueRequired\":true,\"valueName\":\"search_term_string\"}}],\"inLanguage\":\"en-US\"}]}<\/script>\n<!-- \/ Yoast SEO plugin. -->","yoast_head_json":{"title":"Tutustu tiloihin - Vaasan S\u00e4hk\u00f6 Areena","robots":{"index":"index","follow":"follow","max-snippet":"max-snippet:-1","max-image-preview":"max-image-preview:large","max-video-preview":"max-video-preview:-1"},"canonical":"https:\/\/www.vaasanseudunareenat.fi\/vaasan-sahko-areena\/tutustu-tiloihin\/","og_locale":"en_US","og_type":"article","og_title":"Tutustu tiloihin - Vaasan S\u00e4hk\u00f6 Areena","og_url":"https:\/\/www.vaasanseudunareenat.fi\/vaasan-sahko-areena\/tutustu-tiloihin\/","og_site_name":"Vaasan S\u00e4hk\u00f6 Areena","article_publisher":"https:\/\/www.facebook.com\/VaasanSahkoAreena\/","article_modified_time":"2025-04-08T10:47:48+00:00","twitter_card":"summary_large_image","schema":{"@context":"https:\/\/schema.org","@graph":[{"@type":"WebPage","@id":"https:\/\/www.vaasanseudunareenat.fi\/vaasan-sahko-areena\/tutustu-tiloihin\/","url":"https:\/\/www.vaasanseudunareenat.fi\/vaasan-sahko-areena\/tutustu-tiloihin\/","name":"Tutustu tiloihin - Vaasan S\u00e4hk\u00f6 Areena","isPartOf":{"@id":"https:\/\/www.vaasanseudunareenat.fi\/vaasan-sahko-areena\/#website"},"datePublished":"2025-01-09T11:56:44+00:00","dateModified":"2025-04-08T10:47:48+00:00","breadcrumb":{"@id":"https:\/\/www.vaasanseudunareenat.fi\/vaasan-sahko-areena\/tutustu-tiloihin\/#breadcrumb"},"inLanguage":"en-US","potentialAction":[{"@type":"ReadAction","target":["https:\/\/www.vaasanseudunareenat.fi\/vaasan-sahko-areena\/tutustu-tiloihin\/"]}]},{"@type":"BreadcrumbList","@id":"https:\/\/www.vaasanseudunareenat.fi\/vaasan-sahko-areena\/tutustu-tiloihin\/#breadcrumb","itemListElement":[{"@type":"ListItem","position":1,"name":"Home","item":"https:\/\/www.vaasanseudunareenat.fi\/vaasan-sahko-areena\/"},{"@type":"ListItem","position":2,"name":"Tutustu tiloihin"}]},{"@type":"WebSite","@id":"https:\/\/www.vaasanseudunareenat.fi\/vaasan-sahko-areena\/#website","url":"https:\/\/www.vaasanseudunareenat.fi\/vaasan-sahko-areena\/","name":"Vaasan S\u00e4hk\u00f6 Areena","description":"","potentialAction":[{"@type":"SearchAction","target":{"@type":"EntryPoint","urlTemplate":"https:\/\/www.vaasanseudunareenat.fi\/vaasan-sahko-areena\/?s={search_term_string}"},"query-input":{"@type":"PropertyValueSpecification","valueRequired":true,"valueName":"search_term_string"}}],"inLanguage":"en-US"}]}},"lang":"fi","translations":{"fi":130},"pll_sync_post":{},"_links":{"self":[{"href":"https:\/\/www.vaasanseudunareenat.fi\/vaasan-sahko-areena\/wp-json\/wp\/v2\/pages\/130","targetHints":{"allow":["GET"]}}],"collection":[{"href":"https:\/\/www.vaasanseudunareenat.fi\/vaasan-sahko-areena\/wp-json\/wp\/v2\/pages"}],"about":[{"href":"https:\/\/www.vaasanseudunareenat.fi\/vaasan-sahko-areena\/wp-json\/wp\/v2\/types\/page"}],"author":[{"embeddable":true,"href":"https:\/\/www.vaasanseudunareenat.fi\/vaasan-sahko-areena\/wp-json\/wp\/v2\/users\/6"}],"replies":[{"embeddable":true,"href":"https:\/\/www.vaasanseudunareenat.fi\/vaasan-sahko-areena\/wp-json\/wp\/v2\/comments?post=130"}],"version-history":[{"count":26,"href":"https:\/\/www.vaasanseudunareenat.fi\/vaasan-sahko-areena\/wp-json\/wp\/v2\/pages\/130\/revisions"}],"predecessor-version":[{"id":227,"href":"https:\/\/www.vaasanseudunareenat.fi\/vaasan-sahko-areena\/wp-json\/wp\/v2\/pages\/130\/revisions\/227"}],"wp:attachment":[{"href":"https:\/\/www.vaasanseudunareenat.fi\/vaasan-sahko-areena\/wp-json\/wp\/v2\/media?parent=130"}],"curies":[{"name":"wp","href":"https:\/\/api.w.org\/{rel}","templated":true}]}}