{"id":123,"date":"2024-11-04T15:32:38","date_gmt":"2024-11-04T13:32:38","guid":{"rendered":"https:\/\/www.vaasanseudunareenat.fi\/vaasan-sahko-areena\/hinnastot\/"},"modified":"2026-02-24T09:16:53","modified_gmt":"2026-02-24T07:16:53","slug":"hinnastot","status":"publish","type":"page","link":"https:\/\/www.vaasanseudunareenat.fi\/vaasan-sahko-areena\/hinnastot\/","title":{"rendered":"Hinnastot"},"content":{"rendered":"\n<section class=\"block block-hero has-overlay\">\n\t<div class=\"hero-inner\">\n\t\t\t\t\t<div class=\"image-container background-container\">\n\t\t\t\t<img decoding=\"async\" width=\"1920\" height=\"1080\" src=\"https:\/\/www.vaasanseudunareenat.fi\/vaasan-sahko-areena\/wp-content\/uploads\/sites\/4\/2025\/05\/Outi-Jarvela-2-1920x1080.jpg\" class=\"img\" alt=\"\" fetchpriority=\"high\" srcset=\"https:\/\/www.vaasanseudunareenat.fi\/vaasan-sahko-areena\/wp-content\/uploads\/sites\/4\/2025\/05\/Outi-Jarvela-2-1920x1080.jpg 1920w, https:\/\/www.vaasanseudunareenat.fi\/vaasan-sahko-areena\/wp-content\/uploads\/sites\/4\/2025\/05\/Outi-Jarvela-2-1440x810.jpg 1440w, https:\/\/www.vaasanseudunareenat.fi\/vaasan-sahko-areena\/wp-content\/uploads\/sites\/4\/2025\/05\/Outi-Jarvela-2-1024x576.jpg 1024w, https:\/\/www.vaasanseudunareenat.fi\/vaasan-sahko-areena\/wp-content\/uploads\/sites\/4\/2025\/05\/Outi-Jarvela-2-768x432.jpg 768w, https:\/\/www.vaasanseudunareenat.fi\/vaasan-sahko-areena\/wp-content\/uploads\/sites\/4\/2025\/05\/Outi-Jarvela-2-576x324.jpg 576w\" sizes=\"(max-width: 1920px) 100vw, 1920px\" \/>\t\t\t<\/div>\n\t\t\t\n\t\t\t\t<div class=\"container text-left\">\n\t\t\t<div class=\"hero-content\">\n\t\t\t\t<h1 class=\"title h1\">Vaasan S\u00e4hk\u00f6 Areenan hinnastot<\/h1>\n\t\t\t\t\t\t\t\t\t<div class=\"content-wysiwyg\">\n\t\t\t\t\t\t<p>Vaasan S\u00e4hk\u00f6 Areenan hinnasto vuodelle 2026 kattaa yleis\u00f6luistelun kertamaksut, sarjakortit sek\u00e4 tilavuokrat.<\/p>\n\t\t\t\t\t<\/div>\n\t\t\t\t\n\t\t\t\t\t\t\t<\/div>\n\t\t<\/div>\n\n\t\t<div class=\"hero-columns grid-columns-2\">\n\t\t\t\n\t\t\t\t\t<\/div>\n\t<\/div>\n<\/section>\n\n\n\n<section class=\"block block-columns theme-white\">\n\t<div class=\"container\">\n\t\t\n\t\t\t\t\t<div class=\"columns grid-columns-2 text-left\">\n\t\t\t\t\t\t\t\t\t<div class=\"column\">\n\t\t\t\t\t\t\n\t\t\t\t\t\t\t\t\t\t\t\t\t<h2 class=\"title h3\">Yleis\u00f6luistelun kertamaksut<\/h2>\t\t\t\t\t\t\n\t\t\t\t\t\t\t\t\t\t\t\t\t<div class=\"content content-wysiwyg\">\n\t\t\t\t\t\t\t\t<p><strong>Aikuiset:<br \/>\n<\/strong>Arkisin ennen klo 16: 4,80 \u20ac<br \/>\nArkisin klo 16 j\u00e4lkeen sek\u00e4 viikonloppuisin ja arkipyhin\u00e4: 7,50 \u20ac<\/p>\n<p><strong>Opiskelijat:<br \/>\n<\/strong>Arkisin ennen klo 16: 4,40 \u20ac<br \/>\nArkisin klo 16 j\u00e4lkeen sek\u00e4 viikonloppuisin ja arkipyhin\u00e4: 6,70 \u20ac<\/p>\n<p><strong>Lapset ja el\u00e4kel\u00e4iset:<br \/>\n<\/strong>Lapset 4\u201317 v. 3,80\u20ac<br \/>\nEl\u00e4kel\u00e4iset: 3,80 \u20ac<\/p>\n\t\t\t\t\t\t\t<\/div>\n\t\t\t\t\t\t\n\t\t\t\t\t\t\t\t\t\t\t<\/div>\n\t\t\t\t\t\t\t\t\t<div class=\"column\">\n\t\t\t\t\t\t\n\t\t\t\t\t\t\t\t\t\t\t\t\t<h2 class=\"title h3\">Sarjakortit (10 k\u00e4ynti\u00e4)<\/h2>\t\t\t\t\t\t\n\t\t\t\t\t\t\t\t\t\t\t\t\t<div class=\"content content-wysiwyg\">\n\t\t\t\t\t\t\t\t<p>Sarjakortilla voi maksaa Vaasan S\u00e4hk\u00f6 Areenan yleis\u00f6vuoromaksun, Botniahallin hallimaksun tai osallistua Botniahallin ryhm\u00e4liikuntatunneille. Kortti on voimassa 2 vuotta. Panttimaksu uudelle kortille: 5,00 \u20ac (ei palauteta)3.5<\/p>\n<p><strong>Aikuiset ja opiskelijat<br \/>\n<\/strong>Arkisin ennen klo 16: 42,70 \u20ac<br \/>\nArkisin klo 16 j\u00e4lkeen sek\u00e4 viikonloppuisin ja arkipyhin\u00e4: 66,30 \u20ac<\/p>\n<p><strong>Lapset ja el\u00e4kel\u00e4iset<br \/>\n<\/strong>Lapset 4\u201317 v. 33,20\u20ac<br \/>\nEl\u00e4kel\u00e4iset: 33,20 \u20ac<\/p>\n\t\t\t\t\t\t\t<\/div>\n\t\t\t\t\t\t\n\t\t\t\t\t\t\t\t\t\t\t<\/div>\n\t\t\t\t\t\t\t<\/div>\n\t\t\n\t\t\t<\/div>\n<\/section>\n\n\n\n<section class=\"block block-columns theme-light show-in-boxes\">\n\t<div class=\"container\">\n\t\t\t\t\t<header class=\"header\">\n\t\t\t\t<h2 class=\"title h2\">Katso kaikki hinnat <\/h2>\n\t\t\t\t\t\t\t\t\t<div class=\"description\">\n\t\t\t\t\t\t<p>Hintoihin sis\u00e4ltyy alv 13,5 %.<\/p>\n<p>Sauna, kokoustila, pukuhuone, v\u00e4linevuokraus ja testaukset 25,50 %.<\/p>\n<p>Tutustu hintoihin alla tai lataa hinnasto:<\/p>\n<p><a href=\"https:\/\/www.vaasanseudunareenat.fi\/vaasan-sahko-areena\/wp-content\/uploads\/sites\/4\/2026\/01\/Vaasan-Sahko-Areena-hinnasto-2026.pdf\">Vaasan S\u00e4hk\u00f6 Areena hinnasto 2026<\/a><\/p>\n\t\t\t\t\t<\/div>\n\t\t\t\t\t\t\t<\/header>\n\t\t\n\t\t\t\t\t<div class=\"columns grid-columns-2 text-center\">\n\t\t\t\t\t\t\t\t\t<div class=\"column\">\n\t\t\t\t\t\t\n\t\t\t\t\t\t<h3 class=\"title h4\"><a class=\"title-link\" href=\"https:\/\/www.vaasanseudunareenat.fi\/vaasan-sahko-areena\/hinnastot\/#yleisovuoromaksut\" target=\"_self\">Yleis\u00f6vuoromaksut ja muut hinnat<\/a><\/h3>\t\t\t\t\t\t\n\t\t\t\t\t\t\n\t\t\t\t\t\t\t\t\t\t\t<\/div>\n\t\t\t\t\t\t\t\t\t<div class=\"column\">\n\t\t\t\t\t\t\n\t\t\t\t\t\t<h3 class=\"title h4\"><a class=\"title-link\" href=\"https:\/\/www.vaasanseudunareenat.fi\/vaasan-sahko-areena\/hinnastot\/#urheiluseurat\" target=\"_self\">Vaasan ja Mustasaaren urheiluseurat<\/a><\/h3>\t\t\t\t\t\t\n\t\t\t\t\t\t\n\t\t\t\t\t\t\t\t\t\t\t<\/div>\n\t\t\t\t\t\t\t<\/div>\n\t\t\n\t\t\t<\/div>\n<\/section>\n\n\n\n<h3 class=\"wp-block-heading\" id=\"yleisovuoromaksut\">Yleis\u00f6vuoromaksut ja muut hinnat<\/h3>\n\n\n\n<table id=\"tablepress-2\" class=\"tablepress tablepress-id-2 tbody-has-connected-cells\">\n<thead>\n<tr class=\"row-1\">\n\t<th class=\"column-1\"><h4> Yleis\u00f6vuoromaksut ja muut hinnat<\/th><th class=\"column-2\"><h4> Arkisin klo 16 asti<\/th><th class=\"column-3\"><h4> Arkisin klo 16 j\u00e4lkeen,<br \/>\nla-su ja arkipyh\u00e4t<\/th>\n<\/tr>\n<\/thead>\n<tbody class=\"row-striping row-hover\">\n<tr class=\"row-2\">\n\t<td colspan=\"3\" class=\"column-1\"><h5>Kertamaksut<\/td>\n<\/tr>\n<tr class=\"row-3\">\n\t<td class=\"column-1\">Kertamaksu aikuisilta <\/td><td class=\"column-2\">4,70<\/td><td class=\"column-3\">7,30<\/td>\n<\/tr>\n<tr class=\"row-4\">\n\t<td class=\"column-1\">Kertamaksu opiskelijoilta<\/td><td class=\"column-2\">4,30<\/td><td class=\"column-3\">6,60<\/td>\n<\/tr>\n<tr class=\"row-5\">\n\t<td class=\"column-1\">Kertamaksu lapsilta (alle 18v) <br \/>\nLapsi alle 4v maksutta<\/td><td class=\"column-2\">3,70<\/td><td class=\"column-3\">3,70<\/td>\n<\/tr>\n<tr class=\"row-6\">\n\t<td class=\"column-1\">Kertamaksu senioreilta<\/td><td class=\"column-2\">3,70<\/td><td class=\"column-3\">3,70<br \/>\n<\/td>\n<\/tr>\n<tr class=\"row-7\">\n\t<td class=\"column-1\">Ryhm\u00e4liikunta <\/td><td class=\"column-2\">7,30<\/td><td class=\"column-3\">7,30<\/td>\n<\/tr>\n<tr class=\"row-8\">\n\t<td class=\"column-1\">Ryhm\u00e4liikunta \/ seniorit<\/td><td class=\"column-2\">4,20<\/td><td class=\"column-3\">4,20<\/td>\n<\/tr>\n<tr class=\"row-9\">\n\t<td class=\"column-1\">Koululuokka Vaasa-Mustasaari arkisin \/ tunti<\/td><td class=\"column-2\">35,40<br \/>\n<\/td><td class=\"column-3\">35,40<\/td>\n<\/tr>\n<tr class=\"row-10\">\n\t<td class=\"column-1\">Koululuokka Vaasa-Mustasaari turnaus \/ tunti<\/td><td class=\"column-2\">52,80<\/td><td class=\"column-3\">52,80<\/td>\n<\/tr>\n<tr class=\"row-11\">\n\t<td colspan=\"3\" class=\"column-1\"><h5> Sarjakortti (voimassa 2 vuotta)<\/td>\n<\/tr>\n<tr class=\"row-12\">\n\t<td class=\"column-1\">Aikuiset\/opiskelijat x10 sarjakortti (sis.ryhm\u00e4liikunnan)<\/td><td class=\"column-2\">42,00<\/td><td class=\"column-3\">65,30<\/td>\n<\/tr>\n<tr class=\"row-13\">\n\t<td class=\"column-1\">lapsi\/seniori 10x sarjakortti (sis.ryhm\u00e4liikunna)<\/td><td class=\"column-2\">32,70<\/td><td class=\"column-3\">32,70<\/td>\n<\/tr>\n<tr class=\"row-14\">\n\t<td class=\"column-1\">Uudelle kortille ladattava maksu<\/td><td class=\"column-2\">5,00<\/td><td class=\"column-3\">5,00<\/td>\n<\/tr>\n<tr class=\"row-15\">\n\t<td colspan=\"3\" class=\"column-1\"><h5>Muut hinnat<\/td>\n<\/tr>\n<tr class=\"row-16\">\n\t<td class=\"column-1\">Kuntosali<\/td><td class=\"column-2\">26,00<\/td><td class=\"column-3\">26,00<\/td>\n<\/tr>\n<tr class=\"row-17\">\n\t<td class=\"column-1\">Jumppasali<\/td><td class=\"column-2\">26,00<\/td><td class=\"column-3\">26,00<\/td>\n<\/tr>\n<tr class=\"row-18\">\n\t<td class=\"column-1\">Jumppasali j\u00e4\u00e4vuoron yhteydess\u00e4<\/td><td class=\"column-2\">13,50<\/td><td class=\"column-3\">13,50<\/td>\n<\/tr>\n<tr class=\"row-19\">\n\t<td class=\"column-1\">Kokoustila\/tunti, Vaasa-Mustasaari seurat<\/td><td class=\"column-2\">19,30<\/td><td class=\"column-3\">19,30<\/td>\n<\/tr>\n<tr class=\"row-20\">\n\t<td class=\"column-1\">Kokoustila\/tunti, muut seurat\/yritykset<\/td><td class=\"column-2\">30,80<\/td><td class=\"column-3\">30,80<\/td>\n<\/tr>\n<tr class=\"row-21\">\n\t<td class=\"column-1\">Pukuhuone vuoron ulkopuolella<\/td><td class=\"column-2\">25,80<\/td><td class=\"column-3\">25,80<\/td>\n<\/tr>\n<tr class=\"row-22\">\n\t<td colspan=\"3\" class=\"column-1\">Hintoihin sis\u00e4ltyy alv 13,5 %. Kokoustilojen ja pukuhuonetilojen vuokraus 25,50 %.<\/td>\n<\/tr>\n<\/tbody>\n<\/table>\n\n\n\n\n<div style=\"height:48px\" aria-hidden=\"true\" class=\"wp-block-spacer\"><\/div>\n\n\n\n<h3 class=\"wp-block-heading\" id=\"urheiluseurat\">Vaasan ja Mustasaaren urheiluseurat<\/h3>\n\n\n\n<table id=\"tablepress-3\" class=\"tablepress tablepress-id-3 tbody-has-connected-cells\">\n<thead>\n<tr class=\"row-1\">\n\t<th class=\"column-1\">Vaasan ja Mustasaaren urheiluseurat<\/th><th class=\"column-2\">Arkisin klo 16 asti<\/th><th class=\"column-3\">Arkisin klo 16 j\u00e4lkeen,<br \/>\nla-su ja arkipyh\u00e4t<\/th>\n<\/tr>\n<\/thead>\n<tbody class=\"row-striping row-hover\">\n<tr class=\"row-2\">\n\t<td colspan=\"3\" class=\"column-1\">HARJOITUSHINNAT\/tunti<\/td>\n<\/tr>\n<tr class=\"row-3\">\n\t<td class=\"column-1\">Kilpahalli<\/td><td class=\"column-2\">77,30<\/td><td class=\"column-3\">153.00<\/td>\n<\/tr>\n<tr class=\"row-4\">\n\t<td class=\"column-1\">Harjoitushalli(1,2 tai 3). Alle 18-vuotiaat(1,2,3 ja kilpahalli)<\/td><td class=\"column-2\">49,20<\/td><td class=\"column-3\">81,40<\/td>\n<\/tr>\n<tr class=\"row-5\">\n\t<td colspan=\"3\" class=\"column-1\">TURNAUS- JA OTTELUHINNAT\/ tunti<\/td>\n<\/tr>\n<tr class=\"row-6\">\n\t<td class=\"column-1\">Kilpahalli<\/td><td class=\"column-2\">116,00<\/td><td class=\"column-3\">229,40<\/td>\n<\/tr>\n<tr class=\"row-7\">\n\t<td class=\"column-1\">Harjoitshalli (1,2, tai 3)<\/td><td class=\"column-2\">73,60<\/td><td class=\"column-3\">121,80<\/td>\n<\/tr>\n<tr class=\"row-8\">\n\t<td colspan=\"3\" class=\"column-1\">LIIGAOTTELUT<\/td>\n<\/tr>\n<tr class=\"row-9\">\n\t<td class=\"column-1\">Kilpahalli\/ otteluaika (5tuntia)<\/td><td class=\"column-2\">2268,50<\/td><td class=\"column-3\">2268,50<\/td>\n<\/tr>\n<tr class=\"row-10\">\n\t<td class=\"column-1\">Kilpahalli\/ playoffs ottelu (5tuntia)<\/td><td class=\"column-2\">4535,00<\/td><td class=\"column-3\">4535,00<\/td>\n<\/tr>\n<tr class=\"row-11\">\n\t<td class=\"column-1\">MUUT SEURAT JA YRITYKSET<\/td><td class=\"column-2\">Arkisin klo 16 asti<\/td><td class=\"column-3\">Arkisin klo 16.00 j\u00e4lkeen la-su ja arkipyh\u00e4t<\/td>\n<\/tr>\n<tr class=\"row-12\">\n\t<td colspan=\"3\" class=\"column-1\">HARJOITUSHINNAT\/tuntia<\/td>\n<\/tr>\n<tr class=\"row-13\">\n\t<td class=\"column-1\">Kilpahalli<\/td><td class=\"column-2\">172,60<\/td><td class=\"column-3\">258,00<\/td>\n<\/tr>\n<tr class=\"row-14\">\n\t<td class=\"column-1\">Harjoitushalli (1,2 tai 3)<\/td><td class=\"column-2\">81,40<\/td><td class=\"column-3\">121,80<\/td>\n<\/tr>\n<tr class=\"row-15\">\n\t<td colspan=\"3\" class=\"column-1\">TURNAUS- JA OTTELUHINNAT\/ tuntia<\/td>\n<\/tr>\n<tr class=\"row-16\">\n\t<td class=\"column-1\">Kilpahalli <\/td><td class=\"column-2\">258,60<\/td><td class=\"column-3\">386,90<\/td>\n<\/tr>\n<tr class=\"row-17\">\n\t<td class=\"column-1\">Harjoitushalli (1,2 tai 3)<\/td><td class=\"column-2\">121,80<\/td><td class=\"column-3\">121,80<\/td>\n<\/tr>\n<tr class=\"row-18\">\n\t<td colspan=\"3\" class=\"column-1\">Hintoihin sis\u00e4ltyy alv 14 %. Kokoustilojen ja  pukuhuonetilojen hintoihin 25,50 %.<\/td>\n<\/tr>\n<\/tbody>\n<\/table>\n\n\n\n\n<p><\/p>\n","protected":false},"excerpt":{"rendered":"<p>Yleis\u00f6vuoromaksut ja muut hinnat Vaasan ja Mustasaaren urheiluseurat<\/p>\n","protected":false},"author":2,"featured_media":0,"parent":0,"menu_order":0,"comment_status":"closed","ping_status":"closed","template":"","meta":{"_acf_changed":false,"footnotes":""},"class_list":["post-123","page","type-page","status-publish","hentry"],"acf":[],"yoast_head":"<!-- This site is optimized with the Yoast SEO plugin v27.3 - https:\/\/yoast.com\/product\/yoast-seo-wordpress\/ -->\n<title>Hinnastot - Vaasan S\u00e4hk\u00f6 Areena<\/title>\n<meta name=\"robots\" content=\"index, follow, max-snippet:-1, max-image-preview:large, max-video-preview:-1\" \/>\n<link rel=\"canonical\" href=\"https:\/\/www.vaasanseudunareenat.fi\/vaasan-sahko-areena\/hinnastot\/\" \/>\n<meta property=\"og:locale\" content=\"en_US\" \/>\n<meta property=\"og:type\" content=\"article\" \/>\n<meta property=\"og:title\" content=\"Hinnastot - Vaasan S\u00e4hk\u00f6 Areena\" \/>\n<meta property=\"og:description\" content=\"Yleis\u00f6vuoromaksut ja muut hinnat Vaasan ja Mustasaaren urheiluseurat\" \/>\n<meta property=\"og:url\" content=\"https:\/\/www.vaasanseudunareenat.fi\/vaasan-sahko-areena\/hinnastot\/\" \/>\n<meta property=\"og:site_name\" content=\"Vaasan S\u00e4hk\u00f6 Areena\" \/>\n<meta property=\"article:publisher\" content=\"https:\/\/www.facebook.com\/VaasanSahkoAreena\/\" \/>\n<meta property=\"article:modified_time\" content=\"2026-02-24T07:16:53+00:00\" \/>\n<meta name=\"twitter:card\" content=\"summary_large_image\" \/>\n<meta name=\"twitter:label1\" content=\"Est. reading time\" \/>\n\t<meta name=\"twitter:data1\" content=\"1 minute\" \/>\n<script type=\"application\/ld+json\" class=\"yoast-schema-graph\">{\"@context\":\"https:\\\/\\\/schema.org\",\"@graph\":[{\"@type\":\"WebPage\",\"@id\":\"https:\\\/\\\/www.vaasanseudunareenat.fi\\\/vaasan-sahko-areena\\\/hinnastot\\\/\",\"url\":\"https:\\\/\\\/www.vaasanseudunareenat.fi\\\/vaasan-sahko-areena\\\/hinnastot\\\/\",\"name\":\"Hinnastot - Vaasan S\u00e4hk\u00f6 Areena\",\"isPartOf\":{\"@id\":\"https:\\\/\\\/www.vaasanseudunareenat.fi\\\/vaasan-sahko-areena\\\/#website\"},\"datePublished\":\"2024-11-04T13:32:38+00:00\",\"dateModified\":\"2026-02-24T07:16:53+00:00\",\"breadcrumb\":{\"@id\":\"https:\\\/\\\/www.vaasanseudunareenat.fi\\\/vaasan-sahko-areena\\\/hinnastot\\\/#breadcrumb\"},\"inLanguage\":\"en-US\",\"potentialAction\":[{\"@type\":\"ReadAction\",\"target\":[\"https:\\\/\\\/www.vaasanseudunareenat.fi\\\/vaasan-sahko-areena\\\/hinnastot\\\/\"]}]},{\"@type\":\"BreadcrumbList\",\"@id\":\"https:\\\/\\\/www.vaasanseudunareenat.fi\\\/vaasan-sahko-areena\\\/hinnastot\\\/#breadcrumb\",\"itemListElement\":[{\"@type\":\"ListItem\",\"position\":1,\"name\":\"Home\",\"item\":\"https:\\\/\\\/www.vaasanseudunareenat.fi\\\/vaasan-sahko-areena\\\/\"},{\"@type\":\"ListItem\",\"position\":2,\"name\":\"Hinnastot\"}]},{\"@type\":\"WebSite\",\"@id\":\"https:\\\/\\\/www.vaasanseudunareenat.fi\\\/vaasan-sahko-areena\\\/#website\",\"url\":\"https:\\\/\\\/www.vaasanseudunareenat.fi\\\/vaasan-sahko-areena\\\/\",\"name\":\"Vaasan S\u00e4hk\u00f6 Areena\",\"description\":\"\",\"potentialAction\":[{\"@type\":\"SearchAction\",\"target\":{\"@type\":\"EntryPoint\",\"urlTemplate\":\"https:\\\/\\\/www.vaasanseudunareenat.fi\\\/vaasan-sahko-areena\\\/?s={search_term_string}\"},\"query-input\":{\"@type\":\"PropertyValueSpecification\",\"valueRequired\":true,\"valueName\":\"search_term_string\"}}],\"inLanguage\":\"en-US\"}]}<\/script>\n<!-- \/ Yoast SEO plugin. -->","yoast_head_json":{"title":"Hinnastot - Vaasan S\u00e4hk\u00f6 Areena","robots":{"index":"index","follow":"follow","max-snippet":"max-snippet:-1","max-image-preview":"max-image-preview:large","max-video-preview":"max-video-preview:-1"},"canonical":"https:\/\/www.vaasanseudunareenat.fi\/vaasan-sahko-areena\/hinnastot\/","og_locale":"en_US","og_type":"article","og_title":"Hinnastot - Vaasan S\u00e4hk\u00f6 Areena","og_description":"Yleis\u00f6vuoromaksut ja muut hinnat Vaasan ja Mustasaaren urheiluseurat","og_url":"https:\/\/www.vaasanseudunareenat.fi\/vaasan-sahko-areena\/hinnastot\/","og_site_name":"Vaasan S\u00e4hk\u00f6 Areena","article_publisher":"https:\/\/www.facebook.com\/VaasanSahkoAreena\/","article_modified_time":"2026-02-24T07:16:53+00:00","twitter_card":"summary_large_image","twitter_misc":{"Est. reading time":"1 minute"},"schema":{"@context":"https:\/\/schema.org","@graph":[{"@type":"WebPage","@id":"https:\/\/www.vaasanseudunareenat.fi\/vaasan-sahko-areena\/hinnastot\/","url":"https:\/\/www.vaasanseudunareenat.fi\/vaasan-sahko-areena\/hinnastot\/","name":"Hinnastot - Vaasan S\u00e4hk\u00f6 Areena","isPartOf":{"@id":"https:\/\/www.vaasanseudunareenat.fi\/vaasan-sahko-areena\/#website"},"datePublished":"2024-11-04T13:32:38+00:00","dateModified":"2026-02-24T07:16:53+00:00","breadcrumb":{"@id":"https:\/\/www.vaasanseudunareenat.fi\/vaasan-sahko-areena\/hinnastot\/#breadcrumb"},"inLanguage":"en-US","potentialAction":[{"@type":"ReadAction","target":["https:\/\/www.vaasanseudunareenat.fi\/vaasan-sahko-areena\/hinnastot\/"]}]},{"@type":"BreadcrumbList","@id":"https:\/\/www.vaasanseudunareenat.fi\/vaasan-sahko-areena\/hinnastot\/#breadcrumb","itemListElement":[{"@type":"ListItem","position":1,"name":"Home","item":"https:\/\/www.vaasanseudunareenat.fi\/vaasan-sahko-areena\/"},{"@type":"ListItem","position":2,"name":"Hinnastot"}]},{"@type":"WebSite","@id":"https:\/\/www.vaasanseudunareenat.fi\/vaasan-sahko-areena\/#website","url":"https:\/\/www.vaasanseudunareenat.fi\/vaasan-sahko-areena\/","name":"Vaasan S\u00e4hk\u00f6 Areena","description":"","potentialAction":[{"@type":"SearchAction","target":{"@type":"EntryPoint","urlTemplate":"https:\/\/www.vaasanseudunareenat.fi\/vaasan-sahko-areena\/?s={search_term_string}"},"query-input":{"@type":"PropertyValueSpecification","valueRequired":true,"valueName":"search_term_string"}}],"inLanguage":"en-US"}]}},"lang":"fi","translations":{"fi":123,"sv":692},"pll_sync_post":[],"_links":{"self":[{"href":"https:\/\/www.vaasanseudunareenat.fi\/vaasan-sahko-areena\/wp-json\/wp\/v2\/pages\/123","targetHints":{"allow":["GET"]}}],"collection":[{"href":"https:\/\/www.vaasanseudunareenat.fi\/vaasan-sahko-areena\/wp-json\/wp\/v2\/pages"}],"about":[{"href":"https:\/\/www.vaasanseudunareenat.fi\/vaasan-sahko-areena\/wp-json\/wp\/v2\/types\/page"}],"author":[{"embeddable":true,"href":"https:\/\/www.vaasanseudunareenat.fi\/vaasan-sahko-areena\/wp-json\/wp\/v2\/users\/2"}],"replies":[{"embeddable":true,"href":"https:\/\/www.vaasanseudunareenat.fi\/vaasan-sahko-areena\/wp-json\/wp\/v2\/comments?post=123"}],"version-history":[{"count":25,"href":"https:\/\/www.vaasanseudunareenat.fi\/vaasan-sahko-areena\/wp-json\/wp\/v2\/pages\/123\/revisions"}],"predecessor-version":[{"id":1047,"href":"https:\/\/www.vaasanseudunareenat.fi\/vaasan-sahko-areena\/wp-json\/wp\/v2\/pages\/123\/revisions\/1047"}],"wp:attachment":[{"href":"https:\/\/www.vaasanseudunareenat.fi\/vaasan-sahko-areena\/wp-json\/wp\/v2\/media?parent=123"}],"curies":[{"name":"wp","href":"https:\/\/api.w.org\/{rel}","templated":true}]}}