{"id":512,"date":"2025-01-15T12:02:57","date_gmt":"2025-01-15T10:02:57","guid":{"rendered":"https:\/\/www.vaasanseudunareenat.fi\/lemonsoft-stadion\/?page_id=512"},"modified":"2025-06-10T11:18:14","modified_gmt":"2025-06-10T08:18:14","slug":"saapuminen","status":"publish","type":"page","link":"https:\/\/www.vaasanseudunareenat.fi\/lemonsoft-stadion\/saapuminen\/","title":{"rendered":"Saapuminen ja esteett\u00f6myys"},"content":{"rendered":"\n<section class=\"block block-hero has-overlay\">\n\t<div class=\"hero-inner\">\n\t\t\t\t\t<div class=\"image-container background-container\">\n\t\t\t\t<img decoding=\"async\" width=\"960\" height=\"682\" src=\"https:\/\/www.vaasanseudunareenat.fi\/lemonsoft-stadion\/wp-content\/uploads\/sites\/3\/2024\/11\/Elisa-stadion.jpg\" class=\"img\" alt=\"\" fetchpriority=\"high\" srcset=\"https:\/\/www.vaasanseudunareenat.fi\/lemonsoft-stadion\/wp-content\/uploads\/sites\/3\/2024\/11\/Elisa-stadion.jpg 960w, https:\/\/www.vaasanseudunareenat.fi\/lemonsoft-stadion\/wp-content\/uploads\/sites\/3\/2024\/11\/Elisa-stadion-300x213.jpg 300w, https:\/\/www.vaasanseudunareenat.fi\/lemonsoft-stadion\/wp-content\/uploads\/sites\/3\/2024\/11\/Elisa-stadion-768x546.jpg 768w\" sizes=\"(max-width: 960px) 100vw, 960px\" \/>\t\t\t<\/div>\n\t\t\t\n\t\t\t\t<div class=\"container text-left\">\n\t\t\t<div class=\"hero-content\">\n\t\t\t\t<h1 class=\"title h1\">Saapuminen ja esteett\u00f6myys<\/h1>\n\t\t\t\t\n\t\t\t\t\t\t\t<\/div>\n\t\t<\/div>\n\n\t\t<div class=\"hero-columns grid-columns-2\">\n\t\t\t\n\t\t\t\t\t<\/div>\n\t<\/div>\n<\/section>\n\n\n\n<section class=\"block block-banner layout-left theme-light has-image image-sizing-cover image-inside-container image-rounded-corners\">\n\t\t\t<div class=\"image-container \">\n\t\t\t<img loading=\"lazy\" decoding=\"async\" width=\"800\" height=\"672\" src=\"https:\/\/www.vaasanseudunareenat.fi\/lemonsoft-stadion\/wp-content\/uploads\/sites\/3\/2025\/06\/Screenshot-2025-06-10-at-11.17.17-1024x860.png\" class=\"img\" alt=\"\" srcset=\"https:\/\/www.vaasanseudunareenat.fi\/lemonsoft-stadion\/wp-content\/uploads\/sites\/3\/2025\/06\/Screenshot-2025-06-10-at-11.17.17-1024x860.png 1024w, https:\/\/www.vaasanseudunareenat.fi\/lemonsoft-stadion\/wp-content\/uploads\/sites\/3\/2025\/06\/Screenshot-2025-06-10-at-11.17.17-300x252.png 300w, https:\/\/www.vaasanseudunareenat.fi\/lemonsoft-stadion\/wp-content\/uploads\/sites\/3\/2025\/06\/Screenshot-2025-06-10-at-11.17.17-768x645.png 768w, https:\/\/www.vaasanseudunareenat.fi\/lemonsoft-stadion\/wp-content\/uploads\/sites\/3\/2025\/06\/Screenshot-2025-06-10-at-11.17.17-1536x1289.png 1536w, https:\/\/www.vaasanseudunareenat.fi\/lemonsoft-stadion\/wp-content\/uploads\/sites\/3\/2025\/06\/Screenshot-2025-06-10-at-11.17.17.png 1656w\" sizes=\"(max-width: 800px) 100vw, 800px\" \/>\t\t<\/div>\n\t\n\t\n\t<div class=\"container text-left\">\n\t\t<div class=\"content\">\n\t\t\t<h1 class=\"title h2\">Saapuminen Lemonsoft Stadionille<\/h1>\t\t\t\t<div class=\"content-wysiwyg\">\n\t\t\t\t\t<p>Lemonsoft Stadion sijaitsee osoitteessa<br \/>\nRantamaantie 6, 65100 Vaasa<\/p>\n\t\t\t\t<\/div>\n\t\t\t\t\n\t<ul class=\"buttons\">\n\t\t\t\t\t<li class=\"button-item\">\n\t\t\t\t<a href=\"https:\/\/www.google.fi\/maps\/place\/Lemonsoft+Stadion\/@63.0852884,21.6255911,17z\/data=!3m1!4b1!4m6!3m5!1s0x467d601528408401:0xeb8892a1582ae438!8m2!3d63.085286!4d21.628166!16s%2Fg%2F11c600tlmd?entry=ttu&#038;g_ep=EgoyMDI1MDUxNS4wIKXMDSoJLDEwMjExNDUzSAFQAw%3D%3D\" class=\"link\" target=\"_blank\">Lemonsoft Stadion kartalla<\/a>\t\t\t<\/li>\n\t\t\t<\/ul>\n\t\t\t<\/div>\n\t<\/div>\n<\/section>\n\n\n\n<section class=\"block block-columns theme-light\">\n\t<div class=\"container\">\n\t\t\n\t\t\t\t\t<div class=\"columns grid-columns-4 text-left\">\n\t\t\t\t\t\t\t\t\t<div class=\"column\">\n\t\t\t\t\t\t\n\t\t\t\t\t\t\t\t\t\t\t\t\t<h2 class=\"title h3\">Bussilla<\/h2>\t\t\t\t\t\t\n\t\t\t\t\t\t\t\t\t\t\t\t\t<div class=\"content content-wysiwyg\">\n\t\t\t\t\t\t\t\t<p>Vaasan paikallisliikenne tarjoaa useita bussilinjoja, jotka kulkevat stadionin l\u00e4heisyyteen. Tarkemmat reitit ja aikataulut l\u00f6yd\u00e4t Vaasan seudun joukkoliikenteen sivustolta.<\/p>\n<p><a href=\"https:\/\/www.vaasa.fi\/asu-ja-ela\/liikenne-ja-kadut\/joukkoliikenne\/bussiaikataulut-ja-reitit\/\" target=\"_blank\" rel=\"noopener\">Bussiyhteys\u00a0<\/a><\/p>\n\t\t\t\t\t\t\t<\/div>\n\t\t\t\t\t\t\n\t\t\t\t\t\t\t\t\t\t\t<\/div>\n\t\t\t\t\t\t\t\t\t<div class=\"column\">\n\t\t\t\t\t\t\n\t\t\t\t\t\t\t\t\t\t\t\t\t<h2 class=\"title h3\">Autolla<\/h2>\t\t\t\t\t\t\n\t\t\t\t\t\t\t\t\t\t\t\t\t<div class=\"content content-wysiwyg\">\n\t\t\t\t\t\t\t\t<p style=\"text-align: left\">Autolla saapuville on tarjolla tilava pys\u00e4k\u00f6intialue stadionin etel\u00e4p\u00e4\u00e4dyss\u00e4, Vaasan Tennis Centerin ja Lemosoft Stadionin v\u00e4lisell\u00e4 alueella.<\/p>\n<p style=\"text-align: left\">Auton saat k\u00e4tev\u00e4sti pys\u00e4k\u00f6ity\u00e4 omalle tilavalle pys\u00e4k\u00f6intialueellemme, jonka l\u00f6yd\u00e4t stadionin etel\u00e4p\u00e4\u00e4dyst\u00e4 (Vaasan Tennis Center vieress\u00e4).<\/p>\n\t\t\t\t\t\t\t<\/div>\n\t\t\t\t\t\t\n\t\t\t\t\t\t\t\t\t\t\t<\/div>\n\t\t\t\t\t\t\t\t\t<div class=\"column\">\n\t\t\t\t\t\t\n\t\t\t\t\t\t\t\t\t\t\t\t\t<h2 class=\"title h3\">Junalla<\/h2>\t\t\t\t\t\t\n\t\t\t\t\t\t\t\t\t\t\t\t\t<div class=\"content content-wysiwyg\">\n\t\t\t\t\t\t\t\t<p style=\"text-align: left\">VR:n junat kulkevat s\u00e4\u00e4nn\u00f6llisesti Vaasaan useista suunnista, kuten Sein\u00e4joelta, Tampereelta ja Helsingist\u00e4. Vaasan p\u00e4\u00e4rautatieasema sijaitsee aivan keskustassa (rautatieasemalta stadionille n. 2 km): osoitteessa Ratakatu 13.<\/p>\n<p style=\"text-align: left\"><strong>K\u00e4vellen:<\/strong><br \/>\nMatka kest\u00e4\u00e4 noin 20\u201325 minuuttia. Reitti kulkee keskustan halki.<\/p>\n<p style=\"text-align: left\"><strong>Bussilla:<\/strong><br \/>\nPaikallisliikenteen bussit kulkevat rautatieaseman l\u00e4heisyydest\u00e4 kohti Hietalahden aluetta, jossa stadion sijaitsee. Voit k\u00e4ytt\u00e4\u00e4 reittiopasta <a href=\"https:\/\/vaasa.digitransit.fi\/\" target=\"_blank\" rel=\"noopener\">opas.vaasa.fi<\/a> l\u00f6yt\u00e4\u00e4ksesi parhaan linjan.<\/p>\n\t\t\t\t\t\t\t<\/div>\n\t\t\t\t\t\t\n\t\t\t\t\t\t\t\t\t\t\t<\/div>\n\t\t\t\t\t\t\t\t\t<div class=\"column\">\n\t\t\t\t\t\t\n\t\t\t\t\t\t\t\t\t\t\t\t\t<h2 class=\"title h3\">Lent\u00e4en<\/h2>\t\t\t\t\t\t\n\t\t\t\t\t\t\t\t\t\t\t\t\t<div class=\"content content-wysiwyg\">\n\t\t\t\t\t\t\t\t<p class=\"\" style=\"text-align: left\" data-start=\"882\" data-end=\"962\"><span class=\"relative -mx-px my-[-0.2rem] rounded px-px py-[0.2rem] transition-colors duration-100 ease-in-out\">Taksimatka lentoasemalta keskustaan kest\u00e4\u00e4 noin 9 minuuttia.<\/span><\/p>\n<p class=\"\" style=\"text-align: left\" data-start=\"965\" data-end=\"1043\"><span class=\"relative -mx-px my-[-0.2rem] rounded px-px py-[0.2rem] transition-colors duration-100 ease-in-out\">Voit tilata taksin esimerkiksi Taksi Vaasan kautta: <a href=\"http:\/\/taksivaasa.fi\" target=\"_blank\" rel=\"noopener\">Tilaa taksi<\/a><\/span><\/p>\n<p style=\"text-align: left\" data-start=\"965\" data-end=\"1043\">Tarkista my\u00f6s <a href=\"https:\/\/www.vaasa.fi\/asu-ja-ela\/liikenne-ja-kadut\/joukkoliikenne\/bussiaikataulut-ja-reitit\/\" target=\"_blank\" rel=\"noopener\">bussiyhteyhdet.\u00a0<\/a><\/p>\n\t\t\t\t\t\t\t<\/div>\n\t\t\t\t\t\t\n\t\t\t\t\t\t\t\t\t\t\t<\/div>\n\t\t\t\t\t\t\t<\/div>\n\t\t\n\t\t\t<\/div>\n<\/section>\n\n\n\n<section class=\"block block-banner layout-right theme-light has-image image-sizing-cover image-inside-container image-rounded-corners\">\n\t\t\t<div class=\"image-container \">\n\t\t\t<img loading=\"lazy\" decoding=\"async\" width=\"800\" height=\"853\" src=\"https:\/\/www.vaasanseudunareenat.fi\/lemonsoft-stadion\/wp-content\/uploads\/sites\/3\/2025\/05\/istockphoto-1434337731-2048x2048-2-960x1024.jpg\" class=\"img\" alt=\"\" srcset=\"https:\/\/www.vaasanseudunareenat.fi\/lemonsoft-stadion\/wp-content\/uploads\/sites\/3\/2025\/05\/istockphoto-1434337731-2048x2048-2-960x1024.jpg 960w, https:\/\/www.vaasanseudunareenat.fi\/lemonsoft-stadion\/wp-content\/uploads\/sites\/3\/2025\/05\/istockphoto-1434337731-2048x2048-2-281x300.jpg 281w, https:\/\/www.vaasanseudunareenat.fi\/lemonsoft-stadion\/wp-content\/uploads\/sites\/3\/2025\/05\/istockphoto-1434337731-2048x2048-2-768x819.jpg 768w, https:\/\/www.vaasanseudunareenat.fi\/lemonsoft-stadion\/wp-content\/uploads\/sites\/3\/2025\/05\/istockphoto-1434337731-2048x2048-2.jpg 1200w\" sizes=\"(max-width: 800px) 100vw, 800px\" \/>\t\t<\/div>\n\t\n\t\n\t<div class=\"container text-left\">\n\t\t<div class=\"content\">\n\t\t\t<h2 class=\"title h2\">Lemonsoft Stadionilla kaikki ovat tervetulleita \u2013 esteett\u00f6myys on meille t\u00e4rke\u00e4\u00e4!<\/h2>\t\t\t\t<div class=\"content-wysiwyg\">\n\t\t\t\t\t<p>Liikuntarajoitteisille vieraille on varattu pys\u00e4k\u00f6intipaikat stadionin etel\u00e4p\u00e4\u00e4dyn pys\u00e4k\u00f6intialueelta, Vaasan Tennis Centerin ja Lemonsoft Stadionin v\u00e4liselt\u00e4 parkkipaikalta. Alueella on my\u00f6s erillinen, tilava paikka invataksille.<\/p>\n<p>Hissit sijaitsevat l\u00e4hell\u00e4 p\u00e4\u00e4portteja ja viev\u00e4t suoraan katsomotasanteelle. Stadionilla on kolme esteet\u00f6nt\u00e4 katsomopaikkaa, jotka l\u00f6ytyv\u00e4t rakennuksen kolmannesta kerroksesta.<\/p>\n<p>Kuulorajoitteisia varten katsomossa on k\u00e4yt\u00f6ss\u00e4 induktiosilmukka \u2013 se sijaitsee viidennell\u00e4 rivill\u00e4, invapaikkojen ja A6-katsomon kohdalla.<\/p>\n\t\t\t\t<\/div>\n\t\t\t\t\t\t<\/div>\n\t<\/div>\n<\/section>\n","protected":false},"excerpt":{"rendered":"","protected":false},"author":6,"featured_media":0,"parent":0,"menu_order":0,"comment_status":"closed","ping_status":"closed","template":"","meta":{"_acf_changed":false,"footnotes":""},"class_list":["post-512","page","type-page","status-publish","hentry"],"acf":[],"yoast_head":"<!-- This site is optimized with the Yoast SEO plugin v27.5 - https:\/\/yoast.com\/product\/yoast-seo-wordpress\/ -->\n<title>Saapuminen ja esteett\u00f6myys - Lemonsoft Stadion<\/title>\n<meta name=\"robots\" content=\"index, follow, max-snippet:-1, max-image-preview:large, max-video-preview:-1\" \/>\n<link rel=\"canonical\" href=\"https:\/\/www.vaasanseudunareenat.fi\/lemonsoft-stadion\/saapuminen\/\" \/>\n<meta property=\"og:locale\" content=\"en_US\" \/>\n<meta property=\"og:type\" content=\"article\" \/>\n<meta property=\"og:title\" content=\"Saapuminen ja esteett\u00f6myys - Lemonsoft Stadion\" \/>\n<meta property=\"og:url\" content=\"https:\/\/www.vaasanseudunareenat.fi\/lemonsoft-stadion\/saapuminen\/\" \/>\n<meta property=\"og:site_name\" content=\"Lemonsoft Stadion\" \/>\n<meta property=\"article:modified_time\" content=\"2025-06-10T08:18:14+00:00\" \/>\n<meta name=\"twitter:card\" content=\"summary_large_image\" \/>\n<script type=\"application\/ld+json\" class=\"yoast-schema-graph\">{\"@context\":\"https:\\\/\\\/schema.org\",\"@graph\":[{\"@type\":\"WebPage\",\"@id\":\"https:\\\/\\\/www.vaasanseudunareenat.fi\\\/lemonsoft-stadion\\\/saapuminen\\\/\",\"url\":\"https:\\\/\\\/www.vaasanseudunareenat.fi\\\/lemonsoft-stadion\\\/saapuminen\\\/\",\"name\":\"Saapuminen ja esteett\u00f6myys - Lemonsoft Stadion\",\"isPartOf\":{\"@id\":\"https:\\\/\\\/www.vaasanseudunareenat.fi\\\/lemonsoft-stadion\\\/#website\"},\"datePublished\":\"2025-01-15T10:02:57+00:00\",\"dateModified\":\"2025-06-10T08:18:14+00:00\",\"breadcrumb\":{\"@id\":\"https:\\\/\\\/www.vaasanseudunareenat.fi\\\/lemonsoft-stadion\\\/saapuminen\\\/#breadcrumb\"},\"inLanguage\":\"en-US\",\"potentialAction\":[{\"@type\":\"ReadAction\",\"target\":[\"https:\\\/\\\/www.vaasanseudunareenat.fi\\\/lemonsoft-stadion\\\/saapuminen\\\/\"]}]},{\"@type\":\"BreadcrumbList\",\"@id\":\"https:\\\/\\\/www.vaasanseudunareenat.fi\\\/lemonsoft-stadion\\\/saapuminen\\\/#breadcrumb\",\"itemListElement\":[{\"@type\":\"ListItem\",\"position\":1,\"name\":\"Home\",\"item\":\"https:\\\/\\\/www.vaasanseudunareenat.fi\\\/lemonsoft-stadion\\\/\"},{\"@type\":\"ListItem\",\"position\":2,\"name\":\"Saapuminen ja esteett\u00f6myys\"}]},{\"@type\":\"WebSite\",\"@id\":\"https:\\\/\\\/www.vaasanseudunareenat.fi\\\/lemonsoft-stadion\\\/#website\",\"url\":\"https:\\\/\\\/www.vaasanseudunareenat.fi\\\/lemonsoft-stadion\\\/\",\"name\":\"Lemonsoft Stadion\",\"description\":\"\",\"potentialAction\":[{\"@type\":\"SearchAction\",\"target\":{\"@type\":\"EntryPoint\",\"urlTemplate\":\"https:\\\/\\\/www.vaasanseudunareenat.fi\\\/lemonsoft-stadion\\\/?s={search_term_string}\"},\"query-input\":{\"@type\":\"PropertyValueSpecification\",\"valueRequired\":true,\"valueName\":\"search_term_string\"}}],\"inLanguage\":\"en-US\"}]}<\/script>\n<!-- \/ Yoast SEO plugin. -->","yoast_head_json":{"title":"Saapuminen ja esteett\u00f6myys - Lemonsoft Stadion","robots":{"index":"index","follow":"follow","max-snippet":"max-snippet:-1","max-image-preview":"max-image-preview:large","max-video-preview":"max-video-preview:-1"},"canonical":"https:\/\/www.vaasanseudunareenat.fi\/lemonsoft-stadion\/saapuminen\/","og_locale":"en_US","og_type":"article","og_title":"Saapuminen ja esteett\u00f6myys - Lemonsoft Stadion","og_url":"https:\/\/www.vaasanseudunareenat.fi\/lemonsoft-stadion\/saapuminen\/","og_site_name":"Lemonsoft Stadion","article_modified_time":"2025-06-10T08:18:14+00:00","twitter_card":"summary_large_image","schema":{"@context":"https:\/\/schema.org","@graph":[{"@type":"WebPage","@id":"https:\/\/www.vaasanseudunareenat.fi\/lemonsoft-stadion\/saapuminen\/","url":"https:\/\/www.vaasanseudunareenat.fi\/lemonsoft-stadion\/saapuminen\/","name":"Saapuminen ja esteett\u00f6myys - Lemonsoft Stadion","isPartOf":{"@id":"https:\/\/www.vaasanseudunareenat.fi\/lemonsoft-stadion\/#website"},"datePublished":"2025-01-15T10:02:57+00:00","dateModified":"2025-06-10T08:18:14+00:00","breadcrumb":{"@id":"https:\/\/www.vaasanseudunareenat.fi\/lemonsoft-stadion\/saapuminen\/#breadcrumb"},"inLanguage":"en-US","potentialAction":[{"@type":"ReadAction","target":["https:\/\/www.vaasanseudunareenat.fi\/lemonsoft-stadion\/saapuminen\/"]}]},{"@type":"BreadcrumbList","@id":"https:\/\/www.vaasanseudunareenat.fi\/lemonsoft-stadion\/saapuminen\/#breadcrumb","itemListElement":[{"@type":"ListItem","position":1,"name":"Home","item":"https:\/\/www.vaasanseudunareenat.fi\/lemonsoft-stadion\/"},{"@type":"ListItem","position":2,"name":"Saapuminen ja esteett\u00f6myys"}]},{"@type":"WebSite","@id":"https:\/\/www.vaasanseudunareenat.fi\/lemonsoft-stadion\/#website","url":"https:\/\/www.vaasanseudunareenat.fi\/lemonsoft-stadion\/","name":"Lemonsoft Stadion","description":"","potentialAction":[{"@type":"SearchAction","target":{"@type":"EntryPoint","urlTemplate":"https:\/\/www.vaasanseudunareenat.fi\/lemonsoft-stadion\/?s={search_term_string}"},"query-input":{"@type":"PropertyValueSpecification","valueRequired":true,"valueName":"search_term_string"}}],"inLanguage":"en-US"}]}},"lang":"fi","translations":{"fi":512,"sv":1155},"pll_sync_post":{},"_links":{"self":[{"href":"https:\/\/www.vaasanseudunareenat.fi\/lemonsoft-stadion\/wp-json\/wp\/v2\/pages\/512","targetHints":{"allow":["GET"]}}],"collection":[{"href":"https:\/\/www.vaasanseudunareenat.fi\/lemonsoft-stadion\/wp-json\/wp\/v2\/pages"}],"about":[{"href":"https:\/\/www.vaasanseudunareenat.fi\/lemonsoft-stadion\/wp-json\/wp\/v2\/types\/page"}],"author":[{"embeddable":true,"href":"https:\/\/www.vaasanseudunareenat.fi\/lemonsoft-stadion\/wp-json\/wp\/v2\/users\/6"}],"replies":[{"embeddable":true,"href":"https:\/\/www.vaasanseudunareenat.fi\/lemonsoft-stadion\/wp-json\/wp\/v2\/comments?post=512"}],"version-history":[{"count":22,"href":"https:\/\/www.vaasanseudunareenat.fi\/lemonsoft-stadion\/wp-json\/wp\/v2\/pages\/512\/revisions"}],"predecessor-version":[{"id":1026,"href":"https:\/\/www.vaasanseudunareenat.fi\/lemonsoft-stadion\/wp-json\/wp\/v2\/pages\/512\/revisions\/1026"}],"wp:attachment":[{"href":"https:\/\/www.vaasanseudunareenat.fi\/lemonsoft-stadion\/wp-json\/wp\/v2\/media?parent=512"}],"curies":[{"name":"wp","href":"https:\/\/api.w.org\/{rel}","templated":true}]}}