{"id":506,"date":"2025-01-15T11:49:23","date_gmt":"2025-01-15T09:49:23","guid":{"rendered":"https:\/\/www.vaasanseudunareenat.fi\/lemonsoft-stadion\/?page_id=506"},"modified":"2025-06-10T13:50:11","modified_gmt":"2025-06-10T10:50:11","slug":"tilat","status":"publish","type":"page","link":"https:\/\/www.vaasanseudunareenat.fi\/lemonsoft-stadion\/tilat\/","title":{"rendered":"Tutustu tiloihin"},"content":{"rendered":"\n<section class=\"block block-hero has-overlay\">\n\t<div class=\"hero-inner\">\n\t\t\t\t\t<div class=\"image-container background-container\">\n\t\t\t\t<img decoding=\"async\" width=\"1920\" height=\"1080\" src=\"https:\/\/www.vaasanseudunareenat.fi\/lemonsoft-stadion\/wp-content\/uploads\/sites\/3\/2024\/12\/Outi-Jarvela-6-1920x1080.jpg\" class=\"img\" alt=\"\" fetchpriority=\"high\" srcset=\"https:\/\/www.vaasanseudunareenat.fi\/lemonsoft-stadion\/wp-content\/uploads\/sites\/3\/2024\/12\/Outi-Jarvela-6-1920x1080.jpg 1920w, https:\/\/www.vaasanseudunareenat.fi\/lemonsoft-stadion\/wp-content\/uploads\/sites\/3\/2024\/12\/Outi-Jarvela-6-1440x810.jpg 1440w, https:\/\/www.vaasanseudunareenat.fi\/lemonsoft-stadion\/wp-content\/uploads\/sites\/3\/2024\/12\/Outi-Jarvela-6-1024x576.jpg 1024w, https:\/\/www.vaasanseudunareenat.fi\/lemonsoft-stadion\/wp-content\/uploads\/sites\/3\/2024\/12\/Outi-Jarvela-6-768x432.jpg 768w, https:\/\/www.vaasanseudunareenat.fi\/lemonsoft-stadion\/wp-content\/uploads\/sites\/3\/2024\/12\/Outi-Jarvela-6-576x324.jpg 576w\" sizes=\"(max-width: 1920px) 100vw, 1920px\" \/>\t\t\t<\/div>\n\t\t\t\n\t\t\t\t<div class=\"container text-left\">\n\t\t\t<div class=\"hero-content\">\n\t\t\t\t<h1 class=\"title h1\">Tutustu Lemonsoft Stadionin tiloihin!<\/h1>\n\t\t\t\t\n\t\t\t\t\t\t\t<\/div>\n\t\t<\/div>\n\n\t\t<div class=\"hero-columns grid-columns-2\">\n\t\t\t\n\t\t\t\t\t<\/div>\n\t<\/div>\n<\/section>\n\n\n\n<div style=\"height:100px\" aria-hidden=\"true\" class=\"wp-block-spacer\"><\/div>\n\n\n\n<section class=\"block block-banner layout-right theme-light has-image image-sizing-cover image-inside-container\">\n\t\t\t<div class=\"image-container \">\n\t\t\t<img loading=\"lazy\" decoding=\"async\" width=\"800\" height=\"534\" src=\"https:\/\/www.vaasanseudunareenat.fi\/lemonsoft-stadion\/wp-content\/uploads\/sites\/3\/2024\/11\/Kokoushuone-Media_11_2016-1.jpg\" class=\"img\" alt=\"\" srcset=\"https:\/\/www.vaasanseudunareenat.fi\/lemonsoft-stadion\/wp-content\/uploads\/sites\/3\/2024\/11\/Kokoushuone-Media_11_2016-1.jpg 800w, https:\/\/www.vaasanseudunareenat.fi\/lemonsoft-stadion\/wp-content\/uploads\/sites\/3\/2024\/11\/Kokoushuone-Media_11_2016-1-300x200.jpg 300w, https:\/\/www.vaasanseudunareenat.fi\/lemonsoft-stadion\/wp-content\/uploads\/sites\/3\/2024\/11\/Kokoushuone-Media_11_2016-1-768x513.jpg 768w\" sizes=\"(max-width: 800px) 100vw, 800px\" \/>\t\t<\/div>\n\t\n\t\n\t<div class=\"container text-left\">\n\t\t<div class=\"content\">\n\t\t\t<h1 class=\"title h2\">Kokoustilat <\/h1>\t\t\t\t<div class=\"content-wysiwyg\">\n\t\t\t\t\t<p>Lemonsoft Stadion tarjoaa monipuoliset ja jalkapallohenkiset puitteet, joissa kokousp\u00e4iv\u00e4 saa uuden ulottuvuuden. Aloita p\u00e4iv\u00e4 tehokkaasti stadionin nykyaikaisissa kokoustiloissa, joissa kaikki tarvittava \u2013 AV-tekniikka, langaton verkko ja tarjoilut. P\u00e4iv\u00e4n lopuksi on aika siirty\u00e4 kent\u00e4n laidalle ja viritt\u00e4yty\u00e4 tiimip\u00e4iv\u00e4n tunnelmaan. Stadionilta l\u00f6ytyy kokoustilat, kentt\u00e4alue, pukukopit ja huikeat katsomot.<\/p>\n<p><strong>Mediatila<br \/>\n<\/strong>78 m2 (sis. 26 taittojalkap\u00f6yt\u00e4\u00e4 140\u00d760 . Istumapaikat 52 henkil\u00f6lle. Tilasta l\u00f6ytyy projektori.<\/p>\n<p><strong>Kokoustila<br \/>\n<\/strong>40 m2 , Istumapaikkoja 30 henkil\u00f6lle. Kokoustilassa iso TV sein\u00e4ll\u00e4.<\/p>\n\t\t\t\t<\/div>\n\t\t\t\t\t\t<\/div>\n\t<\/div>\n<\/section>\n\n\n\n<section class=\"block block-columns theme-light\">\n\t<div class=\"container\">\n\t\t\n\t\t\t\t\t<div class=\"columns grid-columns-3 text-left\">\n\t\t\t\t\t\t\t\t\t<div class=\"column\">\n\t\t\t\t\t\t\t\t\t\t\t\t\t<div class=\"image image-horizontal\">\n\t\t\t\t\t\t\t\t<img loading=\"lazy\" decoding=\"async\" width=\"768\" height=\"432\" src=\"https:\/\/www.vaasanseudunareenat.fi\/lemonsoft-stadion\/wp-content\/uploads\/sites\/3\/2024\/11\/Aitio_11_2016-768x432.jpg\" class=\"img\" alt=\"\" srcset=\"https:\/\/www.vaasanseudunareenat.fi\/lemonsoft-stadion\/wp-content\/uploads\/sites\/3\/2024\/11\/Aitio_11_2016-768x432.jpg 768w, https:\/\/www.vaasanseudunareenat.fi\/lemonsoft-stadion\/wp-content\/uploads\/sites\/3\/2024\/11\/Aitio_11_2016-576x324.jpg 576w\" sizes=\"(max-width: 768px) 100vw, 768px\" \/>\t\t\t\t\t\t\t<\/div>\n\t\t\t\t\t\t\n\t\t\t\t\t\t\t\t\t\t\t\t\t<h2 class=\"title h3\">Aitiot<\/h2>\t\t\t\t\t\t\n\t\t\t\t\t\t\t\t\t\t\t\t\t<div class=\"content content-wysiwyg\">\n\t\t\t\t\t\t\t\t<p><strong>Aitiot 1, 3, 5<\/strong><br \/>\n13,5 m2<br \/>\nIstuinpaikat: 10-16 hl\u00f6<\/p>\n<p><strong>Aitiot 2, 4, 6<\/strong><br \/>\nKoko: 13 m2<br \/>\nIstuinpaikat: 16 hl\u00f6<\/p>\n<p><strong>Aitio 9<\/strong><br \/>\n12,5 m2<br \/>\nIstuinpaikat: 10 hl\u00f6<\/p>\n<p><strong>Aitio 7<\/strong><br \/>\n27,5 m2<\/p>\n\t\t\t\t\t\t\t<\/div>\n\t\t\t\t\t\t\n\t\t\t\t\t\t\t\t\t\t\t<\/div>\n\t\t\t\t\t\t\t\t\t<div class=\"column\">\n\t\t\t\t\t\t\t\t\t\t\t\t\t<div class=\"image image-horizontal\">\n\t\t\t\t\t\t\t\t<img loading=\"lazy\" decoding=\"async\" width=\"768\" height=\"432\" src=\"https:\/\/www.vaasanseudunareenat.fi\/lemonsoft-stadion\/wp-content\/uploads\/sites\/3\/2025\/06\/Pukuhuone_11_2016-768x432.jpg\" class=\"img\" alt=\"\" srcset=\"https:\/\/www.vaasanseudunareenat.fi\/lemonsoft-stadion\/wp-content\/uploads\/sites\/3\/2025\/06\/Pukuhuone_11_2016-768x432.jpg 768w, https:\/\/www.vaasanseudunareenat.fi\/lemonsoft-stadion\/wp-content\/uploads\/sites\/3\/2025\/06\/Pukuhuone_11_2016-576x324.jpg 576w\" sizes=\"(max-width: 768px) 100vw, 768px\" \/>\t\t\t\t\t\t\t<\/div>\n\t\t\t\t\t\t\n\t\t\t\t\t\t\t\t\t\t\t\t\t<h2 class=\"title h3\">Pukuhuoneet<\/h2>\t\t\t\t\t\t\n\t\t\t\t\t\t\t\t\t\t\t\t\t<div class=\"content content-wysiwyg\">\n\t\t\t\t\t\t\t\t<p>Lemonsoft Stadionin pukuhuoneet tarjoavat laadukkaat ja toimivat tilat niin urheilijoille kuin yritysryhmillekin. Tilat on suunniteltu ammattik\u00e4ytt\u00f6\u00f6n \u2013 v\u00e4lj\u00e4t tilaratkaisut, modernit suihku- ja peseytymistilat sek\u00e4 kaappis\u00e4ilytys tekev\u00e4t pukuhuonekokemuksesta miellytt\u00e4v\u00e4n ja sujuvan.<\/p>\n<p>Lemonsoft Stadionilta l\u00f6ytyy yhteens\u00e4 9 pukuhuonetta.<\/p>\n<ul>\n<li>5 x pukuhuoneet, 26\u201332 m2 + suihku ja WC<\/li>\n<li>2 x tuomaripukuhuoneet, 17 m2 + suihku ja WC<\/li>\n<li>2 x isoa pukuhuonetta (nro 4,\u00a0 sijaitsee saunan yhteydess\u00e4)<\/li>\n<\/ul>\n\t\t\t\t\t\t\t<\/div>\n\t\t\t\t\t\t\n\t\t\t\t\t\t\t\t\t\t\t<\/div>\n\t\t\t\t\t\t\t\t\t<div class=\"column\">\n\t\t\t\t\t\t\t\t\t\t\t\t\t<div class=\"image image-horizontal\">\n\t\t\t\t\t\t\t\t<img loading=\"lazy\" decoding=\"async\" width=\"768\" height=\"432\" src=\"https:\/\/www.vaasanseudunareenat.fi\/lemonsoft-stadion\/wp-content\/uploads\/sites\/3\/2025\/06\/Stadion-5_11_2016-768x432.jpg\" class=\"img\" alt=\"\" srcset=\"https:\/\/www.vaasanseudunareenat.fi\/lemonsoft-stadion\/wp-content\/uploads\/sites\/3\/2025\/06\/Stadion-5_11_2016-768x432.jpg 768w, https:\/\/www.vaasanseudunareenat.fi\/lemonsoft-stadion\/wp-content\/uploads\/sites\/3\/2025\/06\/Stadion-5_11_2016-576x324.jpg 576w\" sizes=\"(max-width: 768px) 100vw, 768px\" \/>\t\t\t\t\t\t\t<\/div>\n\t\t\t\t\t\t\n\t\t\t\t\t\t\t\t\t\t\t\t\t<h2 class=\"title h3\">Katsomo<\/h2>\t\t\t\t\t\t\n\t\t\t\t\t\t\t\t\t\t\t\t\t<div class=\"content content-wysiwyg\">\n\t\t\t\t\t\t\t\t<p>Lemonsoft Stadionin katsomossa on istumapaikkoja:<\/p>\n<ul>\n<li>A-katsomo: 2 104<\/li>\n<li>p\u00e4\u00e4tykatsomot C ja B: 1 278 + 1 278<\/li>\n<li>Vanha katsomo: 1 349 (k\u00e4ytt\u00f6kiellossa)<\/li>\n<\/ul>\n<p>Lemonsoft Stadionin suurin sallittu kokonaiskatsojam\u00e4\u00e4r\u00e4 tapahtumissa on 11 240.<\/p>\n\t\t\t\t\t\t\t<\/div>\n\t\t\t\t\t\t\n\t\t\t\t\t\t\t\t\t\t\t<\/div>\n\t\t\t\t\t\t\t<\/div>\n\t\t\n\t\t\t<\/div>\n<\/section>\n\n\n\n<section class=\"block block-banner layout-right theme-light has-image image-sizing-cover image-inside-container\">\n\t\t\t<div class=\"image-container \">\n\t\t\t<img loading=\"lazy\" decoding=\"async\" width=\"800\" height=\"533\" src=\"https:\/\/www.vaasanseudunareenat.fi\/lemonsoft-stadion\/wp-content\/uploads\/sites\/3\/2025\/05\/MG_7611-800x533-1.jpg\" class=\"img\" alt=\"\" srcset=\"https:\/\/www.vaasanseudunareenat.fi\/lemonsoft-stadion\/wp-content\/uploads\/sites\/3\/2025\/05\/MG_7611-800x533-1.jpg 800w, https:\/\/www.vaasanseudunareenat.fi\/lemonsoft-stadion\/wp-content\/uploads\/sites\/3\/2025\/05\/MG_7611-800x533-1-300x200.jpg 300w, https:\/\/www.vaasanseudunareenat.fi\/lemonsoft-stadion\/wp-content\/uploads\/sites\/3\/2025\/05\/MG_7611-800x533-1-768x512.jpg 768w\" sizes=\"(max-width: 800px) 100vw, 800px\" \/>\t\t<\/div>\n\t\n\t\n\t<div class=\"container text-left\">\n\t\t<div class=\"content\">\n\t\t\t<h1 class=\"title h2\">Ravintolan tilat <\/h1>\t\t\t\t<div class=\"content-wysiwyg\">\n\t\t\t\t\t<p class=\"LeiptekstiC2\"><span lang=\"FI\">Stadionin VIP tilausravintola sijaitsee 3. kerroksessa. Ravintolassa on 355 istumapaikkaa. Tilauksen yhteydess\u00e4 voi my\u00f6s hy\u00f6dynt\u00e4\u00e4 335 paikkaisen tilan keitti\u00f6- ja oheistiloja.\u00a0 <\/span>Ravintolan ja aitioiden hallinnointivastuu kuuluu Vaasan Palloseuralle.<\/p>\n<h3 class=\"LeiptekstiC2\">Ota yhteytt\u00e4 ja kysyy lis\u00e4\u00e4:<\/h3>\n<p><strong>Mika Koivum\u00e4ki<\/strong>,<br \/>\nmyyntijohtaja<\/p>\n<p><a href=\"mailto:mika.koivumaki@vepsu.fi\">mika.koivumaki@vepsu.fi<\/a><br \/>\nPuh. <a href=\"tel:0405516995\">040 551 6995<\/a><\/p>\n\t\t\t\t<\/div>\n\t\t\t\t\n\t<ul class=\"buttons\">\n\t\t\t\t\t<li class=\"button-item\">\n\t\t\t\t<a href=\"https:\/\/www.vepsu.fi\/vps-toimisto\/\" class=\"link\" target=\"_self\">Ota yhteytt\u00e4 VPS<\/a>\t\t\t<\/li>\n\t\t\t<\/ul>\n\t\t\t<\/div>\n\t<\/div>\n<\/section>\n\n\n\n<section class=\"block block-separator top-color-light shape-upward-arc\">\n\t<svg xmlns=\"http:\/\/www.w3.org\/2000\/svg\" height=\"100\" viewBox=\"0 0 100 100\" preserveAspectRatio=\"none\"><path d=\"M0 0v49.671s16.03-2.66 47.17-2.71S100 99.989 100 99.989V0z\" fill=\"#fff\"\/><\/svg><\/section>\n\n\n\n<section class=\"block block-banner layout-full theme-white image-rounded-corners\">\n\t\n\t\n\t<div class=\"container text-left\">\n\t\t<div class=\"content\">\n\t\t\t<h2 class=\"title h2\">Esteett\u00f6myys Stadionilla <\/h2>\t\t\t\t<div class=\"content-wysiwyg\">\n\t\t\t\t\t<p style=\"text-align: left\"><strong>Lemonsoft Stadionilla kaikki ovat tervetulleita \u2013 esteett\u00f6myys on meille t\u00e4rke\u00e4\u00e4.<\/strong><\/p>\n<p>Liikuntarajoitteisille vieraille on varattu pys\u00e4k\u00f6intipaikat stadionin etel\u00e4p\u00e4\u00e4dyn pys\u00e4k\u00f6intialueelta, Vaasan Tennis Centerin ja Lemonsoft Stadionin v\u00e4liselt\u00e4 parkkipaikalta. Alueella on my\u00f6s erillinen, tilava paikka invataksille.<\/p>\n<p>Hissit sijaitsevat l\u00e4hell\u00e4 p\u00e4\u00e4portteja ja viev\u00e4t suoraan katsomotasanteelle. Stadionilla on kolme esteet\u00f6nt\u00e4 katsomopaikkaa, jotka l\u00f6ytyv\u00e4t rakennuksen kolmannesta kerroksesta.<\/p>\n<p>Kuulorajoitteisia varten katsomossa on k\u00e4yt\u00f6ss\u00e4 induktiosilmukka \u2013 se sijaitsee viidennell\u00e4 rivill\u00e4, invapaikkojen ja A6-katsomon kohdalla.<\/p>\n<p>&nbsp;<\/p>\n\t\t\t\t<\/div>\n\t\t\t\t\t\t<\/div>\n\t<\/div>\n<\/section>\n","protected":false},"excerpt":{"rendered":"","protected":false},"author":6,"featured_media":0,"parent":0,"menu_order":0,"comment_status":"closed","ping_status":"closed","template":"","meta":{"_acf_changed":false,"footnotes":""},"class_list":["post-506","page","type-page","status-publish","hentry"],"acf":[],"yoast_head":"<!-- This site is optimized with the Yoast SEO plugin v27.3 - https:\/\/yoast.com\/product\/yoast-seo-wordpress\/ -->\n<title>Tutustu tiloihin - Lemonsoft Stadion<\/title>\n<meta name=\"robots\" content=\"index, follow, max-snippet:-1, max-image-preview:large, max-video-preview:-1\" \/>\n<link rel=\"canonical\" href=\"https:\/\/www.vaasanseudunareenat.fi\/lemonsoft-stadion\/tilat\/\" \/>\n<meta property=\"og:locale\" content=\"en_US\" \/>\n<meta property=\"og:type\" content=\"article\" \/>\n<meta property=\"og:title\" content=\"Tutustu tiloihin - Lemonsoft Stadion\" \/>\n<meta property=\"og:url\" content=\"https:\/\/www.vaasanseudunareenat.fi\/lemonsoft-stadion\/tilat\/\" \/>\n<meta property=\"og:site_name\" content=\"Lemonsoft Stadion\" \/>\n<meta property=\"article:modified_time\" content=\"2025-06-10T10:50:11+00:00\" \/>\n<meta name=\"twitter:card\" content=\"summary_large_image\" \/>\n<script type=\"application\/ld+json\" class=\"yoast-schema-graph\">{\"@context\":\"https:\\\/\\\/schema.org\",\"@graph\":[{\"@type\":\"WebPage\",\"@id\":\"https:\\\/\\\/www.vaasanseudunareenat.fi\\\/lemonsoft-stadion\\\/tilat\\\/\",\"url\":\"https:\\\/\\\/www.vaasanseudunareenat.fi\\\/lemonsoft-stadion\\\/tilat\\\/\",\"name\":\"Tutustu tiloihin - Lemonsoft Stadion\",\"isPartOf\":{\"@id\":\"https:\\\/\\\/www.vaasanseudunareenat.fi\\\/lemonsoft-stadion\\\/#website\"},\"datePublished\":\"2025-01-15T09:49:23+00:00\",\"dateModified\":\"2025-06-10T10:50:11+00:00\",\"breadcrumb\":{\"@id\":\"https:\\\/\\\/www.vaasanseudunareenat.fi\\\/lemonsoft-stadion\\\/tilat\\\/#breadcrumb\"},\"inLanguage\":\"en-US\",\"potentialAction\":[{\"@type\":\"ReadAction\",\"target\":[\"https:\\\/\\\/www.vaasanseudunareenat.fi\\\/lemonsoft-stadion\\\/tilat\\\/\"]}]},{\"@type\":\"BreadcrumbList\",\"@id\":\"https:\\\/\\\/www.vaasanseudunareenat.fi\\\/lemonsoft-stadion\\\/tilat\\\/#breadcrumb\",\"itemListElement\":[{\"@type\":\"ListItem\",\"position\":1,\"name\":\"Home\",\"item\":\"https:\\\/\\\/www.vaasanseudunareenat.fi\\\/lemonsoft-stadion\\\/\"},{\"@type\":\"ListItem\",\"position\":2,\"name\":\"Tutustu tiloihin\"}]},{\"@type\":\"WebSite\",\"@id\":\"https:\\\/\\\/www.vaasanseudunareenat.fi\\\/lemonsoft-stadion\\\/#website\",\"url\":\"https:\\\/\\\/www.vaasanseudunareenat.fi\\\/lemonsoft-stadion\\\/\",\"name\":\"Lemonsoft Stadion\",\"description\":\"\",\"potentialAction\":[{\"@type\":\"SearchAction\",\"target\":{\"@type\":\"EntryPoint\",\"urlTemplate\":\"https:\\\/\\\/www.vaasanseudunareenat.fi\\\/lemonsoft-stadion\\\/?s={search_term_string}\"},\"query-input\":{\"@type\":\"PropertyValueSpecification\",\"valueRequired\":true,\"valueName\":\"search_term_string\"}}],\"inLanguage\":\"en-US\"}]}<\/script>\n<!-- \/ Yoast SEO plugin. -->","yoast_head_json":{"title":"Tutustu tiloihin - Lemonsoft Stadion","robots":{"index":"index","follow":"follow","max-snippet":"max-snippet:-1","max-image-preview":"max-image-preview:large","max-video-preview":"max-video-preview:-1"},"canonical":"https:\/\/www.vaasanseudunareenat.fi\/lemonsoft-stadion\/tilat\/","og_locale":"en_US","og_type":"article","og_title":"Tutustu tiloihin - Lemonsoft Stadion","og_url":"https:\/\/www.vaasanseudunareenat.fi\/lemonsoft-stadion\/tilat\/","og_site_name":"Lemonsoft Stadion","article_modified_time":"2025-06-10T10:50:11+00:00","twitter_card":"summary_large_image","schema":{"@context":"https:\/\/schema.org","@graph":[{"@type":"WebPage","@id":"https:\/\/www.vaasanseudunareenat.fi\/lemonsoft-stadion\/tilat\/","url":"https:\/\/www.vaasanseudunareenat.fi\/lemonsoft-stadion\/tilat\/","name":"Tutustu tiloihin - Lemonsoft Stadion","isPartOf":{"@id":"https:\/\/www.vaasanseudunareenat.fi\/lemonsoft-stadion\/#website"},"datePublished":"2025-01-15T09:49:23+00:00","dateModified":"2025-06-10T10:50:11+00:00","breadcrumb":{"@id":"https:\/\/www.vaasanseudunareenat.fi\/lemonsoft-stadion\/tilat\/#breadcrumb"},"inLanguage":"en-US","potentialAction":[{"@type":"ReadAction","target":["https:\/\/www.vaasanseudunareenat.fi\/lemonsoft-stadion\/tilat\/"]}]},{"@type":"BreadcrumbList","@id":"https:\/\/www.vaasanseudunareenat.fi\/lemonsoft-stadion\/tilat\/#breadcrumb","itemListElement":[{"@type":"ListItem","position":1,"name":"Home","item":"https:\/\/www.vaasanseudunareenat.fi\/lemonsoft-stadion\/"},{"@type":"ListItem","position":2,"name":"Tutustu tiloihin"}]},{"@type":"WebSite","@id":"https:\/\/www.vaasanseudunareenat.fi\/lemonsoft-stadion\/#website","url":"https:\/\/www.vaasanseudunareenat.fi\/lemonsoft-stadion\/","name":"Lemonsoft Stadion","description":"","potentialAction":[{"@type":"SearchAction","target":{"@type":"EntryPoint","urlTemplate":"https:\/\/www.vaasanseudunareenat.fi\/lemonsoft-stadion\/?s={search_term_string}"},"query-input":{"@type":"PropertyValueSpecification","valueRequired":true,"valueName":"search_term_string"}}],"inLanguage":"en-US"}]}},"lang":"fi","translations":{"fi":506,"sv":1147},"pll_sync_post":[],"_links":{"self":[{"href":"https:\/\/www.vaasanseudunareenat.fi\/lemonsoft-stadion\/wp-json\/wp\/v2\/pages\/506","targetHints":{"allow":["GET"]}}],"collection":[{"href":"https:\/\/www.vaasanseudunareenat.fi\/lemonsoft-stadion\/wp-json\/wp\/v2\/pages"}],"about":[{"href":"https:\/\/www.vaasanseudunareenat.fi\/lemonsoft-stadion\/wp-json\/wp\/v2\/types\/page"}],"author":[{"embeddable":true,"href":"https:\/\/www.vaasanseudunareenat.fi\/lemonsoft-stadion\/wp-json\/wp\/v2\/users\/6"}],"replies":[{"embeddable":true,"href":"https:\/\/www.vaasanseudunareenat.fi\/lemonsoft-stadion\/wp-json\/wp\/v2\/comments?post=506"}],"version-history":[{"count":103,"href":"https:\/\/www.vaasanseudunareenat.fi\/lemonsoft-stadion\/wp-json\/wp\/v2\/pages\/506\/revisions"}],"predecessor-version":[{"id":1037,"href":"https:\/\/www.vaasanseudunareenat.fi\/lemonsoft-stadion\/wp-json\/wp\/v2\/pages\/506\/revisions\/1037"}],"wp:attachment":[{"href":"https:\/\/www.vaasanseudunareenat.fi\/lemonsoft-stadion\/wp-json\/wp\/v2\/media?parent=506"}],"curies":[{"name":"wp","href":"https:\/\/api.w.org\/{rel}","templated":true}]}}