{"id":501,"date":"2025-01-15T11:46:32","date_gmt":"2025-01-15T09:46:32","guid":{"rendered":"https:\/\/www.vaasanseudunareenat.fi\/lemonsoft-stadion\/?page_id=501"},"modified":"2026-02-04T13:16:02","modified_gmt":"2026-02-04T11:16:02","slug":"vakio","status":"publish","type":"page","link":"https:\/\/www.vaasanseudunareenat.fi\/lemonsoft-stadion\/vakio\/","title":{"rendered":"Vakiovuorot"},"content":{"rendered":"\n<section class=\"block block-hero has-overlay\">\n\t<div class=\"hero-inner\">\n\t\t\t\t\t<div class=\"image-container background-container\">\n\t\t\t\t<img decoding=\"async\" width=\"1920\" height=\"1080\" src=\"https:\/\/www.vaasanseudunareenat.fi\/lemonsoft-stadion\/wp-content\/uploads\/sites\/3\/2024\/12\/Outi-Jarvela-02-1920x1080.jpg\" class=\"img\" alt=\"\" fetchpriority=\"high\" srcset=\"https:\/\/www.vaasanseudunareenat.fi\/lemonsoft-stadion\/wp-content\/uploads\/sites\/3\/2024\/12\/Outi-Jarvela-02-1920x1080.jpg 1920w, https:\/\/www.vaasanseudunareenat.fi\/lemonsoft-stadion\/wp-content\/uploads\/sites\/3\/2024\/12\/Outi-Jarvela-02-1440x810.jpg 1440w, https:\/\/www.vaasanseudunareenat.fi\/lemonsoft-stadion\/wp-content\/uploads\/sites\/3\/2024\/12\/Outi-Jarvela-02-1024x576.jpg 1024w, https:\/\/www.vaasanseudunareenat.fi\/lemonsoft-stadion\/wp-content\/uploads\/sites\/3\/2024\/12\/Outi-Jarvela-02-768x432.jpg 768w, https:\/\/www.vaasanseudunareenat.fi\/lemonsoft-stadion\/wp-content\/uploads\/sites\/3\/2024\/12\/Outi-Jarvela-02-576x324.jpg 576w\" sizes=\"(max-width: 1920px) 100vw, 1920px\" \/>\t\t\t<\/div>\n\t\t\t\n\t\t\t\t<div class=\"container text-left\">\n\t\t\t<div class=\"hero-content\">\n\t\t\t\t<h1 class=\"title h1\">Hae vakiovuoroa!<\/h1>\n\t\t\t\t\n\t\t\t\t\t\t\t<\/div>\n\t\t<\/div>\n\n\t\t<div class=\"hero-columns grid-columns-2\">\n\t\t\t\n\t\t\t\t\t<\/div>\n\t<\/div>\n<\/section>\n\n\n\n<section class=\"block block-columns theme-light\">\n\t<div class=\"container\">\n\t\t\n\t\t\t\t\t<div class=\"columns grid-columns-2 text-left\">\n\t\t\t\t\t\t\t\t\t<div class=\"column\">\n\t\t\t\t\t\t\n\t\t\t\t\t\t\t\t\t\t\t\t\t<h2 class=\"title h3\">Talven ja kev\u00e4\u00e4n vakiovuorot<\/h2>\t\t\t\t\t\t\n\t\t\t\t\t\t\t\t\t\t\t\t\t<div class=\"content content-wysiwyg\">\n\t\t\t\t\t\t\t\t<p>Vakiovuorot alkavat tammikuun toisella viikolla ja kest\u00e4v\u00e4t toukokuun loppuun asti. Vuorojen hakuaika on 1.-15.8.<br \/>\nVakiovuorot jaetaan Vaasan kaupungin jakoperusteiden mukaisesti.<\/p>\n<p><a href=\"https:\/\/www.vaasanseudunareenat.fi\/lemonsoft-stadion\/wp-content\/uploads\/sites\/3\/2025\/07\/Lemonsoft.talvi2026.xlsx\" target=\"_blank\" rel=\"noopener\">Lemonsoft vakiovuorohakemus talvi 2026<\/a><\/p>\n\t\t\t\t\t\t\t<\/div>\n\t\t\t\t\t\t\n\t\t\t\t\t\t\t\t\t\t\t<\/div>\n\t\t\t\t\t\t\t\t\t<div class=\"column\">\n\t\t\t\t\t\t\n\t\t\t\t\t\t\t\t\t\t\t\t\t<h2 class=\"title h3\">Kes\u00e4n ja syksyn vakiovuoro<\/h2>\t\t\t\t\t\t\n\t\t\t\t\t\t\t\t\t\t\t\t\t<div class=\"content content-wysiwyg\">\n\t\t\t\t\t\t\t\t<p>Vakiovuorot ajalle 1.6.-30.10. Vuorojen hakuaika on 1.-15.2.<br \/>\nVakiovuorot jaetaan Vaasan kaupungin jakoperusteiden mukaisesti.<\/p>\n<p><a href=\"https:\/\/www.vaasanseudunareenat.fi\/lemonsoft-stadion\/wp-content\/uploads\/sites\/3\/2026\/02\/Lemonsoft.kesa-syksy2026.xlsx\" target=\"_blank\" rel=\"noopener\">Kes\u00e4-syksy2026<\/a><\/p>\n\t\t\t\t\t\t\t<\/div>\n\t\t\t\t\t\t\n\t\t\t\t\t\t\t\t\t\t\t<\/div>\n\t\t\t\t\t\t\t<\/div>\n\t\t\n\t\t\t<\/div>\n<\/section>\n\n\n\n<section class=\"block block-columns theme-light show-in-boxes\">\n\t<div class=\"container\">\n\t\t\n\t\t\t\t\t<div class=\"columns grid-columns-2 text-center\">\n\t\t\t\t\t\t\t\t\t<div class=\"column\">\n\t\t\t\t\t\t\n\t\t\t\t\t\t<h2 class=\"title h4\"><a class=\"title-link\" href=\"#\" target=\"_self\">Varaus- ja peruutusehdot<\/a><\/h2>\t\t\t\t\t\t\n\t\t\t\t\t\t\n\t\t\t\t\t\t\t\t\t\t\t<\/div>\n\t\t\t\t\t\t\t\t\t<div class=\"column\">\n\t\t\t\t\t\t\n\t\t\t\t\t\t<h2 class=\"title h4\"><a class=\"title-link\" href=\"#\" target=\"_self\">S\u00e4\u00e4nn\u00f6t Lemonsoft Stadionilla<\/a><\/h2>\t\t\t\t\t\t\n\t\t\t\t\t\t\n\t\t\t\t\t\t\t\t\t\t\t<\/div>\n\t\t\t\t\t\t\t<\/div>\n\t\t\n\t\t\t<\/div>\n<\/section>\n\n\n\n<section class=\"block block-banner layout-left theme-light has-image image-sizing-contain image-inside-container\">\n\t\t\t<div class=\"image-container \">\n\t\t\t<img loading=\"lazy\" decoding=\"async\" width=\"800\" height=\"800\" src=\"https:\/\/www.vaasanseudunareenat.fi\/lemonsoft-stadion\/wp-content\/uploads\/sites\/3\/2025\/06\/terveytta-elamyksia-liikuntaa-1024x1024.png\" class=\"img\" alt=\"\" srcset=\"https:\/\/www.vaasanseudunareenat.fi\/lemonsoft-stadion\/wp-content\/uploads\/sites\/3\/2025\/06\/terveytta-elamyksia-liikuntaa-1024x1024.png 1024w, https:\/\/www.vaasanseudunareenat.fi\/lemonsoft-stadion\/wp-content\/uploads\/sites\/3\/2025\/06\/terveytta-elamyksia-liikuntaa-300x300.png 300w, https:\/\/www.vaasanseudunareenat.fi\/lemonsoft-stadion\/wp-content\/uploads\/sites\/3\/2025\/06\/terveytta-elamyksia-liikuntaa-150x150.png 150w, https:\/\/www.vaasanseudunareenat.fi\/lemonsoft-stadion\/wp-content\/uploads\/sites\/3\/2025\/06\/terveytta-elamyksia-liikuntaa-768x768.png 768w, https:\/\/www.vaasanseudunareenat.fi\/lemonsoft-stadion\/wp-content\/uploads\/sites\/3\/2025\/06\/terveytta-elamyksia-liikuntaa-640x640.png 640w, https:\/\/www.vaasanseudunareenat.fi\/lemonsoft-stadion\/wp-content\/uploads\/sites\/3\/2025\/06\/terveytta-elamyksia-liikuntaa-420x420.png 420w, https:\/\/www.vaasanseudunareenat.fi\/lemonsoft-stadion\/wp-content\/uploads\/sites\/3\/2025\/06\/terveytta-elamyksia-liikuntaa-360x360.png 360w, https:\/\/www.vaasanseudunareenat.fi\/lemonsoft-stadion\/wp-content\/uploads\/sites\/3\/2025\/06\/terveytta-elamyksia-liikuntaa.png 1080w\" sizes=\"(max-width: 800px) 100vw, 800px\" \/>\t\t<\/div>\n\t\n\t\n\t<div class=\"container text-left\">\n\t\t<div class=\"content\">\n\t\t\t<h2 class=\"title h2\">Lis\u00e4tietoja<\/h2>\t\t\t\t<div class=\"content-wysiwyg\">\n\t\t\t\t\t<p>Autamme mielell\u00e4mme lis\u00e4kysymysten kanssa.<\/p>\n<p>puh. <a href=\"0201201700\">0201 201 700<\/a><br \/>\n<a href=\"mailto:info@vaasanseudunareenat.fi\" target=\"_blank\" rel=\"noopener\">info@vaasanseudunareenat.fi<\/a><\/p>\n\t\t\t\t<\/div>\n\t\t\t\t\t\t<\/div>\n\t<\/div>\n<\/section>\n\n\n\n<p><\/p>\n","protected":false},"excerpt":{"rendered":"","protected":false},"author":6,"featured_media":0,"parent":0,"menu_order":0,"comment_status":"closed","ping_status":"closed","template":"","meta":{"_acf_changed":false,"footnotes":""},"class_list":["post-501","page","type-page","status-publish","hentry"],"acf":[],"yoast_head":"<!-- This site is optimized with the Yoast SEO plugin v27.5 - https:\/\/yoast.com\/product\/yoast-seo-wordpress\/ -->\n<title>Vakiovuorot - Lemonsoft Stadion<\/title>\n<meta name=\"robots\" content=\"index, follow, max-snippet:-1, max-image-preview:large, max-video-preview:-1\" \/>\n<link rel=\"canonical\" href=\"https:\/\/www.vaasanseudunareenat.fi\/lemonsoft-stadion\/vakio\/\" \/>\n<meta property=\"og:locale\" content=\"en_US\" \/>\n<meta property=\"og:type\" content=\"article\" \/>\n<meta property=\"og:title\" content=\"Vakiovuorot - Lemonsoft Stadion\" \/>\n<meta property=\"og:url\" content=\"https:\/\/www.vaasanseudunareenat.fi\/lemonsoft-stadion\/vakio\/\" \/>\n<meta property=\"og:site_name\" content=\"Lemonsoft Stadion\" \/>\n<meta property=\"article:modified_time\" content=\"2026-02-04T11:16:02+00:00\" \/>\n<meta name=\"twitter:card\" content=\"summary_large_image\" \/>\n<script type=\"application\/ld+json\" class=\"yoast-schema-graph\">{\"@context\":\"https:\\\/\\\/schema.org\",\"@graph\":[{\"@type\":\"WebPage\",\"@id\":\"https:\\\/\\\/www.vaasanseudunareenat.fi\\\/lemonsoft-stadion\\\/vakio\\\/\",\"url\":\"https:\\\/\\\/www.vaasanseudunareenat.fi\\\/lemonsoft-stadion\\\/vakio\\\/\",\"name\":\"Vakiovuorot - Lemonsoft Stadion\",\"isPartOf\":{\"@id\":\"https:\\\/\\\/www.vaasanseudunareenat.fi\\\/lemonsoft-stadion\\\/#website\"},\"datePublished\":\"2025-01-15T09:46:32+00:00\",\"dateModified\":\"2026-02-04T11:16:02+00:00\",\"breadcrumb\":{\"@id\":\"https:\\\/\\\/www.vaasanseudunareenat.fi\\\/lemonsoft-stadion\\\/vakio\\\/#breadcrumb\"},\"inLanguage\":\"en-US\",\"potentialAction\":[{\"@type\":\"ReadAction\",\"target\":[\"https:\\\/\\\/www.vaasanseudunareenat.fi\\\/lemonsoft-stadion\\\/vakio\\\/\"]}]},{\"@type\":\"BreadcrumbList\",\"@id\":\"https:\\\/\\\/www.vaasanseudunareenat.fi\\\/lemonsoft-stadion\\\/vakio\\\/#breadcrumb\",\"itemListElement\":[{\"@type\":\"ListItem\",\"position\":1,\"name\":\"Home\",\"item\":\"https:\\\/\\\/www.vaasanseudunareenat.fi\\\/lemonsoft-stadion\\\/\"},{\"@type\":\"ListItem\",\"position\":2,\"name\":\"Vakiovuorot\"}]},{\"@type\":\"WebSite\",\"@id\":\"https:\\\/\\\/www.vaasanseudunareenat.fi\\\/lemonsoft-stadion\\\/#website\",\"url\":\"https:\\\/\\\/www.vaasanseudunareenat.fi\\\/lemonsoft-stadion\\\/\",\"name\":\"Lemonsoft Stadion\",\"description\":\"\",\"potentialAction\":[{\"@type\":\"SearchAction\",\"target\":{\"@type\":\"EntryPoint\",\"urlTemplate\":\"https:\\\/\\\/www.vaasanseudunareenat.fi\\\/lemonsoft-stadion\\\/?s={search_term_string}\"},\"query-input\":{\"@type\":\"PropertyValueSpecification\",\"valueRequired\":true,\"valueName\":\"search_term_string\"}}],\"inLanguage\":\"en-US\"}]}<\/script>\n<!-- \/ Yoast SEO plugin. -->","yoast_head_json":{"title":"Vakiovuorot - Lemonsoft Stadion","robots":{"index":"index","follow":"follow","max-snippet":"max-snippet:-1","max-image-preview":"max-image-preview:large","max-video-preview":"max-video-preview:-1"},"canonical":"https:\/\/www.vaasanseudunareenat.fi\/lemonsoft-stadion\/vakio\/","og_locale":"en_US","og_type":"article","og_title":"Vakiovuorot - Lemonsoft Stadion","og_url":"https:\/\/www.vaasanseudunareenat.fi\/lemonsoft-stadion\/vakio\/","og_site_name":"Lemonsoft Stadion","article_modified_time":"2026-02-04T11:16:02+00:00","twitter_card":"summary_large_image","schema":{"@context":"https:\/\/schema.org","@graph":[{"@type":"WebPage","@id":"https:\/\/www.vaasanseudunareenat.fi\/lemonsoft-stadion\/vakio\/","url":"https:\/\/www.vaasanseudunareenat.fi\/lemonsoft-stadion\/vakio\/","name":"Vakiovuorot - Lemonsoft Stadion","isPartOf":{"@id":"https:\/\/www.vaasanseudunareenat.fi\/lemonsoft-stadion\/#website"},"datePublished":"2025-01-15T09:46:32+00:00","dateModified":"2026-02-04T11:16:02+00:00","breadcrumb":{"@id":"https:\/\/www.vaasanseudunareenat.fi\/lemonsoft-stadion\/vakio\/#breadcrumb"},"inLanguage":"en-US","potentialAction":[{"@type":"ReadAction","target":["https:\/\/www.vaasanseudunareenat.fi\/lemonsoft-stadion\/vakio\/"]}]},{"@type":"BreadcrumbList","@id":"https:\/\/www.vaasanseudunareenat.fi\/lemonsoft-stadion\/vakio\/#breadcrumb","itemListElement":[{"@type":"ListItem","position":1,"name":"Home","item":"https:\/\/www.vaasanseudunareenat.fi\/lemonsoft-stadion\/"},{"@type":"ListItem","position":2,"name":"Vakiovuorot"}]},{"@type":"WebSite","@id":"https:\/\/www.vaasanseudunareenat.fi\/lemonsoft-stadion\/#website","url":"https:\/\/www.vaasanseudunareenat.fi\/lemonsoft-stadion\/","name":"Lemonsoft Stadion","description":"","potentialAction":[{"@type":"SearchAction","target":{"@type":"EntryPoint","urlTemplate":"https:\/\/www.vaasanseudunareenat.fi\/lemonsoft-stadion\/?s={search_term_string}"},"query-input":{"@type":"PropertyValueSpecification","valueRequired":true,"valueName":"search_term_string"}}],"inLanguage":"en-US"}]}},"lang":"fi","translations":{"fi":501,"sv":1059},"pll_sync_post":{},"_links":{"self":[{"href":"https:\/\/www.vaasanseudunareenat.fi\/lemonsoft-stadion\/wp-json\/wp\/v2\/pages\/501","targetHints":{"allow":["GET"]}}],"collection":[{"href":"https:\/\/www.vaasanseudunareenat.fi\/lemonsoft-stadion\/wp-json\/wp\/v2\/pages"}],"about":[{"href":"https:\/\/www.vaasanseudunareenat.fi\/lemonsoft-stadion\/wp-json\/wp\/v2\/types\/page"}],"author":[{"embeddable":true,"href":"https:\/\/www.vaasanseudunareenat.fi\/lemonsoft-stadion\/wp-json\/wp\/v2\/users\/6"}],"replies":[{"embeddable":true,"href":"https:\/\/www.vaasanseudunareenat.fi\/lemonsoft-stadion\/wp-json\/wp\/v2\/comments?post=501"}],"version-history":[{"count":22,"href":"https:\/\/www.vaasanseudunareenat.fi\/lemonsoft-stadion\/wp-json\/wp\/v2\/pages\/501\/revisions"}],"predecessor-version":[{"id":1323,"href":"https:\/\/www.vaasanseudunareenat.fi\/lemonsoft-stadion\/wp-json\/wp\/v2\/pages\/501\/revisions\/1323"}],"wp:attachment":[{"href":"https:\/\/www.vaasanseudunareenat.fi\/lemonsoft-stadion\/wp-json\/wp\/v2\/media?parent=501"}],"curies":[{"name":"wp","href":"https:\/\/api.w.org\/{rel}","templated":true}]}}