{"id":401,"date":"2024-11-04T15:32:38","date_gmt":"2024-11-04T13:32:38","guid":{"rendered":"https:\/\/www.vaasanseudunareenat.fi\/lemonsoft-stadion\/hinnastot\/"},"modified":"2026-01-29T12:31:18","modified_gmt":"2026-01-29T10:31:18","slug":"hinnastot","status":"publish","type":"page","link":"https:\/\/www.vaasanseudunareenat.fi\/lemonsoft-stadion\/hinnastot\/","title":{"rendered":"Hinnastot"},"content":{"rendered":"\n<section class=\"block block-hero has-overlay\">\n\t<div class=\"hero-inner\">\n\t\t\t\t\t<div class=\"image-container background-container\">\n\t\t\t\t<img decoding=\"async\" width=\"1920\" height=\"1080\" src=\"https:\/\/www.vaasanseudunareenat.fi\/lemonsoft-stadion\/wp-content\/uploads\/sites\/3\/2024\/12\/Outi-Jarvela-01-1920x1080.jpg\" class=\"img\" alt=\"\" fetchpriority=\"high\" srcset=\"https:\/\/www.vaasanseudunareenat.fi\/lemonsoft-stadion\/wp-content\/uploads\/sites\/3\/2024\/12\/Outi-Jarvela-01-1920x1080.jpg 1920w, https:\/\/www.vaasanseudunareenat.fi\/lemonsoft-stadion\/wp-content\/uploads\/sites\/3\/2024\/12\/Outi-Jarvela-01-1440x810.jpg 1440w, https:\/\/www.vaasanseudunareenat.fi\/lemonsoft-stadion\/wp-content\/uploads\/sites\/3\/2024\/12\/Outi-Jarvela-01-1024x576.jpg 1024w, https:\/\/www.vaasanseudunareenat.fi\/lemonsoft-stadion\/wp-content\/uploads\/sites\/3\/2024\/12\/Outi-Jarvela-01-768x432.jpg 768w, https:\/\/www.vaasanseudunareenat.fi\/lemonsoft-stadion\/wp-content\/uploads\/sites\/3\/2024\/12\/Outi-Jarvela-01-576x324.jpg 576w\" sizes=\"(max-width: 1920px) 100vw, 1920px\" \/>\t\t\t<\/div>\n\t\t\t\n\t\t\t\t<div class=\"container text-center\">\n\t\t\t<div class=\"hero-content\">\n\t\t\t\t<h1 class=\"title h1\">Lemonsoft Stadionin hinnastot<\/h1>\n\t\t\t\t\n\t\t\t\t\t\t\t<\/div>\n\t\t<\/div>\n\n\t\t<div class=\"hero-columns grid-columns-2\">\n\t\t\t\n\t\t\t\t\t<\/div>\n\t<\/div>\n<\/section>\n\n\n\n<section class=\"block block-columns theme-light show-in-boxes\">\n\t<div class=\"container\">\n\t\t\t\t\t<header class=\"header\">\n\t\t\t\t<h2 class=\"title h2\">Katso kaikki hinnat <\/h2>\n\t\t\t\t\t\t\t\t\t<div class=\"description\">\n\t\t\t\t\t\t<p>Lemonsoft Stadionin vuoroja voit varata s\u00e4hk\u00f6postitse: info@vaasanseudunareenat.fi<\/p>\n<p>Hintoihin sis\u00e4ltyy alv 13,5 %. Sauna, kokoustila, pukuhuone, v\u00e4linevuokraus ja testaukset 25,50 %.<\/p>\n<p>Tutustu hintoihin alla:<\/p>\n<p><a href=\"https:\/\/www.vaasanseudunareenat.fi\/lemonsoft-stadion\/wp-content\/uploads\/sites\/3\/2026\/01\/lemonsoft-stadionin-hinnasto-2026.pdf\">lemonsoft stadionin hinnasto 2026<\/a><\/p>\n\t\t\t\t\t<\/div>\n\t\t\t\t\t\t\t<\/header>\n\t\t\n\t\t\t\t\t<div class=\"columns grid-columns-3 text-center\">\n\t\t\t\t\t\t\t\t\t<div class=\"column\">\n\t\t\t\t\t\t\n\t\t\t\t\t\t<h3 class=\"title h4\"><a class=\"title-link\" href=\"https:\/\/www.vaasanseudunareenat.fi\/lemonsoft-stadion\/hinnastot\/#urheiluseurat\" target=\"_self\">Urheiluseurat <\/a><\/h3>\t\t\t\t\t\t\n\t\t\t\t\t\t\n\t\t\t\t\t\t\n\t<ul class=\"buttons\">\n\t\t\t\t\t<li class=\"button-item\">\n\t\t\t\t\t\t\t<\/li>\n\t\t\t<\/ul>\n\t\t\t\t\t\t<\/div>\n\t\t\t\t\t\t\t\t\t<div class=\"column\">\n\t\t\t\t\t\t\n\t\t\t\t\t\t<h3 class=\"title h4\"><a class=\"title-link\" href=\"https:\/\/www.vaasanseudunareenat.fi\/lemonsoft-stadion\/hinnastot\/#ottelu-ja-turnaushinnat\" target=\"_self\">Ottelu ja turnaushinnat<\/a><\/h3>\t\t\t\t\t\t\n\t\t\t\t\t\t\n\t\t\t\t\t\t\t\t\t\t\t<\/div>\n\t\t\t\t\t\t\t\t\t<div class=\"column\">\n\t\t\t\t\t\t\n\t\t\t\t\t\t<h3 class=\"title h4\"><a class=\"title-link\" href=\"https:\/\/www.vaasanseudunareenat.fi\/lemonsoft-stadion\/hinnastot\/#talvikaytto\" target=\"_self\">Talvik\u00e4ytt\u00f6 <\/a><\/h3>\t\t\t\t\t\t\n\t\t\t\t\t\t\n\t\t\t\t\t\t\t\t\t\t\t<\/div>\n\t\t\t\t\t\t\t<\/div>\n\t\t\n\t\t\t<\/div>\n<\/section>\n\n\n\n<div style=\"height:48px\" aria-hidden=\"true\" class=\"wp-block-spacer\"><\/div>\n\n\n\n<h3 class=\"wp-block-heading\" id=\"urheiluseurat\">Urheiluseurat<\/h3>\n\n\n\n<table id=\"tablepress-1\" class=\"tablepress tablepress-id-1 tbody-has-connected-cells\">\n<thead>\n<tr class=\"row-1\">\n\t<th colspan=\"3\" class=\"column-1\"><h4> Harjoitushinnat \/ h<\/th><th class=\"column-4\"><h4> Arkisin klo 16 asti<\/th><th class=\"column-5\"><h4> Arkisin klo 16 j\u00e4lkeen,<br \/>\nla-su ja arkipyh\u00e4t<\/th>\n<\/tr>\n<\/thead>\n<tbody class=\"row-striping\">\n<tr class=\"row-2\">\n\t<td rowspan=\"4\" class=\"column-1\">Vaasan seurat<\/td><td rowspan=\"2\" class=\"column-2\">koko kentt\u00e4<\/td><td class=\"column-3\">kes\u00e4-syyskuu<\/td><td class=\"column-4\">48,20<\/td><td class=\"column-5\">73,10<\/td>\n<\/tr>\n<tr class=\"row-3\">\n\t<td class=\"column-3\">muut kuukaudet<\/td><td class=\"column-4\">73,10<\/td><td class=\"column-5\">133,70<\/td>\n<\/tr>\n<tr class=\"row-4\">\n\t<td rowspan=\"2\" class=\"column-2\">1\/2 kentt\u00e4\u00e4<\/td><td class=\"column-3\">kes\u00e4-syyskuu<\/td><td class=\"column-4\">36,80<\/td><td class=\"column-5\">48,80<\/td>\n<\/tr>\n<tr class=\"row-5\">\n\t<td class=\"column-3\">muut kuukaudet<\/td><td class=\"column-4\">48,80<\/td><td class=\"column-5\">85,20<\/td>\n<\/tr>\n<tr class=\"row-6\">\n\t<td rowspan=\"4\" class=\"column-1\">Vaasan seurat \/ juniorit<\/td><td rowspan=\"2\" class=\"column-2\">koko kentt\u00e4<\/td><td class=\"column-3\">kes\u00e4-syyskuu<\/td><td class=\"column-4\">36,80<\/td><td class=\"column-5\">48,80<\/td>\n<\/tr>\n<tr class=\"row-7\">\n\t<td class=\"column-3\">muut kuukaudet<\/td><td class=\"column-4\">48,80<\/td><td class=\"column-5\">109,50<\/td>\n<\/tr>\n<tr class=\"row-8\">\n\t<td rowspan=\"2\" class=\"column-2\">1\/2 kentt\u00e4\u00e4<\/td><td class=\"column-3\">kes\u00e4-syyskuu<\/td><td class=\"column-4\">24,70<\/td><td class=\"column-5\">36,80<\/td>\n<\/tr>\n<tr class=\"row-9\">\n\t<td class=\"column-3\">muut kuukaudet<\/td><td class=\"column-4\">36,80<\/td><td class=\"column-5\">60,90<\/td>\n<\/tr>\n<tr class=\"row-10\">\n\t<td rowspan=\"4\" class=\"column-1\">Muut seurat ja yritykset<\/td><td rowspan=\"2\" class=\"column-2\">koko kentt\u00e4<\/td><td class=\"column-3\">kes\u00e4-syyskuu<\/td><td class=\"column-4\">97,30<\/td><td class=\"column-5\">145,90<\/td>\n<\/tr>\n<tr class=\"row-11\">\n\t<td class=\"column-3\">muut kuukaudet<\/td><td class=\"column-4\">145,90<\/td><td class=\"column-5\">267,40<\/td>\n<\/tr>\n<tr class=\"row-12\">\n\t<td rowspan=\"2\" class=\"column-2\">1\/2 kentt\u00e4\u00e4<\/td><td class=\"column-3\">kes\u00e4-syyskuu<\/td><td class=\"column-4\">73,10<\/td><td class=\"column-5\">97,30<\/td>\n<\/tr>\n<tr class=\"row-13\">\n\t<td class=\"column-3\">muut kuukaudet<\/td><td class=\"column-4\">97,30<\/td><td class=\"column-5\">170,30<\/td>\n<\/tr>\n<tr class=\"row-14\">\n\t<td rowspan=\"3\" class=\"column-1\">Vaasalaiset koulu- ja p\u00e4iv\u00e4kotiluokat<\/td><td rowspan=\"2\" class=\"column-2\">koko kentt\u00e4<\/td><td class=\"column-3\">kes\u00e4-syyskuu<\/td><td class=\"column-4\">17,20<\/td><td class=\"column-5\">17,20<\/td>\n<\/tr>\n<tr class=\"row-15\">\n\t<td class=\"column-3\">muut kuukaudet<\/td><td class=\"column-4\">22,90<\/td><td class=\"column-5\">22,90<\/td>\n<\/tr>\n<tr class=\"row-16\">\n\t<td class=\"column-2\">1\/2 kentt\u00e4\u00e4<\/td><td class=\"column-3\">kes\u00e4-syyskuu<\/td><td class=\"column-4\">8,80<\/td><td class=\"column-5\">8,80<\/td>\n<\/tr>\n<tr class=\"row-17\">\n\t<td class=\"column-1\"><\/td><td class=\"column-2\"><\/td><td class=\"column-3\">muut kuukaudet<\/td><td class=\"column-4\">11,40<\/td><td class=\"column-5\">11,40<\/td>\n<\/tr>\n<\/tbody>\n<\/table>\n\n\n\n\n<p><strong>*<\/strong> Lis\u00e4tunnit harjoitustunnin hinnalla.<br><strong>**<\/strong> Hintaan sis. 2. krs kioskin k\u00e4ytt\u00f6 (1 kpl).<br><strong>*** <\/strong>Turnaushinta sis\u00e4lt\u00e4\u00e4 2 pukuhuonetta. Lis\u00e4pukuhuoneet 36.00 \u20ac \/ kerta.<\/p>\n\n\n\n<div style=\"height:50px\" aria-hidden=\"true\" class=\"wp-block-spacer\"><\/div>\n\n\n\n<h3 class=\"wp-block-heading\" id=\"ottelu-ja-turnaushinnat\">Ottelu- ja turnaushinnat<\/h3>\n\n\n\n<table id=\"tablepress-2\" class=\"tablepress tablepress-id-2 tbody-has-connected-cells\">\n<thead>\n<tr class=\"row-1\">\n\t<td colspan=\"3\" class=\"column-1\"><\/td><th class=\"column-4\"><h4> Arkisin klo 16 asti<\/th><th class=\"column-5\"><h4> Arkisin klo 16 j\u00e4lkeen, <br \/>\nla-su ja arkipyh\u00e4t<\/th>\n<\/tr>\n<\/thead>\n<tbody>\n<tr class=\"row-2\">\n\t<td colspan=\"4\" class=\"column-1\">Liigaottelu<\/td><td class=\"column-5\">1275,20<\/td>\n<\/tr>\n<tr class=\"row-3\">\n\t<td colspan=\"4\" class=\"column-1\">Maaottelu<\/td><td class=\"column-5\">1518,10<\/td>\n<\/tr>\n<tr class=\"row-4\">\n\t<td rowspan=\"4\" class=\"column-1\">Vaasan seurat, <br \/>\nottelu \/ 3 tuntia ***<\/td><td rowspan=\"2\" class=\"column-2\">koko kentt\u00e4<\/td><td class=\"column-3\">kes\u00e4-syyskuu<\/td><td class=\"column-4\">364,50<\/td><td class=\"column-5\">364,50<\/td>\n<\/tr>\n<tr class=\"row-5\">\n\t<td class=\"column-3\">muut kuukaudet<\/td><td class=\"column-4\">501,20<\/td><td class=\"column-5\">501,20<\/td>\n<\/tr>\n<tr class=\"row-6\">\n\t<td rowspan=\"2\" class=\"column-2\">1\/2 kentt\u00e4<\/td><td class=\"column-3\">kes\u00e4-syyskuu<\/td><td class=\"column-4\">243,20<\/td><td class=\"column-5\">243,20<\/td>\n<\/tr>\n<tr class=\"row-7\">\n\t<td class=\"column-3\">muut kuukaudet<\/td><td class=\"column-4\">334,20<\/td><td class=\"column-5\">334,20<\/td>\n<\/tr>\n<tr class=\"row-8\">\n\t<td rowspan=\"4\" class=\"column-1\">Vaasan seurat \/ juniorit \/ tunti ** \/ ***<\/td><td class=\"column-2\">koko kentt\u00e4<\/td><td class=\"column-3\">kes\u00e4-syykuu<\/td><td class=\"column-4\">54,90<\/td><td class=\"column-5\">73,20<\/td>\n<\/tr>\n<tr class=\"row-9\">\n\t<td class=\"column-2\"><\/td><td class=\"column-3\">muut kuukaudet<\/td><td class=\"column-4\">73,20<\/td><td class=\"column-5\">164,30<\/td>\n<\/tr>\n<tr class=\"row-10\">\n\t<td class=\"column-2\">1\/2 kentt\u00e4<\/td><td class=\"column-3\">kes\u00e4-syyskuu<\/td><td class=\"column-4\">36,90<\/td><td class=\"column-5\">54,90<\/td>\n<\/tr>\n<tr class=\"row-11\">\n\t<td class=\"column-2\"><\/td><td class=\"column-3\">muut kuukaudet<\/td><td class=\"column-4\">54,90<\/td><td class=\"column-5\">91,40<\/td>\n<\/tr>\n<tr class=\"row-12\">\n\t<td rowspan=\"4\" class=\"column-1\">Vaasalaiset koululuokat \/ tunti<\/td><td rowspan=\"2\" class=\"column-2\">koko kentt\u00e4<\/td><td class=\"column-3\">kes\u00e4-syyskuu<\/td><td class=\"column-4\">25,90<\/td><td class=\"column-5\">25,90<\/td>\n<\/tr>\n<tr class=\"row-13\">\n\t<td class=\"column-3\">muut kuukaudet<\/td><td class=\"column-4\">34,90<\/td><td class=\"column-5\">34,90<\/td>\n<\/tr>\n<tr class=\"row-14\">\n\t<td rowspan=\"2\" class=\"column-2\">1\/2 kentt\u00e4<\/td><td class=\"column-3\">kes\u00e4-syyskuu<\/td><td class=\"column-4\">13,00<\/td><td class=\"column-5\">13,00<\/td>\n<\/tr>\n<tr class=\"row-15\">\n\t<td class=\"column-3\">muut kuukaudet<\/td><td class=\"column-4\">17,20<\/td><td class=\"column-5\">17,20<\/td>\n<\/tr>\n<tr class=\"row-16\">\n\t<td colspan=\"2\" rowspan=\"2\" class=\"column-1\">Muut seurat ja yritykset otteluhinta \/ tunti<\/td><td class=\"column-3\">kes\u00e4-syyskuu<\/td><td class=\"column-4\">485,80<\/td><td class=\"column-5\">485,80<\/td>\n<\/tr>\n<tr class=\"row-17\">\n\t<td class=\"column-3\">muut kuukaudet<\/td><td class=\"column-4\">631,80<\/td><td class=\"column-5\">631,80<\/td>\n<\/tr>\n<tr class=\"row-18\">\n\t<td colspan=\"5\" class=\"column-1\">Valot \/ ottelu, lis\u00e4maksu 75,90\u20ac<\/td>\n<\/tr>\n<\/tbody>\n<tfoot>\n<tr class=\"row-19\">\n\t<th colspan=\"5\" class=\"column-1\">Hintoihin sis\u00e4ltyy alv 14 %. Sauna, kokous, pukuhuone, v\u00e4linevuokraus ja testaukset 25,50 %.<\/th>\n<\/tr>\n<\/tfoot>\n<\/table>\n\n\n\n\n<p>* Lis\u00e4tunnit harjoitustunnin hinnalla.<br>** Hintaan sis. 2. krs kioskin k\u00e4ytt\u00f6 (1 kpl).<br>*** Turnaushinta sis\u00e4lt\u00e4\u00e4 2 pukuhuonetta. Lis\u00e4pukuhuoneet 36,00 \u20ac \/ kerta.<\/p>\n\n\n\n<div style=\"height:50px\" aria-hidden=\"true\" class=\"wp-block-spacer\"><\/div>\n\n\n\n<h3 class=\"wp-block-heading\" id=\"talvikaytto\">Talvik\u00e4ytt\u00f6<\/h3>\n\n\n\n<hr class=\"wp-block-separator has-alpha-channel-opacity\" \/>\n\n\n\n<h4 class=\"wp-block-heading\">Ajankohdat <\/h4>\n\n\n\n<ul class=\"wp-block-list\">\n<li>Yksitt\u00e4iset varaukset (ei l\u00e4mmityst\u00e4, eik\u00e4 talvikunnossapitoa) 1.11.2024-7.1.2025<\/li>\n\n\n\n<li>1.vakiovuorokausi: 7.1.-31.5.2025<\/li>\n\n\n\n<li>2.vakiovuorokausi: 1.6.\u201331.10.2025<\/li>\n\n\n\n<li>Kaikki vakiovuorot jaetaan Vaasan liikuntapalveluissa (lokakuun alkupuolella). Hakuaika 12.\u201330.9.2024<\/li>\n\n\n\n<li>Pid\u00e4t\u00e4mme oikeuden perua vuoroja poikkeavista olosuhteista johtuen. Hintamuutokset mahdollisia<\/li>\n<\/ul>\n\n\n\n<hr class=\"wp-block-separator has-alpha-channel-opacity\" \/>\n\n\n\n<div style=\"height:51px\" aria-hidden=\"true\" class=\"wp-block-spacer\"><\/div>\n\n\n\n<table id=\"tablepress-3\" class=\"tablepress tablepress-id-3\">\n<thead>\n<tr class=\"row-1\">\n\t<th colspan=\"3\" class=\"column-1\"><h4>Hinnat<\/th><th class=\"column-4\">7.1.-31.3.2025<\/th>\n<\/tr>\n<\/thead>\n<tbody>\n<tr class=\"row-2\">\n\t<td class=\"column-1\">Vaasalaiset urheiluseurat<\/td><td class=\"column-2\"><\/td><td class=\"column-3\"><\/td><td class=\"column-4\">181,90<\/td>\n<\/tr>\n<tr class=\"row-3\">\n\t<td class=\"column-1\">Muut seurat, yritykset, yksityiset <\/td><td class=\"column-2\"><\/td><td class=\"column-3\"><\/td><td class=\"column-4\">367,70<\/td>\n<\/tr>\n<tr class=\"row-4\">\n\t<td class=\"column-1\">Vaasan koulut<\/td><td class=\"column-2\"><\/td><td class=\"column-3\"><\/td><td class=\"column-4\">85,80<\/td>\n<\/tr>\n<\/tbody>\n<tfoot>\n<tr class=\"row-5\">\n\t<th colspan=\"4\" class=\"column-1\">Muut ajat normaalisti hinnaston mukaan.<\/th>\n<\/tr>\n<\/tfoot>\n<\/table>\n\n\n\n\n<table id=\"tablepress-4\" class=\"tablepress tablepress-id-4 tbody-has-connected-cells\">\n<thead>\n<tr class=\"row-1\">\n\t<th colspan=\"2\" class=\"column-1\"><h4> Muut hinnat<\/th><th class=\"column-3\"><h4> Arkisin klo 16 asti<\/th><th class=\"column-4\"><h4> Arkisin klo 16 j\u00e4lkeen,<br \/>\nla-su ja arkipyh\u00e4t<\/th>\n<\/tr>\n<\/thead>\n<tbody class=\"row-striping\">\n<tr class=\"row-2\">\n\t<td rowspan=\"2\" class=\"column-1\">Kokoustilat<\/td><td class=\"column-2\">Vaasan seurat<\/td><td class=\"column-3\">24,20<\/td><td class=\"column-4\">24,20<\/td>\n<\/tr>\n<tr class=\"row-3\">\n\t<td class=\"column-2\">Muut \/ kerta<\/td><td class=\"column-3\">95,10<\/td><td class=\"column-4\">95,10<\/td>\n<\/tr>\n<tr class=\"row-4\">\n\t<td class=\"column-1\">Kioskivuokra \/ ottelu<\/td><td class=\"column-2\"><\/td><td class=\"column-3\">114,20<\/td><td class=\"column-4\">114,20<\/td>\n<\/tr>\n<tr class=\"row-5\">\n\t<td class=\"column-1\">Kuntosali, yksityisesti \/ tunti<br \/>\n(kuntosalin k\u00e4ytt\u00f6 sis. vuorohintaan)<\/td><td class=\"column-2\"><\/td><td class=\"column-3\">36,80<\/td><td class=\"column-4\">36,80<\/td>\n<\/tr>\n<tr class=\"row-6\">\n\t<td class=\"column-1\">Pukuhuone vuoron ulkopuolella \/ kerta<\/td><td class=\"column-2\"><\/td><td class=\"column-3\">36,00<\/td><td class=\"column-4\">36,00<\/td>\n<\/tr>\n<tr class=\"row-7\">\n\t<td class=\"column-1\">Vaasan seurat \/ juniorit<\/td><td class=\"column-2\"><\/td><td class=\"column-3\"><\/td><td class=\"column-4\"><\/td>\n<\/tr>\n<tr class=\"row-8\">\n\t<td class=\"column-1\">Pyykinpesukoneen k\u00e4ytt\u00f6 \/ kerta<\/td><td class=\"column-2\"><\/td><td class=\"column-3\">2,50<\/td><td class=\"column-4\">2,50<\/td>\n<\/tr>\n<\/tbody>\n<tfoot>\n<tr class=\"row-9\">\n\t<th colspan=\"4\" class=\"column-1\">Hintoihin sis\u00e4ltyy alv 14% . Pukuhuone- ja kokoustilojen hitoihin 25,50 %<\/th>\n<\/tr>\n<\/tfoot>\n<\/table>\n\n","protected":false},"excerpt":{"rendered":"<p>Urheiluseurat * Lis\u00e4tunnit harjoitustunnin hinnalla.** Hintaan sis. 2. krs kioskin k\u00e4ytt\u00f6 (1 kpl).*** Turnaushinta sis\u00e4lt\u00e4\u00e4 2 pukuhuonetta. Lis\u00e4pukuhuoneet 36.00 \u20ac \/ kerta. Ottelu- ja turnaushinnat\u2026<\/p>\n","protected":false},"author":2,"featured_media":0,"parent":0,"menu_order":0,"comment_status":"closed","ping_status":"closed","template":"","meta":{"_acf_changed":false,"footnotes":""},"class_list":["post-401","page","type-page","status-publish","hentry"],"acf":[],"yoast_head":"<!-- This site is optimized with the Yoast SEO plugin v27.5 - https:\/\/yoast.com\/product\/yoast-seo-wordpress\/ -->\n<title>Hinnastot - Lemonsoft Stadion<\/title>\n<meta name=\"robots\" content=\"index, follow, max-snippet:-1, max-image-preview:large, max-video-preview:-1\" \/>\n<link rel=\"canonical\" href=\"https:\/\/www.vaasanseudunareenat.fi\/lemonsoft-stadion\/hinnastot\/\" \/>\n<meta property=\"og:locale\" content=\"en_US\" \/>\n<meta property=\"og:type\" content=\"article\" \/>\n<meta property=\"og:title\" content=\"Hinnastot - Lemonsoft Stadion\" \/>\n<meta property=\"og:description\" content=\"Urheiluseurat * Lis\u00e4tunnit harjoitustunnin hinnalla.** Hintaan sis. 2. krs kioskin k\u00e4ytt\u00f6 (1 kpl).*** Turnaushinta sis\u00e4lt\u00e4\u00e4 2 pukuhuonetta. Lis\u00e4pukuhuoneet 36.00 \u20ac \/ kerta. Ottelu- ja turnaushinnat\u2026\" \/>\n<meta property=\"og:url\" content=\"https:\/\/www.vaasanseudunareenat.fi\/lemonsoft-stadion\/hinnastot\/\" \/>\n<meta property=\"og:site_name\" content=\"Lemonsoft Stadion\" \/>\n<meta property=\"article:modified_time\" content=\"2026-01-29T10:31:18+00:00\" \/>\n<meta name=\"twitter:card\" content=\"summary_large_image\" \/>\n<meta name=\"twitter:label1\" content=\"Est. reading time\" \/>\n\t<meta name=\"twitter:data1\" content=\"1 minute\" \/>\n<script type=\"application\/ld+json\" class=\"yoast-schema-graph\">{\"@context\":\"https:\\\/\\\/schema.org\",\"@graph\":[{\"@type\":\"WebPage\",\"@id\":\"https:\\\/\\\/www.vaasanseudunareenat.fi\\\/lemonsoft-stadion\\\/hinnastot\\\/\",\"url\":\"https:\\\/\\\/www.vaasanseudunareenat.fi\\\/lemonsoft-stadion\\\/hinnastot\\\/\",\"name\":\"Hinnastot - Lemonsoft Stadion\",\"isPartOf\":{\"@id\":\"https:\\\/\\\/www.vaasanseudunareenat.fi\\\/lemonsoft-stadion\\\/#website\"},\"datePublished\":\"2024-11-04T13:32:38+00:00\",\"dateModified\":\"2026-01-29T10:31:18+00:00\",\"breadcrumb\":{\"@id\":\"https:\\\/\\\/www.vaasanseudunareenat.fi\\\/lemonsoft-stadion\\\/hinnastot\\\/#breadcrumb\"},\"inLanguage\":\"en-US\",\"potentialAction\":[{\"@type\":\"ReadAction\",\"target\":[\"https:\\\/\\\/www.vaasanseudunareenat.fi\\\/lemonsoft-stadion\\\/hinnastot\\\/\"]}]},{\"@type\":\"BreadcrumbList\",\"@id\":\"https:\\\/\\\/www.vaasanseudunareenat.fi\\\/lemonsoft-stadion\\\/hinnastot\\\/#breadcrumb\",\"itemListElement\":[{\"@type\":\"ListItem\",\"position\":1,\"name\":\"Home\",\"item\":\"https:\\\/\\\/www.vaasanseudunareenat.fi\\\/lemonsoft-stadion\\\/\"},{\"@type\":\"ListItem\",\"position\":2,\"name\":\"Hinnastot\"}]},{\"@type\":\"WebSite\",\"@id\":\"https:\\\/\\\/www.vaasanseudunareenat.fi\\\/lemonsoft-stadion\\\/#website\",\"url\":\"https:\\\/\\\/www.vaasanseudunareenat.fi\\\/lemonsoft-stadion\\\/\",\"name\":\"Lemonsoft Stadion\",\"description\":\"\",\"potentialAction\":[{\"@type\":\"SearchAction\",\"target\":{\"@type\":\"EntryPoint\",\"urlTemplate\":\"https:\\\/\\\/www.vaasanseudunareenat.fi\\\/lemonsoft-stadion\\\/?s={search_term_string}\"},\"query-input\":{\"@type\":\"PropertyValueSpecification\",\"valueRequired\":true,\"valueName\":\"search_term_string\"}}],\"inLanguage\":\"en-US\"}]}<\/script>\n<!-- \/ Yoast SEO plugin. -->","yoast_head_json":{"title":"Hinnastot - Lemonsoft Stadion","robots":{"index":"index","follow":"follow","max-snippet":"max-snippet:-1","max-image-preview":"max-image-preview:large","max-video-preview":"max-video-preview:-1"},"canonical":"https:\/\/www.vaasanseudunareenat.fi\/lemonsoft-stadion\/hinnastot\/","og_locale":"en_US","og_type":"article","og_title":"Hinnastot - Lemonsoft Stadion","og_description":"Urheiluseurat * Lis\u00e4tunnit harjoitustunnin hinnalla.** Hintaan sis. 2. krs kioskin k\u00e4ytt\u00f6 (1 kpl).*** Turnaushinta sis\u00e4lt\u00e4\u00e4 2 pukuhuonetta. Lis\u00e4pukuhuoneet 36.00 \u20ac \/ kerta. Ottelu- ja turnaushinnat\u2026","og_url":"https:\/\/www.vaasanseudunareenat.fi\/lemonsoft-stadion\/hinnastot\/","og_site_name":"Lemonsoft Stadion","article_modified_time":"2026-01-29T10:31:18+00:00","twitter_card":"summary_large_image","twitter_misc":{"Est. reading time":"1 minute"},"schema":{"@context":"https:\/\/schema.org","@graph":[{"@type":"WebPage","@id":"https:\/\/www.vaasanseudunareenat.fi\/lemonsoft-stadion\/hinnastot\/","url":"https:\/\/www.vaasanseudunareenat.fi\/lemonsoft-stadion\/hinnastot\/","name":"Hinnastot - Lemonsoft Stadion","isPartOf":{"@id":"https:\/\/www.vaasanseudunareenat.fi\/lemonsoft-stadion\/#website"},"datePublished":"2024-11-04T13:32:38+00:00","dateModified":"2026-01-29T10:31:18+00:00","breadcrumb":{"@id":"https:\/\/www.vaasanseudunareenat.fi\/lemonsoft-stadion\/hinnastot\/#breadcrumb"},"inLanguage":"en-US","potentialAction":[{"@type":"ReadAction","target":["https:\/\/www.vaasanseudunareenat.fi\/lemonsoft-stadion\/hinnastot\/"]}]},{"@type":"BreadcrumbList","@id":"https:\/\/www.vaasanseudunareenat.fi\/lemonsoft-stadion\/hinnastot\/#breadcrumb","itemListElement":[{"@type":"ListItem","position":1,"name":"Home","item":"https:\/\/www.vaasanseudunareenat.fi\/lemonsoft-stadion\/"},{"@type":"ListItem","position":2,"name":"Hinnastot"}]},{"@type":"WebSite","@id":"https:\/\/www.vaasanseudunareenat.fi\/lemonsoft-stadion\/#website","url":"https:\/\/www.vaasanseudunareenat.fi\/lemonsoft-stadion\/","name":"Lemonsoft Stadion","description":"","potentialAction":[{"@type":"SearchAction","target":{"@type":"EntryPoint","urlTemplate":"https:\/\/www.vaasanseudunareenat.fi\/lemonsoft-stadion\/?s={search_term_string}"},"query-input":{"@type":"PropertyValueSpecification","valueRequired":true,"valueName":"search_term_string"}}],"inLanguage":"en-US"}]}},"lang":"fi","translations":{"fi":401,"sv":1067},"pll_sync_post":{},"_links":{"self":[{"href":"https:\/\/www.vaasanseudunareenat.fi\/lemonsoft-stadion\/wp-json\/wp\/v2\/pages\/401","targetHints":{"allow":["GET"]}}],"collection":[{"href":"https:\/\/www.vaasanseudunareenat.fi\/lemonsoft-stadion\/wp-json\/wp\/v2\/pages"}],"about":[{"href":"https:\/\/www.vaasanseudunareenat.fi\/lemonsoft-stadion\/wp-json\/wp\/v2\/types\/page"}],"author":[{"embeddable":true,"href":"https:\/\/www.vaasanseudunareenat.fi\/lemonsoft-stadion\/wp-json\/wp\/v2\/users\/2"}],"replies":[{"embeddable":true,"href":"https:\/\/www.vaasanseudunareenat.fi\/lemonsoft-stadion\/wp-json\/wp\/v2\/comments?post=401"}],"version-history":[{"count":50,"href":"https:\/\/www.vaasanseudunareenat.fi\/lemonsoft-stadion\/wp-json\/wp\/v2\/pages\/401\/revisions"}],"predecessor-version":[{"id":1317,"href":"https:\/\/www.vaasanseudunareenat.fi\/lemonsoft-stadion\/wp-json\/wp\/v2\/pages\/401\/revisions\/1317"}],"wp:attachment":[{"href":"https:\/\/www.vaasanseudunareenat.fi\/lemonsoft-stadion\/wp-json\/wp\/v2\/media?parent=401"}],"curies":[{"name":"wp","href":"https:\/\/api.w.org\/{rel}","templated":true}]}}