{"id":2,"date":"2024-10-15T05:39:51","date_gmt":"2024-10-15T05:39:51","guid":{"rendered":"https:\/\/www.vaasanseudunareenat.fi\/lemonsoft-stadion\/?page_id=2"},"modified":"2025-06-24T10:10:16","modified_gmt":"2025-06-24T07:10:16","slug":"sample-page","status":"publish","type":"page","link":"https:\/\/www.vaasanseudunareenat.fi\/lemonsoft-stadion\/sample-page\/","title":{"rendered":"Urheiluseuroille"},"content":{"rendered":"\n<section class=\"block block-hero has-overlay\">\n\t<div class=\"hero-inner\">\n\t\t\t\t\t<div class=\"image-container background-container\">\n\t\t\t\t<img decoding=\"async\" width=\"800\" height=\"599\" src=\"https:\/\/www.vaasanseudunareenat.fi\/lemonsoft-stadion\/wp-content\/uploads\/sites\/3\/2024\/11\/Stadion-Ilmakuva-2_11_2016.jpg\" class=\"img\" alt=\"\" fetchpriority=\"high\" srcset=\"https:\/\/www.vaasanseudunareenat.fi\/lemonsoft-stadion\/wp-content\/uploads\/sites\/3\/2024\/11\/Stadion-Ilmakuva-2_11_2016.jpg 800w, https:\/\/www.vaasanseudunareenat.fi\/lemonsoft-stadion\/wp-content\/uploads\/sites\/3\/2024\/11\/Stadion-Ilmakuva-2_11_2016-300x225.jpg 300w, https:\/\/www.vaasanseudunareenat.fi\/lemonsoft-stadion\/wp-content\/uploads\/sites\/3\/2024\/11\/Stadion-Ilmakuva-2_11_2016-768x576.jpg 768w, https:\/\/www.vaasanseudunareenat.fi\/lemonsoft-stadion\/wp-content\/uploads\/sites\/3\/2024\/11\/Stadion-Ilmakuva-2_11_2016-468x351.jpg 468w, https:\/\/www.vaasanseudunareenat.fi\/lemonsoft-stadion\/wp-content\/uploads\/sites\/3\/2024\/11\/Stadion-Ilmakuva-2_11_2016-352x264.jpg 352w\" sizes=\"(max-width: 800px) 100vw, 800px\" \/>\t\t\t<\/div>\n\t\t\t\n\t\t\t\t<div class=\"container text-left\">\n\t\t\t<div class=\"hero-content\">\n\t\t\t\t<h1 class=\"title h1\">Palvelut urheiluseuroille <\/h1>\n\t\t\t\t\t\t\t\t\t<div class=\"content-wysiwyg\">\n\t\t\t\t\t\t<p>Ulkoilma Stadion &#8211; t\u00e4ynn\u00e4 unelmia!<\/p>\n\t\t\t\t\t<\/div>\n\t\t\t\t\n\t\t\t\t\t\t\t<\/div>\n\t\t<\/div>\n\n\t\t<div class=\"hero-columns grid-columns-2\">\n\t\t\t\n\t\t\t\t\t<\/div>\n\t<\/div>\n<\/section>\n\n\n\n<section class=\"block block-columns theme-white\">\n\t<div class=\"container\">\n\t\t\t\t\t<header class=\"header\">\n\t\t\t\t<h2 class=\"title h2\">Tilojen varaus <\/h2>\n\t\t\t\t\t\t\t\t\t<div class=\"description\">\n\t\t\t\t\t\t<p>Ota yhteytt\u00e4 s\u00e4hk\u00f6postitse\u00a0<a href=\"mailto:info@vaasanseudunareenat.fi\">\u00a0info@vaasanseudunareenat.fi<\/a>\u00a0tai puhelimella 0201 201\u00a0700.<\/p>\n<p>Varauskalenteri Timmiss\u00e4 voit selailla varattuja ja vapaina olevia vuoroja.<\/p>\n\t\t\t\t\t<\/div>\n\t\t\t\t\t\t\t<\/header>\n\t\t\n\t\t\n\t\t\t\t\t<footer class=\"footer\">\n\t\t\t\t\n\t<ul class=\"buttons\">\n\t\t\t\t\t<li class=\"button-item\">\n\t\t\t\t<a href=\"https:\/\/varaus.vaasa.fi\/WebTimmi\/#\/18?errorMsg=errorLogin\" class=\"button\" target=\"_blank\">Varauskalenteri<\/a>\t\t\t<\/li>\n\t\t\t\t\t<li class=\"button-item\">\n\t\t\t\t<a href=\"https:\/\/www.vaasanseudunareenat.fi\/lemonsoft-stadion\/wp-content\/uploads\/sites\/3\/2024\/11\/lemonsoft-stadion-hinnasto-2024-FI.pdf\" class=\"button\" target=\"_self\">Hinnasto<\/a>\t\t\t<\/li>\n\t\t\t<\/ul>\n\t\t\t\t<\/footer>\n\t\t\t<\/div>\n<\/section>\n\n\n\n<section class=\"block block-banner layout-right theme-white has-image image-sizing-cover image-inside-container image-rounded-corners\">\n\t\t\t<div class=\"image-container \">\n\t\t\t<img loading=\"lazy\" decoding=\"async\" width=\"800\" height=\"534\" src=\"https:\/\/www.vaasanseudunareenat.fi\/lemonsoft-stadion\/wp-content\/uploads\/sites\/3\/2024\/11\/Pukuhuone_11_2016.jpg\" class=\"img\" alt=\"\" srcset=\"https:\/\/www.vaasanseudunareenat.fi\/lemonsoft-stadion\/wp-content\/uploads\/sites\/3\/2024\/11\/Pukuhuone_11_2016.jpg 800w, https:\/\/www.vaasanseudunareenat.fi\/lemonsoft-stadion\/wp-content\/uploads\/sites\/3\/2024\/11\/Pukuhuone_11_2016-300x200.jpg 300w, https:\/\/www.vaasanseudunareenat.fi\/lemonsoft-stadion\/wp-content\/uploads\/sites\/3\/2024\/11\/Pukuhuone_11_2016-768x513.jpg 768w\" sizes=\"(max-width: 800px) 100vw, 800px\" \/>\t\t<\/div>\n\t\n\t\n\t<div class=\"container text-left\">\n\t\t<div class=\"content\">\n\t\t\t<h2 class=\"title h2\">Pukuhuoneet <\/h2>\t\t\t\t<div class=\"content-wysiwyg\">\n\t\t\t\t\t<p>Viisi pient\u00e4 (26-32 m2) pukuhuonetta.<\/p>\n<p>Kaksi tuomaripukuhuonetta (17 m2).<\/p>\n<p>Kaksi isoa pukuhuonetta, joista toinen (nro 4.) on saunallinen (vuokrattu VPS edustusjoukkueelle).<\/p>\n<p>&nbsp;<\/p>\n\t\t\t\t<\/div>\n\t\t\t\t\t\t<\/div>\n\t<\/div>\n<\/section>\n\n\n\n<section class=\"block block-banner layout-right theme-white has-image image-sizing-cover image-inside-container image-rounded-corners\">\n\t\t\t<div class=\"image-container \">\n\t\t\t<img loading=\"lazy\" decoding=\"async\" width=\"800\" height=\"534\" src=\"https:\/\/www.vaasanseudunareenat.fi\/lemonsoft-stadion\/wp-content\/uploads\/sites\/3\/2024\/11\/Kuntosali_11_2016.jpg\" class=\"img\" alt=\"\" srcset=\"https:\/\/www.vaasanseudunareenat.fi\/lemonsoft-stadion\/wp-content\/uploads\/sites\/3\/2024\/11\/Kuntosali_11_2016.jpg 800w, https:\/\/www.vaasanseudunareenat.fi\/lemonsoft-stadion\/wp-content\/uploads\/sites\/3\/2024\/11\/Kuntosali_11_2016-300x200.jpg 300w, https:\/\/www.vaasanseudunareenat.fi\/lemonsoft-stadion\/wp-content\/uploads\/sites\/3\/2024\/11\/Kuntosali_11_2016-768x513.jpg 768w\" sizes=\"(max-width: 800px) 100vw, 800px\" \/>\t\t<\/div>\n\t\n\t\n\t<div class=\"container text-left\">\n\t\t<div class=\"content\">\n\t\t\t<h2 class=\"title h2\">Oheistilat <\/h2>\t\t\t\t<div class=\"content-wysiwyg\">\n\t\t\t\t\t<p>Kuntosali<\/p>\n<p>Lemonsoft Stadionin alimmassa kerroksessa pukuhuoneiden l\u00e4heisyydess\u00e4 sijaitsee kuntosali.<\/p>\n<p>Kuntosali on varattavissa erikseen infosta (yhteystiedot sivun yl\u00e4osassa).<\/p>\n\t\t\t\t<\/div>\n\t\t\t\t\t\t<\/div>\n\t<\/div>\n<\/section>\n\n\n\n<section class=\"block block-banner layout-right theme-white has-image image-sizing-cover image-inside-container image-rounded-corners\">\n\t\t\t<div class=\"image-container \">\n\t\t\t<img loading=\"lazy\" decoding=\"async\" width=\"800\" height=\"534\" src=\"https:\/\/www.vaasanseudunareenat.fi\/lemonsoft-stadion\/wp-content\/uploads\/sites\/3\/2024\/11\/Stadion-5_11_2016.jpg\" class=\"img\" alt=\"\" srcset=\"https:\/\/www.vaasanseudunareenat.fi\/lemonsoft-stadion\/wp-content\/uploads\/sites\/3\/2024\/11\/Stadion-5_11_2016.jpg 800w, https:\/\/www.vaasanseudunareenat.fi\/lemonsoft-stadion\/wp-content\/uploads\/sites\/3\/2024\/11\/Stadion-5_11_2016-300x200.jpg 300w, https:\/\/www.vaasanseudunareenat.fi\/lemonsoft-stadion\/wp-content\/uploads\/sites\/3\/2024\/11\/Stadion-5_11_2016-768x513.jpg 768w\" sizes=\"(max-width: 800px) 100vw, 800px\" \/>\t\t<\/div>\n\t\n\t\n\t<div class=\"container text-left\">\n\t\t<div class=\"content\">\n\t\t\t<h2 class=\"title h2\">Katsomo ja kentt\u00e4 <\/h2>\t\t\t\t<div class=\"content-wysiwyg\">\n\t\t\t\t\t<p>A-katsomo 2104 istumapaikkaa<\/p>\n<p>C-p\u00e4\u00e4tykatsomo 1278 istumapaikkaa<\/p>\n<p>B-p\u00e4\u00e4tykatsomo 1278 istumapaikkaa<\/p>\n<p>Vanha katsomo 1349 istumapaikkaa on k\u00e4ytt\u00f6kiellossa.<\/p>\n<p>K\u00e4yt\u00f6ss\u00e4 olevat katsomot ja kent\u00e4n alue on yhteens\u00e4 11 240 paikkaa.<\/p>\n<p>&nbsp;<\/p>\n<p>Lemonsoft Stadionin kentt\u00e4 ja valaistus on FIFA:n sertifioima ja t\u00e4ytt\u00e4\u00e4 laatuvaatimukset. Kent\u00e4lle on asennettu l\u00e4mmitys- ja kasteluj\u00e4rjestelm\u00e4.<\/p>\n<p>Kent\u00e4n koko 105 \u00d7 68<\/p>\n\t\t\t\t<\/div>\n\t\t\t\t\t\t<\/div>\n\t<\/div>\n<\/section>\n\n\n\n<section class=\"block block-columns theme-white show-in-boxes\">\n\t<div class=\"container\">\n\t\t\t\t\t<header class=\"header\">\n\t\t\t\t<h2 class=\"title h2\">Hyv\u00e4 tiet\u00e4\u00e4<\/h2>\n\t\t\t\t\t\t\t<\/header>\n\t\t\n\t\t\t\t\t<div class=\"columns grid-columns-3 text-center\">\n\t\t\t\t\t\t\t\t\t<div class=\"column\">\n\t\t\t\t\t\t\n\t\t\t\t\t\t\t\t\t\t\t\t\t<h3 class=\"title h3\">Fysiikka ja testaus seuroille<\/h3>\t\t\t\t\t\t\n\t\t\t\t\t\t\n\t\t\t\t\t\t\t\t\t\t\t<\/div>\n\t\t\t\t\t\t\t\t\t<div class=\"column\">\n\t\t\t\t\t\t\n\t\t\t\t\t\t\t\t\t\t\t\t\t<h3 class=\"title h3\">Vakiovuoro Stadionilla<\/h3>\t\t\t\t\t\t\n\t\t\t\t\t\t\n\t\t\t\t\t\t\t\t\t\t\t<\/div>\n\t\t\t\t\t\t\t\t\t<div class=\"column\">\n\t\t\t\t\t\t\n\t\t\t\t\t\t<h3 class=\"title h3\"><a class=\"title-link\" href=\"https:\/\/www.vaasanseudunareenat.fi\/lemonsoft-stadion\/kokouspalvelut\/\" target=\"_self\">Tiimipalaverit ja kokoukset <\/a><\/h3>\t\t\t\t\t\t\n\t\t\t\t\t\t\n\t\t\t\t\t\t\t\t\t\t\t<\/div>\n\t\t\t\t\t\t\t<\/div>\n\t\t\n\t\t\t<\/div>\n<\/section>\n\n\n\n<section class=\"block block-banner layout-right theme-white has-image image-sizing-cover image-inside-container image-rounded-corners\">\n\t\t\t<div class=\"image-container \">\n\t\t\t<img loading=\"lazy\" decoding=\"async\" width=\"768\" height=\"1024\" src=\"https:\/\/www.vaasanseudunareenat.fi\/lemonsoft-stadion\/wp-content\/uploads\/sites\/3\/2024\/11\/Futis-768x1024.jpg\" class=\"img\" alt=\"\" srcset=\"https:\/\/www.vaasanseudunareenat.fi\/lemonsoft-stadion\/wp-content\/uploads\/sites\/3\/2024\/11\/Futis-768x1024.jpg 768w, https:\/\/www.vaasanseudunareenat.fi\/lemonsoft-stadion\/wp-content\/uploads\/sites\/3\/2024\/11\/Futis-225x300.jpg 225w, https:\/\/www.vaasanseudunareenat.fi\/lemonsoft-stadion\/wp-content\/uploads\/sites\/3\/2024\/11\/Futis-1152x1536.jpg 1152w, https:\/\/www.vaasanseudunareenat.fi\/lemonsoft-stadion\/wp-content\/uploads\/sites\/3\/2024\/11\/Futis.jpg 1536w\" sizes=\"(max-width: 768px) 100vw, 768px\" \/>\t\t<\/div>\n\t\n\t\n\t<div class=\"container text-left\">\n\t\t<div class=\"content\">\n\t\t\t<h2 class=\"title h2\">Hae vuoroja Stadionille<\/h2>\t\t\t\t<div class=\"content-wysiwyg\">\n\t\t\t\t\t<p><strong>Yksitt\u00e4iset harjoitusvuorot<\/strong><\/p>\n<p>Kysy harjoitusvuoroa: info@vaasanseudunareenat.fi tai puh. 0201 201 700<\/p>\n<p><strong>Vakiovuorot<\/strong><\/p>\n<p>Vakiovuoroja haetaan hakulomakkeella kausittain (tammikuu-toukokuu &amp; kes\u00e4kuu-lokakuu). Vakiovuorot Stadionille jakaa Vaasan kaupunki.<\/p>\n\t\t\t\t<\/div>\n\t\t\t\t\n\t<ul class=\"buttons\">\n\t\t\t\t\t<li class=\"button-item\">\n\t\t\t\t\t\t\t<\/li>\n\t\t\t<\/ul>\n\t\t\t<\/div>\n\t<\/div>\n<\/section>\n\n\n\n<p><\/p>\n","protected":false},"excerpt":{"rendered":"","protected":false},"author":1,"featured_media":0,"parent":0,"menu_order":0,"comment_status":"closed","ping_status":"open","template":"","meta":{"_acf_changed":false,"footnotes":""},"class_list":["post-2","page","type-page","status-publish","hentry"],"acf":[],"yoast_head":"<!-- This site is optimized with the Yoast SEO plugin v27.5 - https:\/\/yoast.com\/product\/yoast-seo-wordpress\/ -->\n<title>Urheiluseuroille - Lemonsoft Stadion<\/title>\n<meta name=\"robots\" content=\"index, follow, max-snippet:-1, max-image-preview:large, max-video-preview:-1\" \/>\n<link rel=\"canonical\" href=\"https:\/\/www.vaasanseudunareenat.fi\/lemonsoft-stadion\/sample-page\/\" \/>\n<meta property=\"og:locale\" content=\"en_US\" \/>\n<meta property=\"og:type\" content=\"article\" \/>\n<meta property=\"og:title\" content=\"Urheiluseuroille - Lemonsoft Stadion\" \/>\n<meta property=\"og:url\" content=\"https:\/\/www.vaasanseudunareenat.fi\/lemonsoft-stadion\/sample-page\/\" \/>\n<meta property=\"og:site_name\" content=\"Lemonsoft Stadion\" \/>\n<meta property=\"article:modified_time\" content=\"2025-06-24T07:10:16+00:00\" \/>\n<meta name=\"twitter:card\" content=\"summary_large_image\" \/>\n<script type=\"application\/ld+json\" class=\"yoast-schema-graph\">{\"@context\":\"https:\\\/\\\/schema.org\",\"@graph\":[{\"@type\":\"WebPage\",\"@id\":\"https:\\\/\\\/www.vaasanseudunareenat.fi\\\/lemonsoft-stadion\\\/sample-page\\\/\",\"url\":\"https:\\\/\\\/www.vaasanseudunareenat.fi\\\/lemonsoft-stadion\\\/sample-page\\\/\",\"name\":\"Urheiluseuroille - Lemonsoft Stadion\",\"isPartOf\":{\"@id\":\"https:\\\/\\\/www.vaasanseudunareenat.fi\\\/lemonsoft-stadion\\\/#website\"},\"datePublished\":\"2024-10-15T05:39:51+00:00\",\"dateModified\":\"2025-06-24T07:10:16+00:00\",\"breadcrumb\":{\"@id\":\"https:\\\/\\\/www.vaasanseudunareenat.fi\\\/lemonsoft-stadion\\\/sample-page\\\/#breadcrumb\"},\"inLanguage\":\"en-US\",\"potentialAction\":[{\"@type\":\"ReadAction\",\"target\":[\"https:\\\/\\\/www.vaasanseudunareenat.fi\\\/lemonsoft-stadion\\\/sample-page\\\/\"]}]},{\"@type\":\"BreadcrumbList\",\"@id\":\"https:\\\/\\\/www.vaasanseudunareenat.fi\\\/lemonsoft-stadion\\\/sample-page\\\/#breadcrumb\",\"itemListElement\":[{\"@type\":\"ListItem\",\"position\":1,\"name\":\"Home\",\"item\":\"https:\\\/\\\/www.vaasanseudunareenat.fi\\\/lemonsoft-stadion\\\/\"},{\"@type\":\"ListItem\",\"position\":2,\"name\":\"Urheiluseuroille\"}]},{\"@type\":\"WebSite\",\"@id\":\"https:\\\/\\\/www.vaasanseudunareenat.fi\\\/lemonsoft-stadion\\\/#website\",\"url\":\"https:\\\/\\\/www.vaasanseudunareenat.fi\\\/lemonsoft-stadion\\\/\",\"name\":\"Lemonsoft Stadion\",\"description\":\"\",\"potentialAction\":[{\"@type\":\"SearchAction\",\"target\":{\"@type\":\"EntryPoint\",\"urlTemplate\":\"https:\\\/\\\/www.vaasanseudunareenat.fi\\\/lemonsoft-stadion\\\/?s={search_term_string}\"},\"query-input\":{\"@type\":\"PropertyValueSpecification\",\"valueRequired\":true,\"valueName\":\"search_term_string\"}}],\"inLanguage\":\"en-US\"}]}<\/script>\n<!-- \/ Yoast SEO plugin. -->","yoast_head_json":{"title":"Urheiluseuroille - Lemonsoft Stadion","robots":{"index":"index","follow":"follow","max-snippet":"max-snippet:-1","max-image-preview":"max-image-preview:large","max-video-preview":"max-video-preview:-1"},"canonical":"https:\/\/www.vaasanseudunareenat.fi\/lemonsoft-stadion\/sample-page\/","og_locale":"en_US","og_type":"article","og_title":"Urheiluseuroille - Lemonsoft Stadion","og_url":"https:\/\/www.vaasanseudunareenat.fi\/lemonsoft-stadion\/sample-page\/","og_site_name":"Lemonsoft Stadion","article_modified_time":"2025-06-24T07:10:16+00:00","twitter_card":"summary_large_image","schema":{"@context":"https:\/\/schema.org","@graph":[{"@type":"WebPage","@id":"https:\/\/www.vaasanseudunareenat.fi\/lemonsoft-stadion\/sample-page\/","url":"https:\/\/www.vaasanseudunareenat.fi\/lemonsoft-stadion\/sample-page\/","name":"Urheiluseuroille - Lemonsoft Stadion","isPartOf":{"@id":"https:\/\/www.vaasanseudunareenat.fi\/lemonsoft-stadion\/#website"},"datePublished":"2024-10-15T05:39:51+00:00","dateModified":"2025-06-24T07:10:16+00:00","breadcrumb":{"@id":"https:\/\/www.vaasanseudunareenat.fi\/lemonsoft-stadion\/sample-page\/#breadcrumb"},"inLanguage":"en-US","potentialAction":[{"@type":"ReadAction","target":["https:\/\/www.vaasanseudunareenat.fi\/lemonsoft-stadion\/sample-page\/"]}]},{"@type":"BreadcrumbList","@id":"https:\/\/www.vaasanseudunareenat.fi\/lemonsoft-stadion\/sample-page\/#breadcrumb","itemListElement":[{"@type":"ListItem","position":1,"name":"Home","item":"https:\/\/www.vaasanseudunareenat.fi\/lemonsoft-stadion\/"},{"@type":"ListItem","position":2,"name":"Urheiluseuroille"}]},{"@type":"WebSite","@id":"https:\/\/www.vaasanseudunareenat.fi\/lemonsoft-stadion\/#website","url":"https:\/\/www.vaasanseudunareenat.fi\/lemonsoft-stadion\/","name":"Lemonsoft Stadion","description":"","potentialAction":[{"@type":"SearchAction","target":{"@type":"EntryPoint","urlTemplate":"https:\/\/www.vaasanseudunareenat.fi\/lemonsoft-stadion\/?s={search_term_string}"},"query-input":{"@type":"PropertyValueSpecification","valueRequired":true,"valueName":"search_term_string"}}],"inLanguage":"en-US"}]}},"lang":"fi","translations":{"fi":2,"sv":1045},"pll_sync_post":{},"_links":{"self":[{"href":"https:\/\/www.vaasanseudunareenat.fi\/lemonsoft-stadion\/wp-json\/wp\/v2\/pages\/2","targetHints":{"allow":["GET"]}}],"collection":[{"href":"https:\/\/www.vaasanseudunareenat.fi\/lemonsoft-stadion\/wp-json\/wp\/v2\/pages"}],"about":[{"href":"https:\/\/www.vaasanseudunareenat.fi\/lemonsoft-stadion\/wp-json\/wp\/v2\/types\/page"}],"author":[{"embeddable":true,"href":"https:\/\/www.vaasanseudunareenat.fi\/lemonsoft-stadion\/wp-json\/wp\/v2\/users\/1"}],"replies":[{"embeddable":true,"href":"https:\/\/www.vaasanseudunareenat.fi\/lemonsoft-stadion\/wp-json\/wp\/v2\/comments?post=2"}],"version-history":[{"count":77,"href":"https:\/\/www.vaasanseudunareenat.fi\/lemonsoft-stadion\/wp-json\/wp\/v2\/pages\/2\/revisions"}],"predecessor-version":[{"id":1255,"href":"https:\/\/www.vaasanseudunareenat.fi\/lemonsoft-stadion\/wp-json\/wp\/v2\/pages\/2\/revisions\/1255"}],"wp:attachment":[{"href":"https:\/\/www.vaasanseudunareenat.fi\/lemonsoft-stadion\/wp-json\/wp\/v2\/media?parent=2"}],"curies":[{"name":"wp","href":"https:\/\/api.w.org\/{rel}","templated":true}]}}