{"id":1155,"date":"2025-06-13T23:00:20","date_gmt":"2025-06-13T20:00:20","guid":{"rendered":"https:\/\/www.vaasanseudunareenat.fi\/lemonsoft-stadion\/?page_id=1155"},"modified":"2025-06-19T08:21:17","modified_gmt":"2025-06-19T05:21:17","slug":"ankomst-och-tillganglighet","status":"publish","type":"page","link":"https:\/\/www.vaasanseudunareenat.fi\/lemonsoft-stadion\/sv\/ankomst-och-tillganglighet\/","title":{"rendered":"Ankomst och tillg\u00e4nglighet"},"content":{"rendered":"\n<section class=\"block block-hero has-overlay\">\n\t<div class=\"hero-inner\">\n\t\t\t\t\t<div class=\"image-container background-container\">\n\t\t\t\t<img decoding=\"async\" width=\"960\" height=\"682\" src=\"https:\/\/www.vaasanseudunareenat.fi\/lemonsoft-stadion\/wp-content\/uploads\/sites\/3\/2024\/11\/Elisa-stadion.jpg\" class=\"img\" alt=\"\" fetchpriority=\"high\" srcset=\"https:\/\/www.vaasanseudunareenat.fi\/lemonsoft-stadion\/wp-content\/uploads\/sites\/3\/2024\/11\/Elisa-stadion.jpg 960w, https:\/\/www.vaasanseudunareenat.fi\/lemonsoft-stadion\/wp-content\/uploads\/sites\/3\/2024\/11\/Elisa-stadion-300x213.jpg 300w, https:\/\/www.vaasanseudunareenat.fi\/lemonsoft-stadion\/wp-content\/uploads\/sites\/3\/2024\/11\/Elisa-stadion-768x546.jpg 768w\" sizes=\"(max-width: 960px) 100vw, 960px\" \/>\t\t\t<\/div>\n\t\t\t\n\t\t\t\t<div class=\"container text-left\">\n\t\t\t<div class=\"hero-content\">\n\t\t\t\t<h1 class=\"title h1\">Ankomst och tillg\u00e4nglighet<\/h1>\n\t\t\t\t\n\t\t\t\t\t\t\t<\/div>\n\t\t<\/div>\n\n\t\t<div class=\"hero-columns grid-columns-2\">\n\t\t\t\n\t\t\t\t\t<\/div>\n\t<\/div>\n<\/section>\n\n\n\n<section class=\"block block-banner layout-left theme-light has-image image-sizing-cover image-inside-container image-rounded-corners\">\n\t\t\t<div class=\"image-container \">\n\t\t\t<img loading=\"lazy\" decoding=\"async\" width=\"800\" height=\"672\" src=\"https:\/\/www.vaasanseudunareenat.fi\/lemonsoft-stadion\/wp-content\/uploads\/sites\/3\/2025\/06\/Screenshot-2025-06-10-at-11.17.17-1024x860.png\" class=\"img\" alt=\"\" srcset=\"https:\/\/www.vaasanseudunareenat.fi\/lemonsoft-stadion\/wp-content\/uploads\/sites\/3\/2025\/06\/Screenshot-2025-06-10-at-11.17.17-1024x860.png 1024w, https:\/\/www.vaasanseudunareenat.fi\/lemonsoft-stadion\/wp-content\/uploads\/sites\/3\/2025\/06\/Screenshot-2025-06-10-at-11.17.17-300x252.png 300w, https:\/\/www.vaasanseudunareenat.fi\/lemonsoft-stadion\/wp-content\/uploads\/sites\/3\/2025\/06\/Screenshot-2025-06-10-at-11.17.17-768x645.png 768w, https:\/\/www.vaasanseudunareenat.fi\/lemonsoft-stadion\/wp-content\/uploads\/sites\/3\/2025\/06\/Screenshot-2025-06-10-at-11.17.17-1536x1289.png 1536w, https:\/\/www.vaasanseudunareenat.fi\/lemonsoft-stadion\/wp-content\/uploads\/sites\/3\/2025\/06\/Screenshot-2025-06-10-at-11.17.17.png 1656w\" sizes=\"(max-width: 800px) 100vw, 800px\" \/>\t\t<\/div>\n\t\n\t\n\t<div class=\"container text-left\">\n\t\t<div class=\"content\">\n\t\t\t<h1 class=\"title h2\">Ankomst till Lemonsoft Stadion<\/h1>\t\t\t\t<div class=\"content-wysiwyg\">\n\t\t\t\t\t<p>Lemonsoft Stadion ligger p\u00e5 adressen Rantamaantie 6, 65100 Vasa<\/p>\n\t\t\t\t<\/div>\n\t\t\t\t\n\t<ul class=\"buttons\">\n\t\t\t\t\t<li class=\"button-item\">\n\t\t\t\t<a href=\"https:\/\/www.google.fi\/maps\/place\/Lemonsoft+Stadion\/@63.0852884,21.6255911,17z\/data=!3m1!4b1!4m6!3m5!1s0x467d601528408401:0xeb8892a1582ae438!8m2!3d63.085286!4d21.628166!16s%2Fg%2F11c600tlmd?entry=ttu&#038;g_ep=EgoyMDI1MDUxNS4wIKXMDSoJLDEwMjExNDUzSAFQAw%3D%3D\" class=\"link\" target=\"_blank\">Lemonsoft Stadion p\u00e5 kartan<\/a>\t\t\t<\/li>\n\t\t\t<\/ul>\n\t\t\t<\/div>\n\t<\/div>\n<\/section>\n\n\n\n<section class=\"block block-columns theme-light\">\n\t<div class=\"container\">\n\t\t\n\t\t\t\t\t<div class=\"columns grid-columns-4 text-left\">\n\t\t\t\t\t\t\t\t\t<div class=\"column\">\n\t\t\t\t\t\t\n\t\t\t\t\t\t\t\t\t\t\t\t\t<h2 class=\"title h3\">Med buss<\/h2>\t\t\t\t\t\t\n\t\t\t\t\t\t\t\t\t\t\t\t\t<div class=\"content content-wysiwyg\">\n\t\t\t\t\t\t\t\t<p>Vasa lokaltrafik erbjuder flera busslinjer som g\u00e5r i n\u00e4rheten av stadion. Aktuella rutter och tidtabeller hittar du p\u00e5 Vasaregionens kollektivtrafiks webbplats.<\/p>\n<p><a href=\"https:\/\/www.vaasa.fi\/sv\/bo-och-lev\/trafik-och-gator\/kollektivtrafik\/busstidtabeller-och-rutter\/\">Bussf\u00f6rbindelser<\/a><\/p>\n\t\t\t\t\t\t\t<\/div>\n\t\t\t\t\t\t\n\t\t\t\t\t\t\t\t\t\t\t<\/div>\n\t\t\t\t\t\t\t\t\t<div class=\"column\">\n\t\t\t\t\t\t\n\t\t\t\t\t\t\t\t\t\t\t\t\t<h2 class=\"title h3\">Med bil<\/h2>\t\t\t\t\t\t\n\t\t\t\t\t\t\t\t\t\t\t\t\t<div class=\"content content-wysiwyg\">\n\t\t\t\t\t\t\t\t<p>F\u00f6r dig som anl\u00e4nder med bil finns en rymlig parkeringsplats vid stadions s\u00f6dra \u00e4nda, mellan Vasa Tennis Center och Lemonsoft Stadion.<\/p>\n<p>Du parkerar smidigt p\u00e5 v\u00e5r egna, v\u00e4l tilltagna parkeringplats \u2013 infart via s\u00f6dra sidan av stadionomr\u00e5det, intill Tennis Center.<\/p>\n\t\t\t\t\t\t\t<\/div>\n\t\t\t\t\t\t\n\t\t\t\t\t\t\t\t\t\t\t<\/div>\n\t\t\t\t\t\t\t\t\t<div class=\"column\">\n\t\t\t\t\t\t\n\t\t\t\t\t\t\t\t\t\t\t\t\t<h2 class=\"title h3\">Med t\u00e5g<\/h2>\t\t\t\t\t\t\n\t\t\t\t\t\t\t\t\t\t\t\t\t<div class=\"content content-wysiwyg\">\n\t\t\t\t\t\t\t\t<p>VR:s t\u00e5g trafikerar regelbundet till Vasa fr\u00e5n bland annat Sein\u00e4joki, Tammerfors och Helsingfors. Vasas centralstation ligger mitt i centrum (avst\u00e5nd till stadion ca 2 km), adress Bangatan 13.<\/p>\n<p><strong>Till fots:<\/strong><br \/>\nPromenaden till Lemonsoft Stadion tar cirka 20\u201325 minuter och g\u00e5r genom centrum.<\/p>\n<p><strong>Med buss:<\/strong><br \/>\nLokaltrafikens bussar avg\u00e5r n\u00e4ra j\u00e4rnv\u00e4gsstationen och tar dig mot Sandviken d\u00e4r stadion \u00e4r bel\u00e4gen. Anv\u00e4nd <a href=\"https:\/\/vaasa.digitransit.fi\/?locale=sv\">ruttplaneraren<\/a> f\u00f6r att hitta den b\u00e4sta linjen.<\/p>\n\t\t\t\t\t\t\t<\/div>\n\t\t\t\t\t\t\n\t\t\t\t\t\t\t\t\t\t\t<\/div>\n\t\t\t\t\t\t\t\t\t<div class=\"column\">\n\t\t\t\t\t\t\n\t\t\t\t\t\t\t\t\t\t\t\t\t<h2 class=\"title h3\">Med flyg<\/h2>\t\t\t\t\t\t\n\t\t\t\t\t\t\t\t\t\t\t\t\t<div class=\"content content-wysiwyg\">\n\t\t\t\t\t\t\t\t<p>En taxiresa fr\u00e5n Vasa flygplats till centrum tar cirka 9 minuter.<\/p>\n<p>Du kan best\u00e4lla taxi till exempel via <a href=\"https:\/\/www.taksivaasa.fi\/framsidan\/\">Taksi Vasa<\/a>.<\/p>\n<p>Kontrollera \u00e4ven <a href=\"https:\/\/www.vaasa.fi\/sv\/bo-och-lev\/trafik-och-gator\/kollektivtrafik\/busstidtabeller-och-rutter\/\">bussf\u00f6rbindelserna<\/a>.<\/p>\n\t\t\t\t\t\t\t<\/div>\n\t\t\t\t\t\t\n\t\t\t\t\t\t\t\t\t\t\t<\/div>\n\t\t\t\t\t\t\t<\/div>\n\t\t\n\t\t\t<\/div>\n<\/section>\n\n\n\n<section class=\"block block-banner layout-right theme-light has-image image-sizing-cover image-inside-container image-rounded-corners\">\n\t\t\t<div class=\"image-container \">\n\t\t\t<img loading=\"lazy\" decoding=\"async\" width=\"800\" height=\"853\" src=\"https:\/\/www.vaasanseudunareenat.fi\/lemonsoft-stadion\/wp-content\/uploads\/sites\/3\/2025\/05\/istockphoto-1434337731-2048x2048-2-960x1024.jpg\" class=\"img\" alt=\"\" srcset=\"https:\/\/www.vaasanseudunareenat.fi\/lemonsoft-stadion\/wp-content\/uploads\/sites\/3\/2025\/05\/istockphoto-1434337731-2048x2048-2-960x1024.jpg 960w, https:\/\/www.vaasanseudunareenat.fi\/lemonsoft-stadion\/wp-content\/uploads\/sites\/3\/2025\/05\/istockphoto-1434337731-2048x2048-2-281x300.jpg 281w, https:\/\/www.vaasanseudunareenat.fi\/lemonsoft-stadion\/wp-content\/uploads\/sites\/3\/2025\/05\/istockphoto-1434337731-2048x2048-2-768x819.jpg 768w, https:\/\/www.vaasanseudunareenat.fi\/lemonsoft-stadion\/wp-content\/uploads\/sites\/3\/2025\/05\/istockphoto-1434337731-2048x2048-2.jpg 1200w\" sizes=\"(max-width: 800px) 100vw, 800px\" \/>\t\t<\/div>\n\t\n\t\n\t<div class=\"container text-left\">\n\t\t<div class=\"content\">\n\t\t\t<h2 class=\"title h2\">P\u00e5 Lemonsoft Stadion \u00e4r alla v\u00e4lkomna \u2013 tillg\u00e4nglighet \u00e4r viktigt f\u00f6r oss!<\/h2>\t\t\t\t<div class=\"content-wysiwyg\">\n\t\t\t\t\t<p>F\u00f6r bes\u00f6kare med nedsatt r\u00f6relsef\u00f6rm\u00e5ga finns parkeringsplatser reserverade p\u00e5 s\u00f6dra sidan av stadion, p\u00e5 parkeringen mellan Vasa Tennis Center och Lemonsoft Stadion. Det finns ocks\u00e5 en s\u00e4rskilt rymlig plats f\u00f6r invataxi.<\/p>\n<p>Hissar n\u00e4ra huvuding\u00e5ngarna g\u00e5r direkt upp till l\u00e4ktarniv\u00e5n. Det finns tre handikappanpassade l\u00e4ktarplatser, bel\u00e4gna p\u00e5 tredje v\u00e5ningen.<\/p>\n<p>F\u00f6r h\u00f6rselskadade finns en induktionsslinga installerad p\u00e5 l\u00e4ktaren \u2013 placerad vid rad fem, i anslutning till handikapplatserna och sektion A6.<\/p>\n\t\t\t\t<\/div>\n\t\t\t\t\t\t<\/div>\n\t<\/div>\n<\/section>\n","protected":false},"excerpt":{"rendered":"","protected":false},"author":13,"featured_media":0,"parent":0,"menu_order":0,"comment_status":"closed","ping_status":"closed","template":"","meta":{"_acf_changed":false,"footnotes":""},"class_list":["post-1155","page","type-page","status-publish","hentry"],"acf":[],"yoast_head":"<!-- This site is optimized with the Yoast SEO plugin v27.3 - https:\/\/yoast.com\/product\/yoast-seo-wordpress\/ -->\n<title>Ankomst och tillg\u00e4nglighet - Lemonsoft Stadion<\/title>\n<meta name=\"robots\" content=\"index, follow, max-snippet:-1, max-image-preview:large, max-video-preview:-1\" \/>\n<link rel=\"canonical\" href=\"https:\/\/www.vaasanseudunareenat.fi\/lemonsoft-stadion\/sv\/ankomst-och-tillganglighet\/\" \/>\n<meta property=\"og:locale\" content=\"en_US\" \/>\n<meta property=\"og:type\" content=\"article\" \/>\n<meta property=\"og:title\" content=\"Ankomst och tillg\u00e4nglighet - Lemonsoft Stadion\" \/>\n<meta property=\"og:url\" content=\"https:\/\/www.vaasanseudunareenat.fi\/lemonsoft-stadion\/sv\/ankomst-och-tillganglighet\/\" \/>\n<meta property=\"og:site_name\" content=\"Lemonsoft Stadion\" \/>\n<meta property=\"article:modified_time\" content=\"2025-06-19T05:21:17+00:00\" \/>\n<meta name=\"twitter:card\" content=\"summary_large_image\" \/>\n<script type=\"application\/ld+json\" class=\"yoast-schema-graph\">{\"@context\":\"https:\\\/\\\/schema.org\",\"@graph\":[{\"@type\":\"WebPage\",\"@id\":\"https:\\\/\\\/www.vaasanseudunareenat.fi\\\/lemonsoft-stadion\\\/sv\\\/ankomst-och-tillganglighet\\\/\",\"url\":\"https:\\\/\\\/www.vaasanseudunareenat.fi\\\/lemonsoft-stadion\\\/sv\\\/ankomst-och-tillganglighet\\\/\",\"name\":\"Ankomst och tillg\u00e4nglighet - Lemonsoft Stadion\",\"isPartOf\":{\"@id\":\"https:\\\/\\\/www.vaasanseudunareenat.fi\\\/lemonsoft-stadion\\\/#website\"},\"datePublished\":\"2025-06-13T20:00:20+00:00\",\"dateModified\":\"2025-06-19T05:21:17+00:00\",\"breadcrumb\":{\"@id\":\"https:\\\/\\\/www.vaasanseudunareenat.fi\\\/lemonsoft-stadion\\\/sv\\\/ankomst-och-tillganglighet\\\/#breadcrumb\"},\"inLanguage\":\"en-US\",\"potentialAction\":[{\"@type\":\"ReadAction\",\"target\":[\"https:\\\/\\\/www.vaasanseudunareenat.fi\\\/lemonsoft-stadion\\\/sv\\\/ankomst-och-tillganglighet\\\/\"]}]},{\"@type\":\"BreadcrumbList\",\"@id\":\"https:\\\/\\\/www.vaasanseudunareenat.fi\\\/lemonsoft-stadion\\\/sv\\\/ankomst-och-tillganglighet\\\/#breadcrumb\",\"itemListElement\":[{\"@type\":\"ListItem\",\"position\":1,\"name\":\"Home\",\"item\":\"https:\\\/\\\/www.vaasanseudunareenat.fi\\\/lemonsoft-stadion\\\/\"},{\"@type\":\"ListItem\",\"position\":2,\"name\":\"Ankomst och tillg\u00e4nglighet\"}]},{\"@type\":\"WebSite\",\"@id\":\"https:\\\/\\\/www.vaasanseudunareenat.fi\\\/lemonsoft-stadion\\\/#website\",\"url\":\"https:\\\/\\\/www.vaasanseudunareenat.fi\\\/lemonsoft-stadion\\\/\",\"name\":\"Lemonsoft Stadion\",\"description\":\"\",\"potentialAction\":[{\"@type\":\"SearchAction\",\"target\":{\"@type\":\"EntryPoint\",\"urlTemplate\":\"https:\\\/\\\/www.vaasanseudunareenat.fi\\\/lemonsoft-stadion\\\/?s={search_term_string}\"},\"query-input\":{\"@type\":\"PropertyValueSpecification\",\"valueRequired\":true,\"valueName\":\"search_term_string\"}}],\"inLanguage\":\"en-US\"}]}<\/script>\n<!-- \/ Yoast SEO plugin. -->","yoast_head_json":{"title":"Ankomst och tillg\u00e4nglighet - Lemonsoft Stadion","robots":{"index":"index","follow":"follow","max-snippet":"max-snippet:-1","max-image-preview":"max-image-preview:large","max-video-preview":"max-video-preview:-1"},"canonical":"https:\/\/www.vaasanseudunareenat.fi\/lemonsoft-stadion\/sv\/ankomst-och-tillganglighet\/","og_locale":"en_US","og_type":"article","og_title":"Ankomst och tillg\u00e4nglighet - Lemonsoft Stadion","og_url":"https:\/\/www.vaasanseudunareenat.fi\/lemonsoft-stadion\/sv\/ankomst-och-tillganglighet\/","og_site_name":"Lemonsoft Stadion","article_modified_time":"2025-06-19T05:21:17+00:00","twitter_card":"summary_large_image","schema":{"@context":"https:\/\/schema.org","@graph":[{"@type":"WebPage","@id":"https:\/\/www.vaasanseudunareenat.fi\/lemonsoft-stadion\/sv\/ankomst-och-tillganglighet\/","url":"https:\/\/www.vaasanseudunareenat.fi\/lemonsoft-stadion\/sv\/ankomst-och-tillganglighet\/","name":"Ankomst och tillg\u00e4nglighet - Lemonsoft Stadion","isPartOf":{"@id":"https:\/\/www.vaasanseudunareenat.fi\/lemonsoft-stadion\/#website"},"datePublished":"2025-06-13T20:00:20+00:00","dateModified":"2025-06-19T05:21:17+00:00","breadcrumb":{"@id":"https:\/\/www.vaasanseudunareenat.fi\/lemonsoft-stadion\/sv\/ankomst-och-tillganglighet\/#breadcrumb"},"inLanguage":"en-US","potentialAction":[{"@type":"ReadAction","target":["https:\/\/www.vaasanseudunareenat.fi\/lemonsoft-stadion\/sv\/ankomst-och-tillganglighet\/"]}]},{"@type":"BreadcrumbList","@id":"https:\/\/www.vaasanseudunareenat.fi\/lemonsoft-stadion\/sv\/ankomst-och-tillganglighet\/#breadcrumb","itemListElement":[{"@type":"ListItem","position":1,"name":"Home","item":"https:\/\/www.vaasanseudunareenat.fi\/lemonsoft-stadion\/"},{"@type":"ListItem","position":2,"name":"Ankomst och tillg\u00e4nglighet"}]},{"@type":"WebSite","@id":"https:\/\/www.vaasanseudunareenat.fi\/lemonsoft-stadion\/#website","url":"https:\/\/www.vaasanseudunareenat.fi\/lemonsoft-stadion\/","name":"Lemonsoft Stadion","description":"","potentialAction":[{"@type":"SearchAction","target":{"@type":"EntryPoint","urlTemplate":"https:\/\/www.vaasanseudunareenat.fi\/lemonsoft-stadion\/?s={search_term_string}"},"query-input":{"@type":"PropertyValueSpecification","valueRequired":true,"valueName":"search_term_string"}}],"inLanguage":"en-US"}]}},"lang":"sv","translations":{"sv":1155,"fi":512},"pll_sync_post":[],"_links":{"self":[{"href":"https:\/\/www.vaasanseudunareenat.fi\/lemonsoft-stadion\/wp-json\/wp\/v2\/pages\/1155","targetHints":{"allow":["GET"]}}],"collection":[{"href":"https:\/\/www.vaasanseudunareenat.fi\/lemonsoft-stadion\/wp-json\/wp\/v2\/pages"}],"about":[{"href":"https:\/\/www.vaasanseudunareenat.fi\/lemonsoft-stadion\/wp-json\/wp\/v2\/types\/page"}],"author":[{"embeddable":true,"href":"https:\/\/www.vaasanseudunareenat.fi\/lemonsoft-stadion\/wp-json\/wp\/v2\/users\/13"}],"replies":[{"embeddable":true,"href":"https:\/\/www.vaasanseudunareenat.fi\/lemonsoft-stadion\/wp-json\/wp\/v2\/comments?post=1155"}],"version-history":[{"count":4,"href":"https:\/\/www.vaasanseudunareenat.fi\/lemonsoft-stadion\/wp-json\/wp\/v2\/pages\/1155\/revisions"}],"predecessor-version":[{"id":1183,"href":"https:\/\/www.vaasanseudunareenat.fi\/lemonsoft-stadion\/wp-json\/wp\/v2\/pages\/1155\/revisions\/1183"}],"wp:attachment":[{"href":"https:\/\/www.vaasanseudunareenat.fi\/lemonsoft-stadion\/wp-json\/wp\/v2\/media?parent=1155"}],"curies":[{"name":"wp","href":"https:\/\/api.w.org\/{rel}","templated":true}]}}