{"id":1122,"date":"2025-06-13T20:30:55","date_gmt":"2025-06-13T17:30:55","guid":{"rendered":"https:\/\/www.vaasanseudunareenat.fi\/lemonsoft-stadion\/?page_id=1122"},"modified":"2025-06-19T08:46:10","modified_gmt":"2025-06-19T05:46:10","slug":"grupper","status":"publish","type":"page","link":"https:\/\/www.vaasanseudunareenat.fi\/lemonsoft-stadion\/sv\/grupper\/","title":{"rendered":"Grupper"},"content":{"rendered":"\n<section class=\"block block-hero has-overlay\">\n\t<div class=\"hero-inner\">\n\t\t\t\t\t<div class=\"image-container background-container\">\n\t\t\t\t<img decoding=\"async\" width=\"1738\" height=\"1080\" src=\"https:\/\/www.vaasanseudunareenat.fi\/lemonsoft-stadion\/wp-content\/uploads\/sites\/3\/2025\/05\/Vifk-tytot-1738x1080.jpg\" class=\"img\" alt=\"\" fetchpriority=\"high\" \/>\t\t\t<\/div>\n\t\t\t\n\t\t\t\t<div class=\"container text-left\">\n\t\t\t<div class=\"hero-content\">\n\t\t\t\t<h1 class=\"title h1\">Fest, skoldag eller lekdag p\u00e5 Lemonsoft Stadion \u2013 inget standardpaket h\u00e4r!<\/h1>\n\t\t\t\t\n\t\t\t\t\t\t\t<\/div>\n\t\t<\/div>\n\n\t\t<div class=\"hero-columns grid-columns-2\">\n\t\t\t\n\t\t\t\t\t<\/div>\n\t<\/div>\n<\/section>\n\n\n\n<section class=\"block block-banner layout-left theme-light has-image image-sizing-cover image-inside-container image-rounded-corners bottom-border\">\n\t\t\t<div class=\"image-container \">\n\t\t\t<img loading=\"lazy\" decoding=\"async\" width=\"800\" height=\"534\" src=\"https:\/\/www.vaasanseudunareenat.fi\/lemonsoft-stadion\/wp-content\/uploads\/sites\/3\/2025\/05\/IMG_6534-2-1024x683.jpg\" class=\"img\" alt=\"\" srcset=\"https:\/\/www.vaasanseudunareenat.fi\/lemonsoft-stadion\/wp-content\/uploads\/sites\/3\/2025\/05\/IMG_6534-2-1024x683.jpg 1024w, https:\/\/www.vaasanseudunareenat.fi\/lemonsoft-stadion\/wp-content\/uploads\/sites\/3\/2025\/05\/IMG_6534-2-300x200.jpg 300w, https:\/\/www.vaasanseudunareenat.fi\/lemonsoft-stadion\/wp-content\/uploads\/sites\/3\/2025\/05\/IMG_6534-2-768x512.jpg 768w, https:\/\/www.vaasanseudunareenat.fi\/lemonsoft-stadion\/wp-content\/uploads\/sites\/3\/2025\/05\/IMG_6534-2.jpg 1200w\" sizes=\"(max-width: 800px) 100vw, 800px\" \/>\t\t<\/div>\n\t\n\t\n\t<div class=\"container text-left\">\n\t\t<div class=\"content\">\n\t\t\t<h2 class=\"title h2\">F\u00f6delsedag eller svensexa p\u00e5 spelplanen!<\/h2>\t\t\t\t<div class=\"content-wysiwyg\">\n\t\t\t\t\t<p>Gl\u00f6m tr\u00e5kiga kaf\u00e9er och tr\u00e5nga hemmafester \u2013 varf\u00f6r inte ordna festen mitt p\u00e5 spelplanen? Lemonsoft Stadion erbjuder en unik milj\u00f6 f\u00f6r att fira f\u00f6delsedag eller svensexa\/m\u00f6hippa med en sportig twist och glimten i \u00f6gat.<\/p>\n<p>Programmet kan inneh\u00e5lla till exempel en lekfull fotbollsmatch, roliga t\u00e4vlingar och avslappnat h\u00e4ng vid sidlinjen. Ni kan duka upp en picknick direkt p\u00e5 planen, spela musik och h\u00e5lla tal i h\u00f6gtalarna \u2013 i \u00e4kta stadionstil. Oavsett om det \u00e4r en f\u00f6delsedags\u00f6verraskning eller svensexans &#8220;f\u00e4ltprov&#8221;, blir festen p\u00e5 Lemonsoft Stadion garanterat minnesv\u00e4rd. P\u00e5 med tr\u00e4ningskl\u00e4derna \u2013 dags f\u00f6r match!<\/p>\n<p>Priser fr\u00e5n:<\/p>\n<ul>\n<li>F\u00f6delsedag: 150\u202f\u20ac\/h<\/li>\n<li>Bubbelbollsspel: 260\u202f\u20ac\/h<\/li>\n<\/ul>\n\t\t\t\t<\/div>\n\t\t\t\t\t\t<\/div>\n\t<\/div>\n<\/section>\n\n\n\n<section class=\"block block-banner layout-right theme-light has-image image-sizing-cover image-inside-container image-rounded-corners\">\n\t\t\t<div class=\"image-container \">\n\t\t\t<img loading=\"lazy\" decoding=\"async\" width=\"800\" height=\"534\" src=\"https:\/\/www.vaasanseudunareenat.fi\/lemonsoft-stadion\/wp-content\/uploads\/sites\/3\/2024\/12\/Outi-Jarvela-01-1024x683.jpg\" class=\"img\" alt=\"\" srcset=\"https:\/\/www.vaasanseudunareenat.fi\/lemonsoft-stadion\/wp-content\/uploads\/sites\/3\/2024\/12\/Outi-Jarvela-01-1024x683.jpg 1024w, https:\/\/www.vaasanseudunareenat.fi\/lemonsoft-stadion\/wp-content\/uploads\/sites\/3\/2024\/12\/Outi-Jarvela-01-300x200.jpg 300w, https:\/\/www.vaasanseudunareenat.fi\/lemonsoft-stadion\/wp-content\/uploads\/sites\/3\/2024\/12\/Outi-Jarvela-01-768x512.jpg 768w, https:\/\/www.vaasanseudunareenat.fi\/lemonsoft-stadion\/wp-content\/uploads\/sites\/3\/2024\/12\/Outi-Jarvela-01-1536x1024.jpg 1536w\" sizes=\"(max-width: 800px) 100vw, 800px\" \/>\t\t<\/div>\n\t\n\t\n\t<div class=\"container text-left\">\n\t\t<div class=\"content\">\n\t\t\t<h2 class=\"title h2\">Lemonsoft Stadion bjuder in skolor och daghem till r\u00f6relse \u2013 enkelt och f\u00f6rm\u00e5nligt<\/h2>\t\t\t\t<div class=\"content-wysiwyg\">\n\t\t\t\t\t<p>Lemonsoft Stadion \u00e4r en \u00f6ppen milj\u00f6 f\u00f6r r\u00f6relse och l\u00e4rande dit skolor och daghem \u00e4r varmt v\u00e4lkomna! Arenan erbjuder utm\u00e4rkta m\u00f6jligheter f\u00f6r gymnastiklektioner, hinderbanor, lekfulla t\u00e4vlingar \u2013 eller varf\u00f6r inte som utflyktsm\u00e5l p\u00e5 v\u00e5ren. Det rymliga planomr\u00e5det och l\u00e4ktarna m\u00f6jligg\u00f6r varierade aktiviteter i alla v\u00e4der.<\/p>\n<p>P\u00e5 Lemonsoft Stadion kan man ordna t.ex. motionsdagar, idrottst\u00e4vlingar, utflykter eller dagar som st\u00e4rker samarbetsandan mellan olika klasser. F\u00f6r daghemmets minsta f\u00f6rvandlas planen till ett \u00e4ventyrsomr\u00e5de d\u00e4r r\u00f6relse och gl\u00e4dje g\u00e5r hand i hand. Vi vill fr\u00e4mja barns och ungas v\u00e4lm\u00e5ende och d\u00e4rf\u00f6r erbjuder vi skolor och daghem f\u00f6rm\u00e5nliga specialpriser p\u00e5 vardagar. H\u00f6r dig f\u00f6r om bokningsl\u00e4ge och priss\u00e4ttning \u2013 vi hj\u00e4lper till med arrangemangen fr\u00e5n b\u00f6rjan till slut. Kom och upplev hur r\u00f6relse kan f\u00f6rena!<\/p>\n<p>Oavsett om det g\u00e4ller en enskild gymnastiklektion eller ett st\u00f6rre gemensamt evenemang f\u00f6r hela skolan, s\u00e5 bjuder Lemonsoft Stadion p\u00e5 upplevelser som inspirerar \u2013 och som l\u00e4mnar best\u00e5ende intryck. Kontakta oss och boka er stund mitt p\u00e5 planen!<\/p>\n\t\t\t\t<\/div>\n\t\t\t\t\n\t<ul class=\"buttons\">\n\t\t\t\t\t<li class=\"button-item\">\n\t\t\t\t<a href=\"#kontakt\" class=\"link\" target=\"_self\">Kontakta oss och boka<\/a>\t\t\t<\/li>\n\t\t\t<\/ul>\n\t\t\t<\/div>\n\t<\/div>\n<\/section>\n\n\n\n<section id=\"kontakt\" class=\"block block-columns theme-light\">\n\t<div class=\"container\">\n\t\t\t\t\t<header class=\"header\">\n\t\t\t\t<h2 class=\"title h2\">Kontakta oss och boka \u2013 vi hj\u00e4lper dig att ordna en of\u00f6rgl\u00f6mlig dag<\/h2>\n\t\t\t\t\t\t\t<\/header>\n\t\t\n\t\t\t\t\t<div class=\"columns grid-columns-4 text-left\">\n\t\t\t\t\t\t\t\t\t<div class=\"column\">\n\t\t\t\t\t\t\n\t\t\t\t\t\t\n\t\t\t\t\t\t\n\t\t\t\t\t\t\t\t\t\t\t<\/div>\n\t\t\t\t\t\t\t\t\t<div class=\"column\">\n\t\t\t\t\t\t\n\t\t\t\t\t\t\t\t\t\t\t\t\t<h3 class=\"title h4\">F\u00f6delsedagar och svensexor\/m\u00f6hippor<\/h3>\t\t\t\t\t\t\n\t\t\t\t\t\t\t\t\t\t\t\t\t<div class=\"content content-wysiwyg\">\n\t\t\t\t\t\t\t\t<p><strong>Pia Reini<br \/>\n<\/strong>F\u00f6rs\u00e4ljnings- och marknadsf\u00f6ringschef<\/p>\n<div class=\"content-wysiwyg\">\n<p class=\"p2\">tel. <a href=\"tel:040%204845%20222\"><span class=\"s1\">040 4845 222<\/span><\/a><br \/>\n<a href=\"mailto:pia.reini@vaasanseudunareenat.fi\"><span class=\"s1\">pia.reini@vaasanseudunareenat.fi<\/span><\/a><br \/>\n<a href=\"mailto:sales@vaasanseudunareenat.fi\">sales@vaasanseudunareenat.fi<\/a><\/p>\n<\/div>\n\t\t\t\t\t\t\t<\/div>\n\t\t\t\t\t\t\n\t\t\t\t\t\t\t\t\t\t\t<\/div>\n\t\t\t\t\t\t\t\t\t<div class=\"column\">\n\t\t\t\t\t\t\n\t\t\t\t\t\t\t\t\t\t\t\t\t<h3 class=\"title h4\">Skolor<\/h3>\t\t\t\t\t\t\n\t\t\t\t\t\t\t\t\t\t\t\t\t<div class=\"content content-wysiwyg\">\n\t\t\t\t\t\t\t\t<p>tel. <a href=\"tel:0201201700\">0201201700<\/a><br \/>\n<a href=\"mailto:info@vaasanseudunareenat.fi\">info@vaasanseudunareenat.fi<\/a><\/p>\n\t\t\t\t\t\t\t<\/div>\n\t\t\t\t\t\t\n\t\t\t\t\t\t\t\t\t\t\t<\/div>\n\t\t\t\t\t\t\t\t\t<div class=\"column\">\n\t\t\t\t\t\t\n\t\t\t\t\t\t\n\t\t\t\t\t\t\n\t\t\t\t\t\t\t\t\t\t\t<\/div>\n\t\t\t\t\t\t\t<\/div>\n\t\t\n\t\t\t<\/div>\n<\/section>\n","protected":false},"excerpt":{"rendered":"","protected":false},"author":13,"featured_media":0,"parent":0,"menu_order":0,"comment_status":"closed","ping_status":"closed","template":"","meta":{"_acf_changed":false,"footnotes":""},"class_list":["post-1122","page","type-page","status-publish","hentry"],"acf":[],"yoast_head":"<!-- This site is optimized with the Yoast SEO plugin v27.4 - https:\/\/yoast.com\/product\/yoast-seo-wordpress\/ -->\n<title>Grupper - Lemonsoft Stadion<\/title>\n<meta name=\"robots\" content=\"index, follow, max-snippet:-1, max-image-preview:large, max-video-preview:-1\" \/>\n<link rel=\"canonical\" href=\"https:\/\/www.vaasanseudunareenat.fi\/lemonsoft-stadion\/sv\/grupper\/\" \/>\n<meta property=\"og:locale\" content=\"en_US\" \/>\n<meta property=\"og:type\" content=\"article\" \/>\n<meta property=\"og:title\" content=\"Grupper - Lemonsoft Stadion\" \/>\n<meta property=\"og:url\" content=\"https:\/\/www.vaasanseudunareenat.fi\/lemonsoft-stadion\/sv\/grupper\/\" \/>\n<meta property=\"og:site_name\" content=\"Lemonsoft Stadion\" \/>\n<meta property=\"article:modified_time\" content=\"2025-06-19T05:46:10+00:00\" \/>\n<meta name=\"twitter:card\" content=\"summary_large_image\" \/>\n<script type=\"application\/ld+json\" class=\"yoast-schema-graph\">{\"@context\":\"https:\\\/\\\/schema.org\",\"@graph\":[{\"@type\":\"WebPage\",\"@id\":\"https:\\\/\\\/www.vaasanseudunareenat.fi\\\/lemonsoft-stadion\\\/sv\\\/grupper\\\/\",\"url\":\"https:\\\/\\\/www.vaasanseudunareenat.fi\\\/lemonsoft-stadion\\\/sv\\\/grupper\\\/\",\"name\":\"Grupper - Lemonsoft Stadion\",\"isPartOf\":{\"@id\":\"https:\\\/\\\/www.vaasanseudunareenat.fi\\\/lemonsoft-stadion\\\/#website\"},\"datePublished\":\"2025-06-13T17:30:55+00:00\",\"dateModified\":\"2025-06-19T05:46:10+00:00\",\"breadcrumb\":{\"@id\":\"https:\\\/\\\/www.vaasanseudunareenat.fi\\\/lemonsoft-stadion\\\/sv\\\/grupper\\\/#breadcrumb\"},\"inLanguage\":\"en-US\",\"potentialAction\":[{\"@type\":\"ReadAction\",\"target\":[\"https:\\\/\\\/www.vaasanseudunareenat.fi\\\/lemonsoft-stadion\\\/sv\\\/grupper\\\/\"]}]},{\"@type\":\"BreadcrumbList\",\"@id\":\"https:\\\/\\\/www.vaasanseudunareenat.fi\\\/lemonsoft-stadion\\\/sv\\\/grupper\\\/#breadcrumb\",\"itemListElement\":[{\"@type\":\"ListItem\",\"position\":1,\"name\":\"Home\",\"item\":\"https:\\\/\\\/www.vaasanseudunareenat.fi\\\/lemonsoft-stadion\\\/\"},{\"@type\":\"ListItem\",\"position\":2,\"name\":\"Grupper\"}]},{\"@type\":\"WebSite\",\"@id\":\"https:\\\/\\\/www.vaasanseudunareenat.fi\\\/lemonsoft-stadion\\\/#website\",\"url\":\"https:\\\/\\\/www.vaasanseudunareenat.fi\\\/lemonsoft-stadion\\\/\",\"name\":\"Lemonsoft Stadion\",\"description\":\"\",\"potentialAction\":[{\"@type\":\"SearchAction\",\"target\":{\"@type\":\"EntryPoint\",\"urlTemplate\":\"https:\\\/\\\/www.vaasanseudunareenat.fi\\\/lemonsoft-stadion\\\/?s={search_term_string}\"},\"query-input\":{\"@type\":\"PropertyValueSpecification\",\"valueRequired\":true,\"valueName\":\"search_term_string\"}}],\"inLanguage\":\"en-US\"}]}<\/script>\n<!-- \/ Yoast SEO plugin. -->","yoast_head_json":{"title":"Grupper - Lemonsoft Stadion","robots":{"index":"index","follow":"follow","max-snippet":"max-snippet:-1","max-image-preview":"max-image-preview:large","max-video-preview":"max-video-preview:-1"},"canonical":"https:\/\/www.vaasanseudunareenat.fi\/lemonsoft-stadion\/sv\/grupper\/","og_locale":"en_US","og_type":"article","og_title":"Grupper - Lemonsoft Stadion","og_url":"https:\/\/www.vaasanseudunareenat.fi\/lemonsoft-stadion\/sv\/grupper\/","og_site_name":"Lemonsoft Stadion","article_modified_time":"2025-06-19T05:46:10+00:00","twitter_card":"summary_large_image","schema":{"@context":"https:\/\/schema.org","@graph":[{"@type":"WebPage","@id":"https:\/\/www.vaasanseudunareenat.fi\/lemonsoft-stadion\/sv\/grupper\/","url":"https:\/\/www.vaasanseudunareenat.fi\/lemonsoft-stadion\/sv\/grupper\/","name":"Grupper - Lemonsoft Stadion","isPartOf":{"@id":"https:\/\/www.vaasanseudunareenat.fi\/lemonsoft-stadion\/#website"},"datePublished":"2025-06-13T17:30:55+00:00","dateModified":"2025-06-19T05:46:10+00:00","breadcrumb":{"@id":"https:\/\/www.vaasanseudunareenat.fi\/lemonsoft-stadion\/sv\/grupper\/#breadcrumb"},"inLanguage":"en-US","potentialAction":[{"@type":"ReadAction","target":["https:\/\/www.vaasanseudunareenat.fi\/lemonsoft-stadion\/sv\/grupper\/"]}]},{"@type":"BreadcrumbList","@id":"https:\/\/www.vaasanseudunareenat.fi\/lemonsoft-stadion\/sv\/grupper\/#breadcrumb","itemListElement":[{"@type":"ListItem","position":1,"name":"Home","item":"https:\/\/www.vaasanseudunareenat.fi\/lemonsoft-stadion\/"},{"@type":"ListItem","position":2,"name":"Grupper"}]},{"@type":"WebSite","@id":"https:\/\/www.vaasanseudunareenat.fi\/lemonsoft-stadion\/#website","url":"https:\/\/www.vaasanseudunareenat.fi\/lemonsoft-stadion\/","name":"Lemonsoft Stadion","description":"","potentialAction":[{"@type":"SearchAction","target":{"@type":"EntryPoint","urlTemplate":"https:\/\/www.vaasanseudunareenat.fi\/lemonsoft-stadion\/?s={search_term_string}"},"query-input":{"@type":"PropertyValueSpecification","valueRequired":true,"valueName":"search_term_string"}}],"inLanguage":"en-US"}]}},"lang":"sv","translations":{"sv":1122,"fi":119},"pll_sync_post":[],"_links":{"self":[{"href":"https:\/\/www.vaasanseudunareenat.fi\/lemonsoft-stadion\/wp-json\/wp\/v2\/pages\/1122","targetHints":{"allow":["GET"]}}],"collection":[{"href":"https:\/\/www.vaasanseudunareenat.fi\/lemonsoft-stadion\/wp-json\/wp\/v2\/pages"}],"about":[{"href":"https:\/\/www.vaasanseudunareenat.fi\/lemonsoft-stadion\/wp-json\/wp\/v2\/types\/page"}],"author":[{"embeddable":true,"href":"https:\/\/www.vaasanseudunareenat.fi\/lemonsoft-stadion\/wp-json\/wp\/v2\/users\/13"}],"replies":[{"embeddable":true,"href":"https:\/\/www.vaasanseudunareenat.fi\/lemonsoft-stadion\/wp-json\/wp\/v2\/comments?post=1122"}],"version-history":[{"count":7,"href":"https:\/\/www.vaasanseudunareenat.fi\/lemonsoft-stadion\/wp-json\/wp\/v2\/pages\/1122\/revisions"}],"predecessor-version":[{"id":1191,"href":"https:\/\/www.vaasanseudunareenat.fi\/lemonsoft-stadion\/wp-json\/wp\/v2\/pages\/1122\/revisions\/1191"}],"wp:attachment":[{"href":"https:\/\/www.vaasanseudunareenat.fi\/lemonsoft-stadion\/wp-json\/wp\/v2\/media?parent=1122"}],"curies":[{"name":"wp","href":"https:\/\/api.w.org\/{rel}","templated":true}]}}