{"id":1067,"date":"2025-06-13T18:58:55","date_gmt":"2025-06-13T15:58:55","guid":{"rendered":"https:\/\/www.vaasanseudunareenat.fi\/lemonsoft-stadion\/?page_id=1067"},"modified":"2025-07-11T09:21:10","modified_gmt":"2025-07-11T06:21:10","slug":"prislistor","status":"publish","type":"page","link":"https:\/\/www.vaasanseudunareenat.fi\/lemonsoft-stadion\/sv\/prislistor\/","title":{"rendered":"Prislistor"},"content":{"rendered":"\n<section class=\"block block-hero has-overlay\">\n\t<div class=\"hero-inner\">\n\t\t\t\t\t<div class=\"image-container background-container\">\n\t\t\t\t<img decoding=\"async\" width=\"1920\" height=\"1080\" src=\"https:\/\/www.vaasanseudunareenat.fi\/lemonsoft-stadion\/wp-content\/uploads\/sites\/3\/2024\/12\/Outi-Jarvela-01-1920x1080.jpg\" class=\"img\" alt=\"\" fetchpriority=\"high\" srcset=\"https:\/\/www.vaasanseudunareenat.fi\/lemonsoft-stadion\/wp-content\/uploads\/sites\/3\/2024\/12\/Outi-Jarvela-01-1920x1080.jpg 1920w, https:\/\/www.vaasanseudunareenat.fi\/lemonsoft-stadion\/wp-content\/uploads\/sites\/3\/2024\/12\/Outi-Jarvela-01-1440x810.jpg 1440w, https:\/\/www.vaasanseudunareenat.fi\/lemonsoft-stadion\/wp-content\/uploads\/sites\/3\/2024\/12\/Outi-Jarvela-01-1024x576.jpg 1024w, https:\/\/www.vaasanseudunareenat.fi\/lemonsoft-stadion\/wp-content\/uploads\/sites\/3\/2024\/12\/Outi-Jarvela-01-768x432.jpg 768w, https:\/\/www.vaasanseudunareenat.fi\/lemonsoft-stadion\/wp-content\/uploads\/sites\/3\/2024\/12\/Outi-Jarvela-01-576x324.jpg 576w\" sizes=\"(max-width: 1920px) 100vw, 1920px\" \/>\t\t\t<\/div>\n\t\t\t\n\t\t\t\t<div class=\"container text-center\">\n\t\t\t<div class=\"hero-content\">\n\t\t\t\t<h1 class=\"title h1\">Lemonsofts prislistor<\/h1>\n\t\t\t\t\n\t\t\t\t\t\t\t<\/div>\n\t\t<\/div>\n\n\t\t<div class=\"hero-columns grid-columns-2\">\n\t\t\t\n\t\t\t\t\t<\/div>\n\t<\/div>\n<\/section>\n\n\n\n<section class=\"block block-columns theme-light show-in-boxes\">\n\t<div class=\"container\">\n\t\t\t\t\t<header class=\"header\">\n\t\t\t\t<h2 class=\"title h2\">Se alla priser<\/h2>\n\t\t\t\t\t\t\t\t\t<div class=\"description\">\n\t\t\t\t\t\t<p>Lemonsoft Stadion kan bokas via e-post: <a href=\"mailto:info@vaasanseudunareenat.fi\">info@vaasanseudunareenat.fi<\/a>.<\/p>\n<p>Priserna inkluderar 14 % moms. F\u00f6r bastu, m\u00f6tesrum, omkl\u00e4dningsrum, utrustningsuthyrning och tester uppb\u00e4rs 25,5 % moms.<\/p>\n<p>Bekanta dig med priserna nedan:<\/p>\n<p><a href=\"https:\/\/www.vaasanseudunareenat.fi\/lemonsoft-stadion\/wp-content\/uploads\/sites\/3\/2025\/07\/lemonsoft-stadion-prislista-2025.pdf\">lemonsoft-stadion-prislista-2025<\/a><\/p>\n\t\t\t\t\t<\/div>\n\t\t\t\t\t\t\t<\/header>\n\t\t\n\t\t\t\t\t<div class=\"columns grid-columns-3 text-center\">\n\t\t\t\t\t\t\t\t\t<div class=\"column\">\n\t\t\t\t\t\t\n\t\t\t\t\t\t<h3 class=\"title h4\"><a class=\"title-link\" href=\"#idrottsforeningar\" target=\"_self\">Idrottsf\u00f6reningar<\/a><\/h3>\t\t\t\t\t\t\n\t\t\t\t\t\t\n\t\t\t\t\t\t\n\t<ul class=\"buttons\">\n\t\t\t\t\t<li class=\"button-item\">\n\t\t\t\t\t\t\t<\/li>\n\t\t\t<\/ul>\n\t\t\t\t\t\t<\/div>\n\t\t\t\t\t\t\t\t\t<div class=\"column\">\n\t\t\t\t\t\t\n\t\t\t\t\t\t<h3 class=\"title h4\"><a class=\"title-link\" href=\"#match-och-turneringspriser\" target=\"_self\">Match- och turneringspriser<\/a><\/h3>\t\t\t\t\t\t\n\t\t\t\t\t\t\n\t\t\t\t\t\t\t\t\t\t\t<\/div>\n\t\t\t\t\t\t\t\t\t<div class=\"column\">\n\t\t\t\t\t\t\n\t\t\t\t\t\t<h3 class=\"title h4\"><a class=\"title-link\" href=\"#vinteranvandning\" target=\"_self\">Vinteranv\u00e4ndning<\/a><\/h3>\t\t\t\t\t\t\n\t\t\t\t\t\t\n\t\t\t\t\t\t\t\t\t\t\t<\/div>\n\t\t\t\t\t\t\t<\/div>\n\t\t\n\t\t\t<\/div>\n<\/section>\n\n\n\n<div style=\"height:48px\" aria-hidden=\"true\" class=\"wp-block-spacer\"><\/div>\n\n\n\n<h3 class=\"wp-block-heading\" id=\"idrottsforeningar\">Idrottsf\u00f6reningar<\/h3>\n\n\n\n<table id=\"tablepress-6\" class=\"tablepress tablepress-id-6 tbody-has-connected-cells\">\n<thead>\n<tr class=\"row-1\">\n\t<th colspan=\"3\" class=\"column-1\"><h4>Tr\u00e4ningspriser \/ h<\/h4><\/th><th class=\"column-4\"><h4>Vardagar f\u00f6re kl. 16<\/h4><\/th><th class=\"column-5\"><h4>Vardagar efter kl. 16, <br \/>\nl\u00f6r\u2013s\u00f6n och helgdagar<\/h4><\/th>\n<\/tr>\n<\/thead>\n<tbody class=\"row-striping\">\n<tr class=\"row-2\">\n\t<td rowspan=\"4\" class=\"column-1\">F\u00f6reningar i Vasa<\/td><td rowspan=\"2\" class=\"column-2\">Hela planen<\/td><td class=\"column-3\">Juni\u2013sept<\/td><td class=\"column-4\">48,20<\/td><td class=\"column-5\">73,10<\/td>\n<\/tr>\n<tr class=\"row-3\">\n\t<td class=\"column-3\">\u00d6vriga m\u00e5nader<\/td><td class=\"column-4\">73,10<\/td><td class=\"column-5\">133,70<\/td>\n<\/tr>\n<tr class=\"row-4\">\n\t<td rowspan=\"2\" class=\"column-2\">Halv plan<\/td><td class=\"column-3\">Juni\u2013sept<\/td><td class=\"column-4\">36,80<\/td><td class=\"column-5\">48,80<\/td>\n<\/tr>\n<tr class=\"row-5\">\n\t<td class=\"column-3\">\u00d6vriga m\u00e5nader<\/td><td class=\"column-4\">48,80<\/td><td class=\"column-5\">85,20<\/td>\n<\/tr>\n<tr class=\"row-6\">\n\t<td rowspan=\"4\" class=\"column-1\">F\u00f6reningar i Vasa \/ juniorer<\/td><td rowspan=\"2\" class=\"column-2\">Hela planen<\/td><td class=\"column-3\">Juni\u2013sept<\/td><td class=\"column-4\">36,80<\/td><td class=\"column-5\">48,80<\/td>\n<\/tr>\n<tr class=\"row-7\">\n\t<td class=\"column-3\">\u00d6vriga m\u00e5nader<\/td><td class=\"column-4\">48,80<\/td><td class=\"column-5\">109,50<\/td>\n<\/tr>\n<tr class=\"row-8\">\n\t<td rowspan=\"2\" class=\"column-2\">Halv plan<\/td><td class=\"column-3\">Juni\u2013sept<\/td><td class=\"column-4\">24,70<\/td><td class=\"column-5\">36,80<\/td>\n<\/tr>\n<tr class=\"row-9\">\n\t<td class=\"column-3\">\u00d6vriga m\u00e5nader<\/td><td class=\"column-4\">36,80<\/td><td class=\"column-5\">60,90<\/td>\n<\/tr>\n<tr class=\"row-10\">\n\t<td rowspan=\"4\" class=\"column-1\">\u00d6vriga f\u00f6reningar och f\u00f6retag<\/td><td rowspan=\"2\" class=\"column-2\">Hela planen<\/td><td class=\"column-3\">Juni\u2013sept<\/td><td class=\"column-4\">97,30<\/td><td class=\"column-5\">145,90<\/td>\n<\/tr>\n<tr class=\"row-11\">\n\t<td class=\"column-3\">\u00d6vriga m\u00e5nader<\/td><td class=\"column-4\">145,90<\/td><td class=\"column-5\">267,40<\/td>\n<\/tr>\n<tr class=\"row-12\">\n\t<td rowspan=\"2\" class=\"column-2\">Halv plan<\/td><td class=\"column-3\">Juni\u2013sept<\/td><td class=\"column-4\">73,10<\/td><td class=\"column-5\">97,30<\/td>\n<\/tr>\n<tr class=\"row-13\">\n\t<td class=\"column-3\">\u00d6vriga m\u00e5nader<\/td><td class=\"column-4\">97,30<\/td><td class=\"column-5\">170,30<\/td>\n<\/tr>\n<tr class=\"row-14\">\n\t<td rowspan=\"3\" class=\"column-1\">Vasabaserade skol- och daghemsgrupper<\/td><td rowspan=\"2\" class=\"column-2\">Hela planen<\/td><td class=\"column-3\">Juni\u2013sept<\/td><td class=\"column-4\">17,20<\/td><td class=\"column-5\">17,20<\/td>\n<\/tr>\n<tr class=\"row-15\">\n\t<td class=\"column-3\">\u00d6vriga m\u00e5nader<\/td><td class=\"column-4\">22,90<\/td><td class=\"column-5\">22,90<\/td>\n<\/tr>\n<tr class=\"row-16\">\n\t<td class=\"column-2\">Halv plan<\/td><td class=\"column-3\">Juni\u2013sept<\/td><td class=\"column-4\">8,80<\/td><td class=\"column-5\">8,80<\/td>\n<\/tr>\n<tr class=\"row-17\">\n\t<td class=\"column-1\"><\/td><td class=\"column-2\"><\/td><td class=\"column-3\">\u00d6vriga m\u00e5nader<\/td><td class=\"column-4\">11,40<\/td><td class=\"column-5\">11,40<\/td>\n<\/tr>\n<\/tbody>\n<\/table>\n<!-- #tablepress-6 from cache -->\n\n\n\n<p><strong>*<\/strong> Extra timmar till priset av en tr\u00e4ningstimme.<br><strong>**<\/strong> Priset inkluderar anv\u00e4ndning av kiosken p\u00e5 2:a v\u00e5ningen (1 st).<br><strong>*** <\/strong>Turneringspriset inkluderar 2 omkl\u00e4dningsrum. Extra omkl\u00e4dningsrum 36,00\u202f\u20ac \/ g\u00e5ng.<\/p>\n\n\n\n<div style=\"height:50px\" aria-hidden=\"true\" class=\"wp-block-spacer\"><\/div>\n\n\n\n<h3 class=\"wp-block-heading\" id=\"match-och-turneringspriser\">Match- och turneringspriser<\/h3>\n\n\n\n<table id=\"tablepress-7\" class=\"tablepress tablepress-id-7 tbody-has-connected-cells\">\n<thead>\n<tr class=\"row-1\">\n\t<td colspan=\"3\" class=\"column-1\"><\/td><th class=\"column-4\"><h4>Vardagar f\u00f6re kl. 16<\/h4><\/th><th class=\"column-5\"><h4>Vardagar efter kl. 16, <br \/>\nl\u00f6r\u2013s\u00f6n och helgdagar<\/h4><\/th>\n<\/tr>\n<\/thead>\n<tbody>\n<tr class=\"row-2\">\n\t<td colspan=\"4\" class=\"column-1\">Liga\u00admatch<\/td><td class=\"column-5\">1275,20<\/td>\n<\/tr>\n<tr class=\"row-3\">\n\t<td colspan=\"4\" class=\"column-1\">Lands\u00adkamp<\/td><td class=\"column-5\">1518,10<\/td>\n<\/tr>\n<tr class=\"row-4\">\n\t<td rowspan=\"4\" class=\"column-1\">F\u00f6reningar i Vasa (match \/ 3 h) ***<\/td><td rowspan=\"2\" class=\"column-2\">Hela plan<\/td><td class=\"column-3\">Juni\u2013sept<\/td><td class=\"column-4\">364,50<\/td><td class=\"column-5\">364,50<\/td>\n<\/tr>\n<tr class=\"row-5\">\n\t<td class=\"column-3\">\u00d6vriga m\u00e5nader<\/td><td class=\"column-4\">501,20<\/td><td class=\"column-5\">501,20<\/td>\n<\/tr>\n<tr class=\"row-6\">\n\t<td rowspan=\"2\" class=\"column-2\">Halv plan<\/td><td class=\"column-3\">Juni\u2013sept<\/td><td class=\"column-4\">243,20<\/td><td class=\"column-5\">243,20<\/td>\n<\/tr>\n<tr class=\"row-7\">\n\t<td class=\"column-3\">\u00d6vriga m\u00e5nader<\/td><td class=\"column-4\">334,20<\/td><td class=\"column-5\">334,20<\/td>\n<\/tr>\n<tr class=\"row-8\">\n\t<td rowspan=\"4\" class=\"column-1\">F\u00f6reningar i Vasa \/ juniorer \/ timme ** \/ ***<\/td><td class=\"column-2\">Hela plan<\/td><td class=\"column-3\">Juni\u2013sept<\/td><td class=\"column-4\">54,90<\/td><td class=\"column-5\">73,20<\/td>\n<\/tr>\n<tr class=\"row-9\">\n\t<td class=\"column-2\"><\/td><td class=\"column-3\">\u00d6vriga m\u00e5nader<\/td><td class=\"column-4\">73,20<\/td><td class=\"column-5\">164,30<\/td>\n<\/tr>\n<tr class=\"row-10\">\n\t<td class=\"column-2\">Halv plan<\/td><td class=\"column-3\">Juni\u2013sept<\/td><td class=\"column-4\">36,90<\/td><td class=\"column-5\">54,90<\/td>\n<\/tr>\n<tr class=\"row-11\">\n\t<td class=\"column-2\"><\/td><td class=\"column-3\">\u00d6vriga m\u00e5nader<\/td><td class=\"column-4\">54,90<\/td><td class=\"column-5\">91,40<\/td>\n<\/tr>\n<tr class=\"row-12\">\n\t<td rowspan=\"4\" class=\"column-1\">Vasabaserade skolklasser \/ timme<\/td><td rowspan=\"2\" class=\"column-2\">Hela plan<\/td><td class=\"column-3\">Juni\u2013sept<\/td><td class=\"column-4\">25,90<\/td><td class=\"column-5\">25,90<\/td>\n<\/tr>\n<tr class=\"row-13\">\n\t<td class=\"column-3\">\u00d6vriga m\u00e5nader<\/td><td class=\"column-4\">34,90<\/td><td class=\"column-5\">34,90<\/td>\n<\/tr>\n<tr class=\"row-14\">\n\t<td rowspan=\"2\" class=\"column-2\">Halv plan<\/td><td class=\"column-3\">Juni\u2013sept<\/td><td class=\"column-4\">13,00<\/td><td class=\"column-5\">13,00<\/td>\n<\/tr>\n<tr class=\"row-15\">\n\t<td class=\"column-3\">\u00d6vriga m\u00e5nader<\/td><td class=\"column-4\">17,20<\/td><td class=\"column-5\">17,20<\/td>\n<\/tr>\n<tr class=\"row-16\">\n\t<td colspan=\"2\" rowspan=\"2\" class=\"column-1\">\u00d6vriga f\u00f6reningar och f\u00f6retag \/ timme<\/td><td class=\"column-3\">Juni\u2013sept<\/td><td class=\"column-4\">485,80<\/td><td class=\"column-5\">485,80<\/td>\n<\/tr>\n<tr class=\"row-17\">\n\t<td class=\"column-3\">\u00d6vriga m\u00e5nader<\/td><td class=\"column-4\">631,80<\/td><td class=\"column-5\">631,80<\/td>\n<\/tr>\n<tr class=\"row-18\">\n\t<td colspan=\"5\" class=\"column-1\">Extra: Belysning \/ match: +75,90\u202f\u20ac<\/td>\n<\/tr>\n<\/tbody>\n<tfoot>\n<tr class=\"row-19\">\n\t<th colspan=\"5\" class=\"column-1\"><strong>Priserna inkluderar 14\u202f% moms. F\u00f6r bastu, m\u00f6ten, omkl\u00e4dningsrum, utrustningsuthyrning och tester g\u00e4ller 25,5\u202f% moms.<\/strong><\/th>\n<\/tr>\n<\/tfoot>\n<\/table>\n<!-- #tablepress-7 from cache -->\n\n\n\n<p>* Extra timmar till priset av en tr\u00e4ningstimme.<br>** Priset inkluderar anv\u00e4ndning av kiosken p\u00e5 2:a v\u00e5ningen (1 st).<br>*** Turneringspriset inkluderar 2 omkl\u00e4dningsrum. Extra omkl\u00e4dningsrum 36,00\u202f\u20ac \/ g\u00e5ng.<\/p>\n\n\n\n<div style=\"height:50px\" aria-hidden=\"true\" class=\"wp-block-spacer\"><\/div>\n\n\n\n<h3 class=\"wp-block-heading\" id=\"vinteranvandning\">Vinteranv\u00e4ndning<\/h3>\n\n\n\n<hr class=\"wp-block-separator has-alpha-channel-opacity\" \/>\n\n\n\n<h4 class=\"wp-block-heading\">Tidpunkter<\/h4>\n\n\n\n<ul class=\"wp-block-list\">\n<li>Enskilda bokningar (inte uppv\u00e4rmning eller vinterunderh\u00e5ll): 1.11.2024\u20137.1.2025<\/li>\n\n\n\n<li>1:a perioden f\u00f6r fasta turer: 7.1\u201331.5.2025<\/li>\n\n\n\n<li>2:a perioden f\u00f6r fasta turer: 1.6\u201331.10.2025<\/li>\n\n\n\n<li>Alla fasta turer f\u00f6rdelas av Vasas motionstj\u00e4nster i b\u00f6rjan av oktober. Ans\u00f6kningstid: 12\u201330.9.2024<\/li>\n\n\n\n<li>Vi f\u00f6rbeh\u00e5ller oss r\u00e4tten att avboka tider vid undantagstillst\u00e5nd. Pris\u00e4ndringar \u00e4r m\u00f6jliga.<\/li>\n<\/ul>\n\n\n\n<div style=\"height:51px\" aria-hidden=\"true\" class=\"wp-block-spacer\"><\/div>\n\n\n\n<table id=\"tablepress-8\" class=\"tablepress tablepress-id-8\">\n<thead>\n<tr class=\"row-1\">\n\t<th colspan=\"3\" class=\"column-1\"><h4>Priser<\/h4><\/th><th class=\"column-4\">7.1.-31.3.2025<\/th>\n<\/tr>\n<\/thead>\n<tbody>\n<tr class=\"row-2\">\n\t<td class=\"column-1\">Idrottsf\u00f6reningar i Vasa<\/td><td class=\"column-2\"><\/td><td class=\"column-3\"><\/td><td class=\"column-4\">181,90<\/td>\n<\/tr>\n<tr class=\"row-3\">\n\t<td class=\"column-1\">\u00d6vriga f\u00f6reningar, f\u00f6retag och privatpersoner<\/td><td class=\"column-2\"><\/td><td class=\"column-3\"><\/td><td class=\"column-4\">367,70<\/td>\n<\/tr>\n<tr class=\"row-4\">\n\t<td class=\"column-1\">Skolor i Vasa<\/td><td class=\"column-2\"><\/td><td class=\"column-3\"><\/td><td class=\"column-4\">85,80<\/td>\n<\/tr>\n<\/tbody>\n<tfoot>\n<tr class=\"row-5\">\n\t<th colspan=\"4\" class=\"column-1\">\u00d6vriga tider enligt ordinarie prislista.<\/th>\n<\/tr>\n<\/tfoot>\n<\/table>\n<!-- #tablepress-8 from cache -->\n\n\n\n<table id=\"tablepress-9\" class=\"tablepress tablepress-id-9 tbody-has-connected-cells\">\n<thead>\n<tr class=\"row-1\">\n\t<th colspan=\"2\" class=\"column-1\"><h4>\u00d6vriga priser<\/h4><\/th><th class=\"column-3\"><h4>Vardagar f\u00f6re kl. 16<\/h4><\/th><th class=\"column-4\"><h4>Vardagar efter kl. 16, <br \/>\nl\u00f6r\u2013s\u00f6n och helgdagar<\/h4><\/th>\n<\/tr>\n<\/thead>\n<tbody class=\"row-striping\">\n<tr class=\"row-2\">\n\t<td rowspan=\"2\" class=\"column-1\">M\u00f6tesrum<\/td><td class=\"column-2\">F\u00f6reningar i Vasa<\/td><td class=\"column-3\">24,20<\/td><td class=\"column-4\">24,20<\/td>\n<\/tr>\n<tr class=\"row-3\">\n\t<td class=\"column-2\">\u00d6vriga \/ g\u00e5ng<\/td><td class=\"column-3\">95,10<\/td><td class=\"column-4\">95,10<\/td>\n<\/tr>\n<tr class=\"row-4\">\n\t<td class=\"column-1\">Kioskhyra \/ match<\/td><td class=\"column-2\"><\/td><td class=\"column-3\">114,20<\/td><td class=\"column-4\">114,20<\/td>\n<\/tr>\n<tr class=\"row-5\">\n\t<td class=\"column-1\">Gym privat \/ timme (anv\u00e4ndningen av gymmet ing\u00e5r i bokad tid)<\/td><td class=\"column-2\"><\/td><td class=\"column-3\">36,80<\/td><td class=\"column-4\">36,80<\/td>\n<\/tr>\n<tr class=\"row-6\">\n\t<td class=\"column-1\">Omkl\u00e4dningsrum utanf\u00f6r bokad tid \/ g\u00e5ng<\/td><td class=\"column-2\"><\/td><td class=\"column-3\">36,00<\/td><td class=\"column-4\">36,00<\/td>\n<\/tr>\n<tr class=\"row-7\">\n\t<td class=\"column-1\">F\u00f6reningar i Vasa \/ juniorer<\/td><td class=\"column-2\"><\/td><td class=\"column-3\"><\/td><td class=\"column-4\"><\/td>\n<\/tr>\n<tr class=\"row-8\">\n\t<td class=\"column-1\">Tv\u00e4ttmaskin \/ g\u00e5ng<\/td><td class=\"column-2\"><\/td><td class=\"column-3\">2,50<\/td><td class=\"column-4\">2,50<\/td>\n<\/tr>\n<\/tbody>\n<\/table>\n<!-- #tablepress-9 from cache -->\n","protected":false},"excerpt":{"rendered":"<p>Idrottsf\u00f6reningar * Extra timmar till priset av en tr\u00e4ningstimme.** Priset inkluderar anv\u00e4ndning av kiosken p\u00e5 2:a v\u00e5ningen (1 st).*** Turneringspriset inkluderar 2 omkl\u00e4dningsrum. Extra omkl\u00e4dningsrum\u2026<\/p>\n","protected":false},"author":13,"featured_media":0,"parent":0,"menu_order":0,"comment_status":"closed","ping_status":"closed","template":"","meta":{"_acf_changed":false,"footnotes":""},"class_list":["post-1067","page","type-page","status-publish","hentry"],"acf":[],"yoast_head":"<!-- This site is optimized with the Yoast SEO plugin v27.5 - https:\/\/yoast.com\/product\/yoast-seo-wordpress\/ -->\n<title>Prislistor - Lemonsoft Stadion<\/title>\n<meta name=\"robots\" content=\"index, follow, max-snippet:-1, max-image-preview:large, max-video-preview:-1\" \/>\n<link rel=\"canonical\" href=\"https:\/\/www.vaasanseudunareenat.fi\/lemonsoft-stadion\/sv\/prislistor\/\" \/>\n<meta property=\"og:locale\" content=\"en_US\" \/>\n<meta property=\"og:type\" content=\"article\" \/>\n<meta property=\"og:title\" content=\"Prislistor - Lemonsoft Stadion\" \/>\n<meta property=\"og:description\" content=\"Idrottsf\u00f6reningar * Extra timmar till priset av en tr\u00e4ningstimme.** Priset inkluderar anv\u00e4ndning av kiosken p\u00e5 2:a v\u00e5ningen (1 st).*** Turneringspriset inkluderar 2 omkl\u00e4dningsrum. Extra omkl\u00e4dningsrum\u2026\" \/>\n<meta property=\"og:url\" content=\"https:\/\/www.vaasanseudunareenat.fi\/lemonsoft-stadion\/sv\/prislistor\/\" \/>\n<meta property=\"og:site_name\" content=\"Lemonsoft Stadion\" \/>\n<meta property=\"article:modified_time\" content=\"2025-07-11T06:21:10+00:00\" \/>\n<meta name=\"twitter:card\" content=\"summary_large_image\" \/>\n<meta name=\"twitter:label1\" content=\"Est. reading time\" \/>\n\t<meta name=\"twitter:data1\" content=\"1 minute\" \/>\n<script type=\"application\/ld+json\" class=\"yoast-schema-graph\">{\"@context\":\"https:\\\/\\\/schema.org\",\"@graph\":[{\"@type\":\"WebPage\",\"@id\":\"https:\\\/\\\/www.vaasanseudunareenat.fi\\\/lemonsoft-stadion\\\/sv\\\/prislistor\\\/\",\"url\":\"https:\\\/\\\/www.vaasanseudunareenat.fi\\\/lemonsoft-stadion\\\/sv\\\/prislistor\\\/\",\"name\":\"Prislistor - Lemonsoft Stadion\",\"isPartOf\":{\"@id\":\"https:\\\/\\\/www.vaasanseudunareenat.fi\\\/lemonsoft-stadion\\\/#website\"},\"datePublished\":\"2025-06-13T15:58:55+00:00\",\"dateModified\":\"2025-07-11T06:21:10+00:00\",\"breadcrumb\":{\"@id\":\"https:\\\/\\\/www.vaasanseudunareenat.fi\\\/lemonsoft-stadion\\\/sv\\\/prislistor\\\/#breadcrumb\"},\"inLanguage\":\"en-US\",\"potentialAction\":[{\"@type\":\"ReadAction\",\"target\":[\"https:\\\/\\\/www.vaasanseudunareenat.fi\\\/lemonsoft-stadion\\\/sv\\\/prislistor\\\/\"]}]},{\"@type\":\"BreadcrumbList\",\"@id\":\"https:\\\/\\\/www.vaasanseudunareenat.fi\\\/lemonsoft-stadion\\\/sv\\\/prislistor\\\/#breadcrumb\",\"itemListElement\":[{\"@type\":\"ListItem\",\"position\":1,\"name\":\"Home\",\"item\":\"https:\\\/\\\/www.vaasanseudunareenat.fi\\\/lemonsoft-stadion\\\/\"},{\"@type\":\"ListItem\",\"position\":2,\"name\":\"Prislistor\"}]},{\"@type\":\"WebSite\",\"@id\":\"https:\\\/\\\/www.vaasanseudunareenat.fi\\\/lemonsoft-stadion\\\/#website\",\"url\":\"https:\\\/\\\/www.vaasanseudunareenat.fi\\\/lemonsoft-stadion\\\/\",\"name\":\"Lemonsoft Stadion\",\"description\":\"\",\"potentialAction\":[{\"@type\":\"SearchAction\",\"target\":{\"@type\":\"EntryPoint\",\"urlTemplate\":\"https:\\\/\\\/www.vaasanseudunareenat.fi\\\/lemonsoft-stadion\\\/?s={search_term_string}\"},\"query-input\":{\"@type\":\"PropertyValueSpecification\",\"valueRequired\":true,\"valueName\":\"search_term_string\"}}],\"inLanguage\":\"en-US\"}]}<\/script>\n<!-- \/ Yoast SEO plugin. -->","yoast_head_json":{"title":"Prislistor - Lemonsoft Stadion","robots":{"index":"index","follow":"follow","max-snippet":"max-snippet:-1","max-image-preview":"max-image-preview:large","max-video-preview":"max-video-preview:-1"},"canonical":"https:\/\/www.vaasanseudunareenat.fi\/lemonsoft-stadion\/sv\/prislistor\/","og_locale":"en_US","og_type":"article","og_title":"Prislistor - Lemonsoft Stadion","og_description":"Idrottsf\u00f6reningar * Extra timmar till priset av en tr\u00e4ningstimme.** Priset inkluderar anv\u00e4ndning av kiosken p\u00e5 2:a v\u00e5ningen (1 st).*** Turneringspriset inkluderar 2 omkl\u00e4dningsrum. Extra omkl\u00e4dningsrum\u2026","og_url":"https:\/\/www.vaasanseudunareenat.fi\/lemonsoft-stadion\/sv\/prislistor\/","og_site_name":"Lemonsoft Stadion","article_modified_time":"2025-07-11T06:21:10+00:00","twitter_card":"summary_large_image","twitter_misc":{"Est. reading time":"1 minute"},"schema":{"@context":"https:\/\/schema.org","@graph":[{"@type":"WebPage","@id":"https:\/\/www.vaasanseudunareenat.fi\/lemonsoft-stadion\/sv\/prislistor\/","url":"https:\/\/www.vaasanseudunareenat.fi\/lemonsoft-stadion\/sv\/prislistor\/","name":"Prislistor - Lemonsoft Stadion","isPartOf":{"@id":"https:\/\/www.vaasanseudunareenat.fi\/lemonsoft-stadion\/#website"},"datePublished":"2025-06-13T15:58:55+00:00","dateModified":"2025-07-11T06:21:10+00:00","breadcrumb":{"@id":"https:\/\/www.vaasanseudunareenat.fi\/lemonsoft-stadion\/sv\/prislistor\/#breadcrumb"},"inLanguage":"en-US","potentialAction":[{"@type":"ReadAction","target":["https:\/\/www.vaasanseudunareenat.fi\/lemonsoft-stadion\/sv\/prislistor\/"]}]},{"@type":"BreadcrumbList","@id":"https:\/\/www.vaasanseudunareenat.fi\/lemonsoft-stadion\/sv\/prislistor\/#breadcrumb","itemListElement":[{"@type":"ListItem","position":1,"name":"Home","item":"https:\/\/www.vaasanseudunareenat.fi\/lemonsoft-stadion\/"},{"@type":"ListItem","position":2,"name":"Prislistor"}]},{"@type":"WebSite","@id":"https:\/\/www.vaasanseudunareenat.fi\/lemonsoft-stadion\/#website","url":"https:\/\/www.vaasanseudunareenat.fi\/lemonsoft-stadion\/","name":"Lemonsoft Stadion","description":"","potentialAction":[{"@type":"SearchAction","target":{"@type":"EntryPoint","urlTemplate":"https:\/\/www.vaasanseudunareenat.fi\/lemonsoft-stadion\/?s={search_term_string}"},"query-input":{"@type":"PropertyValueSpecification","valueRequired":true,"valueName":"search_term_string"}}],"inLanguage":"en-US"}]}},"lang":"sv","translations":{"sv":1067,"fi":401},"pll_sync_post":{},"_links":{"self":[{"href":"https:\/\/www.vaasanseudunareenat.fi\/lemonsoft-stadion\/wp-json\/wp\/v2\/pages\/1067","targetHints":{"allow":["GET"]}}],"collection":[{"href":"https:\/\/www.vaasanseudunareenat.fi\/lemonsoft-stadion\/wp-json\/wp\/v2\/pages"}],"about":[{"href":"https:\/\/www.vaasanseudunareenat.fi\/lemonsoft-stadion\/wp-json\/wp\/v2\/types\/page"}],"author":[{"embeddable":true,"href":"https:\/\/www.vaasanseudunareenat.fi\/lemonsoft-stadion\/wp-json\/wp\/v2\/users\/13"}],"replies":[{"embeddable":true,"href":"https:\/\/www.vaasanseudunareenat.fi\/lemonsoft-stadion\/wp-json\/wp\/v2\/comments?post=1067"}],"version-history":[{"count":14,"href":"https:\/\/www.vaasanseudunareenat.fi\/lemonsoft-stadion\/wp-json\/wp\/v2\/pages\/1067\/revisions"}],"predecessor-version":[{"id":1272,"href":"https:\/\/www.vaasanseudunareenat.fi\/lemonsoft-stadion\/wp-json\/wp\/v2\/pages\/1067\/revisions\/1272"}],"wp:attachment":[{"href":"https:\/\/www.vaasanseudunareenat.fi\/lemonsoft-stadion\/wp-json\/wp\/v2\/media?parent=1067"}],"curies":[{"name":"wp","href":"https:\/\/api.w.org\/{rel}","templated":true}]}}