{"id":1045,"date":"2025-06-13T18:31:08","date_gmt":"2025-06-13T15:31:08","guid":{"rendered":"https:\/\/www.vaasanseudunareenat.fi\/lemonsoft-stadion\/?page_id=1045"},"modified":"2025-06-24T10:13:11","modified_gmt":"2025-06-24T07:13:11","slug":"tjanster-for-idrottsforeningar","status":"publish","type":"page","link":"https:\/\/www.vaasanseudunareenat.fi\/lemonsoft-stadion\/sv\/tjanster-for-idrottsforeningar\/","title":{"rendered":"Tj\u00e4nster f\u00f6r idrottsf\u00f6reningar"},"content":{"rendered":"\n<section class=\"block block-hero has-overlay\">\n\t<div class=\"hero-inner\">\n\t\t\t\t\t<div class=\"image-container background-container\">\n\t\t\t\t<img decoding=\"async\" width=\"800\" height=\"599\" src=\"https:\/\/www.vaasanseudunareenat.fi\/lemonsoft-stadion\/wp-content\/uploads\/sites\/3\/2024\/11\/Stadion-Ilmakuva-2_11_2016.jpg\" class=\"img\" alt=\"\" fetchpriority=\"high\" srcset=\"https:\/\/www.vaasanseudunareenat.fi\/lemonsoft-stadion\/wp-content\/uploads\/sites\/3\/2024\/11\/Stadion-Ilmakuva-2_11_2016.jpg 800w, https:\/\/www.vaasanseudunareenat.fi\/lemonsoft-stadion\/wp-content\/uploads\/sites\/3\/2024\/11\/Stadion-Ilmakuva-2_11_2016-300x225.jpg 300w, https:\/\/www.vaasanseudunareenat.fi\/lemonsoft-stadion\/wp-content\/uploads\/sites\/3\/2024\/11\/Stadion-Ilmakuva-2_11_2016-768x576.jpg 768w, https:\/\/www.vaasanseudunareenat.fi\/lemonsoft-stadion\/wp-content\/uploads\/sites\/3\/2024\/11\/Stadion-Ilmakuva-2_11_2016-468x351.jpg 468w, https:\/\/www.vaasanseudunareenat.fi\/lemonsoft-stadion\/wp-content\/uploads\/sites\/3\/2024\/11\/Stadion-Ilmakuva-2_11_2016-352x264.jpg 352w\" sizes=\"(max-width: 800px) 100vw, 800px\" \/>\t\t\t<\/div>\n\t\t\t\n\t\t\t\t<div class=\"container text-left\">\n\t\t\t<div class=\"hero-content\">\n\t\t\t\t<h1 class=\"title h1\">Tj\u00e4nster f\u00f6r idrottsf\u00f6reningar<\/h1>\n\t\t\t\t\t\t\t\t\t<div class=\"content-wysiwyg\">\n\t\t\t\t\t\t<p>En utomhusstadion full av dr\u00f6mmar!<\/p>\n\t\t\t\t\t<\/div>\n\t\t\t\t\n\t\t\t\t\t\t\t<\/div>\n\t\t<\/div>\n\n\t\t<div class=\"hero-columns grid-columns-2\">\n\t\t\t\n\t\t\t\t\t<\/div>\n\t<\/div>\n<\/section>\n\n\n\n<section class=\"block block-columns theme-white\">\n\t<div class=\"container\">\n\t\t\t\t\t<header class=\"header\">\n\t\t\t\t<h2 class=\"title h2\">Bokning av utrymmen<\/h2>\n\t\t\t\t\t\t\t\t\t<div class=\"description\">\n\t\t\t\t\t\t<p>Kontakta oss per e-post p\u00e5\u202f<a href=\"mailto:info@vaasanseudunareenat.fi\">info@vaasanseudunareenat.fi<\/a>\u202feller per telefon <a href=\"tel:0201 201\u202f700\">0201 201\u202f700<\/a>.<\/p>\n<p>I bokningskalendern i Timmi kan du bl\u00e4ddra bland reserverade och lediga tider.<\/p>\n\t\t\t\t\t<\/div>\n\t\t\t\t\t\t\t<\/header>\n\t\t\n\t\t\n\t\t\t\t\t<footer class=\"footer\">\n\t\t\t\t\n\t<ul class=\"buttons\">\n\t\t\t\t\t<li class=\"button-item\">\n\t\t\t\t<a href=\"https:\/\/varaus.vaasa.fi\/WebTimmi\/#\/18?errorMsg=errorLogin\" class=\"button\" target=\"_blank\">Bokningskalender<\/a>\t\t\t<\/li>\n\t\t\t\t\t<li class=\"button-item\">\n\t\t\t\t<a href=\"https:\/\/www.vaasanseudunareenat.fi\/lemonsoft-stadion\/sv\/prislistor\/\" class=\"button\" target=\"_self\">Prislista<\/a>\t\t\t<\/li>\n\t\t\t<\/ul>\n\t\t\t\t<\/footer>\n\t\t\t<\/div>\n<\/section>\n\n\n\n<section class=\"block block-banner layout-right theme-white has-image image-sizing-cover image-inside-container image-rounded-corners\">\n\t\t\t<div class=\"image-container \">\n\t\t\t<img loading=\"lazy\" decoding=\"async\" width=\"800\" height=\"534\" src=\"https:\/\/www.vaasanseudunareenat.fi\/lemonsoft-stadion\/wp-content\/uploads\/sites\/3\/2024\/11\/Pukuhuone_11_2016.jpg\" class=\"img\" alt=\"\" srcset=\"https:\/\/www.vaasanseudunareenat.fi\/lemonsoft-stadion\/wp-content\/uploads\/sites\/3\/2024\/11\/Pukuhuone_11_2016.jpg 800w, https:\/\/www.vaasanseudunareenat.fi\/lemonsoft-stadion\/wp-content\/uploads\/sites\/3\/2024\/11\/Pukuhuone_11_2016-300x200.jpg 300w, https:\/\/www.vaasanseudunareenat.fi\/lemonsoft-stadion\/wp-content\/uploads\/sites\/3\/2024\/11\/Pukuhuone_11_2016-768x513.jpg 768w\" sizes=\"(max-width: 800px) 100vw, 800px\" \/>\t\t<\/div>\n\t\n\t\n\t<div class=\"container text-left\">\n\t\t<div class=\"content\">\n\t\t\t<h2 class=\"title h2\">Omkl\u00e4dningsrum<\/h2>\t\t\t\t<div class=\"content-wysiwyg\">\n\t\t\t\t\t<ul>\n<li>Fem sm\u00e5 omkl\u00e4dningsrum (26\u201332 m\u00b2)<\/li>\n<li>Tv\u00e5 domaromkl\u00e4dningsrum (17 m\u00b2)<\/li>\n<li>Tv\u00e5 stora omkl\u00e4dningsrum, varav det ena (nr 4) har bastu (uthyrt till VPS representationslag)<\/li>\n<\/ul>\n\t\t\t\t<\/div>\n\t\t\t\t\t\t<\/div>\n\t<\/div>\n<\/section>\n\n\n\n<section class=\"block block-banner layout-left theme-white has-image image-sizing-cover image-inside-container image-rounded-corners bottom-border\">\n\t\t\t<div class=\"image-container \">\n\t\t\t<img loading=\"lazy\" decoding=\"async\" width=\"800\" height=\"534\" src=\"https:\/\/www.vaasanseudunareenat.fi\/lemonsoft-stadion\/wp-content\/uploads\/sites\/3\/2024\/11\/Kuntosali_11_2016.jpg\" class=\"img\" alt=\"\" srcset=\"https:\/\/www.vaasanseudunareenat.fi\/lemonsoft-stadion\/wp-content\/uploads\/sites\/3\/2024\/11\/Kuntosali_11_2016.jpg 800w, https:\/\/www.vaasanseudunareenat.fi\/lemonsoft-stadion\/wp-content\/uploads\/sites\/3\/2024\/11\/Kuntosali_11_2016-300x200.jpg 300w, https:\/\/www.vaasanseudunareenat.fi\/lemonsoft-stadion\/wp-content\/uploads\/sites\/3\/2024\/11\/Kuntosali_11_2016-768x513.jpg 768w\" sizes=\"(max-width: 800px) 100vw, 800px\" \/>\t\t<\/div>\n\t\n\t\n\t<div class=\"container text-left\">\n\t\t<div class=\"content\">\n\t\t\t<h2 class=\"title h2\">Kompletterande utrymmen<\/h2>\t\t\t\t<div class=\"content-wysiwyg\">\n\t\t\t\t\t<ul>\n<li>Gym, finns i Lemonsoft Stadions nedersta v\u00e5ning, i n\u00e4rheten av omkl\u00e4dningsrummen<\/li>\n<li>Gymmet kan bokas separat via infon (kontaktuppgifter h\u00f6gst upp p\u00e5 sidan)<\/li>\n<\/ul>\n\t\t\t\t<\/div>\n\t\t\t\t\t\t<\/div>\n\t<\/div>\n<\/section>\n\n\n\n<section class=\"block block-banner layout-right theme-white has-image image-sizing-cover image-inside-container image-rounded-corners\">\n\t\t\t<div class=\"image-container \">\n\t\t\t<img loading=\"lazy\" decoding=\"async\" width=\"800\" height=\"534\" src=\"https:\/\/www.vaasanseudunareenat.fi\/lemonsoft-stadion\/wp-content\/uploads\/sites\/3\/2024\/11\/Stadion-5_11_2016.jpg\" class=\"img\" alt=\"\" srcset=\"https:\/\/www.vaasanseudunareenat.fi\/lemonsoft-stadion\/wp-content\/uploads\/sites\/3\/2024\/11\/Stadion-5_11_2016.jpg 800w, https:\/\/www.vaasanseudunareenat.fi\/lemonsoft-stadion\/wp-content\/uploads\/sites\/3\/2024\/11\/Stadion-5_11_2016-300x200.jpg 300w, https:\/\/www.vaasanseudunareenat.fi\/lemonsoft-stadion\/wp-content\/uploads\/sites\/3\/2024\/11\/Stadion-5_11_2016-768x513.jpg 768w\" sizes=\"(max-width: 800px) 100vw, 800px\" \/>\t\t<\/div>\n\t\n\t\n\t<div class=\"container text-left\">\n\t\t<div class=\"content\">\n\t\t\t<h2 class=\"title h2\">L\u00e4ktare och plan<\/h2>\t\t\t\t<div class=\"content-wysiwyg\">\n\t\t\t\t\t<ul>\n<li data-start=\"18\" data-end=\"183\"><strong>A-l\u00e4ktare<\/strong>: 2\u202f104 sittplatser<\/li>\n<li data-start=\"18\" data-end=\"183\"><strong>C-gavel\u00adl\u00e4ktare<\/strong>: 1\u202f278 sittplatser<\/li>\n<li data-start=\"18\" data-end=\"183\"><strong>B-gavel\u00adl\u00e4ktare<\/strong>: 1\u202f278 sittplatser<\/li>\n<li data-start=\"18\" data-end=\"183\"><strong>Gamla l\u00e4ktaren<\/strong>: 1\u202f349 sittplatser (avst\u00e4ngd)<\/li>\n<li data-start=\"18\" data-end=\"183\"><strong>Totalt antal tillg\u00e4ngliga platser p\u00e5 l\u00e4ktarna och planen<\/strong>: 11\u202f240<\/li>\n<\/ul>\n<p data-start=\"251\" data-end=\"400\">Lemonsoft Stadions plan och belysning \u00e4r FIFA-certifierade och uppfyller kvalitetskraven. Planen \u00e4r utrustad med uppv\u00e4rmnings- och bevattningssystem.<\/p>\n<p data-start=\"402\" data-end=\"423\" data-is-last-node=\"\" data-is-only-node=\"\">Planens storlek: 105 \u00d7 68<\/p>\n\t\t\t\t<\/div>\n\t\t\t\t\t\t<\/div>\n\t<\/div>\n<\/section>\n\n\n\n<section class=\"block block-columns theme-white show-in-boxes\">\n\t<div class=\"container\">\n\t\t\t\t\t<header class=\"header\">\n\t\t\t\t<h2 class=\"title h2\">Bra att veta<\/h2>\n\t\t\t\t\t\t\t<\/header>\n\t\t\n\t\t\t\t\t<div class=\"columns grid-columns-3 text-center\">\n\t\t\t\t\t\t\t\t\t<div class=\"column\">\n\t\t\t\t\t\t\n\t\t\t\t\t\t\t\t\t\t\t\t\t<h3 class=\"title h3\">Fysik- och testtj\u00e4nster f\u00f6r f\u00f6reningar<\/h3>\t\t\t\t\t\t\n\t\t\t\t\t\t\n\t\t\t\t\t\t\t\t\t\t\t<\/div>\n\t\t\t\t\t\t\t\t\t<div class=\"column\">\n\t\t\t\t\t\t\n\t\t\t\t\t\t<h3 class=\"title h3\"><a class=\"title-link\" href=\"https:\/\/www.vaasanseudunareenat.fi\/lemonsoft-stadion\/sv\/fasta-turer\/\" target=\"_self\">Fasta turer p\u00e5 stadion<\/a><\/h3>\t\t\t\t\t\t\n\t\t\t\t\t\t\n\t\t\t\t\t\t\t\t\t\t\t<\/div>\n\t\t\t\t\t\t\t\t\t<div class=\"column\">\n\t\t\t\t\t\t\n\t\t\t\t\t\t<h3 class=\"title h3\"><a class=\"title-link\" href=\"https:\/\/www.vaasanseudunareenat.fi\/lemonsoft-stadion\/sv\/motestjanster\/\" target=\"_self\">Teamm\u00f6ten och konferenser<\/a><\/h3>\t\t\t\t\t\t\n\t\t\t\t\t\t\n\t\t\t\t\t\t\t\t\t\t\t<\/div>\n\t\t\t\t\t\t\t<\/div>\n\t\t\n\t\t\t<\/div>\n<\/section>\n\n\n\n<section class=\"block block-banner layout-right theme-white has-image image-sizing-cover image-inside-container image-rounded-corners\">\n\t\t\t<div class=\"image-container \">\n\t\t\t<img loading=\"lazy\" decoding=\"async\" width=\"768\" height=\"1024\" src=\"https:\/\/www.vaasanseudunareenat.fi\/lemonsoft-stadion\/wp-content\/uploads\/sites\/3\/2024\/11\/Futis-768x1024.jpg\" class=\"img\" alt=\"\" srcset=\"https:\/\/www.vaasanseudunareenat.fi\/lemonsoft-stadion\/wp-content\/uploads\/sites\/3\/2024\/11\/Futis-768x1024.jpg 768w, https:\/\/www.vaasanseudunareenat.fi\/lemonsoft-stadion\/wp-content\/uploads\/sites\/3\/2024\/11\/Futis-225x300.jpg 225w, https:\/\/www.vaasanseudunareenat.fi\/lemonsoft-stadion\/wp-content\/uploads\/sites\/3\/2024\/11\/Futis-1152x1536.jpg 1152w, https:\/\/www.vaasanseudunareenat.fi\/lemonsoft-stadion\/wp-content\/uploads\/sites\/3\/2024\/11\/Futis.jpg 1536w\" sizes=\"(max-width: 768px) 100vw, 768px\" \/>\t\t<\/div>\n\t\n\t\n\t<div class=\"container text-left\">\n\t\t<div class=\"content\">\n\t\t\t<h2 class=\"title h2\">Ans\u00f6k om tider p\u00e5 stadion<\/h2>\t\t\t\t<div class=\"content-wysiwyg\">\n\t\t\t\t\t<h3>Enskilda tr\u00e4ningstider<\/h3>\n<p>Fr\u00e5ga om tr\u00e4ningstid: <a href=\"mailto:info@vaasanseudunareenat.fi\">info@vaasanseudunareenat.fi<\/a> eller tel. <a href=\"tel:0201 201 700\">0201 201 700<\/a><\/p>\n<h3>Fasta turer<\/h3>\n<p>Fasta turer ans\u00f6ks s\u00e4songsvis med ans\u00f6kningsblankett (januari\u2013maj &amp; juni\u2013oktober). De fasta turerna f\u00f6rdelas av Vasa stad.<\/p>\n\t\t\t\t<\/div>\n\t\t\t\t\n\t<ul class=\"buttons\">\n\t\t\t\t\t<li class=\"button-item\">\n\t\t\t\t\t\t\t<\/li>\n\t\t\t<\/ul>\n\t\t\t<\/div>\n\t<\/div>\n<\/section>\n","protected":false},"excerpt":{"rendered":"","protected":false},"author":13,"featured_media":0,"parent":0,"menu_order":0,"comment_status":"closed","ping_status":"open","template":"","meta":{"_acf_changed":false,"footnotes":""},"class_list":["post-1045","page","type-page","status-publish","hentry"],"acf":[],"yoast_head":"<!-- This site is optimized with the Yoast SEO plugin v27.3 - https:\/\/yoast.com\/product\/yoast-seo-wordpress\/ -->\n<title>Tj\u00e4nster f\u00f6r idrottsf\u00f6reningar - Lemonsoft Stadion<\/title>\n<meta name=\"robots\" content=\"index, follow, max-snippet:-1, max-image-preview:large, max-video-preview:-1\" \/>\n<link rel=\"canonical\" href=\"https:\/\/www.vaasanseudunareenat.fi\/lemonsoft-stadion\/sv\/tjanster-for-idrottsforeningar\/\" \/>\n<meta property=\"og:locale\" content=\"en_US\" \/>\n<meta property=\"og:type\" content=\"article\" \/>\n<meta property=\"og:title\" content=\"Tj\u00e4nster f\u00f6r idrottsf\u00f6reningar - Lemonsoft Stadion\" \/>\n<meta property=\"og:url\" content=\"https:\/\/www.vaasanseudunareenat.fi\/lemonsoft-stadion\/sv\/tjanster-for-idrottsforeningar\/\" \/>\n<meta property=\"og:site_name\" content=\"Lemonsoft Stadion\" \/>\n<meta property=\"article:modified_time\" content=\"2025-06-24T07:13:11+00:00\" \/>\n<meta name=\"twitter:card\" content=\"summary_large_image\" \/>\n<script type=\"application\/ld+json\" class=\"yoast-schema-graph\">{\"@context\":\"https:\\\/\\\/schema.org\",\"@graph\":[{\"@type\":\"WebPage\",\"@id\":\"https:\\\/\\\/www.vaasanseudunareenat.fi\\\/lemonsoft-stadion\\\/sv\\\/tjanster-for-idrottsforeningar\\\/\",\"url\":\"https:\\\/\\\/www.vaasanseudunareenat.fi\\\/lemonsoft-stadion\\\/sv\\\/tjanster-for-idrottsforeningar\\\/\",\"name\":\"Tj\u00e4nster f\u00f6r idrottsf\u00f6reningar - Lemonsoft Stadion\",\"isPartOf\":{\"@id\":\"https:\\\/\\\/www.vaasanseudunareenat.fi\\\/lemonsoft-stadion\\\/#website\"},\"datePublished\":\"2025-06-13T15:31:08+00:00\",\"dateModified\":\"2025-06-24T07:13:11+00:00\",\"breadcrumb\":{\"@id\":\"https:\\\/\\\/www.vaasanseudunareenat.fi\\\/lemonsoft-stadion\\\/sv\\\/tjanster-for-idrottsforeningar\\\/#breadcrumb\"},\"inLanguage\":\"en-US\",\"potentialAction\":[{\"@type\":\"ReadAction\",\"target\":[\"https:\\\/\\\/www.vaasanseudunareenat.fi\\\/lemonsoft-stadion\\\/sv\\\/tjanster-for-idrottsforeningar\\\/\"]}]},{\"@type\":\"BreadcrumbList\",\"@id\":\"https:\\\/\\\/www.vaasanseudunareenat.fi\\\/lemonsoft-stadion\\\/sv\\\/tjanster-for-idrottsforeningar\\\/#breadcrumb\",\"itemListElement\":[{\"@type\":\"ListItem\",\"position\":1,\"name\":\"Home\",\"item\":\"https:\\\/\\\/www.vaasanseudunareenat.fi\\\/lemonsoft-stadion\\\/\"},{\"@type\":\"ListItem\",\"position\":2,\"name\":\"Tj\u00e4nster f\u00f6r idrottsf\u00f6reningar\"}]},{\"@type\":\"WebSite\",\"@id\":\"https:\\\/\\\/www.vaasanseudunareenat.fi\\\/lemonsoft-stadion\\\/#website\",\"url\":\"https:\\\/\\\/www.vaasanseudunareenat.fi\\\/lemonsoft-stadion\\\/\",\"name\":\"Lemonsoft Stadion\",\"description\":\"\",\"potentialAction\":[{\"@type\":\"SearchAction\",\"target\":{\"@type\":\"EntryPoint\",\"urlTemplate\":\"https:\\\/\\\/www.vaasanseudunareenat.fi\\\/lemonsoft-stadion\\\/?s={search_term_string}\"},\"query-input\":{\"@type\":\"PropertyValueSpecification\",\"valueRequired\":true,\"valueName\":\"search_term_string\"}}],\"inLanguage\":\"en-US\"}]}<\/script>\n<!-- \/ Yoast SEO plugin. -->","yoast_head_json":{"title":"Tj\u00e4nster f\u00f6r idrottsf\u00f6reningar - Lemonsoft Stadion","robots":{"index":"index","follow":"follow","max-snippet":"max-snippet:-1","max-image-preview":"max-image-preview:large","max-video-preview":"max-video-preview:-1"},"canonical":"https:\/\/www.vaasanseudunareenat.fi\/lemonsoft-stadion\/sv\/tjanster-for-idrottsforeningar\/","og_locale":"en_US","og_type":"article","og_title":"Tj\u00e4nster f\u00f6r idrottsf\u00f6reningar - Lemonsoft Stadion","og_url":"https:\/\/www.vaasanseudunareenat.fi\/lemonsoft-stadion\/sv\/tjanster-for-idrottsforeningar\/","og_site_name":"Lemonsoft Stadion","article_modified_time":"2025-06-24T07:13:11+00:00","twitter_card":"summary_large_image","schema":{"@context":"https:\/\/schema.org","@graph":[{"@type":"WebPage","@id":"https:\/\/www.vaasanseudunareenat.fi\/lemonsoft-stadion\/sv\/tjanster-for-idrottsforeningar\/","url":"https:\/\/www.vaasanseudunareenat.fi\/lemonsoft-stadion\/sv\/tjanster-for-idrottsforeningar\/","name":"Tj\u00e4nster f\u00f6r idrottsf\u00f6reningar - Lemonsoft Stadion","isPartOf":{"@id":"https:\/\/www.vaasanseudunareenat.fi\/lemonsoft-stadion\/#website"},"datePublished":"2025-06-13T15:31:08+00:00","dateModified":"2025-06-24T07:13:11+00:00","breadcrumb":{"@id":"https:\/\/www.vaasanseudunareenat.fi\/lemonsoft-stadion\/sv\/tjanster-for-idrottsforeningar\/#breadcrumb"},"inLanguage":"en-US","potentialAction":[{"@type":"ReadAction","target":["https:\/\/www.vaasanseudunareenat.fi\/lemonsoft-stadion\/sv\/tjanster-for-idrottsforeningar\/"]}]},{"@type":"BreadcrumbList","@id":"https:\/\/www.vaasanseudunareenat.fi\/lemonsoft-stadion\/sv\/tjanster-for-idrottsforeningar\/#breadcrumb","itemListElement":[{"@type":"ListItem","position":1,"name":"Home","item":"https:\/\/www.vaasanseudunareenat.fi\/lemonsoft-stadion\/"},{"@type":"ListItem","position":2,"name":"Tj\u00e4nster f\u00f6r idrottsf\u00f6reningar"}]},{"@type":"WebSite","@id":"https:\/\/www.vaasanseudunareenat.fi\/lemonsoft-stadion\/#website","url":"https:\/\/www.vaasanseudunareenat.fi\/lemonsoft-stadion\/","name":"Lemonsoft Stadion","description":"","potentialAction":[{"@type":"SearchAction","target":{"@type":"EntryPoint","urlTemplate":"https:\/\/www.vaasanseudunareenat.fi\/lemonsoft-stadion\/?s={search_term_string}"},"query-input":{"@type":"PropertyValueSpecification","valueRequired":true,"valueName":"search_term_string"}}],"inLanguage":"en-US"}]}},"lang":"sv","translations":{"sv":1045,"fi":2},"pll_sync_post":[],"_links":{"self":[{"href":"https:\/\/www.vaasanseudunareenat.fi\/lemonsoft-stadion\/wp-json\/wp\/v2\/pages\/1045","targetHints":{"allow":["GET"]}}],"collection":[{"href":"https:\/\/www.vaasanseudunareenat.fi\/lemonsoft-stadion\/wp-json\/wp\/v2\/pages"}],"about":[{"href":"https:\/\/www.vaasanseudunareenat.fi\/lemonsoft-stadion\/wp-json\/wp\/v2\/types\/page"}],"author":[{"embeddable":true,"href":"https:\/\/www.vaasanseudunareenat.fi\/lemonsoft-stadion\/wp-json\/wp\/v2\/users\/13"}],"replies":[{"embeddable":true,"href":"https:\/\/www.vaasanseudunareenat.fi\/lemonsoft-stadion\/wp-json\/wp\/v2\/comments?post=1045"}],"version-history":[{"count":15,"href":"https:\/\/www.vaasanseudunareenat.fi\/lemonsoft-stadion\/wp-json\/wp\/v2\/pages\/1045\/revisions"}],"predecessor-version":[{"id":1258,"href":"https:\/\/www.vaasanseudunareenat.fi\/lemonsoft-stadion\/wp-json\/wp\/v2\/pages\/1045\/revisions\/1258"}],"wp:attachment":[{"href":"https:\/\/www.vaasanseudunareenat.fi\/lemonsoft-stadion\/wp-json\/wp\/v2\/media?parent=1045"}],"curies":[{"name":"wp","href":"https:\/\/api.w.org\/{rel}","templated":true}]}}