{"id":1040,"date":"2025-06-13T18:07:24","date_gmt":"2025-06-13T15:07:24","guid":{"rendered":"https:\/\/www.vaasanseudunareenat.fi\/lemonsoft-stadion\/?page_id=1040"},"modified":"2025-09-26T09:16:12","modified_gmt":"2025-09-26T06:16:12","slug":"startsida","status":"publish","type":"page","link":"https:\/\/www.vaasanseudunareenat.fi\/lemonsoft-stadion\/sv\/","title":{"rendered":"Startsida"},"content":{"rendered":"\n<section class=\"block block-hero has-overlay\">\n\t<div class=\"hero-inner\">\n\t\t\t\t\t<div class=\"image-container background-container\">\n\t\t\t\t<img decoding=\"async\" width=\"800\" height=\"599\" src=\"https:\/\/www.vaasanseudunareenat.fi\/lemonsoft-stadion\/wp-content\/uploads\/sites\/3\/2024\/11\/Stadion-Ilmakuva_11_2016.jpg\" class=\"img\" alt=\"\" fetchpriority=\"high\" srcset=\"https:\/\/www.vaasanseudunareenat.fi\/lemonsoft-stadion\/wp-content\/uploads\/sites\/3\/2024\/11\/Stadion-Ilmakuva_11_2016.jpg 800w, https:\/\/www.vaasanseudunareenat.fi\/lemonsoft-stadion\/wp-content\/uploads\/sites\/3\/2024\/11\/Stadion-Ilmakuva_11_2016-300x225.jpg 300w, https:\/\/www.vaasanseudunareenat.fi\/lemonsoft-stadion\/wp-content\/uploads\/sites\/3\/2024\/11\/Stadion-Ilmakuva_11_2016-768x576.jpg 768w, https:\/\/www.vaasanseudunareenat.fi\/lemonsoft-stadion\/wp-content\/uploads\/sites\/3\/2024\/11\/Stadion-Ilmakuva_11_2016-468x351.jpg 468w, https:\/\/www.vaasanseudunareenat.fi\/lemonsoft-stadion\/wp-content\/uploads\/sites\/3\/2024\/11\/Stadion-Ilmakuva_11_2016-352x264.jpg 352w\" sizes=\"(max-width: 800px) 100vw, 800px\" \/>\t\t\t<\/div>\n\t\t\t\n\t\t\t\t<div class=\"container text-left\">\n\t\t\t<div class=\"hero-content\">\n\t\t\t\t<h1 class=\"title h1\">Lemonsoft Stadion \u2013 mer \u00e4n bara en plan<\/h1>\n\t\t\t\t\t\t\t\t\t<div class=\"content-wysiwyg\">\n\t\t\t\t\t\t<p>K\u00e4nd som hemmaplan f\u00f6r Veikkausliiga-laget Vaasan Palloseura lockar Lemonsoft Stadion b\u00e5de fotbollsfans och stora konsertpubliker.<\/p>\n\t\t\t\t\t<\/div>\n\t\t\t\t\n\t\t\t\t\t\t\t<\/div>\n\t\t<\/div>\n\n\t\t<div class=\"hero-columns grid-columns-2\">\n\t\t\t\t\t\t\t<div class=\"column column-links-container\">\n\t\t\t\t\t<h2 class=\"title h3\">\n\t\t\t\t\t\tHur kan vi hj\u00e4lpa till?\t\t\t\t\t<\/h2>\n\n\t\t\t\t\t<div class=\"column-links\">\n\t\t\t\t\t\t\t\t\t\t\t\t\t<div class=\"link\">\n\t\t\t\t\t\t\t\t\t\t\t\t\t\t\t\t\t<span class=\"icon fa-regular fa-arrow-right\" aria-hidden=\"true\"><\/span>\n\t\t\t\t\t\t\t\t\t<a class=\"column-link\" href=\"https:\/\/www.vaasa.fi\/sv\/\" target=\"_blank\">\n\t\t\t\t\t\t\t\t\t\tVasa stad\t\t\t\t\t\t\t\t\t<\/a>\n\t\t\t\t\t\t\t\t\t\t\t\t\t\t\t<\/div>\n\t\t\t\t\t\t\t\t\t\t\t\t\t<div class=\"link\">\n\t\t\t\t\t\t\t\t\t\t\t\t\t\t\t\t\t<span class=\"icon fa-regular fa-arrow-right\" aria-hidden=\"true\"><\/span>\n\t\t\t\t\t\t\t\t\t<a class=\"column-link\" href=\"https:\/\/varaus.vaasa.fi\/WebTimmi\/getWeekViewAjax.do\" target=\"_blank\">\n\t\t\t\t\t\t\t\t\t\tBokningskalender\t\t\t\t\t\t\t\t\t<\/a>\n\t\t\t\t\t\t\t\t\t\t\t\t\t\t\t<\/div>\n\t\t\t\t\t\t\t\t\t\t\t\t\t<div class=\"link\">\n\t\t\t\t\t\t\t\t\t\t\t\t\t\t\t\t\t<span class=\"icon fa-regular fa-arrow-right\" aria-hidden=\"true\"><\/span>\n\t\t\t\t\t\t\t\t\t<a class=\"column-link\" href=\"https:\/\/www.vaasanseudunareenat.fi\/lemonsoft-stadion\/sv\/for-evenemangsarrangorer\/\" target=\"_self\">\n\t\t\t\t\t\t\t\t\t\tF\u00f6r evenemangsarrang\u00f6rer\t\t\t\t\t\t\t\t\t<\/a>\n\t\t\t\t\t\t\t\t\t\t\t\t\t\t\t<\/div>\n\t\t\t\t\t\t\t\t\t\t\t\t\t<div class=\"link\">\n\t\t\t\t\t\t\t\t\t\t\t\t\t\t\t<\/div>\n\t\t\t\t\t\t\t\t\t\t\t<\/div>\n\t\t\t\t<\/div>\n\t\t\t\n\t\t\t\t\t\t\t<div class=\"column\">\n\t\t\t\t\t<h2 class=\"title h3 text-center\">\n\t\t\t\t\t\tLemonsoft Stadion \u00e4r \u00f6ppet enligt bokningar\t\t\t\t\t<\/h2>\n\n\t\t\t\t\t\t\t\t\t\t\t<div class=\"opening-hours h4 text-center\">\n\t\t\t\t\t\t\tClosed\t\t\t\t\t\t<\/div>\n\t\t\t\t\t\t\t\t\t<\/div>\n\t\t\t\t\t<\/div>\n\t<\/div>\n<\/section>\n\n\n\n<div style=\"height:100px\" aria-hidden=\"true\" class=\"wp-block-spacer\"><\/div>\n\n\n\n<div style=\"height:116px\" aria-hidden=\"true\" class=\"wp-block-spacer\"><\/div>\n\n\n\n<section class=\"block block-banner layout-right theme-light has-image image-sizing-cover image-inside-container image-rounded-corners\">\n\t\t\t<div class=\"image-container \">\n\t\t\t<img loading=\"lazy\" decoding=\"async\" width=\"800\" height=\"534\" src=\"https:\/\/www.vaasanseudunareenat.fi\/lemonsoft-stadion\/wp-content\/uploads\/sites\/3\/2024\/11\/ElisaStadion_yolla-mm_paino3-1024x683.jpg\" class=\"img\" alt=\"\" srcset=\"https:\/\/www.vaasanseudunareenat.fi\/lemonsoft-stadion\/wp-content\/uploads\/sites\/3\/2024\/11\/ElisaStadion_yolla-mm_paino3-1024x683.jpg 1024w, https:\/\/www.vaasanseudunareenat.fi\/lemonsoft-stadion\/wp-content\/uploads\/sites\/3\/2024\/11\/ElisaStadion_yolla-mm_paino3-300x200.jpg 300w, https:\/\/www.vaasanseudunareenat.fi\/lemonsoft-stadion\/wp-content\/uploads\/sites\/3\/2024\/11\/ElisaStadion_yolla-mm_paino3-768x512.jpg 768w, https:\/\/www.vaasanseudunareenat.fi\/lemonsoft-stadion\/wp-content\/uploads\/sites\/3\/2024\/11\/ElisaStadion_yolla-mm_paino3-1536x1024.jpg 1536w\" sizes=\"(max-width: 800px) 100vw, 800px\" \/>\t\t<\/div>\n\t\n\t\n\t<div class=\"container text-left\">\n\t\t<div class=\"content\">\n\t\t\t<h2 class=\"title h2\">Lemonsoft Stadion <\/h2>\t\t\t\t<div class=\"content-wysiwyg\">\n\t\t\t\t\t<p>Lemonsoft Stadion ligger mitt i h\u00e4ndelsernas centrum och bjuder p\u00e5 upplevelser som ber\u00f6r. Den moderna stadionen f\u00f6renar sportslig energi, konsertst\u00e4mning och of\u00f6rgl\u00f6mliga evenemang till en inspirerande helhet.<\/p>\n<p>Oavsett om det handlar om r\u00f6relsegl\u00e4dje, en m\u00e4ktig spelning eller ett imponerande f\u00f6retagsevenemang \u2013 Lemonsoft Stadion g\u00f6r evenemanget till en upplevelse att minnas.<\/p>\n\t\t\t\t<\/div>\n\t\t\t\t\n\t<ul class=\"buttons\">\n\t\t\t\t\t<li class=\"button-item\">\n\t\t\t\t<a href=\"https:\/\/www.vaasanseudunareenat.fi\/lemonsoft-stadion\/sv\/for-evenemangsarrangorer\/\" class=\"link\" target=\"_self\">F\u00f6r evenemangsarrang\u00f6rer<\/a>\t\t\t<\/li>\n\t\t\t\t\t<li class=\"button-item\">\n\t\t\t\t\t\t\t<\/li>\n\t\t\t<\/ul>\n\t\t\t<\/div>\n\t<\/div>\n<\/section>\n\n\n\n<section class=\"block block-posts-and-events theme-light\">\n\t<div class=\"container grid-columns-2\">\n\n\t\t\t\t\t<div class=\"image-container\">\n\t\t\t\t<img loading=\"lazy\" decoding=\"async\" width=\"800\" height=\"534\" src=\"https:\/\/www.vaasanseudunareenat.fi\/lemonsoft-stadion\/wp-content\/uploads\/sites\/3\/2025\/06\/Stadion-5_11_2016.jpg\" class=\"img\" alt=\"\" srcset=\"https:\/\/www.vaasanseudunareenat.fi\/lemonsoft-stadion\/wp-content\/uploads\/sites\/3\/2025\/06\/Stadion-5_11_2016.jpg 800w, https:\/\/www.vaasanseudunareenat.fi\/lemonsoft-stadion\/wp-content\/uploads\/sites\/3\/2025\/06\/Stadion-5_11_2016-300x200.jpg 300w, https:\/\/www.vaasanseudunareenat.fi\/lemonsoft-stadion\/wp-content\/uploads\/sites\/3\/2025\/06\/Stadion-5_11_2016-768x513.jpg 768w\" sizes=\"(max-width: 800px) 100vw, 800px\" \/>\t\t\t<\/div>\n\t\t\n\n\t\t<div class=\"content\">\n\t\t\t<div class=\"posts-container\">\n\t\t\t\t\n<section class=\"section-latest-articles\">\n\t<div class=\"inner\">\n\t\t<h2 class=\"title h2\">Latest articles<\/h2>\n\t\t<div class=\"latest-articles\">\n\t\t\t<ul class=\"posts-and-events-list\">\n\t\t\t\t\t\t\t\t\t<li class=\"article-item\">\n\t\t\t\t\t\t<div class=\"feed-meta\">\n\t\t\t\t\t\t\t<span class=\"posted-on\">\n\t\t\t\t\t\t\t\t<time datetime=\"2026-01-19T09:45:26+02:00\" class=\"entry-date\">\n\t\t\t\t\t\t\t\t\t19.1.2026\t\t\t\t\t\t\t\t<\/time>\n\t\t\t\t\t\t\t<\/span>\n\t\t\t\t\t\t<\/div>\n\n\t\t\t\t\t\t<a class=\"item-title h6\" href=\"https:\/\/www.vaasanseudunareenat.fi\/lemonsoft-stadion\/till-kannedom-for-botniahallens-kunder\/\">\n\t\t\t\t\t\t\tTill k\u00e4nnedom f\u00f6r Botniahallens kunder\u00a0\t\t\t\t\t\t<\/a>\n\n\t\t\t\t\t\t<div class=\"article-summary\">\n\t\t\t\t\t\t\tTill k\u00e4nnedom f\u00f6r Botniahallens kunder&nbsp; Stormen Hannes skadade Botniahallens takpl\u00e5tar.\u2026\t\t\t\t\t\t<\/div>\n\t\t\t\t\t<\/li>\n\t\t\t\t\t\t\t\t\t\t<li class=\"article-item\">\n\t\t\t\t\t\t<div class=\"feed-meta\">\n\t\t\t\t\t\t\t<span class=\"posted-on\">\n\t\t\t\t\t\t\t\t<time datetime=\"2025-12-17T11:47:59+02:00\" class=\"entry-date\">\n\t\t\t\t\t\t\t\t\t17.12.2025\t\t\t\t\t\t\t\t<\/time>\n\t\t\t\t\t\t\t<\/span>\n\t\t\t\t\t\t<\/div>\n\n\t\t\t\t\t\t<a class=\"item-title h6\" href=\"https:\/\/www.vaasanseudunareenat.fi\/lemonsoft-stadion\/vuoden-2026-talven-vakiovuoro-lemonsoft-stadionilla\/\">\n\t\t\t\t\t\t\tVuoden 2026 talven vakiovuoro Lemonsoft Stadionilla\t\t\t\t\t\t<\/a>\n\n\t\t\t\t\t\t<div class=\"article-summary\">\n\t\t\t\t\t\t\tVuoden 2026 talven vakiovuoroa ei j\u00e4rjestet\u00e4 Lemonoft Stadionilla. Vakiovuoro j\u00e4rjestet\u00e4\u00e4n\u2026\t\t\t\t\t\t<\/div>\n\t\t\t\t\t<\/li>\n\t\t\t\t\t\t\t\t<\/ul>\n\t\t<\/div>\n\n\t\t<a class=\"archive-link\" href=\"https:\/\/www.vaasanseudunareenat.fi\/lemonsoft-stadion\/ajankohtaista\/\">\n\t\t\tView all articles\t\t<\/a>\n\t<\/div>\n<\/section>\n\t\t\t<\/div>\n\t\t\t<div class=\"events-container\">\n\t\t\t\t\t\t\t<\/div>\n\t\t<\/div>\n\t<\/div>\n<\/section>\n\n\n\n<section class=\"block block-banner layout-left theme-light has-image image-sizing-cover image-inside-container image-rounded-corners\">\n\t\t\t<div class=\"image-container \">\n\t\t\t<img loading=\"lazy\" decoding=\"async\" width=\"800\" height=\"640\" src=\"https:\/\/www.vaasanseudunareenat.fi\/lemonsoft-stadion\/wp-content\/uploads\/sites\/3\/2024\/12\/Outi-Jarvela-4-1024x819.jpg\" class=\"img\" alt=\"\" srcset=\"https:\/\/www.vaasanseudunareenat.fi\/lemonsoft-stadion\/wp-content\/uploads\/sites\/3\/2024\/12\/Outi-Jarvela-4-1024x819.jpg 1024w, https:\/\/www.vaasanseudunareenat.fi\/lemonsoft-stadion\/wp-content\/uploads\/sites\/3\/2024\/12\/Outi-Jarvela-4-300x240.jpg 300w, https:\/\/www.vaasanseudunareenat.fi\/lemonsoft-stadion\/wp-content\/uploads\/sites\/3\/2024\/12\/Outi-Jarvela-4-768x614.jpg 768w, https:\/\/www.vaasanseudunareenat.fi\/lemonsoft-stadion\/wp-content\/uploads\/sites\/3\/2024\/12\/Outi-Jarvela-4-1536x1229.jpg 1536w\" sizes=\"(max-width: 800px) 100vw, 800px\" \/>\t\t<\/div>\n\t\n\t\n\t<div class=\"container text-left\">\n\t\t<div class=\"content\">\n\t\t\t<h2 class=\"title h2\">Sandvikens fotbollsstadion<\/h2>\t\t\t\t<div class=\"content-wysiwyg\">\n\t\t\t\t\t<p>Lemonsoft Stadion \u00e4gs av Vasa stad och heter officiellt Sandvikens fotbollsstadion. Stadionen \u00f6ppnades 1936, och en omfattande grundrenovering genomf\u00f6rdes 1995. \u00c5r 2015 inleddes en utbyggnad, och 2016 \u00e5terinvigdes stadion med sponsor\u00adnamnet Elisa Stadion. \u00c5r 2022 tecknade det vasabaserade mjukvarubolaget Lemonsoft Abp ett fem\u00e5rigt samarbetsavtal med Vasa IFK, varp\u00e5 stadion fick sitt nuvarande namn \u2013 Lemonsoft Stadion.<\/p>\n<p>Stadion \u00e4r hemmaplan f\u00f6r Veikkausliiga-laget VPS och den lockar b\u00e5de fotbollsfans och publik till stora konserter. F\u00f6rutom VPS anv\u00e4nder ocks\u00e5 andra lokala fotbollsf\u00f6reningar arenan \u2013 bland dem Vasa IFK:s damlag, som spelar i nationella ligan s\u00e4songen 2025. Vasa stad fr\u00e4mjar det lokala idrotts- och kulturlivet genom att erbjuda arenan ocks\u00e5 f\u00f6r andra typer av evenemang.<\/p>\n<p>Med 4 660 sittplatser, h\u00f6gklassiga tj\u00e4nster och en atmosf\u00e4r som f\u00f6r publiken n\u00e4ra upplevelsen har Lemonsoft Stadion blivit ett viktigt centrum f\u00f6r samh\u00f6righeten i Vasa. Stadionen rymmer m\u00f6teslokal, loger, gym, omkl\u00e4dningsrum och en restaurang med 335 platser och fullt utrustat k\u00f6k. Den maximalt till\u00e5tna publikkapaciteten \u00e4r cirka 11 240 personer.<\/p>\n<p>Artister som Nightwish, Gyllene Tider och Roxette har upptr\u00e4tt inf\u00f6r stor publik p\u00e5 Lemonsoft Stadion.<\/p>\n\t\t\t\t<\/div>\n\t\t\t\t\t\t<\/div>\n\t<\/div>\n<\/section>\n\n\n\n<section class=\"block block-columns theme-light show-in-boxes\">\n\t<div class=\"container\">\n\t\t\n\t\t\t\t\t<div class=\"columns grid-columns-3 text-left\">\n\t\t\t\t\t\t\t\t\t<div class=\"column\">\n\t\t\t\t\t\t\n\t\t\t\t\t\t<h2 class=\"title h3\"><a class=\"title-link\" href=\"https:\/\/www.vaasanseudunareenat.fi\/lemonsoft-stadion\/sv\/for-evenemangsarrangorer\/\" target=\"_self\">Ordna ett evenemang p\u00e5 Lemonsoft Stadion<\/a><\/h2>\t\t\t\t\t\t\n\t\t\t\t\t\t\t\t\t\t\t\t\t<div class=\"content content-wysiwyg\">\n\t\t\t\t\t\t\t\t<p>M\u00e5ngsidiga tj\u00e4nster och fina utrymmen skapar utm\u00e4rkta f\u00f6ruts\u00e4ttningar f\u00f6r motionsaktiviteter, publikevenemang och storskaliga konserter. Vad \u00e4r din vision? Bekanta dig med stadionens utrymmen och kontakta oss \u2013 v\u00e5rt proffsiga team hj\u00e4lper dig g\u00e4rna att f\u00f6rverkliga ditt evenemang.<\/p>\n\t\t\t\t\t\t\t<\/div>\n\t\t\t\t\t\t\n\t\t\t\t\t\t\t\t\t\t\t<\/div>\n\t\t\t\t\t\t\t\t\t<div class=\"column\">\n\t\t\t\t\t\t\n\t\t\t\t\t\t<h2 class=\"title h3\"><a class=\"title-link\" href=\"https:\/\/www.vaasanseudunareenat.fi\/lemonsoft-stadion\/sv\/grupper\/\" target=\"_self\">Skolor och daghem<\/a><\/h2>\t\t\t\t\t\t\n\t\t\t\t\t\t\t\t\t\t\t\t\t<div class=\"content content-wysiwyg\">\n\t\t\t\t\t\t\t\t<p>Ocks\u00e5 dagis- och skolgrupper v\u00e4lkomna till Lemonsoft Stadion \u2013 likas\u00e5 kompisg\u00e4ng och svensexor\/m\u00f6hippor.<\/p>\n<p>H\u00f6r dig f\u00f6r om tillg\u00e4ngliga tider:<br \/>\n<strong>info@vaasanseudunareenat.fi<\/strong><\/p>\n\t\t\t\t\t\t\t<\/div>\n\t\t\t\t\t\t\n\t\t\t\t\t\t\n\t<ul class=\"buttons\">\n\t\t\t\t\t<li class=\"button-item\">\n\t\t\t\t\t\t\t<\/li>\n\t\t\t<\/ul>\n\t\t\t\t\t\t<\/div>\n\t\t\t\t\t\t\t\t\t<div class=\"column\">\n\t\t\t\t\t\t\n\t\t\t\t\t\t<h2 class=\"title h3\"><a class=\"title-link\" href=\"https:\/\/www.vaasanseudunareenat.fi\/lemonsoft-stadion\/sv\/fasta-turer\/\" target=\"_self\">Ans\u00f6kan om fasta turer<\/a><\/h2>\t\t\t\t\t\t\n\t\t\t\t\t\t\t\t\t\t\t\t\t<div class=\"content content-wysiwyg\">\n\t\t\t\t\t\t\t\t<p>Bokning och f\u00f6rfr\u00e5gningar om planen:<br \/>\n<strong>info@vaasanseudunareenat.fi<\/strong><\/p>\n<p>Evenemang och publiktillst\u00e4llningar:<br \/>\n<strong>sales@vaasanseudunareenat.fi<\/strong><\/p>\n\t\t\t\t\t\t\t<\/div>\n\t\t\t\t\t\t\n\t\t\t\t\t\t\t\t\t\t\t<\/div>\n\t\t\t\t\t\t\t<\/div>\n\t\t\n\t\t\t<\/div>\n<\/section>\n\n\n\n<section class=\"block block-separator top-color-light shape-downward-arc\">\n\t<svg xmlns=\"http:\/\/www.w3.org\/2000\/svg\" height=\"100\" viewBox=\"0 0 100 100\" preserveAspectRatio=\"none\"><path d=\"M0 100V50s16.03 7.74 47.17 7.91S100 0 100 0v100z\" fill=\"#fff\"\/><\/svg><\/section>\n\n\n\n<section class=\"block block-service-columns theme-white\">\n\t<div class=\"container grid-container\">\n\t\t\t\t\t<header class=\"header\">\n\t\t\t\t<h2 class=\"title h2\">Tj\u00e4nster f\u00f6r f\u00f6retag och grupper<\/h2>\n\t\t\t\t\t\t\t\t\t<div class=\"description\">\n\t\t\t\t\t\t<p>Vasaregionens Arenor erbjuder m\u00e5ngsidiga m\u00f6jligheter till motion \u2013 fysiktr\u00e4ning, testning och grentr\u00e4ning, personlig tr\u00e4ning och grupptr\u00e4ning.<\/p>\n\t\t\t\t\t<\/div>\n\t\t\t\t\t\t\t<\/header>\n\t\t\n\t\t\t\t\t<div class=\"columns grid-columns-2\">\n\t\t\t\t\t\t\t\t\t<div class=\"column\">\n\t\t\t\t\t\t\t\t\t\t\t\t\t<div class=\"image\">\n\t\t\t\t\t\t\t\t<img loading=\"lazy\" decoding=\"async\" width=\"768\" height=\"432\" src=\"https:\/\/www.vaasanseudunareenat.fi\/lemonsoft-stadion\/wp-content\/uploads\/sites\/3\/2024\/11\/MG_7043-768x432.jpg\" class=\"img\" alt=\"\" srcset=\"https:\/\/www.vaasanseudunareenat.fi\/lemonsoft-stadion\/wp-content\/uploads\/sites\/3\/2024\/11\/MG_7043-768x432.jpg 768w, https:\/\/www.vaasanseudunareenat.fi\/lemonsoft-stadion\/wp-content\/uploads\/sites\/3\/2024\/11\/MG_7043-1920x1080.jpg 1920w, https:\/\/www.vaasanseudunareenat.fi\/lemonsoft-stadion\/wp-content\/uploads\/sites\/3\/2024\/11\/MG_7043-1440x810.jpg 1440w, https:\/\/www.vaasanseudunareenat.fi\/lemonsoft-stadion\/wp-content\/uploads\/sites\/3\/2024\/11\/MG_7043-1024x576.jpg 1024w, https:\/\/www.vaasanseudunareenat.fi\/lemonsoft-stadion\/wp-content\/uploads\/sites\/3\/2024\/11\/MG_7043-576x324.jpg 576w\" sizes=\"(max-width: 768px) 100vw, 768px\" \/>\t\t\t\t\t\t\t<\/div>\n\t\t\t\t\t\t\n\t\t\t\t\t\t\t\t\t\t\t\t\t<div class=\"column-title\">\n\t\t\t\t\t\t\t\t<h3 class=\"title h4\"><a class=\"title-link\" href=\"https:\/\/www.vaasanseudunareenat.fi\/lemonsoft-stadion\/sv\/tyky\/\" target=\"_self\">TYKY<\/a><\/h3>\t\t\t\t\t\t\t\t\t\t\t\t\t\t\t\t\t<span>\n\t\t\t\t\t\t\t\t\t\t<span class=\"icon fa-regular fa-arrow-right\" aria-hidden=\"true\"><\/span>\n\t\t\t\t\t\t\t\t\t<\/span>\n\t\t\t\t\t\t\t\t\t\t\t\t\t\t\t<\/div>\n\t\t\t\t\t\t\n\t\t\t\t\t\t\t\t\t\t\t<\/div>\n\t\t\t\t\t\t\t\t\t<div class=\"column\">\n\t\t\t\t\t\t\t\t\t\t\t\t\t<div class=\"image\">\n\t\t\t\t\t\t\t\t<img loading=\"lazy\" decoding=\"async\" width=\"768\" height=\"432\" src=\"https:\/\/www.vaasanseudunareenat.fi\/lemonsoft-stadion\/wp-content\/uploads\/sites\/3\/2024\/11\/Kokoushuone-Media_11_2016-1-768x432.jpg\" class=\"img\" alt=\"\" srcset=\"https:\/\/www.vaasanseudunareenat.fi\/lemonsoft-stadion\/wp-content\/uploads\/sites\/3\/2024\/11\/Kokoushuone-Media_11_2016-1-768x432.jpg 768w, https:\/\/www.vaasanseudunareenat.fi\/lemonsoft-stadion\/wp-content\/uploads\/sites\/3\/2024\/11\/Kokoushuone-Media_11_2016-1-576x324.jpg 576w\" sizes=\"(max-width: 768px) 100vw, 768px\" \/>\t\t\t\t\t\t\t<\/div>\n\t\t\t\t\t\t\n\t\t\t\t\t\t\t\t\t\t\t\t\t<div class=\"column-title\">\n\t\t\t\t\t\t\t\t<h3 class=\"title h4\"><a class=\"title-link\" href=\"https:\/\/www.vaasanseudunareenat.fi\/lemonsoft-stadion\/sv\/motestjanster\/\" target=\"_self\">M\u00f6testj\u00e4nster<\/a><\/h3>\t\t\t\t\t\t\t\t\t\t\t\t\t\t\t\t\t<span>\n\t\t\t\t\t\t\t\t\t\t<span class=\"icon fa-regular fa-arrow-right\" aria-hidden=\"true\"><\/span>\n\t\t\t\t\t\t\t\t\t<\/span>\n\t\t\t\t\t\t\t\t\t\t\t\t\t\t\t<\/div>\n\t\t\t\t\t\t\n\t\t\t\t\t\t\t\t\t\t\t<\/div>\n\t\t\t\t\t\t\t\t\t<div class=\"column\">\n\t\t\t\t\t\t\t\t\t\t\t\t\t<div class=\"image\">\n\t\t\t\t\t\t\t\t<img loading=\"lazy\" decoding=\"async\" width=\"768\" height=\"432\" src=\"https:\/\/www.vaasanseudunareenat.fi\/lemonsoft-stadion\/wp-content\/uploads\/sites\/3\/2024\/11\/37113469-1984075788283658-292475435927732224-o-768x432.jpg\" class=\"img\" alt=\"\" srcset=\"https:\/\/www.vaasanseudunareenat.fi\/lemonsoft-stadion\/wp-content\/uploads\/sites\/3\/2024\/11\/37113469-1984075788283658-292475435927732224-o-768x432.jpg 768w, https:\/\/www.vaasanseudunareenat.fi\/lemonsoft-stadion\/wp-content\/uploads\/sites\/3\/2024\/11\/37113469-1984075788283658-292475435927732224-o-1440x810.jpg 1440w, https:\/\/www.vaasanseudunareenat.fi\/lemonsoft-stadion\/wp-content\/uploads\/sites\/3\/2024\/11\/37113469-1984075788283658-292475435927732224-o-1024x576.jpg 1024w, https:\/\/www.vaasanseudunareenat.fi\/lemonsoft-stadion\/wp-content\/uploads\/sites\/3\/2024\/11\/37113469-1984075788283658-292475435927732224-o-576x324.jpg 576w\" sizes=\"(max-width: 768px) 100vw, 768px\" \/>\t\t\t\t\t\t\t<\/div>\n\t\t\t\t\t\t\n\t\t\t\t\t\t\t\t\t\t\t\t\t<div class=\"column-title\">\n\t\t\t\t\t\t\t\t<h3 class=\"title h4\"><a class=\"title-link\" href=\"https:\/\/www.vaasanseudunareenat.fi\/lemonsoft-stadion\/sv\/grupper\/\" target=\"_self\">Skolor och daghem<\/a><\/h3>\t\t\t\t\t\t\t\t\t\t\t\t\t\t\t\t\t<span>\n\t\t\t\t\t\t\t\t\t\t<span class=\"icon fa-regular fa-arrow-right\" aria-hidden=\"true\"><\/span>\n\t\t\t\t\t\t\t\t\t<\/span>\n\t\t\t\t\t\t\t\t\t\t\t\t\t\t\t<\/div>\n\t\t\t\t\t\t\n\t\t\t\t\t\t\t\t\t\t\t<\/div>\n\t\t\t\t\t\t\t\t\t<div class=\"column\">\n\t\t\t\t\t\t\t\t\t\t\t\t\t<div class=\"image\">\n\t\t\t\t\t\t\t\t<img loading=\"lazy\" decoding=\"async\" width=\"768\" height=\"432\" src=\"https:\/\/www.vaasanseudunareenat.fi\/lemonsoft-stadion\/wp-content\/uploads\/sites\/3\/2024\/11\/MG_7486-768x432.jpg\" class=\"img\" alt=\"\" srcset=\"https:\/\/www.vaasanseudunareenat.fi\/lemonsoft-stadion\/wp-content\/uploads\/sites\/3\/2024\/11\/MG_7486-768x432.jpg 768w, https:\/\/www.vaasanseudunareenat.fi\/lemonsoft-stadion\/wp-content\/uploads\/sites\/3\/2024\/11\/MG_7486-1920x1080.jpg 1920w, https:\/\/www.vaasanseudunareenat.fi\/lemonsoft-stadion\/wp-content\/uploads\/sites\/3\/2024\/11\/MG_7486-1440x810.jpg 1440w, https:\/\/www.vaasanseudunareenat.fi\/lemonsoft-stadion\/wp-content\/uploads\/sites\/3\/2024\/11\/MG_7486-1024x576.jpg 1024w, https:\/\/www.vaasanseudunareenat.fi\/lemonsoft-stadion\/wp-content\/uploads\/sites\/3\/2024\/11\/MG_7486-576x324.jpg 576w\" sizes=\"(max-width: 768px) 100vw, 768px\" \/>\t\t\t\t\t\t\t<\/div>\n\t\t\t\t\t\t\n\t\t\t\t\t\t\t\t\t\t\t\t\t<div class=\"column-title\">\n\t\t\t\t\t\t\t\t<h3 class=\"title h4\"><a class=\"title-link\" href=\"https:\/\/www.vaasanseudunareenat.fi\/lemonsoft-stadion\/sv\/utrymmen\/\" target=\"_self\">Restaurang och loger<\/a><\/h3>\t\t\t\t\t\t\t\t\t\t\t\t\t\t\t\t\t<span>\n\t\t\t\t\t\t\t\t\t\t<span class=\"icon fa-regular fa-arrow-right\" aria-hidden=\"true\"><\/span>\n\t\t\t\t\t\t\t\t\t<\/span>\n\t\t\t\t\t\t\t\t\t\t\t\t\t\t\t<\/div>\n\t\t\t\t\t\t\n\t\t\t\t\t\t\t\t\t\t\t<\/div>\n\t\t\t\t\t\t\t<\/div>\n\t\t\t<\/div>\n<\/section>\n","protected":false},"excerpt":{"rendered":"","protected":false},"author":13,"featured_media":0,"parent":0,"menu_order":0,"comment_status":"closed","ping_status":"closed","template":"","meta":{"_acf_changed":false,"footnotes":""},"class_list":["post-1040","page","type-page","status-publish","hentry"],"acf":[],"yoast_head":"<!-- This site is optimized with the Yoast SEO plugin v27.3 - https:\/\/yoast.com\/product\/yoast-seo-wordpress\/ -->\n<title>Startsida - Lemonsoft Stadion<\/title>\n<meta name=\"robots\" content=\"index, follow, max-snippet:-1, max-image-preview:large, max-video-preview:-1\" \/>\n<link rel=\"canonical\" href=\"https:\/\/www.vaasanseudunareenat.fi\/lemonsoft-stadion\/sv\/\" \/>\n<meta property=\"og:locale\" content=\"en_US\" \/>\n<meta property=\"og:type\" content=\"article\" \/>\n<meta property=\"og:title\" content=\"Startsida - Lemonsoft Stadion\" \/>\n<meta property=\"og:url\" content=\"https:\/\/www.vaasanseudunareenat.fi\/lemonsoft-stadion\/sv\/\" \/>\n<meta property=\"og:site_name\" content=\"Lemonsoft Stadion\" \/>\n<meta property=\"article:modified_time\" content=\"2025-09-26T06:16:12+00:00\" \/>\n<meta name=\"twitter:card\" content=\"summary_large_image\" \/>\n<script type=\"application\/ld+json\" class=\"yoast-schema-graph\">{\"@context\":\"https:\\\/\\\/schema.org\",\"@graph\":[{\"@type\":\"WebPage\",\"@id\":\"https:\\\/\\\/www.vaasanseudunareenat.fi\\\/lemonsoft-stadion\\\/sv\\\/\",\"url\":\"https:\\\/\\\/www.vaasanseudunareenat.fi\\\/lemonsoft-stadion\\\/sv\\\/\",\"name\":\"Startsida - Lemonsoft Stadion\",\"isPartOf\":{\"@id\":\"https:\\\/\\\/www.vaasanseudunareenat.fi\\\/lemonsoft-stadion\\\/#website\"},\"datePublished\":\"2025-06-13T15:07:24+00:00\",\"dateModified\":\"2025-09-26T06:16:12+00:00\",\"breadcrumb\":{\"@id\":\"https:\\\/\\\/www.vaasanseudunareenat.fi\\\/lemonsoft-stadion\\\/sv\\\/#breadcrumb\"},\"inLanguage\":\"en-US\",\"potentialAction\":[{\"@type\":\"ReadAction\",\"target\":[\"https:\\\/\\\/www.vaasanseudunareenat.fi\\\/lemonsoft-stadion\\\/sv\\\/\"]}]},{\"@type\":\"BreadcrumbList\",\"@id\":\"https:\\\/\\\/www.vaasanseudunareenat.fi\\\/lemonsoft-stadion\\\/sv\\\/#breadcrumb\",\"itemListElement\":[{\"@type\":\"ListItem\",\"position\":1,\"name\":\"Home\",\"item\":\"https:\\\/\\\/www.vaasanseudunareenat.fi\\\/lemonsoft-stadion\\\/\"},{\"@type\":\"ListItem\",\"position\":2,\"name\":\"Startsida\"}]},{\"@type\":\"WebSite\",\"@id\":\"https:\\\/\\\/www.vaasanseudunareenat.fi\\\/lemonsoft-stadion\\\/#website\",\"url\":\"https:\\\/\\\/www.vaasanseudunareenat.fi\\\/lemonsoft-stadion\\\/\",\"name\":\"Lemonsoft Stadion\",\"description\":\"\",\"potentialAction\":[{\"@type\":\"SearchAction\",\"target\":{\"@type\":\"EntryPoint\",\"urlTemplate\":\"https:\\\/\\\/www.vaasanseudunareenat.fi\\\/lemonsoft-stadion\\\/?s={search_term_string}\"},\"query-input\":{\"@type\":\"PropertyValueSpecification\",\"valueRequired\":true,\"valueName\":\"search_term_string\"}}],\"inLanguage\":\"en-US\"}]}<\/script>\n<!-- \/ Yoast SEO plugin. -->","yoast_head_json":{"title":"Startsida - Lemonsoft Stadion","robots":{"index":"index","follow":"follow","max-snippet":"max-snippet:-1","max-image-preview":"max-image-preview:large","max-video-preview":"max-video-preview:-1"},"canonical":"https:\/\/www.vaasanseudunareenat.fi\/lemonsoft-stadion\/sv\/","og_locale":"en_US","og_type":"article","og_title":"Startsida - Lemonsoft Stadion","og_url":"https:\/\/www.vaasanseudunareenat.fi\/lemonsoft-stadion\/sv\/","og_site_name":"Lemonsoft Stadion","article_modified_time":"2025-09-26T06:16:12+00:00","twitter_card":"summary_large_image","schema":{"@context":"https:\/\/schema.org","@graph":[{"@type":"WebPage","@id":"https:\/\/www.vaasanseudunareenat.fi\/lemonsoft-stadion\/sv\/","url":"https:\/\/www.vaasanseudunareenat.fi\/lemonsoft-stadion\/sv\/","name":"Startsida - Lemonsoft Stadion","isPartOf":{"@id":"https:\/\/www.vaasanseudunareenat.fi\/lemonsoft-stadion\/#website"},"datePublished":"2025-06-13T15:07:24+00:00","dateModified":"2025-09-26T06:16:12+00:00","breadcrumb":{"@id":"https:\/\/www.vaasanseudunareenat.fi\/lemonsoft-stadion\/sv\/#breadcrumb"},"inLanguage":"en-US","potentialAction":[{"@type":"ReadAction","target":["https:\/\/www.vaasanseudunareenat.fi\/lemonsoft-stadion\/sv\/"]}]},{"@type":"BreadcrumbList","@id":"https:\/\/www.vaasanseudunareenat.fi\/lemonsoft-stadion\/sv\/#breadcrumb","itemListElement":[{"@type":"ListItem","position":1,"name":"Home","item":"https:\/\/www.vaasanseudunareenat.fi\/lemonsoft-stadion\/"},{"@type":"ListItem","position":2,"name":"Startsida"}]},{"@type":"WebSite","@id":"https:\/\/www.vaasanseudunareenat.fi\/lemonsoft-stadion\/#website","url":"https:\/\/www.vaasanseudunareenat.fi\/lemonsoft-stadion\/","name":"Lemonsoft Stadion","description":"","potentialAction":[{"@type":"SearchAction","target":{"@type":"EntryPoint","urlTemplate":"https:\/\/www.vaasanseudunareenat.fi\/lemonsoft-stadion\/?s={search_term_string}"},"query-input":{"@type":"PropertyValueSpecification","valueRequired":true,"valueName":"search_term_string"}}],"inLanguage":"en-US"}]}},"lang":"sv","translations":{"sv":1040,"en":22,"fi":5},"pll_sync_post":[],"_links":{"self":[{"href":"https:\/\/www.vaasanseudunareenat.fi\/lemonsoft-stadion\/wp-json\/wp\/v2\/pages\/1040","targetHints":{"allow":["GET"]}}],"collection":[{"href":"https:\/\/www.vaasanseudunareenat.fi\/lemonsoft-stadion\/wp-json\/wp\/v2\/pages"}],"about":[{"href":"https:\/\/www.vaasanseudunareenat.fi\/lemonsoft-stadion\/wp-json\/wp\/v2\/types\/page"}],"author":[{"embeddable":true,"href":"https:\/\/www.vaasanseudunareenat.fi\/lemonsoft-stadion\/wp-json\/wp\/v2\/users\/13"}],"replies":[{"embeddable":true,"href":"https:\/\/www.vaasanseudunareenat.fi\/lemonsoft-stadion\/wp-json\/wp\/v2\/comments?post=1040"}],"version-history":[{"count":10,"href":"https:\/\/www.vaasanseudunareenat.fi\/lemonsoft-stadion\/wp-json\/wp\/v2\/pages\/1040\/revisions"}],"predecessor-version":[{"id":1305,"href":"https:\/\/www.vaasanseudunareenat.fi\/lemonsoft-stadion\/wp-json\/wp\/v2\/pages\/1040\/revisions\/1305"}],"wp:attachment":[{"href":"https:\/\/www.vaasanseudunareenat.fi\/lemonsoft-stadion\/wp-json\/wp\/v2\/media?parent=1040"}],"curies":[{"name":"wp","href":"https:\/\/api.w.org\/{rel}","templated":true}]}}