{"id":748,"date":"2025-04-22T14:43:56","date_gmt":"2025-04-22T11:43:56","guid":{"rendered":"https:\/\/www.vaasanseudunareenat.fi\/botniahalli\/?page_id=748"},"modified":"2026-05-05T08:01:40","modified_gmt":"2026-05-05T05:01:40","slug":"lastenliikunta","status":"publish","type":"page","link":"https:\/\/www.vaasanseudunareenat.fi\/botniahalli\/lastenliikunta\/","title":{"rendered":"Lastenliikunta"},"content":{"rendered":"\n<section class=\"block block-hero has-overlay\">\n\t<div class=\"hero-inner\">\n\t\t\t\t\t<div class=\"image-container background-container\">\n\t\t\t\t<img decoding=\"async\" width=\"1703\" height=\"1080\" src=\"https:\/\/www.vaasanseudunareenat.fi\/botniahalli\/wp-content\/uploads\/sites\/2\/2024\/11\/37113469-1984075788283658-292475435927732224-o-1703x1080.jpg\" class=\"img\" alt=\"\" fetchpriority=\"high\" \/>\t\t\t<\/div>\n\t\t\t\n\t\t\t\t<div class=\"container text-left\">\n\t\t\t<div class=\"hero-content\">\n\t\t\t\t<h1 class=\"title h1\">Lastenliikunta<\/h1>\n\t\t\t\t\t\t\t\t\t<div class=\"content-wysiwyg\">\n\t\t\t\t\t\t<p>J\u00e4rjest\u00e4mme liikunnallista tekemist\u00e4 alakouluik\u00e4isille. Kes\u00e4ll\u00e4 luvassa liikuntaleiri sek\u00e4 futisleiri. Leirien j\u00e4rjest\u00e4j\u00e4n\u00e4 toimii Vaasanseudun Areenat<\/p>\n<p>Tervetuloa mukaan!<\/p>\n\t\t\t\t\t<\/div>\n\t\t\t\t\n\t\t\t\t\t\t\t<\/div>\n\t\t<\/div>\n\n\t\t<div class=\"hero-columns grid-columns-2\">\n\t\t\t\n\t\t\t\t\t<\/div>\n\t<\/div>\n<\/section>\n\n\n\n<section class=\"block block-columns theme-white\">\n\t<div class=\"container\">\n\t\t\t\t\t<header class=\"header\">\n\t\t\t\t<h2 class=\"title h2\">Koko perheen Liikuntarieha Botniahallissa 9.5.2026 \u2013 Tule mukaan liikkumaan ja l\u00f6yt\u00e4m\u00e4\u00e4n uusia lajeja!<\/h2>\n\t\t\t\t\t\t\t\t\t<div class=\"description\">\n\t\t\t\t\t\t<p>Koko perheen Liikuntarieha valtaa j\u00e4lleen Botniahallin lauantaina 9.5.2026 klo 10-15! Tapahtuma tarjoaa mahdollisuuden tutustua alueen urheiluseuroihin, kokeilla erilaisia lajeja ja viett\u00e4\u00e4 liikunnallinen p\u00e4iv\u00e4 koko perheen voimin. <strong>Tapahtuma on maksuton ja kaikille avoin.<\/strong><\/p>\n<p><strong>Monipuolista ohjelmaa koko hallissa<\/strong><\/p>\n<p>Botniahallin sis\u00e4tilat sek\u00e4 ulkoalueet t\u00e4yttyv\u00e4t toimintapisteist\u00e4, joissa paikalliset urheiluseurat esittelev\u00e4t lajejaan ja tarjoavat hauskoja kokeiluteht\u00e4vi\u00e4 kaikenik\u00e4isille. Luvassa on laaja valikoima liikunnallisia aktiviteetteja \u2013 perinteisist\u00e4 palloilulajeista erilaisiin taito-, ketteryys- ja perheliikuntapisteisiin.Tapahtuma tukee koko alueen yhteis\u00f6llisyytt\u00e4 ja tarjoaa seuroille mahdollisuuden rekrytoida uusia harrastajia sek\u00e4 rakentaa yhteisty\u00f6t\u00e4 eri toimijoiden v\u00e4lill\u00e4.<\/p>\n<p><strong>J\u00e4rjestelyt yhteisty\u00f6ss\u00e4 \u2013 turvallisesti ja sujuvasti<\/strong><\/p>\n<p>Tapahtuman j\u00e4rjest\u00e4v\u00e4t yhteisty\u00f6ss\u00e4 Vaasan kaupunki, Mustasaaren kunta, Folkh\u00e4lsan ja Vaasanseudun Areenat.<\/p>\n<p><strong>Kenelle tapahtuma sopii?<\/strong><\/p>\n<p>Liikuntarieha sopii erinomaisesti:<br \/>\n&#8211; lapsiperheille<br \/>\n&#8211; uusista harrastusmahdollisuuksista kiinnostuneille<br \/>\n&#8211; kaikille, jotka haluavat viett\u00e4\u00e4 aktiivisen ja iloisen p\u00e4iv\u00e4n<\/p>\n<p><strong>Tule mukaan \u2013 liiku, kokeile ja l\u00f6yd\u00e4 uutta! <\/strong><strong>N\u00e4hd\u00e4\u00e4n Botniahallissa 9.5.2026!<\/strong><\/p>\n<p>&nbsp;<\/p>\n<p><img loading=\"lazy\" decoding=\"async\" class=\"alignnone wp-image-1925\" src=\"https:\/\/www.vaasanseudunareenat.fi\/botniahalli\/wp-content\/uploads\/sites\/2\/2026\/01\/kokoperheliikuntalogo-002-300x296.jpg\" alt=\"\" width=\"221\" height=\"218\" srcset=\"https:\/\/www.vaasanseudunareenat.fi\/botniahalli\/wp-content\/uploads\/sites\/2\/2026\/01\/kokoperheliikuntalogo-002-300x296.jpg 300w, https:\/\/www.vaasanseudunareenat.fi\/botniahalli\/wp-content\/uploads\/sites\/2\/2026\/01\/kokoperheliikuntalogo-002.jpg 340w\" sizes=\"(max-width: 221px) 100vw, 221px\" \/><\/p>\n\t\t\t\t\t<\/div>\n\t\t\t\t\t\t\t<\/header>\n\t\t\n\t\t\n\t\t\t<\/div>\n<\/section>\n\n\n\n<section id=\"jalkapalloakatemia\" class=\"block block-banner layout-right theme-white has-image image-sizing-contain image-rounded-corners\">\n\t\t\t<div class=\"image-container \">\n\t\t\t<img loading=\"lazy\" decoding=\"async\" width=\"1920\" height=\"1080\" src=\"https:\/\/www.vaasanseudunareenat.fi\/botniahalli\/wp-content\/uploads\/sites\/2\/2025\/04\/junnufutis_paino-4-1920x1080.jpg\" class=\"img\" alt=\"\" srcset=\"https:\/\/www.vaasanseudunareenat.fi\/botniahalli\/wp-content\/uploads\/sites\/2\/2025\/04\/junnufutis_paino-4-1920x1080.jpg 1920w, https:\/\/www.vaasanseudunareenat.fi\/botniahalli\/wp-content\/uploads\/sites\/2\/2025\/04\/junnufutis_paino-4-1440x810.jpg 1440w, https:\/\/www.vaasanseudunareenat.fi\/botniahalli\/wp-content\/uploads\/sites\/2\/2025\/04\/junnufutis_paino-4-1024x576.jpg 1024w, https:\/\/www.vaasanseudunareenat.fi\/botniahalli\/wp-content\/uploads\/sites\/2\/2025\/04\/junnufutis_paino-4-768x432.jpg 768w, https:\/\/www.vaasanseudunareenat.fi\/botniahalli\/wp-content\/uploads\/sites\/2\/2025\/04\/junnufutis_paino-4-576x324.jpg 576w\" sizes=\"(max-width: 1920px) 100vw, 1920px\" \/>\t\t<\/div>\n\t\n\t\n\t<div class=\"container text-left\">\n\t\t<div class=\"content\">\n\t\t\t<h2 class=\"title h2\">Botniahallin jalkapalloakatemia<\/h2>\t\t\t\t<div class=\"content-wysiwyg\">\n\t\t\t\t\t<p>Kaksikielinen akatemia aloittaa j\u00e4lleen! Jalkapalloakatemia keskiviikkoisin 7.1.-27.5.2026 klo 15.30-17.00 Botniahallissa.<\/p>\n<p>Akatemia on suunnattu 7-16 vuotiaille tyt\u00f6ille ja pojille. Ryhmiin jako suoritetaan osallistujien ja ik\u00e4ryhmien mukaan. Akatemia on avoin kaikille innokkaille. Akatemiassa valmennuksen pohjana on jalkapalloilevan nuoren henkil\u00f6kohtaisten ominaisuuksien kehitt\u00e4minen, Pekka Utriainen- jalkapallon ABC.<\/p>\n<p>Ohjaajana toimii Henri Scheweleff.<\/p>\n<p><strong>Hinta 150 \u20ac<\/strong><\/p>\n<p>&nbsp;<\/p>\n<p><strong>FUTISTAITOKOULU \u2013 5 x valmennuspaketti lapsille!<\/strong><\/p>\n<p>Haluatko, ett\u00e4 lapsesi kehittyy nopeammin ja tehokkaammin? Valitse <strong>yksil\u00f6- tai pienryhm\u00e4valmennus<\/strong> ja harjoittele juuri niit\u00e4 taitoja, jotka kiinnostavat!<\/p>\n<p><strong>Valmennuksen teemat \u2013 valitse oma:<\/strong><br \/>\nYksil\u00f6llinen jalkapallovalmennus<br \/>\nJuoksutekniikka &amp; nopeus<br \/>\nMaalinteko &amp; viimeistely<br \/>\nPallotekniikka &amp; pelitaidot<br \/>\nHy\u00f6kk\u00e4yspelin valmennus<\/p>\n<p><strong>Yksil\u00f6valmennus<\/strong><br \/>\n1 h \/ kerta \/ 5 x paketti: 225 \u20ac \/ pelaaja<\/p>\n<p><strong>Pienryhm\u00e4valmennus<\/strong><br \/>\n1 h \/ kerta (2\u20136 pelaajaa) \/ 5 x paketti: 125 \u20ac \/ pelaaja<\/p>\n<p>Sopii kaikille junioreille \u2013 aloittelijoista tavoitteellisiin pelaajiin.<\/p>\n<p>Valmentaja Henri Scheweleff<br \/>\nhenri.scheweleff@vaasanseudunareenat.fi<\/p>\n<p><strong>Varaa paikkasi nyt!<\/strong><br \/>\nTreeniajat joustavasti sovittavissa<\/p>\n<p><strong>Valitse oma teema ja nosta pelisi uudelle tasolle!<\/strong> \u26bd<\/p>\n\t\t\t\t<\/div>\n\t\t\t\t\n\t<ul class=\"buttons\">\n\t\t\t\t\t<li class=\"button-item\">\n\t\t\t\t<a href=\"https:\/\/osteri.pusatec.fi\/botnia\/groupCourse\/course?id=91\" class=\"link\" target=\"_self\">Ilmoittaudu mukaan!<\/a>\t\t\t<\/li>\n\t\t\t\t\t<li class=\"button-item\">\n\t\t\t\t<a href=\"https:\/\/www.vaasanseudunareenat.fi\/botniahalli\/lastenliikunta\/\" class=\"link\" target=\"_self\">Kysy lis\u00e4\u00e4<\/a>\t\t\t<\/li>\n\t\t\t<\/ul>\n\t\t\t<\/div>\n\t<\/div>\n<\/section>\n\n\n\n<section class=\"block block-banner layout-right theme-light has-image image-sizing-contain image-rounded-corners\">\n\t\t\t<div class=\"image-container \">\n\t\t\t<img loading=\"lazy\" decoding=\"async\" width=\"1920\" height=\"1080\" src=\"https:\/\/www.vaasanseudunareenat.fi\/botniahalli\/wp-content\/uploads\/sites\/2\/2025\/04\/Jalkapalloakatemia-10.3.2025-8-1920x1080.jpg\" class=\"img\" alt=\"\" srcset=\"https:\/\/www.vaasanseudunareenat.fi\/botniahalli\/wp-content\/uploads\/sites\/2\/2025\/04\/Jalkapalloakatemia-10.3.2025-8-1920x1080.jpg 1920w, https:\/\/www.vaasanseudunareenat.fi\/botniahalli\/wp-content\/uploads\/sites\/2\/2025\/04\/Jalkapalloakatemia-10.3.2025-8-1440x810.jpg 1440w, https:\/\/www.vaasanseudunareenat.fi\/botniahalli\/wp-content\/uploads\/sites\/2\/2025\/04\/Jalkapalloakatemia-10.3.2025-8-1024x576.jpg 1024w, https:\/\/www.vaasanseudunareenat.fi\/botniahalli\/wp-content\/uploads\/sites\/2\/2025\/04\/Jalkapalloakatemia-10.3.2025-8-768x432.jpg 768w, https:\/\/www.vaasanseudunareenat.fi\/botniahalli\/wp-content\/uploads\/sites\/2\/2025\/04\/Jalkapalloakatemia-10.3.2025-8-576x324.jpg 576w\" sizes=\"(max-width: 1920px) 100vw, 1920px\" \/>\t\t<\/div>\n\t\n\t\n\t<div class=\"container text-left\">\n\t\t<div class=\"content\">\n\t\t\t<h2 class=\"title h2\">Liikuntaleiri<\/h2>\t\t\t\t<div class=\"content-wysiwyg\">\n\t\t\t\t\t<p>&nbsp;<\/p>\n<p>Liikuntaleiri on tarkoitettu 2013\u20132018 syntyneille lapsille. Leiri pidet\u00e4\u00e4n Botniahallissa 1-5.6.2026. Leiri on kokop\u00e4iv\u00e4leiri klo 8-16, joka sis\u00e4lt\u00e4\u00e4 monipuolista liikuntaa sek\u00e4 liikuntaleikkej\u00e4 ulkona ja sis\u00e4ll\u00e4 kuten esim. pallopelej\u00e4, keppihevosrataa, fresbeegolffia, tarrapalloa, cheerleading temppuja, tanssia, dodgeballia, yleisurheilua ja leikkej\u00e4 l\u00e4himaastossa.\u00a0 Hintaan sis\u00e4ltyy ohjauksen lis\u00e4ksi monipuolinen lounas leirin jokaisena p\u00e4iv\u00e4n\u00e4. Leiri pidet\u00e4\u00e4n kaksikielisin\u00e4. Vastuuohjaajana toimii Henri Scheweleff.<\/p>\n<p><strong>Hinta: 150 \u20ac (sis. ruokailun)<br \/>\n<\/strong>Peruuttaminen: Leirin peruutus ainoastaan sairaslomatodistusta vastaan.<\/p>\n\t\t\t\t<\/div>\n\t\t\t\t\n\t<ul class=\"buttons\">\n\t\t\t\t\t<li class=\"button-item\">\n\t\t\t\t<a href=\"https:\/\/osteri.pusatec.fi\/botnia\" class=\"link\" target=\"_self\">Osta t\u00e4st\u00e4!<\/a>\t\t\t<\/li>\n\t\t\t<\/ul>\n\t\t\t<\/div>\n\t<\/div>\n<\/section>\n\n\n\n<section class=\"block block-banner layout-left theme-white has-image image-sizing-contain image-rounded-corners\">\n\t\t\t<div class=\"image-container \">\n\t\t\t<img loading=\"lazy\" decoding=\"async\" width=\"1920\" height=\"1080\" src=\"https:\/\/www.vaasanseudunareenat.fi\/botniahalli\/wp-content\/uploads\/sites\/2\/2025\/04\/Jalkapalloakatemia-10.3.2025-9-1920x1080.jpg\" class=\"img\" alt=\"\" srcset=\"https:\/\/www.vaasanseudunareenat.fi\/botniahalli\/wp-content\/uploads\/sites\/2\/2025\/04\/Jalkapalloakatemia-10.3.2025-9-1920x1080.jpg 1920w, https:\/\/www.vaasanseudunareenat.fi\/botniahalli\/wp-content\/uploads\/sites\/2\/2025\/04\/Jalkapalloakatemia-10.3.2025-9-1440x810.jpg 1440w, https:\/\/www.vaasanseudunareenat.fi\/botniahalli\/wp-content\/uploads\/sites\/2\/2025\/04\/Jalkapalloakatemia-10.3.2025-9-1024x576.jpg 1024w, https:\/\/www.vaasanseudunareenat.fi\/botniahalli\/wp-content\/uploads\/sites\/2\/2025\/04\/Jalkapalloakatemia-10.3.2025-9-768x432.jpg 768w, https:\/\/www.vaasanseudunareenat.fi\/botniahalli\/wp-content\/uploads\/sites\/2\/2025\/04\/Jalkapalloakatemia-10.3.2025-9-576x324.jpg 576w\" sizes=\"(max-width: 1920px) 100vw, 1920px\" \/>\t\t<\/div>\n\t\n\t\n\t<div class=\"container text-left\">\n\t\t<div class=\"content\">\n\t\t\t<h2 class=\"title h2\">Futisleiri<\/h2>\t\t\t\t<div class=\"content-wysiwyg\">\n\t\t\t\t\t<p>Henri Scheweleffin Futisleiri on tarkoitettu 2013 \u2013 2018 syntyneille pojille ja tyt\u00f6ille. Leiri pidet\u00e4\u00e4n Botniahallilla 8-10.6.2026 klo 9-15.<br \/>\nFutisleirill\u00e4 harjoitellaan leikkien ja pelien kautta jalkapallotaitoja. Futisleirin henkeen kuuluvat my\u00f6s tiukat turnaukset ja hauskat kisailut. Ryhm\u00e4t jaetaan sopiviksi pelaajien i\u00e4n mukaan.<br \/>\nOhjaajina futiskoulussa toimivat Henrin lis\u00e4ksi muut jalkapallo ohjaajat.<\/p>\n<p>Futiskouluun mukaan tarvitset oman v\u00e4lipalan, pallon ja juomapullon sek\u00e4 s\u00e4\u00e4h\u00e4n sopivan varustuksen.<\/p>\n<p><strong>Futisleirin hinta on 98 \u20ac \/ Sis ruokailun. <\/strong>( Maksu ei sis\u00e4ll\u00e4 vakuutusta).<br \/>\nPeruuttaminen: Leirin peruutus ainoastaan sairaslomatodistusta vastaan.<\/p>\n\t\t\t\t<\/div>\n\t\t\t\t\n\t<ul class=\"buttons\">\n\t\t\t\t\t<li class=\"button-item\">\n\t\t\t\t<a href=\"https:\/\/osteri.pusatec.fi\/botnia\/groupCourse\/search\" class=\"link\" target=\"_self\">Osta t\u00e4st\u00e4<\/a>\t\t\t<\/li>\n\t\t\t\t\t<li class=\"button-item\">\n\t\t\t\t\t\t\t<\/li>\n\t\t\t<\/ul>\n\t\t\t<\/div>\n\t<\/div>\n<\/section>\n\n\n\n<section class=\"block block-banner layout-left theme-light has-image image-sizing-contain image-inside-container\">\n\t\t\t<div class=\"image-container \">\n\t\t\t<img loading=\"lazy\" decoding=\"async\" width=\"800\" height=\"800\" src=\"https:\/\/www.vaasanseudunareenat.fi\/botniahalli\/wp-content\/uploads\/sites\/2\/2024\/11\/terveytta-elamyksia-liikuntaa-1024x1024.png\" class=\"img\" alt=\"\" srcset=\"https:\/\/www.vaasanseudunareenat.fi\/botniahalli\/wp-content\/uploads\/sites\/2\/2024\/11\/terveytta-elamyksia-liikuntaa-1024x1024.png 1024w, https:\/\/www.vaasanseudunareenat.fi\/botniahalli\/wp-content\/uploads\/sites\/2\/2024\/11\/terveytta-elamyksia-liikuntaa-300x300.png 300w, https:\/\/www.vaasanseudunareenat.fi\/botniahalli\/wp-content\/uploads\/sites\/2\/2024\/11\/terveytta-elamyksia-liikuntaa-150x150.png 150w, https:\/\/www.vaasanseudunareenat.fi\/botniahalli\/wp-content\/uploads\/sites\/2\/2024\/11\/terveytta-elamyksia-liikuntaa-768x768.png 768w, https:\/\/www.vaasanseudunareenat.fi\/botniahalli\/wp-content\/uploads\/sites\/2\/2024\/11\/terveytta-elamyksia-liikuntaa-640x640.png 640w, https:\/\/www.vaasanseudunareenat.fi\/botniahalli\/wp-content\/uploads\/sites\/2\/2024\/11\/terveytta-elamyksia-liikuntaa-420x420.png 420w, https:\/\/www.vaasanseudunareenat.fi\/botniahalli\/wp-content\/uploads\/sites\/2\/2024\/11\/terveytta-elamyksia-liikuntaa-360x360.png 360w, https:\/\/www.vaasanseudunareenat.fi\/botniahalli\/wp-content\/uploads\/sites\/2\/2024\/11\/terveytta-elamyksia-liikuntaa.png 1080w\" sizes=\"(max-width: 800px) 100vw, 800px\" \/>\t\t<\/div>\n\t\n\t\n\t<div class=\"container text-left\">\n\t\t<div class=\"content\">\n\t\t\t<h2 class=\"title h2\">Kysy lis\u00e4\u00e4 leirien vastuuohjaajalta<\/h2>\t\t\t\t<div class=\"content-wysiwyg\">\n\t\t\t\t\t<p>Henri Scheweleff<\/p>\n<div class=\"content-wysiwyg\">\n<p class=\"p2\"><a href=\"mailto:henri.scheweleff@vaasanseudunareenat.fi\">henri.scheweleff@vaasanseudunareenat.fi<\/a><br \/>\npuh.<a href=\"tel:0401527749\"> 040 152 7749<\/a><\/p>\n<\/div>\n\t\t\t\t<\/div>\n\t\t\t\t\t\t<\/div>\n\t<\/div>\n<\/section>\n","protected":false},"excerpt":{"rendered":"","protected":false},"author":2,"featured_media":0,"parent":0,"menu_order":0,"comment_status":"closed","ping_status":"closed","template":"","meta":{"_acf_changed":false,"footnotes":""},"class_list":["post-748","page","type-page","status-publish","hentry"],"acf":[],"yoast_head":"<!-- This site is optimized with the Yoast SEO plugin v27.6 - https:\/\/yoast.com\/product\/yoast-seo-wordpress\/ -->\n<title>Lastenliikunta - Botniahalli<\/title>\n<meta name=\"robots\" content=\"index, follow, max-snippet:-1, max-image-preview:large, max-video-preview:-1\" \/>\n<link rel=\"canonical\" href=\"https:\/\/www.vaasanseudunareenat.fi\/botniahalli\/lastenliikunta\/\" \/>\n<meta property=\"og:locale\" content=\"en_US\" \/>\n<meta property=\"og:type\" content=\"article\" \/>\n<meta property=\"og:title\" content=\"Lastenliikunta - Botniahalli\" \/>\n<meta property=\"og:url\" content=\"https:\/\/www.vaasanseudunareenat.fi\/botniahalli\/lastenliikunta\/\" \/>\n<meta property=\"og:site_name\" content=\"Botniahalli\" \/>\n<meta property=\"article:modified_time\" content=\"2026-05-05T05:01:40+00:00\" \/>\n<meta name=\"twitter:card\" content=\"summary_large_image\" \/>\n<script type=\"application\/ld+json\" class=\"yoast-schema-graph\">{\"@context\":\"https:\\\/\\\/schema.org\",\"@graph\":[{\"@type\":\"WebPage\",\"@id\":\"https:\\\/\\\/www.vaasanseudunareenat.fi\\\/botniahalli\\\/lastenliikunta\\\/\",\"url\":\"https:\\\/\\\/www.vaasanseudunareenat.fi\\\/botniahalli\\\/lastenliikunta\\\/\",\"name\":\"Lastenliikunta - Botniahalli\",\"isPartOf\":{\"@id\":\"https:\\\/\\\/www.vaasanseudunareenat.fi\\\/botniahalli\\\/#website\"},\"datePublished\":\"2025-04-22T11:43:56+00:00\",\"dateModified\":\"2026-05-05T05:01:40+00:00\",\"breadcrumb\":{\"@id\":\"https:\\\/\\\/www.vaasanseudunareenat.fi\\\/botniahalli\\\/lastenliikunta\\\/#breadcrumb\"},\"inLanguage\":\"en-US\",\"potentialAction\":[{\"@type\":\"ReadAction\",\"target\":[\"https:\\\/\\\/www.vaasanseudunareenat.fi\\\/botniahalli\\\/lastenliikunta\\\/\"]}]},{\"@type\":\"BreadcrumbList\",\"@id\":\"https:\\\/\\\/www.vaasanseudunareenat.fi\\\/botniahalli\\\/lastenliikunta\\\/#breadcrumb\",\"itemListElement\":[{\"@type\":\"ListItem\",\"position\":1,\"name\":\"Home\",\"item\":\"https:\\\/\\\/www.vaasanseudunareenat.fi\\\/botniahalli\\\/\"},{\"@type\":\"ListItem\",\"position\":2,\"name\":\"Lastenliikunta\"}]},{\"@type\":\"WebSite\",\"@id\":\"https:\\\/\\\/www.vaasanseudunareenat.fi\\\/botniahalli\\\/#website\",\"url\":\"https:\\\/\\\/www.vaasanseudunareenat.fi\\\/botniahalli\\\/\",\"name\":\"Botniahalli\",\"description\":\"\",\"potentialAction\":[{\"@type\":\"SearchAction\",\"target\":{\"@type\":\"EntryPoint\",\"urlTemplate\":\"https:\\\/\\\/www.vaasanseudunareenat.fi\\\/botniahalli\\\/?s={search_term_string}\"},\"query-input\":{\"@type\":\"PropertyValueSpecification\",\"valueRequired\":true,\"valueName\":\"search_term_string\"}}],\"inLanguage\":\"en-US\"}]}<\/script>\n<!-- \/ Yoast SEO plugin. -->","yoast_head_json":{"title":"Lastenliikunta - Botniahalli","robots":{"index":"index","follow":"follow","max-snippet":"max-snippet:-1","max-image-preview":"max-image-preview:large","max-video-preview":"max-video-preview:-1"},"canonical":"https:\/\/www.vaasanseudunareenat.fi\/botniahalli\/lastenliikunta\/","og_locale":"en_US","og_type":"article","og_title":"Lastenliikunta - Botniahalli","og_url":"https:\/\/www.vaasanseudunareenat.fi\/botniahalli\/lastenliikunta\/","og_site_name":"Botniahalli","article_modified_time":"2026-05-05T05:01:40+00:00","twitter_card":"summary_large_image","schema":{"@context":"https:\/\/schema.org","@graph":[{"@type":"WebPage","@id":"https:\/\/www.vaasanseudunareenat.fi\/botniahalli\/lastenliikunta\/","url":"https:\/\/www.vaasanseudunareenat.fi\/botniahalli\/lastenliikunta\/","name":"Lastenliikunta - Botniahalli","isPartOf":{"@id":"https:\/\/www.vaasanseudunareenat.fi\/botniahalli\/#website"},"datePublished":"2025-04-22T11:43:56+00:00","dateModified":"2026-05-05T05:01:40+00:00","breadcrumb":{"@id":"https:\/\/www.vaasanseudunareenat.fi\/botniahalli\/lastenliikunta\/#breadcrumb"},"inLanguage":"en-US","potentialAction":[{"@type":"ReadAction","target":["https:\/\/www.vaasanseudunareenat.fi\/botniahalli\/lastenliikunta\/"]}]},{"@type":"BreadcrumbList","@id":"https:\/\/www.vaasanseudunareenat.fi\/botniahalli\/lastenliikunta\/#breadcrumb","itemListElement":[{"@type":"ListItem","position":1,"name":"Home","item":"https:\/\/www.vaasanseudunareenat.fi\/botniahalli\/"},{"@type":"ListItem","position":2,"name":"Lastenliikunta"}]},{"@type":"WebSite","@id":"https:\/\/www.vaasanseudunareenat.fi\/botniahalli\/#website","url":"https:\/\/www.vaasanseudunareenat.fi\/botniahalli\/","name":"Botniahalli","description":"","potentialAction":[{"@type":"SearchAction","target":{"@type":"EntryPoint","urlTemplate":"https:\/\/www.vaasanseudunareenat.fi\/botniahalli\/?s={search_term_string}"},"query-input":{"@type":"PropertyValueSpecification","valueRequired":true,"valueName":"search_term_string"}}],"inLanguage":"en-US"}]}},"lang":"fi","translations":{"fi":748,"sv":1244},"pll_sync_post":{},"_links":{"self":[{"href":"https:\/\/www.vaasanseudunareenat.fi\/botniahalli\/wp-json\/wp\/v2\/pages\/748","targetHints":{"allow":["GET"]}}],"collection":[{"href":"https:\/\/www.vaasanseudunareenat.fi\/botniahalli\/wp-json\/wp\/v2\/pages"}],"about":[{"href":"https:\/\/www.vaasanseudunareenat.fi\/botniahalli\/wp-json\/wp\/v2\/types\/page"}],"author":[{"embeddable":true,"href":"https:\/\/www.vaasanseudunareenat.fi\/botniahalli\/wp-json\/wp\/v2\/users\/2"}],"replies":[{"embeddable":true,"href":"https:\/\/www.vaasanseudunareenat.fi\/botniahalli\/wp-json\/wp\/v2\/comments?post=748"}],"version-history":[{"count":66,"href":"https:\/\/www.vaasanseudunareenat.fi\/botniahalli\/wp-json\/wp\/v2\/pages\/748\/revisions"}],"predecessor-version":[{"id":2256,"href":"https:\/\/www.vaasanseudunareenat.fi\/botniahalli\/wp-json\/wp\/v2\/pages\/748\/revisions\/2256"}],"wp:attachment":[{"href":"https:\/\/www.vaasanseudunareenat.fi\/botniahalli\/wp-json\/wp\/v2\/media?parent=748"}],"curies":[{"name":"wp","href":"https:\/\/api.w.org\/{rel}","templated":true}]}}