{"id":718,"date":"2025-04-17T13:07:35","date_gmt":"2025-04-17T10:07:35","guid":{"rendered":"https:\/\/www.vaasanseudunareenat.fi\/botniahalli\/?page_id=718"},"modified":"2026-02-24T13:33:43","modified_gmt":"2026-02-24T11:33:43","slug":"tilat","status":"publish","type":"page","link":"https:\/\/www.vaasanseudunareenat.fi\/botniahalli\/yrityksille-ja-ryhmille\/tilat\/","title":{"rendered":"Tutustu tiloihimme"},"content":{"rendered":"\n<section class=\"block block-hero has-overlay\">\n\t<div class=\"hero-inner\">\n\t\t\t\t\t<div class=\"image-container background-container\">\n\t\t\t\t<img decoding=\"async\" width=\"1920\" height=\"1080\" src=\"https:\/\/www.vaasanseudunareenat.fi\/botniahalli\/wp-content\/uploads\/sites\/2\/2024\/11\/mg-8650-e1536054745129-1920x1080.jpg\" class=\"img\" alt=\"\" fetchpriority=\"high\" srcset=\"https:\/\/www.vaasanseudunareenat.fi\/botniahalli\/wp-content\/uploads\/sites\/2\/2024\/11\/mg-8650-e1536054745129-1920x1080.jpg 1920w, https:\/\/www.vaasanseudunareenat.fi\/botniahalli\/wp-content\/uploads\/sites\/2\/2024\/11\/mg-8650-e1536054745129-1440x810.jpg 1440w, https:\/\/www.vaasanseudunareenat.fi\/botniahalli\/wp-content\/uploads\/sites\/2\/2024\/11\/mg-8650-e1536054745129-1024x576.jpg 1024w, https:\/\/www.vaasanseudunareenat.fi\/botniahalli\/wp-content\/uploads\/sites\/2\/2024\/11\/mg-8650-e1536054745129-768x432.jpg 768w, https:\/\/www.vaasanseudunareenat.fi\/botniahalli\/wp-content\/uploads\/sites\/2\/2024\/11\/mg-8650-e1536054745129-576x324.jpg 576w\" sizes=\"(max-width: 1920px) 100vw, 1920px\" \/>\t\t\t<\/div>\n\t\t\t\n\t\t\t\t<div class=\"container text-left\">\n\t\t\t<div class=\"hero-content\">\n\t\t\t\t<h1 class=\"title h1\">Tutustu tiloihimme<\/h1>\n\t\t\t\t\t\t\t\t\t<div class=\"content-wysiwyg\">\n\t\t\t\t\t\t<p>Botniahallin mahtavat tilat taipuvat moneen!<\/p>\n\t\t\t\t\t<\/div>\n\t\t\t\t\n\t\t\t\t\t\t\t<\/div>\n\t\t<\/div>\n\n\t\t<div class=\"hero-columns grid-columns-2\">\n\t\t\t\n\t\t\t\t\t<\/div>\n\t<\/div>\n<\/section>\n\n\n\n<section class=\"block block-banner layout-right theme-light has-image image-sizing-contain image-inside-container image-rounded-corners bottom-border\">\n\t\t\t<div class=\"image-container \">\n\t\t\t<img loading=\"lazy\" decoding=\"async\" width=\"800\" height=\"800\" src=\"https:\/\/www.vaasanseudunareenat.fi\/botniahalli\/wp-content\/uploads\/sites\/2\/2024\/11\/terveytta-elamyksia-liikuntaa-1024x1024.png\" class=\"img\" alt=\"\" srcset=\"https:\/\/www.vaasanseudunareenat.fi\/botniahalli\/wp-content\/uploads\/sites\/2\/2024\/11\/terveytta-elamyksia-liikuntaa-1024x1024.png 1024w, https:\/\/www.vaasanseudunareenat.fi\/botniahalli\/wp-content\/uploads\/sites\/2\/2024\/11\/terveytta-elamyksia-liikuntaa-300x300.png 300w, https:\/\/www.vaasanseudunareenat.fi\/botniahalli\/wp-content\/uploads\/sites\/2\/2024\/11\/terveytta-elamyksia-liikuntaa-150x150.png 150w, https:\/\/www.vaasanseudunareenat.fi\/botniahalli\/wp-content\/uploads\/sites\/2\/2024\/11\/terveytta-elamyksia-liikuntaa-768x768.png 768w, https:\/\/www.vaasanseudunareenat.fi\/botniahalli\/wp-content\/uploads\/sites\/2\/2024\/11\/terveytta-elamyksia-liikuntaa-640x640.png 640w, https:\/\/www.vaasanseudunareenat.fi\/botniahalli\/wp-content\/uploads\/sites\/2\/2024\/11\/terveytta-elamyksia-liikuntaa-420x420.png 420w, https:\/\/www.vaasanseudunareenat.fi\/botniahalli\/wp-content\/uploads\/sites\/2\/2024\/11\/terveytta-elamyksia-liikuntaa-360x360.png 360w, https:\/\/www.vaasanseudunareenat.fi\/botniahalli\/wp-content\/uploads\/sites\/2\/2024\/11\/terveytta-elamyksia-liikuntaa.png 1080w\" sizes=\"(max-width: 800px) 100vw, 800px\" \/>\t\t<\/div>\n\t\n\t\n\t<div class=\"container text-left\">\n\t\t<div class=\"content\">\n\t\t\t<h2 class=\"title h2\">Kokoustilat <\/h2>\t\t\t\t<div class=\"content-wysiwyg\">\n\t\t\t\t\t<p>Botniahalli tarjoaa monipuoliset kokous- ja tapahtumatilat, jotka soveltuvat erinomaisesti niin pieniin palavereihin kuin suuriin seminaareihin ja messuihin. Hallin muunneltavat tilat mahdollistavat erilaisten tapahtumien j\u00e4rjest\u00e4misen joustavasti.<\/p>\n<p><strong>Kokous, suurtapahtumat,- ja seminaarit\u00a0<\/strong><\/p>\n<p>Botniahallissa on useita kokous- ja ryhm\u00e4ty\u00f6tiloja, jotka on varusteltu nykyaikaisilla mukavuuksilla. Tilat tarjoavat langattoman internetyhteyden ja, mik\u00e4 tekee niist\u00e4 ihanteellisia kokouksille, koulutuksille ja ty\u00f6pajoille. Lis\u00e4ksi kahvio- ja ravintolatilat tukevat tapahtumien tarjoiluja ja taukoja.<\/p>\n<p>Botniahalli muuntuu helposti konserttiareenaksi, messukeskukseksi tai konferenssien pitopaikaksi. Ammattitaitoinen henkil\u00f6st\u00f6 auttaa tapahtumaj\u00e4rjest\u00e4ji\u00e4 kaikissa j\u00e4rjestelyiss\u00e4, varmistaen onnistuneen tapahtuman. Kokonaiskapasiteetti on 6000 henkil\u00f6\u00e4.<\/p>\n\t\t\t\t<\/div>\n\t\t\t\t\t\t<\/div>\n\t<\/div>\n<\/section>\n\n\n\n<section class=\"block block-columns theme-light\">\n\t<div class=\"container\">\n\t\t\t\t\t<header class=\"header\">\n\t\t\t\t<h2 class=\"title h2\">Urheilu Botniahallissa <\/h2>\n\t\t\t\t\t\t\t<\/header>\n\t\t\n\t\t\t\t\t<div class=\"columns grid-columns-3 text-left\">\n\t\t\t\t\t\t\t\t\t<div class=\"column\">\n\t\t\t\t\t\t\n\t\t\t\t\t\t\t\t\t\t\t\t\t<h3 class=\"title h4\">Yleisurheilu<\/h3>\t\t\t\t\t\t\n\t\t\t\t\t\t\t\t\t\t\t\t\t<div class=\"content content-wysiwyg\">\n\t\t\t\t\t\t\t\t<p>Juoksuradat: 4 x 400 m<br \/>\nHyppy- ja heittopaikat: Korkeus-, pituus- ja seiv\u00e4shyppy, kuulanty\u00f6nt\u00f6<\/p>\n\t\t\t\t\t\t\t<\/div>\n\t\t\t\t\t\t\n\t\t\t\t\t\t\t\t\t\t\t<\/div>\n\t\t\t\t\t\t\t\t\t<div class=\"column\">\n\t\t\t\t\t\t\n\t\t\t\t\t\t\t\t\t\t\t\t\t<h3 class=\"title h4\">Palloilu<\/h3>\t\t\t\t\t\t\n\t\t\t\t\t\t\t\t\t\t\t\t\t<div class=\"content content-wysiwyg\">\n\t\t\t\t\t\t\t\t<p>Sis\u00e4tekonurmikentt\u00e4: 61 x 97 m<br \/>\nUlkotekonurmikentt\u00e4: 64 x 102 m<br \/>\nSalibandykentt\u00e4: 38 x 17 m<br \/>\nSulkapallokentt\u00e4 mahdollisuuksien mukaan (ei kiinte\u00e4\u00e4 kentt\u00e4\u00e4)<\/p>\n\t\t\t\t\t\t\t<\/div>\n\t\t\t\t\t\t\n\t\t\t\t\t\t\t\t\t\t\t<\/div>\n\t\t\t\t\t\t\t\t\t<div class=\"column\">\n\t\t\t\t\t\t\n\t\t\t\t\t\t\t\t\t\t\t\t\t<h3 class=\"title h4\">Muut tilat<\/h3>\t\t\t\t\t\t\n\t\t\t\t\t\t\t\t\t\t\t\t\t<div class=\"content content-wysiwyg\">\n\t\t\t\t\t\t\t\t<p>Kuntosali ja jumppasali<br \/>\nKokous- ja ryhm\u00e4ty\u00f6tilat<br \/>\nKahvio- ja ravintolatilat<\/p>\n<p>Pukuhuoneet: 10 suurta ja 2 pient\u00e4<\/p>\n\t\t\t\t\t\t\t<\/div>\n\t\t\t\t\t\t\n\t\t\t\t\t\t\t\t\t\t\t<\/div>\n\t\t\t\t\t\t\t<\/div>\n\t\t\n\t\t\t<\/div>\n<\/section>\n\n\n\n<section class=\"block block-separator top-color-light shape-downward-arc\">\n\t<svg xmlns=\"http:\/\/www.w3.org\/2000\/svg\" height=\"100\" viewBox=\"0 0 100 100\" preserveAspectRatio=\"none\"><path d=\"M0 100V50s16.03 7.74 47.17 7.91S100 0 100 0v100z\" fill=\"#fff\"\/><\/svg><\/section>\n\n\n\n<section class=\"block block-accordion theme-white\">\n\t<div class=\"container\">\n\t\t\t\t\t<header class=\"header text-left\">\n\t\t\t\t<h2 class=\"title h2\">Usein kysytyt kysymykset<\/h2>\n\t\t\t\t\t\t\t<\/header>\n\t\t\n\t\t<div class=\"accordion-items\">\n\t\t\t\t\t\t\t<div class=\"accordion-item\">\n\t\t\t\t\t<h3 class=\"title accordion-title h4\">\n\t\t\t\t\t\t\t<button class=\"accordion-toggle\" id=\"button-usein-kysytyt-kysymykset-usein-kysytyt-kysymykset-1\" aria-expanded=\"false\" aria-controls=\"panel-usein-kysytyt-kysymykset-usein-kysytyt-kysymykset-1\" type=\"button\">\n\t\t\t\t\t\t\t\t<span class=\"toggle-title\">Mik\u00e4 ero on esimerkiksi jalkapallokent\u00e4n vuokraamisella verrattuna hallimaksun maksamiseen?<\/span>\n\t\t\t\t\t\t\t\t<span class=\"toggle-icon\" aria-hidden=\"true\"><\/span>\n\t\t\t\t\t\t\t<\/button>\n\t\t\t\t\t\t<\/h3>\n\t\t\t\t\t<div id=\"panel-usein-kysytyt-kysymykset-usein-kysytyt-kysymykset-1\" aria-labelledby=\"button-usein-kysytyt-kysymykset-usein-kysytyt-kysymykset-1\" class=\"accordion-panel\" role=\"region\">\n\t\t\t\t\t\t<div class=\"accordion-inner\">\n\t\t\t\t\t\t\t<div class=\"accordion-inner-wrap\">\n\t\t\t\t\t\t\t\t<div class=\"content-wrap\">\n\t\t\t\t\t\t\t\t\t<div class=\"content content-wysiwyg\">\n\t\t\t\t\t\t\t\t\t\t<p>Hallimaksu kattaa yleisen sis\u00e4\u00e4np\u00e4\u00e4syn ja mahdollisesti yhteisk\u00e4ytt\u00f6iset tilat. Jalkapallokent\u00e4n vuokraaminen taas tarkoittaa tietyn tilan varaamista yksityisk\u00e4ytt\u00f6\u00f6n tiettyn\u00e4 aikana, mik\u00e4 oikeuttaa yksinoikeuteen ja voi sis\u00e4lt\u00e4\u00e4 lis\u00e4palveluita, kuten valaistuksen tai varusteet.<\/p>\n\t\t\t\t\t\t\t\t\t<\/div>\n\n\t\t\t\t\t\t\t\t\t\t\t\t\t\t\t\t\t<\/div>\n\t\t\t\t\t\t\t<\/div>\n\t\t\t\t\t\t<\/div>\n\t\t\t\t\t<\/div>\n\t\t\t\t<\/div>\n\t\t\t\t\t\t\t<div class=\"accordion-item\">\n\t\t\t\t\t<h3 class=\"title accordion-title h4\">\n\t\t\t\t\t\t\t<button class=\"accordion-toggle\" id=\"button-usein-kysytyt-kysymykset-usein-kysytyt-kysymykset-2\" aria-expanded=\"false\" aria-controls=\"panel-usein-kysytyt-kysymykset-usein-kysytyt-kysymykset-2\" type=\"button\">\n\t\t\t\t\t\t\t\t<span class=\"toggle-title\">Miten voin tiet\u00e4\u00e4, onko kent\u00e4ll\u00e4 vapaita harjoitusaikoja?<\/span>\n\t\t\t\t\t\t\t\t<span class=\"toggle-icon\" aria-hidden=\"true\"><\/span>\n\t\t\t\t\t\t\t<\/button>\n\t\t\t\t\t\t<\/h3>\n\t\t\t\t\t<div id=\"panel-usein-kysytyt-kysymykset-usein-kysytyt-kysymykset-2\" aria-labelledby=\"button-usein-kysytyt-kysymykset-usein-kysytyt-kysymykset-2\" class=\"accordion-panel\" role=\"region\">\n\t\t\t\t\t\t<div class=\"accordion-inner\">\n\t\t\t\t\t\t\t<div class=\"accordion-inner-wrap\">\n\t\t\t\t\t\t\t\t<div class=\"content-wrap\">\n\t\t\t\t\t\t\t\t\t<div class=\"content content-wysiwyg\">\n\t\t\t\t\t\t\t\t\t\t<p>Botniahallin kentt\u00e4vuorojen saatavuus n\u00e4kyy Timmi-j\u00e4rjestelm\u00e4ss\u00e4, josta voi tarkistaa ajantasaiset vapaat ajat.<\/p>\n\t\t\t\t\t\t\t\t\t<\/div>\n\n\t\t\t\t\t\t\t\t\t\t\t\t\t\t\t\t\t<\/div>\n\t\t\t\t\t\t\t<\/div>\n\t\t\t\t\t\t<\/div>\n\t\t\t\t\t<\/div>\n\t\t\t\t<\/div>\n\t\t\t\t\t\t\t<div class=\"accordion-item\">\n\t\t\t\t\t<h3 class=\"title accordion-title h4\">\n\t\t\t\t\t\t\t<button class=\"accordion-toggle\" id=\"button-usein-kysytyt-kysymykset-usein-kysytyt-kysymykset-3\" aria-expanded=\"false\" aria-controls=\"panel-usein-kysytyt-kysymykset-usein-kysytyt-kysymykset-3\" type=\"button\">\n\t\t\t\t\t\t\t\t<span class=\"toggle-title\">Miksi en p\u00e4\u00e4se halliin arkip\u00e4ivisin ennen klo 16, vaikka olen maksanut kalliimman kortin, joka on voimassa arki-iltap\u00e4ivisin ja viikonloppuisin?<\/span>\n\t\t\t\t\t\t\t\t<span class=\"toggle-icon\" aria-hidden=\"true\"><\/span>\n\t\t\t\t\t\t\t<\/button>\n\t\t\t\t\t\t<\/h3>\n\t\t\t\t\t<div id=\"panel-usein-kysytyt-kysymykset-usein-kysytyt-kysymykset-3\" aria-labelledby=\"button-usein-kysytyt-kysymykset-usein-kysytyt-kysymykset-3\" class=\"accordion-panel\" role=\"region\">\n\t\t\t\t\t\t<div class=\"accordion-inner\">\n\t\t\t\t\t\t\t<div class=\"accordion-inner-wrap\">\n\t\t\t\t\t\t\t\t<div class=\"content-wrap\">\n\t\t\t\t\t\t\t\t\t<div class=\"content content-wysiwyg\">\n\t\t\t\t\t\t\t\t\t\t<p>Tarvitsenko kaksi eri korttia, jos haluan treenata sek\u00e4 aamuisin ett\u00e4 iltaisin ja viikonloppuisin? Vai voinko ladata kaiken yhdelle kortille?<\/p>\n<p>Et tarvitse kahta eri korttia. Sek\u00e4 p\u00e4iv\u00e4- ett\u00e4 iltalataukset voidaan ladata samalle kulkukortille. Kortinlukija tunnistaa automaattisesti, mik\u00e4 lataus on voimassa kulloinkin:<\/p>\n<ul>\n<li>P\u00e4iv\u00e4latauksella p\u00e4\u00e4see sis\u00e4\u00e4n maanantaista perjantaihin ennen klo 16.<\/li>\n<li>Iltalataus on voimassa arkisin klo 16 j\u00e4lkeen sek\u00e4 viikonloppuisin.<\/li>\n<\/ul>\n<p>N\u00e4in voit k\u00e4ytt\u00e4\u00e4 samaa korttia koko viikon ajan eri vuorokaudenaikoina \u2013 kunhan molemmat lataukset ovat voimassa.<\/p>\n\t\t\t\t\t\t\t\t\t<\/div>\n\n\t\t\t\t\t\t\t\t\t\t\t\t\t\t\t\t\t<\/div>\n\t\t\t\t\t\t\t<\/div>\n\t\t\t\t\t\t<\/div>\n\t\t\t\t\t<\/div>\n\t\t\t\t<\/div>\n\t\t\t\t\t\t\t<div class=\"accordion-item\">\n\t\t\t\t\t<h3 class=\"title accordion-title h4\">\n\t\t\t\t\t\t\t<button class=\"accordion-toggle\" id=\"button-usein-kysytyt-kysymykset-usein-kysytyt-kysymykset-4\" aria-expanded=\"false\" aria-controls=\"panel-usein-kysytyt-kysymykset-usein-kysytyt-kysymykset-4\" type=\"button\">\n\t\t\t\t\t\t\t\t<span class=\"toggle-title\"> Miksi on eri hinta, kun maksaa kabinetin k\u00e4yt\u00f6st\u00e4 kokousta varten verrattuna juhlan j\u00e4rjest\u00e4miseen kabinetissa?<\/span>\n\t\t\t\t\t\t\t\t<span class=\"toggle-icon\" aria-hidden=\"true\"><\/span>\n\t\t\t\t\t\t\t<\/button>\n\t\t\t\t\t\t<\/h3>\n\t\t\t\t\t<div id=\"panel-usein-kysytyt-kysymykset-usein-kysytyt-kysymykset-4\" aria-labelledby=\"button-usein-kysytyt-kysymykset-usein-kysytyt-kysymykset-4\" class=\"accordion-panel\" role=\"region\">\n\t\t\t\t\t\t<div class=\"accordion-inner\">\n\t\t\t\t\t\t\t<div class=\"accordion-inner-wrap\">\n\t\t\t\t\t\t\t\t<div class=\"content-wrap\">\n\t\t\t\t\t\t\t\t\t<div class=\"content content-wysiwyg\">\n\t\t\t\t\t\t\t\t\t\t<p>Hinnat voivat vaihdella k\u00e4ytt\u00f6tarkoituksen mukaan, koska juhlatilaisuudet vaativat usein enemm\u00e4n valmistelua, siivousta, kalustusta tai pidemm\u00e4n k\u00e4ytt\u00f6ajan. Kokoukset ovat yleens\u00e4 lyhyempi\u00e4 ja vaativat v\u00e4hemm\u00e4n resursseja.<\/p>\n\t\t\t\t\t\t\t\t\t<\/div>\n\n\t\t\t\t\t\t\t\t\t\t\t\t\t\t\t\t\t<\/div>\n\t\t\t\t\t\t\t<\/div>\n\t\t\t\t\t\t<\/div>\n\t\t\t\t\t<\/div>\n\t\t\t\t<\/div>\n\t\t\t\t\t<\/div>\n\n\t\t\t<\/div>\n<\/section>\n\n\n\n<div style=\"height:41px\" aria-hidden=\"true\" class=\"wp-block-spacer\"><\/div>\n\n\n\n<section class=\"block block-banner layout-left theme-light has-image image-sizing-cover image-inside-container image-rounded-corners\">\n\t\t\t<div class=\"image-container \">\n\t\t\t<img loading=\"lazy\" decoding=\"async\" width=\"800\" height=\"534\" src=\"https:\/\/www.vaasanseudunareenat.fi\/botniahalli\/wp-content\/uploads\/sites\/2\/2024\/11\/juoksu-ryhma-1024x683.jpg\" class=\"img\" alt=\"\" srcset=\"https:\/\/www.vaasanseudunareenat.fi\/botniahalli\/wp-content\/uploads\/sites\/2\/2024\/11\/juoksu-ryhma-1024x683.jpg 1024w, https:\/\/www.vaasanseudunareenat.fi\/botniahalli\/wp-content\/uploads\/sites\/2\/2024\/11\/juoksu-ryhma-300x200.jpg 300w, https:\/\/www.vaasanseudunareenat.fi\/botniahalli\/wp-content\/uploads\/sites\/2\/2024\/11\/juoksu-ryhma-768x512.jpg 768w, https:\/\/www.vaasanseudunareenat.fi\/botniahalli\/wp-content\/uploads\/sites\/2\/2024\/11\/juoksu-ryhma-1536x1025.jpg 1536w\" sizes=\"(max-width: 800px) 100vw, 800px\" \/>\t\t<\/div>\n\t\n\t\n\t<div class=\"container text-left\">\n\t\t<div class=\"content\">\n\t\t\t<h2 class=\"title h2\">Esteett\u00f6myys\u00a0<\/h2>\t\t\t\t<div class=\"content-wysiwyg\">\n\t\t\t\t\t<ul>\n<li>Esteet\u00f6n kulku,<\/li>\n<li>INVA WC,<\/li>\n<li>helppo p\u00e4\u00e4sy n\u00e4k\u00f6vammaisille,<\/li>\n<li>yksi kiinte\u00e4 induktiosilmukka (lis\u00e4\u00e4 voidaan asentaa),<\/li>\n<li>INVA-autopaikkoja varattu p\u00e4\u00e4oven l\u00e4helle<\/li>\n<\/ul>\n\t\t\t\t<\/div>\n\t\t\t\t\n\t<ul class=\"buttons\">\n\t\t\t\t\t<li class=\"button-item\">\n\t\t\t\t\t\t\t<\/li>\n\t\t\t<\/ul>\n\t\t\t<\/div>\n\t<\/div>\n<\/section>\n\n\n\n<div style=\"height:55px\" aria-hidden=\"true\" class=\"wp-block-spacer\"><\/div>\n\n\n\n<hr class=\"wp-block-separator has-alpha-channel-opacity\" \/>\n\n\n\n<section class=\"block block-columns theme-light\">\n\t<div class=\"container\">\n\t\t\t\t\t<header class=\"header\">\n\t\t\t\t<h2 class=\"title h2\">Kolme erilaista areenaa \u2013 rajattomat mahdollisuudet<\/h2>\n\t\t\t\t\t\t\t<\/header>\n\t\t\n\t\t\t\t\t<div class=\"columns grid-columns-3 text-left\">\n\t\t\t\t\t\t\t\t\t<div class=\"column\">\n\t\t\t\t\t\t\t\t\t\t\t\t\t<div class=\"image image-horizontal\">\n\t\t\t\t\t\t\t\t<img loading=\"lazy\" decoding=\"async\" width=\"768\" height=\"432\" src=\"https:\/\/www.vaasanseudunareenat.fi\/botniahalli\/wp-content\/uploads\/sites\/2\/2024\/11\/mg-8650-e1536054745129-768x432.jpg\" class=\"img\" alt=\"\" srcset=\"https:\/\/www.vaasanseudunareenat.fi\/botniahalli\/wp-content\/uploads\/sites\/2\/2024\/11\/mg-8650-e1536054745129-768x432.jpg 768w, https:\/\/www.vaasanseudunareenat.fi\/botniahalli\/wp-content\/uploads\/sites\/2\/2024\/11\/mg-8650-e1536054745129-1920x1080.jpg 1920w, https:\/\/www.vaasanseudunareenat.fi\/botniahalli\/wp-content\/uploads\/sites\/2\/2024\/11\/mg-8650-e1536054745129-1440x810.jpg 1440w, https:\/\/www.vaasanseudunareenat.fi\/botniahalli\/wp-content\/uploads\/sites\/2\/2024\/11\/mg-8650-e1536054745129-1024x576.jpg 1024w, https:\/\/www.vaasanseudunareenat.fi\/botniahalli\/wp-content\/uploads\/sites\/2\/2024\/11\/mg-8650-e1536054745129-576x324.jpg 576w\" sizes=\"(max-width: 768px) 100vw, 768px\" \/>\t\t\t\t\t\t\t<\/div>\n\t\t\t\t\t\t\n\t\t\t\t\t\t\t\t\t\t\t\t\t<h3 class=\"title h4\">Botniahalli<\/h3>\t\t\t\t\t\t\n\t\t\t\t\t\t\t\t\t\t\t\t\t<div class=\"content content-wysiwyg\">\n\t\t\t\t\t\t\t\t<p class=\"p1\">Suomen suurin ja monipuolisin urheiluun, liikuntaan niin suuriin kuin pieniinkin yleis\u00f6tapahtumiin. Ammattitaitoiset TYKYp\u00e4iv\u00e4t, fysiikkavalmennus, testaus ja lajivalmennus, personal training ja ryhm\u00e4liikunta.<\/p>\n\t\t\t\t\t\t\t<\/div>\n\t\t\t\t\t\t\n\t\t\t\t\t\t\t\t\t\t\t<\/div>\n\t\t\t\t\t\t\t\t\t<div class=\"column\">\n\t\t\t\t\t\t\t\t\t\t\t\t\t<div class=\"image image-horizontal\">\n\t\t\t\t\t\t\t\t<img loading=\"lazy\" decoding=\"async\" width=\"768\" height=\"432\" src=\"https:\/\/www.vaasanseudunareenat.fi\/botniahalli\/wp-content\/uploads\/sites\/2\/2024\/11\/stadion-ilmakuva-11-2016-768x432.jpg\" class=\"img\" alt=\"\" srcset=\"https:\/\/www.vaasanseudunareenat.fi\/botniahalli\/wp-content\/uploads\/sites\/2\/2024\/11\/stadion-ilmakuva-11-2016-768x432.jpg 768w, https:\/\/www.vaasanseudunareenat.fi\/botniahalli\/wp-content\/uploads\/sites\/2\/2024\/11\/stadion-ilmakuva-11-2016-576x324.jpg 576w\" sizes=\"(max-width: 768px) 100vw, 768px\" \/>\t\t\t\t\t\t\t<\/div>\n\t\t\t\t\t\t\n\t\t\t\t\t\t\t\t\t\t\t\t\t<h3 class=\"title h4\">Lemonsoft Stadion<\/h3>\t\t\t\t\t\t\n\t\t\t\t\t\t\t\t\t\t\t\t\t<div class=\"content content-wysiwyg\">\n\t\t\t\t\t\t\t\t<p class=\"p1\">Upeat puitteet ja laadukkaat oheispalvelut mahdollistavat kaiken liikunnan harrastamisesta inspiroiviin kokouksiin, isoihin yleis\u00f6tapahtumiin ja suuren luokan konsertteihin.<\/p>\n\t\t\t\t\t\t\t<\/div>\n\t\t\t\t\t\t\n\t\t\t\t\t\t\t\t\t\t\t<\/div>\n\t\t\t\t\t\t\t\t\t<div class=\"column\">\n\t\t\t\t\t\t\t\t\t\t\t\t\t<div class=\"image image-horizontal\">\n\t\t\t\t\t\t\t\t<img loading=\"lazy\" decoding=\"async\" width=\"768\" height=\"432\" src=\"https:\/\/www.vaasanseudunareenat.fi\/botniahalli\/wp-content\/uploads\/sites\/2\/2024\/11\/vaasan-sahko-areena-nettikoko-kuva-esa-siltaloppi-e1606993685530-768x432.jpg\" class=\"img\" alt=\"\" srcset=\"https:\/\/www.vaasanseudunareenat.fi\/botniahalli\/wp-content\/uploads\/sites\/2\/2024\/11\/vaasan-sahko-areena-nettikoko-kuva-esa-siltaloppi-e1606993685530-768x432.jpg 768w, https:\/\/www.vaasanseudunareenat.fi\/botniahalli\/wp-content\/uploads\/sites\/2\/2024\/11\/vaasan-sahko-areena-nettikoko-kuva-esa-siltaloppi-e1606993685530-1440x810.jpg 1440w, https:\/\/www.vaasanseudunareenat.fi\/botniahalli\/wp-content\/uploads\/sites\/2\/2024\/11\/vaasan-sahko-areena-nettikoko-kuva-esa-siltaloppi-e1606993685530-1024x576.jpg 1024w, https:\/\/www.vaasanseudunareenat.fi\/botniahalli\/wp-content\/uploads\/sites\/2\/2024\/11\/vaasan-sahko-areena-nettikoko-kuva-esa-siltaloppi-e1606993685530-576x324.jpg 576w\" sizes=\"(max-width: 768px) 100vw, 768px\" \/>\t\t\t\t\t\t\t<\/div>\n\t\t\t\t\t\t\n\t\t\t\t\t\t\t\t\t\t\t\t\t<h3 class=\"title h4\">Vaasan S\u00e4hk\u00f6 Areena<\/h3>\t\t\t\t\t\t\n\t\t\t\t\t\t\t\t\t\t\t\t\t<div class=\"content content-wysiwyg\">\n\t\t\t\t\t\t\t\t<p class=\"p1\">Ainutlaatuinen j\u00e4\u00e4urheilun ja tapahtumien keskus, jossa nelj\u00e4 j\u00e4\u00e4t\u00e4 on saman katon alla. Areena tarjoaa my\u00f6s loistavat puitteet konserteille, yleis\u00f6tapahtumiin ja TYKYkokousp\u00e4iville.<\/p>\n\t\t\t\t\t\t\t<\/div>\n\t\t\t\t\t\t\n\t\t\t\t\t\t\t\t\t\t\t<\/div>\n\t\t\t\t\t\t\t<\/div>\n\t\t\n\t\t\t<\/div>\n<\/section>\n","protected":false},"excerpt":{"rendered":"","protected":false},"author":6,"featured_media":0,"parent":75,"menu_order":0,"comment_status":"closed","ping_status":"closed","template":"","meta":{"_acf_changed":false,"footnotes":""},"class_list":["post-718","page","type-page","status-publish","hentry"],"acf":[],"yoast_head":"<!-- This site is optimized with the Yoast SEO plugin v27.5 - https:\/\/yoast.com\/product\/yoast-seo-wordpress\/ -->\n<title>Tutustu tiloihimme - Botniahalli<\/title>\n<meta name=\"robots\" content=\"index, follow, max-snippet:-1, max-image-preview:large, max-video-preview:-1\" \/>\n<link rel=\"canonical\" href=\"https:\/\/www.vaasanseudunareenat.fi\/botniahalli\/yrityksille-ja-ryhmille\/tilat\/\" \/>\n<meta property=\"og:locale\" content=\"en_US\" \/>\n<meta property=\"og:type\" content=\"article\" \/>\n<meta property=\"og:title\" content=\"Tutustu tiloihimme - Botniahalli\" \/>\n<meta property=\"og:url\" content=\"https:\/\/www.vaasanseudunareenat.fi\/botniahalli\/yrityksille-ja-ryhmille\/tilat\/\" \/>\n<meta property=\"og:site_name\" content=\"Botniahalli\" \/>\n<meta property=\"article:modified_time\" content=\"2026-02-24T11:33:43+00:00\" \/>\n<meta name=\"twitter:card\" content=\"summary_large_image\" \/>\n<script type=\"application\/ld+json\" class=\"yoast-schema-graph\">{\"@context\":\"https:\\\/\\\/schema.org\",\"@graph\":[{\"@type\":\"WebPage\",\"@id\":\"https:\\\/\\\/www.vaasanseudunareenat.fi\\\/botniahalli\\\/yrityksille-ja-ryhmille\\\/tilat\\\/\",\"url\":\"https:\\\/\\\/www.vaasanseudunareenat.fi\\\/botniahalli\\\/yrityksille-ja-ryhmille\\\/tilat\\\/\",\"name\":\"Tutustu tiloihimme - Botniahalli\",\"isPartOf\":{\"@id\":\"https:\\\/\\\/www.vaasanseudunareenat.fi\\\/botniahalli\\\/#website\"},\"datePublished\":\"2025-04-17T10:07:35+00:00\",\"dateModified\":\"2026-02-24T11:33:43+00:00\",\"breadcrumb\":{\"@id\":\"https:\\\/\\\/www.vaasanseudunareenat.fi\\\/botniahalli\\\/yrityksille-ja-ryhmille\\\/tilat\\\/#breadcrumb\"},\"inLanguage\":\"en-US\",\"potentialAction\":[{\"@type\":\"ReadAction\",\"target\":[\"https:\\\/\\\/www.vaasanseudunareenat.fi\\\/botniahalli\\\/yrityksille-ja-ryhmille\\\/tilat\\\/\"]}]},{\"@type\":\"BreadcrumbList\",\"@id\":\"https:\\\/\\\/www.vaasanseudunareenat.fi\\\/botniahalli\\\/yrityksille-ja-ryhmille\\\/tilat\\\/#breadcrumb\",\"itemListElement\":[{\"@type\":\"ListItem\",\"position\":1,\"name\":\"Home\",\"item\":\"https:\\\/\\\/www.vaasanseudunareenat.fi\\\/botniahalli\\\/\"},{\"@type\":\"ListItem\",\"position\":2,\"name\":\"Yrityksille ja ryhmille\",\"item\":\"https:\\\/\\\/www.vaasanseudunareenat.fi\\\/botniahalli\\\/yrityksille-ja-ryhmille\\\/\"},{\"@type\":\"ListItem\",\"position\":3,\"name\":\"Tutustu tiloihimme\"}]},{\"@type\":\"WebSite\",\"@id\":\"https:\\\/\\\/www.vaasanseudunareenat.fi\\\/botniahalli\\\/#website\",\"url\":\"https:\\\/\\\/www.vaasanseudunareenat.fi\\\/botniahalli\\\/\",\"name\":\"Botniahalli\",\"description\":\"\",\"potentialAction\":[{\"@type\":\"SearchAction\",\"target\":{\"@type\":\"EntryPoint\",\"urlTemplate\":\"https:\\\/\\\/www.vaasanseudunareenat.fi\\\/botniahalli\\\/?s={search_term_string}\"},\"query-input\":{\"@type\":\"PropertyValueSpecification\",\"valueRequired\":true,\"valueName\":\"search_term_string\"}}],\"inLanguage\":\"en-US\"}]}<\/script>\n<!-- \/ Yoast SEO plugin. -->","yoast_head_json":{"title":"Tutustu tiloihimme - Botniahalli","robots":{"index":"index","follow":"follow","max-snippet":"max-snippet:-1","max-image-preview":"max-image-preview:large","max-video-preview":"max-video-preview:-1"},"canonical":"https:\/\/www.vaasanseudunareenat.fi\/botniahalli\/yrityksille-ja-ryhmille\/tilat\/","og_locale":"en_US","og_type":"article","og_title":"Tutustu tiloihimme - Botniahalli","og_url":"https:\/\/www.vaasanseudunareenat.fi\/botniahalli\/yrityksille-ja-ryhmille\/tilat\/","og_site_name":"Botniahalli","article_modified_time":"2026-02-24T11:33:43+00:00","twitter_card":"summary_large_image","schema":{"@context":"https:\/\/schema.org","@graph":[{"@type":"WebPage","@id":"https:\/\/www.vaasanseudunareenat.fi\/botniahalli\/yrityksille-ja-ryhmille\/tilat\/","url":"https:\/\/www.vaasanseudunareenat.fi\/botniahalli\/yrityksille-ja-ryhmille\/tilat\/","name":"Tutustu tiloihimme - Botniahalli","isPartOf":{"@id":"https:\/\/www.vaasanseudunareenat.fi\/botniahalli\/#website"},"datePublished":"2025-04-17T10:07:35+00:00","dateModified":"2026-02-24T11:33:43+00:00","breadcrumb":{"@id":"https:\/\/www.vaasanseudunareenat.fi\/botniahalli\/yrityksille-ja-ryhmille\/tilat\/#breadcrumb"},"inLanguage":"en-US","potentialAction":[{"@type":"ReadAction","target":["https:\/\/www.vaasanseudunareenat.fi\/botniahalli\/yrityksille-ja-ryhmille\/tilat\/"]}]},{"@type":"BreadcrumbList","@id":"https:\/\/www.vaasanseudunareenat.fi\/botniahalli\/yrityksille-ja-ryhmille\/tilat\/#breadcrumb","itemListElement":[{"@type":"ListItem","position":1,"name":"Home","item":"https:\/\/www.vaasanseudunareenat.fi\/botniahalli\/"},{"@type":"ListItem","position":2,"name":"Yrityksille ja ryhmille","item":"https:\/\/www.vaasanseudunareenat.fi\/botniahalli\/yrityksille-ja-ryhmille\/"},{"@type":"ListItem","position":3,"name":"Tutustu tiloihimme"}]},{"@type":"WebSite","@id":"https:\/\/www.vaasanseudunareenat.fi\/botniahalli\/#website","url":"https:\/\/www.vaasanseudunareenat.fi\/botniahalli\/","name":"Botniahalli","description":"","potentialAction":[{"@type":"SearchAction","target":{"@type":"EntryPoint","urlTemplate":"https:\/\/www.vaasanseudunareenat.fi\/botniahalli\/?s={search_term_string}"},"query-input":{"@type":"PropertyValueSpecification","valueRequired":true,"valueName":"search_term_string"}}],"inLanguage":"en-US"}]}},"lang":"fi","translations":{"fi":718,"sv":1311},"pll_sync_post":{},"_links":{"self":[{"href":"https:\/\/www.vaasanseudunareenat.fi\/botniahalli\/wp-json\/wp\/v2\/pages\/718","targetHints":{"allow":["GET"]}}],"collection":[{"href":"https:\/\/www.vaasanseudunareenat.fi\/botniahalli\/wp-json\/wp\/v2\/pages"}],"about":[{"href":"https:\/\/www.vaasanseudunareenat.fi\/botniahalli\/wp-json\/wp\/v2\/types\/page"}],"author":[{"embeddable":true,"href":"https:\/\/www.vaasanseudunareenat.fi\/botniahalli\/wp-json\/wp\/v2\/users\/6"}],"replies":[{"embeddable":true,"href":"https:\/\/www.vaasanseudunareenat.fi\/botniahalli\/wp-json\/wp\/v2\/comments?post=718"}],"version-history":[{"count":31,"href":"https:\/\/www.vaasanseudunareenat.fi\/botniahalli\/wp-json\/wp\/v2\/pages\/718\/revisions"}],"predecessor-version":[{"id":2000,"href":"https:\/\/www.vaasanseudunareenat.fi\/botniahalli\/wp-json\/wp\/v2\/pages\/718\/revisions\/2000"}],"up":[{"embeddable":true,"href":"https:\/\/www.vaasanseudunareenat.fi\/botniahalli\/wp-json\/wp\/v2\/pages\/75"}],"wp:attachment":[{"href":"https:\/\/www.vaasanseudunareenat.fi\/botniahalli\/wp-json\/wp\/v2\/media?parent=718"}],"curies":[{"name":"wp","href":"https:\/\/api.w.org\/{rel}","templated":true}]}}