{"id":574,"date":"2025-02-03T13:19:15","date_gmt":"2025-02-03T11:19:15","guid":{"rendered":"https:\/\/www.vaasanseudunareenat.fi\/botniahalli\/?page_id=574"},"modified":"2025-06-09T14:20:05","modified_gmt":"2025-06-09T11:20:05","slug":"saapuminen","status":"publish","type":"page","link":"https:\/\/www.vaasanseudunareenat.fi\/botniahalli\/saapuminen\/","title":{"rendered":"Saapuminen"},"content":{"rendered":"\n<section class=\"block block-hero has-overlay\">\n\t<div class=\"hero-inner\">\n\t\t\t\t\t<div class=\"image-container background-container\">\n\t\t\t\t<img decoding=\"async\" width=\"1920\" height=\"1080\" src=\"https:\/\/www.vaasanseudunareenat.fi\/botniahalli\/wp-content\/uploads\/sites\/2\/2025\/04\/Jalkapalloakatemia-10.3.2025-8-1920x1080.jpg\" class=\"img\" alt=\"\" fetchpriority=\"high\" srcset=\"https:\/\/www.vaasanseudunareenat.fi\/botniahalli\/wp-content\/uploads\/sites\/2\/2025\/04\/Jalkapalloakatemia-10.3.2025-8-1920x1080.jpg 1920w, https:\/\/www.vaasanseudunareenat.fi\/botniahalli\/wp-content\/uploads\/sites\/2\/2025\/04\/Jalkapalloakatemia-10.3.2025-8-1440x810.jpg 1440w, https:\/\/www.vaasanseudunareenat.fi\/botniahalli\/wp-content\/uploads\/sites\/2\/2025\/04\/Jalkapalloakatemia-10.3.2025-8-1024x576.jpg 1024w, https:\/\/www.vaasanseudunareenat.fi\/botniahalli\/wp-content\/uploads\/sites\/2\/2025\/04\/Jalkapalloakatemia-10.3.2025-8-768x432.jpg 768w, https:\/\/www.vaasanseudunareenat.fi\/botniahalli\/wp-content\/uploads\/sites\/2\/2025\/04\/Jalkapalloakatemia-10.3.2025-8-576x324.jpg 576w\" sizes=\"(max-width: 1920px) 100vw, 1920px\" \/>\t\t\t<\/div>\n\t\t\t\n\t\t\t\t<div class=\"container text-left\">\n\t\t\t<div class=\"hero-content\">\n\t\t\t\t<h1 class=\"title h1\">Saapuminen ja esteett\u00f6myys<\/h1>\n\t\t\t\t\n\t\t\t\t\t\t\t<\/div>\n\t\t<\/div>\n\n\t\t<div class=\"hero-columns grid-columns-2\">\n\t\t\t\n\t\t\t\t\t<\/div>\n\t<\/div>\n<\/section>\n\n\n\n<section class=\"block block-banner layout-left theme-light has-image image-sizing-cover image-inside-container image-rounded-corners\">\n\t\t\t<div class=\"image-container \">\n\t\t\t<img loading=\"lazy\" decoding=\"async\" width=\"800\" height=\"686\" src=\"https:\/\/www.vaasanseudunareenat.fi\/botniahalli\/wp-content\/uploads\/sites\/2\/2025\/06\/Screenshot-2025-06-09-at-14.03.14-1024x878.png\" class=\"img\" alt=\"\" srcset=\"https:\/\/www.vaasanseudunareenat.fi\/botniahalli\/wp-content\/uploads\/sites\/2\/2025\/06\/Screenshot-2025-06-09-at-14.03.14-1024x878.png 1024w, https:\/\/www.vaasanseudunareenat.fi\/botniahalli\/wp-content\/uploads\/sites\/2\/2025\/06\/Screenshot-2025-06-09-at-14.03.14-300x257.png 300w, https:\/\/www.vaasanseudunareenat.fi\/botniahalli\/wp-content\/uploads\/sites\/2\/2025\/06\/Screenshot-2025-06-09-at-14.03.14-768x659.png 768w, https:\/\/www.vaasanseudunareenat.fi\/botniahalli\/wp-content\/uploads\/sites\/2\/2025\/06\/Screenshot-2025-06-09-at-14.03.14-1536x1318.png 1536w, https:\/\/www.vaasanseudunareenat.fi\/botniahalli\/wp-content\/uploads\/sites\/2\/2025\/06\/Screenshot-2025-06-09-at-14.03.14.png 1562w\" sizes=\"(max-width: 800px) 100vw, 800px\" \/>\t\t<\/div>\n\t\n\t\n\t<div class=\"container text-left\">\n\t\t<div class=\"content\">\n\t\t\t<h1 class=\"title h2\">Saapuminen Botniahallille <\/h1>\t\t\t\t<div class=\"content-wysiwyg\">\n\t\t\t\t\t<p>Botniahalli sijaitsee osoitteessa<br \/>\nPapinsaarentie 2, 65610 Mustasaari<\/p>\n<p style=\"text-align: left\"><strong>Huomioithan, ett\u00e4 Botniahalli on suljettu peruskorjauksen vuoksi 25.4.\u201330.11.2025.<\/strong> T\u00e4n\u00e4 aikana hallin liikuntapalvelut on siirretty Vaasan S\u00e4hk\u00f6 Areenalle.<\/p>\n\t\t\t\t<\/div>\n\t\t\t\t\n\t<ul class=\"buttons\">\n\t\t\t\t\t<li class=\"button-item\">\n\t\t\t\t<a href=\"https:\/\/www.google.fi\/maps\/place\/Botniahalli\/@63.1239945,21.7099101,17z\/data=!3m1!4b1!4m6!3m5!1s0x467d61dffbb65191:0x35d3917d3ce82445!8m2!3d63.1239921!4d21.712485!16s%2Fg%2F121qyblt?entry=ttu&#038;g_ep=EgoyMDI1MDYwNC4wIKXMDSoASAFQAw%3D%3D\" class=\"link\" target=\"_blank\">Botniahalli kartalla<\/a>\t\t\t<\/li>\n\t\t\t<\/ul>\n\t\t\t<\/div>\n\t<\/div>\n<\/section>\n\n\n\n<section class=\"block block-columns theme-white\">\n\t<div class=\"container\">\n\t\t\n\t\t\t\t\t<div class=\"columns grid-columns-2 text-left\">\n\t\t\t\t\t\t\t\t\t<div class=\"column\">\n\t\t\t\t\t\t\n\t\t\t\t\t\t\t\t\t\t\t\t\t<h2 class=\"title h3\">Bussilla<\/h2>\t\t\t\t\t\t\n\t\t\t\t\t\t\t\t\t\t\t\t\t<div class=\"content content-wysiwyg\">\n\t\t\t\t\t\t\t\t<p style=\"text-align: left\">Vaasan keskustasta p\u00e4\u00e4set Botniahallille Lifti-linjan bussilla numero 6, joka kulkee reitti\u00e4 Teollisuuskatu 8 \u2192 Papinsaarentie L. L\u00e4hin pys\u00e4kki on Papinsaarentie, josta on noin 3 minuutin k\u00e4velymatka hallille.<\/p>\n<p><a href=\"https:\/\/www.vaasa.fi\/asu-ja-ela\/liikenne-ja-kadut\/joukkoliikenne\/bussiaikataulut-ja-reitit\/\">Bussiyhteydet<\/a><\/p>\n\t\t\t\t\t\t\t<\/div>\n\t\t\t\t\t\t\n\t\t\t\t\t\t\t\t\t\t\t<\/div>\n\t\t\t\t\t\t\t\t\t<div class=\"column\">\n\t\t\t\t\t\t\n\t\t\t\t\t\t\t\t\t\t\t\t\t<h2 class=\"title h3\">Omalla autolla<\/h2>\t\t\t\t\t\t\n\t\t\t\t\t\t\t\t\t\t\t\t\t<div class=\"content content-wysiwyg\">\n\t\t\t\t\t\t\t\t<p>Jos saavut omalla autolla, Botniahallille p\u00e4\u00e4see helposti E8-tielt\u00e4 (Kokkolantie) nousemalla Botniahalli-ramppia ja k\u00e4\u00e4ntym\u00e4ll\u00e4 Karper\u00f6ntielle. Pys\u00e4k\u00f6intitilaa on runsaasti.<\/p>\n<p>Esteett\u00f6myys on huomioitu: p\u00e4\u00e4oven l\u00e4heisyydess\u00e4 on INVA-paikkoja, esteet\u00f6n kulku ja INVA-WC.<\/p>\n\t\t\t\t\t\t\t<\/div>\n\t\t\t\t\t\t\n\t\t\t\t\t\t\t\t\t\t\t<\/div>\n\t\t\t\t\t\t\t<\/div>\n\t\t\n\t\t\t<\/div>\n<\/section>\n\n\n\n<section class=\"block block-banner layout-right theme-light has-image image-sizing-cover image-inside-container image-rounded-corners\">\n\t\t\t<div class=\"image-container \">\n\t\t\t<img loading=\"lazy\" decoding=\"async\" width=\"800\" height=\"853\" src=\"https:\/\/www.vaasanseudunareenat.fi\/botniahalli\/wp-content\/uploads\/sites\/2\/2025\/05\/istockphoto-1434337731-2048x2048-1-960x1024.jpg\" class=\"img\" alt=\"\" srcset=\"https:\/\/www.vaasanseudunareenat.fi\/botniahalli\/wp-content\/uploads\/sites\/2\/2025\/05\/istockphoto-1434337731-2048x2048-1-960x1024.jpg 960w, https:\/\/www.vaasanseudunareenat.fi\/botniahalli\/wp-content\/uploads\/sites\/2\/2025\/05\/istockphoto-1434337731-2048x2048-1-281x300.jpg 281w, https:\/\/www.vaasanseudunareenat.fi\/botniahalli\/wp-content\/uploads\/sites\/2\/2025\/05\/istockphoto-1434337731-2048x2048-1-768x819.jpg 768w, https:\/\/www.vaasanseudunareenat.fi\/botniahalli\/wp-content\/uploads\/sites\/2\/2025\/05\/istockphoto-1434337731-2048x2048-1.jpg 1200w\" sizes=\"(max-width: 800px) 100vw, 800px\" \/>\t\t<\/div>\n\t\n\t\n\t<div class=\"container text-left\">\n\t\t<div class=\"content\">\n\t\t\t<h2 class=\"title h2\">Esteett\u00f6myyspalvelut Botniahallissa<\/h2>\t\t\t\t<div class=\"content-wysiwyg\">\n\t\t\t\t\t<p class=\"\" style=\"text-align: left\" data-start=\"170\" data-end=\"264\"><strong data-start=\"170\" data-end=\"189\">Esteet\u00f6n kulku:<\/strong> <span class=\"relative -mx-px my-[-0.2rem] rounded px-px py-[0.2rem] transition-colors duration-100 ease-in-out\">Halliin on esteet\u00f6n sis\u00e4\u00e4nk\u00e4ynti, joka mahdollistaa sujuvan p\u00e4\u00e4syn py\u00f6r\u00e4tuolilla ja muilla liikkumisen apuv\u00e4lineill\u00e4.<\/span><\/p>\n<p class=\"\" style=\"text-align: left\" data-start=\"268\" data-end=\"364\"><strong data-start=\"268\" data-end=\"287\">Invapys\u00e4k\u00f6inti:<\/strong> <span class=\"relative -mx-px my-[-0.2rem] rounded px-px py-[0.2rem] transition-colors duration-100 ease-in-out\">P\u00e4\u00e4sis\u00e4\u00e4nk\u00e4ynnin l\u00e4heisyydess\u00e4 on varattu invapys\u00e4k\u00f6intipaikkoja, jotka helpottavat saapumista liikuntarajoitteisille.<\/span><\/p>\n<p class=\"\" style=\"text-align: left\" data-start=\"368\" data-end=\"459\"><strong data-start=\"368\" data-end=\"380\">Inva-WC:<\/strong> <span class=\"relative -mx-px my-[-0.2rem] rounded px-px py-[0.2rem] transition-colors duration-100 ease-in-out\">Hallissa on inva-WC, joka on suunniteltu vastaamaan erityistarpeita.<\/span><\/p>\n<p class=\"\" style=\"text-align: left\" data-start=\"463\" data-end=\"565\"><strong data-start=\"463\" data-end=\"486\">Kuulon apuv\u00e4lineet:<\/strong> <span class=\"relative -mx-px my-[-0.2rem] rounded px-px py-[0.2rem] transition-colors duration-100 ease-in-out\">Tilassa on kiinte\u00e4 induktiosilmukka, joka parantaa kuulolaitteiden k\u00e4ytt\u00e4jien \u00e4\u00e4nenlaatua.\u00a0<\/span><\/p>\n<p class=\"\" style=\"text-align: left\" data-start=\"569\" data-end=\"678\"><strong data-start=\"569\" data-end=\"599\">N\u00e4k\u00f6vammaisten huomiointi:<\/strong> <span class=\"relative -mx-px my-[-0.2rem] rounded px-px py-[0.2rem] transition-colors duration-100 ease-in-out\">Hallissa on otettu huomioon n\u00e4k\u00f6vammaisten tarpeet, kuten esteett\u00f6m\u00e4t kulkureitit.<\/span><\/p>\n\t\t\t\t<\/div>\n\t\t\t\t\t\t<\/div>\n\t<\/div>\n<\/section>\n","protected":false},"excerpt":{"rendered":"","protected":false},"author":6,"featured_media":0,"parent":0,"menu_order":0,"comment_status":"closed","ping_status":"closed","template":"","meta":{"_acf_changed":false,"footnotes":""},"class_list":["post-574","page","type-page","status-publish","hentry"],"acf":[],"yoast_head":"<!-- This site is optimized with the Yoast SEO plugin v27.5 - https:\/\/yoast.com\/product\/yoast-seo-wordpress\/ -->\n<title>Saapuminen - Botniahalli<\/title>\n<meta name=\"robots\" content=\"index, follow, max-snippet:-1, max-image-preview:large, max-video-preview:-1\" \/>\n<link rel=\"canonical\" href=\"https:\/\/www.vaasanseudunareenat.fi\/botniahalli\/saapuminen\/\" \/>\n<meta property=\"og:locale\" content=\"en_US\" \/>\n<meta property=\"og:type\" content=\"article\" \/>\n<meta property=\"og:title\" content=\"Saapuminen - Botniahalli\" \/>\n<meta property=\"og:url\" content=\"https:\/\/www.vaasanseudunareenat.fi\/botniahalli\/saapuminen\/\" \/>\n<meta property=\"og:site_name\" content=\"Botniahalli\" \/>\n<meta property=\"article:modified_time\" content=\"2025-06-09T11:20:05+00:00\" \/>\n<meta name=\"twitter:card\" content=\"summary_large_image\" \/>\n<script type=\"application\/ld+json\" class=\"yoast-schema-graph\">{\"@context\":\"https:\\\/\\\/schema.org\",\"@graph\":[{\"@type\":\"WebPage\",\"@id\":\"https:\\\/\\\/www.vaasanseudunareenat.fi\\\/botniahalli\\\/saapuminen\\\/\",\"url\":\"https:\\\/\\\/www.vaasanseudunareenat.fi\\\/botniahalli\\\/saapuminen\\\/\",\"name\":\"Saapuminen - Botniahalli\",\"isPartOf\":{\"@id\":\"https:\\\/\\\/www.vaasanseudunareenat.fi\\\/botniahalli\\\/#website\"},\"datePublished\":\"2025-02-03T11:19:15+00:00\",\"dateModified\":\"2025-06-09T11:20:05+00:00\",\"breadcrumb\":{\"@id\":\"https:\\\/\\\/www.vaasanseudunareenat.fi\\\/botniahalli\\\/saapuminen\\\/#breadcrumb\"},\"inLanguage\":\"en-US\",\"potentialAction\":[{\"@type\":\"ReadAction\",\"target\":[\"https:\\\/\\\/www.vaasanseudunareenat.fi\\\/botniahalli\\\/saapuminen\\\/\"]}]},{\"@type\":\"BreadcrumbList\",\"@id\":\"https:\\\/\\\/www.vaasanseudunareenat.fi\\\/botniahalli\\\/saapuminen\\\/#breadcrumb\",\"itemListElement\":[{\"@type\":\"ListItem\",\"position\":1,\"name\":\"Home\",\"item\":\"https:\\\/\\\/www.vaasanseudunareenat.fi\\\/botniahalli\\\/\"},{\"@type\":\"ListItem\",\"position\":2,\"name\":\"Saapuminen\"}]},{\"@type\":\"WebSite\",\"@id\":\"https:\\\/\\\/www.vaasanseudunareenat.fi\\\/botniahalli\\\/#website\",\"url\":\"https:\\\/\\\/www.vaasanseudunareenat.fi\\\/botniahalli\\\/\",\"name\":\"Botniahalli\",\"description\":\"\",\"potentialAction\":[{\"@type\":\"SearchAction\",\"target\":{\"@type\":\"EntryPoint\",\"urlTemplate\":\"https:\\\/\\\/www.vaasanseudunareenat.fi\\\/botniahalli\\\/?s={search_term_string}\"},\"query-input\":{\"@type\":\"PropertyValueSpecification\",\"valueRequired\":true,\"valueName\":\"search_term_string\"}}],\"inLanguage\":\"en-US\"}]}<\/script>\n<!-- \/ Yoast SEO plugin. -->","yoast_head_json":{"title":"Saapuminen - Botniahalli","robots":{"index":"index","follow":"follow","max-snippet":"max-snippet:-1","max-image-preview":"max-image-preview:large","max-video-preview":"max-video-preview:-1"},"canonical":"https:\/\/www.vaasanseudunareenat.fi\/botniahalli\/saapuminen\/","og_locale":"en_US","og_type":"article","og_title":"Saapuminen - Botniahalli","og_url":"https:\/\/www.vaasanseudunareenat.fi\/botniahalli\/saapuminen\/","og_site_name":"Botniahalli","article_modified_time":"2025-06-09T11:20:05+00:00","twitter_card":"summary_large_image","schema":{"@context":"https:\/\/schema.org","@graph":[{"@type":"WebPage","@id":"https:\/\/www.vaasanseudunareenat.fi\/botniahalli\/saapuminen\/","url":"https:\/\/www.vaasanseudunareenat.fi\/botniahalli\/saapuminen\/","name":"Saapuminen - Botniahalli","isPartOf":{"@id":"https:\/\/www.vaasanseudunareenat.fi\/botniahalli\/#website"},"datePublished":"2025-02-03T11:19:15+00:00","dateModified":"2025-06-09T11:20:05+00:00","breadcrumb":{"@id":"https:\/\/www.vaasanseudunareenat.fi\/botniahalli\/saapuminen\/#breadcrumb"},"inLanguage":"en-US","potentialAction":[{"@type":"ReadAction","target":["https:\/\/www.vaasanseudunareenat.fi\/botniahalli\/saapuminen\/"]}]},{"@type":"BreadcrumbList","@id":"https:\/\/www.vaasanseudunareenat.fi\/botniahalli\/saapuminen\/#breadcrumb","itemListElement":[{"@type":"ListItem","position":1,"name":"Home","item":"https:\/\/www.vaasanseudunareenat.fi\/botniahalli\/"},{"@type":"ListItem","position":2,"name":"Saapuminen"}]},{"@type":"WebSite","@id":"https:\/\/www.vaasanseudunareenat.fi\/botniahalli\/#website","url":"https:\/\/www.vaasanseudunareenat.fi\/botniahalli\/","name":"Botniahalli","description":"","potentialAction":[{"@type":"SearchAction","target":{"@type":"EntryPoint","urlTemplate":"https:\/\/www.vaasanseudunareenat.fi\/botniahalli\/?s={search_term_string}"},"query-input":{"@type":"PropertyValueSpecification","valueRequired":true,"valueName":"search_term_string"}}],"inLanguage":"en-US"}]}},"lang":"fi","translations":{"fi":574,"sv":1317},"pll_sync_post":{},"_links":{"self":[{"href":"https:\/\/www.vaasanseudunareenat.fi\/botniahalli\/wp-json\/wp\/v2\/pages\/574","targetHints":{"allow":["GET"]}}],"collection":[{"href":"https:\/\/www.vaasanseudunareenat.fi\/botniahalli\/wp-json\/wp\/v2\/pages"}],"about":[{"href":"https:\/\/www.vaasanseudunareenat.fi\/botniahalli\/wp-json\/wp\/v2\/types\/page"}],"author":[{"embeddable":true,"href":"https:\/\/www.vaasanseudunareenat.fi\/botniahalli\/wp-json\/wp\/v2\/users\/6"}],"replies":[{"embeddable":true,"href":"https:\/\/www.vaasanseudunareenat.fi\/botniahalli\/wp-json\/wp\/v2\/comments?post=574"}],"version-history":[{"count":23,"href":"https:\/\/www.vaasanseudunareenat.fi\/botniahalli\/wp-json\/wp\/v2\/pages\/574\/revisions"}],"predecessor-version":[{"id":1136,"href":"https:\/\/www.vaasanseudunareenat.fi\/botniahalli\/wp-json\/wp\/v2\/pages\/574\/revisions\/1136"}],"wp:attachment":[{"href":"https:\/\/www.vaasanseudunareenat.fi\/botniahalli\/wp-json\/wp\/v2\/media?parent=574"}],"curies":[{"name":"wp","href":"https:\/\/api.w.org\/{rel}","templated":true}]}}