{"id":1311,"date":"2025-06-13T13:13:06","date_gmt":"2025-06-13T10:13:06","guid":{"rendered":"https:\/\/www.vaasanseudunareenat.fi\/botniahalli\/?page_id=1311"},"modified":"2026-02-24T13:39:41","modified_gmt":"2026-02-24T11:39:41","slug":"utrymmen","status":"publish","type":"page","link":"https:\/\/www.vaasanseudunareenat.fi\/botniahalli\/sv\/utrymmen\/","title":{"rendered":"Utrymmen"},"content":{"rendered":"\n<section class=\"block block-hero has-overlay\">\n\t<div class=\"hero-inner\">\n\t\t\t\t\t<div class=\"image-container background-container\">\n\t\t\t\t<img decoding=\"async\" width=\"1920\" height=\"1080\" src=\"https:\/\/www.vaasanseudunareenat.fi\/botniahalli\/wp-content\/uploads\/sites\/2\/2024\/11\/mg-8650-e1536054745129-1920x1080.jpg\" class=\"img\" alt=\"\" fetchpriority=\"high\" srcset=\"https:\/\/www.vaasanseudunareenat.fi\/botniahalli\/wp-content\/uploads\/sites\/2\/2024\/11\/mg-8650-e1536054745129-1920x1080.jpg 1920w, https:\/\/www.vaasanseudunareenat.fi\/botniahalli\/wp-content\/uploads\/sites\/2\/2024\/11\/mg-8650-e1536054745129-1440x810.jpg 1440w, https:\/\/www.vaasanseudunareenat.fi\/botniahalli\/wp-content\/uploads\/sites\/2\/2024\/11\/mg-8650-e1536054745129-1024x576.jpg 1024w, https:\/\/www.vaasanseudunareenat.fi\/botniahalli\/wp-content\/uploads\/sites\/2\/2024\/11\/mg-8650-e1536054745129-768x432.jpg 768w, https:\/\/www.vaasanseudunareenat.fi\/botniahalli\/wp-content\/uploads\/sites\/2\/2024\/11\/mg-8650-e1536054745129-576x324.jpg 576w\" sizes=\"(max-width: 1920px) 100vw, 1920px\" \/>\t\t\t<\/div>\n\t\t\t\n\t\t\t\t<div class=\"container text-left\">\n\t\t\t<div class=\"hero-content\">\n\t\t\t\t<h1 class=\"title h1\">Bekanta dig med v\u00e5ra utrymmen<\/h1>\n\t\t\t\t\t\t\t\t\t<div class=\"content-wysiwyg\">\n\t\t\t\t\t\t<p>Botniahallens fantastiska utrymmen l\u00e4mpar sig f\u00f6r m\u00e5nga \u00e4ndam\u00e5l!<\/p>\n\t\t\t\t\t<\/div>\n\t\t\t\t\n\t\t\t\t\t\t\t<\/div>\n\t\t<\/div>\n\n\t\t<div class=\"hero-columns grid-columns-2\">\n\t\t\t\n\t\t\t\t\t<\/div>\n\t<\/div>\n<\/section>\n\n\n\n<section class=\"block block-banner layout-right theme-light has-image image-sizing-contain image-inside-container image-rounded-corners bottom-border\">\n\t\t\t<div class=\"image-container \">\n\t\t\t<img loading=\"lazy\" decoding=\"async\" width=\"800\" height=\"800\" src=\"https:\/\/www.vaasanseudunareenat.fi\/botniahalli\/wp-content\/uploads\/sites\/2\/2025\/06\/halsa-upplevelser-motion-1024x1024.png\" class=\"img\" alt=\"\" srcset=\"https:\/\/www.vaasanseudunareenat.fi\/botniahalli\/wp-content\/uploads\/sites\/2\/2025\/06\/halsa-upplevelser-motion-1024x1024.png 1024w, https:\/\/www.vaasanseudunareenat.fi\/botniahalli\/wp-content\/uploads\/sites\/2\/2025\/06\/halsa-upplevelser-motion-300x300.png 300w, https:\/\/www.vaasanseudunareenat.fi\/botniahalli\/wp-content\/uploads\/sites\/2\/2025\/06\/halsa-upplevelser-motion-150x150.png 150w, https:\/\/www.vaasanseudunareenat.fi\/botniahalli\/wp-content\/uploads\/sites\/2\/2025\/06\/halsa-upplevelser-motion-768x768.png 768w, https:\/\/www.vaasanseudunareenat.fi\/botniahalli\/wp-content\/uploads\/sites\/2\/2025\/06\/halsa-upplevelser-motion-640x640.png 640w, https:\/\/www.vaasanseudunareenat.fi\/botniahalli\/wp-content\/uploads\/sites\/2\/2025\/06\/halsa-upplevelser-motion-420x420.png 420w, https:\/\/www.vaasanseudunareenat.fi\/botniahalli\/wp-content\/uploads\/sites\/2\/2025\/06\/halsa-upplevelser-motion-360x360.png 360w, https:\/\/www.vaasanseudunareenat.fi\/botniahalli\/wp-content\/uploads\/sites\/2\/2025\/06\/halsa-upplevelser-motion.png 1080w\" sizes=\"(max-width: 800px) 100vw, 800px\" \/>\t\t<\/div>\n\t\n\t\n\t<div class=\"container text-left\">\n\t\t<div class=\"content\">\n\t\t\t<h2 class=\"title h2\">M\u00f6tesutrymmen<\/h2>\t\t\t\t<div class=\"content-wysiwyg\">\n\t\t\t\t\t<p>Botniahallen erbjuder m\u00e5ngsidiga m\u00f6tes- och evenemangsutrymmen som l\u00e4mpar sig utm\u00e4rkt f\u00f6r allt fr\u00e5n sm\u00e5 m\u00f6ten till stora seminarier och m\u00e4ssor. Hallens flexibla utrymmen m\u00f6jligg\u00f6r arrangemang av olika typer av evenemang p\u00e5 ett smidigt s\u00e4tt.<\/p>\n<h3>M\u00f6ten, storskaliga evenemang och seminarier<\/h3>\n<p>I Botniahallen finns flera m\u00f6tes- och grupprum utrustade med moderna bekv\u00e4mligheter. Utrymmena erbjuder tr\u00e5dl\u00f6s internetanslutning, vilket g\u00f6r att de passar f\u00f6r m\u00f6ten, utbildningar och workshops. Dessutom kan man best\u00e4lla mat och dryck fr\u00e5n kaf\u00e9- och restaurangutrymmena i samband med evenemangen.<\/p>\n<p>Botniahallen kan enkelt omvandlas till en konsertarena, ett m\u00e4sscentrum eller en konferenslokal. Den proffsiga personalen hj\u00e4lper arrang\u00f6rerna i alla skeden och s\u00e4kerst\u00e4ller att evenemanget blir lyckat. Den totala kapaciteten \u00e4r 6000 personer.<\/p>\n\t\t\t\t<\/div>\n\t\t\t\t\t\t<\/div>\n\t<\/div>\n<\/section>\n\n\n\n<section class=\"block block-columns theme-light\">\n\t<div class=\"container\">\n\t\t\t\t\t<header class=\"header\">\n\t\t\t\t<h2 class=\"title h2\">Idrott i Botniahallen<\/h2>\n\t\t\t\t\t\t\t<\/header>\n\t\t\n\t\t\t\t\t<div class=\"columns grid-columns-3 text-left\">\n\t\t\t\t\t\t\t\t\t<div class=\"column\">\n\t\t\t\t\t\t\n\t\t\t\t\t\t\t\t\t\t\t\t\t<h3 class=\"title h4\">Friidrott<\/h3>\t\t\t\t\t\t\n\t\t\t\t\t\t\t\t\t\t\t\t\t<div class=\"content content-wysiwyg\">\n\t\t\t\t\t\t\t\t<p>L\u00f6parbanor: 4 x 400 m<br \/>\nHopp- och kastplatser: h\u00f6jd-, l\u00e4ngd- och stavhopp, kulst\u00f6tning<\/p>\n\t\t\t\t\t\t\t<\/div>\n\t\t\t\t\t\t\n\t\t\t\t\t\t\t\t\t\t\t<\/div>\n\t\t\t\t\t\t\t\t\t<div class=\"column\">\n\t\t\t\t\t\t\n\t\t\t\t\t\t\t\t\t\t\t\t\t<h3 class=\"title h4\">Bollspel<\/h3>\t\t\t\t\t\t\n\t\t\t\t\t\t\t\t\t\t\t\t\t<div class=\"content content-wysiwyg\">\n\t\t\t\t\t\t\t\t<p>Inomhus konstgr\u00e4splan: 61 x 97 m<br \/>\nUtomhus konstgr\u00e4splan: 64 x 102 m<br \/>\nInnebandyplan: 38 x 17 m<br \/>\nM\u00f6jlighet till badmintonplan enligt tillg\u00e5ng (ingen fast plan)<\/p>\n\t\t\t\t\t\t\t<\/div>\n\t\t\t\t\t\t\n\t\t\t\t\t\t\t\t\t\t\t<\/div>\n\t\t\t\t\t\t\t\t\t<div class=\"column\">\n\t\t\t\t\t\t\n\t\t\t\t\t\t\t\t\t\t\t\t\t<h3 class=\"title h4\">\u00d6vriga utrymmen<\/h3>\t\t\t\t\t\t\n\t\t\t\t\t\t\t\t\t\t\t\t\t<div class=\"content content-wysiwyg\">\n\t\t\t\t\t\t\t\t<p>Gym och motionssal<br \/>\nM\u00f6tes- och grupprum<br \/>\nKaf\u00e9- och restaurangutrymmen<\/p>\n<p>Omkl\u00e4dningsrum: 10 stora och 2 sm\u00e5<\/p>\n\t\t\t\t\t\t\t<\/div>\n\t\t\t\t\t\t\n\t\t\t\t\t\t\t\t\t\t\t<\/div>\n\t\t\t\t\t\t\t<\/div>\n\t\t\n\t\t\t<\/div>\n<\/section>\n\n\n\n<section class=\"block block-separator top-color-light shape-downward-arc\">\n\t<svg xmlns=\"http:\/\/www.w3.org\/2000\/svg\" height=\"100\" viewBox=\"0 0 100 100\" preserveAspectRatio=\"none\"><path d=\"M0 100V50s16.03 7.74 47.17 7.91S100 0 100 0v100z\" fill=\"#fff\"\/><\/svg><\/section>\n\n\n\n<section class=\"block block-accordion theme-white\">\n\t<div class=\"container\">\n\t\t\t\t\t<header class=\"header text-left\">\n\t\t\t\t<h2 class=\"title h2\">Vanliga fr\u00e5gor<\/h2>\n\t\t\t\t\t\t\t<\/header>\n\t\t\n\t\t<div class=\"accordion-items\">\n\t\t\t\t\t\t\t<div class=\"accordion-item\">\n\t\t\t\t\t<h3 class=\"title accordion-title h4\">\n\t\t\t\t\t\t\t<button class=\"accordion-toggle\" id=\"button-vanliga-fragor-vanliga-fragor-1\" aria-expanded=\"false\" aria-controls=\"panel-vanliga-fragor-vanliga-fragor-1\" type=\"button\">\n\t\t\t\t\t\t\t\t<span class=\"toggle-title\"> Vad \u00e4r skillnaden mellan att hyra till exempel fotbollsplanen j\u00e4mf\u00f6rt med att betala hallavgift?<\/span>\n\t\t\t\t\t\t\t\t<span class=\"toggle-icon\" aria-hidden=\"true\"><\/span>\n\t\t\t\t\t\t\t<\/button>\n\t\t\t\t\t\t<\/h3>\n\t\t\t\t\t<div id=\"panel-vanliga-fragor-vanliga-fragor-1\" aria-labelledby=\"button-vanliga-fragor-vanliga-fragor-1\" class=\"accordion-panel\" role=\"region\">\n\t\t\t\t\t\t<div class=\"accordion-inner\">\n\t\t\t\t\t\t\t<div class=\"accordion-inner-wrap\">\n\t\t\t\t\t\t\t\t<div class=\"content-wrap\">\n\t\t\t\t\t\t\t\t\t<div class=\"content content-wysiwyg\">\n\t\t\t\t\t\t\t\t\t\t<p>Beh\u00f6ver jag ha tv\u00e5 olika kort om jag vill tr\u00e4na b\u00e5de p\u00e5 morgonen och p\u00e5 kv\u00e4llen samt under helger? Eller kan jag ladda allt p\u00e5 samma kort?<\/p>\n\t\t\t\t\t\t\t\t\t<\/div>\n\n\t\t\t\t\t\t\t\t\t\t\t\t\t\t\t\t\t<\/div>\n\t\t\t\t\t\t\t<\/div>\n\t\t\t\t\t\t<\/div>\n\t\t\t\t\t<\/div>\n\t\t\t\t<\/div>\n\t\t\t\t\t\t\t<div class=\"accordion-item\">\n\t\t\t\t\t<h3 class=\"title accordion-title h4\">\n\t\t\t\t\t\t\t<button class=\"accordion-toggle\" id=\"button-vanliga-fragor-vanliga-fragor-2\" aria-expanded=\"false\" aria-controls=\"panel-vanliga-fragor-vanliga-fragor-2\" type=\"button\">\n\t\t\t\t\t\t\t\t<span class=\"toggle-title\"> Varf\u00f6r kan jag inte komma in i hallen p\u00e5 vardagar f\u00f6re kl. 16, trots att jag har betalat f\u00f6r det dyrare kortet som g\u00e4ller f\u00f6r vardagseftermiddagar och helger?<\/span>\n\t\t\t\t\t\t\t\t<span class=\"toggle-icon\" aria-hidden=\"true\"><\/span>\n\t\t\t\t\t\t\t<\/button>\n\t\t\t\t\t\t<\/h3>\n\t\t\t\t\t<div id=\"panel-vanliga-fragor-vanliga-fragor-2\" aria-labelledby=\"button-vanliga-fragor-vanliga-fragor-2\" class=\"accordion-panel\" role=\"region\">\n\t\t\t\t\t\t<div class=\"accordion-inner\">\n\t\t\t\t\t\t\t<div class=\"accordion-inner-wrap\">\n\t\t\t\t\t\t\t\t<div class=\"content-wrap\">\n\t\t\t\t\t\t\t\t\t<div class=\"content content-wysiwyg\">\n\t\t\t\t\t\t\t\t\t\t<p>Du beh\u00f6ver inte tv\u00e5 olika kort. B\u00e5de dag- och kv\u00e4llsladdningar kan laddas p\u00e5 samma passerkort. Kortl\u00e4saren k\u00e4nner automatiskt igen vilken laddning som \u00e4r giltig vid inpassering:<\/p>\n<ul>\n<li>Med dagladdning kommer du in m\u00e5ndag till fredag f\u00f6re kl. 16.<\/li>\n<li>Med kv\u00e4llsladdning kommer du in vardagar efter kl. 16 samt under helger.<\/li>\n<\/ul>\n<p>Du kan allts\u00e5 anv\u00e4nda samma kort under hela veckan vid olika tider p\u00e5 dygnet \u2013 s\u00e5 l\u00e4nge b\u00e5da laddningarna \u00e4r giltiga.<\/p>\n<p>Hallavgiften t\u00e4cker allm\u00e4n tillg\u00e5ng och eventuellt gemensamma utrymmen. Att hyra fotbollsplanen inneb\u00e4r att man bokar ett specifikt utrymme f\u00f6r privat bruk under en viss tid, vilket ger ensamr\u00e4tt och kan inkludera extra tj\u00e4nster som belysning eller utrustning.<\/p>\n<p>&nbsp;<\/p>\n\t\t\t\t\t\t\t\t\t<\/div>\n\n\t\t\t\t\t\t\t\t\t\t\t\t\t\t\t\t\t<\/div>\n\t\t\t\t\t\t\t<\/div>\n\t\t\t\t\t\t<\/div>\n\t\t\t\t\t<\/div>\n\t\t\t\t<\/div>\n\t\t\t\t\t\t\t<div class=\"accordion-item\">\n\t\t\t\t\t<h3 class=\"title accordion-title h4\">\n\t\t\t\t\t\t\t<button class=\"accordion-toggle\" id=\"button-vanliga-fragor-vanliga-fragor-3\" aria-expanded=\"false\" aria-controls=\"panel-vanliga-fragor-vanliga-fragor-3\" type=\"button\">\n\t\t\t\t\t\t\t\t<span class=\"toggle-title\"> Hur vet jag om det finns lediga tr\u00e4ningstider p\u00e5 planen?<\/span>\n\t\t\t\t\t\t\t\t<span class=\"toggle-icon\" aria-hidden=\"true\"><\/span>\n\t\t\t\t\t\t\t<\/button>\n\t\t\t\t\t\t<\/h3>\n\t\t\t\t\t<div id=\"panel-vanliga-fragor-vanliga-fragor-3\" aria-labelledby=\"button-vanliga-fragor-vanliga-fragor-3\" class=\"accordion-panel\" role=\"region\">\n\t\t\t\t\t\t<div class=\"accordion-inner\">\n\t\t\t\t\t\t\t<div class=\"accordion-inner-wrap\">\n\t\t\t\t\t\t\t\t<div class=\"content-wrap\">\n\t\t\t\t\t\t\t\t\t<div class=\"content content-wysiwyg\">\n\t\t\t\t\t\t\t\t\t\t<p>Tillg\u00e4ngliga tr\u00e4ningstider p\u00e5 Botniahallens planer visas i Timmi-systemet, d\u00e4r man kan kontrollera aktuella lediga tider.<\/p>\n<p>&nbsp;<\/p>\n\t\t\t\t\t\t\t\t\t<\/div>\n\n\t\t\t\t\t\t\t\t\t\t\t\t\t\t\t\t\t<\/div>\n\t\t\t\t\t\t\t<\/div>\n\t\t\t\t\t\t<\/div>\n\t\t\t\t\t<\/div>\n\t\t\t\t<\/div>\n\t\t\t\t\t\t\t<div class=\"accordion-item\">\n\t\t\t\t\t<h3 class=\"title accordion-title h4\">\n\t\t\t\t\t\t\t<button class=\"accordion-toggle\" id=\"button-vanliga-fragor-vanliga-fragor-4\" aria-expanded=\"false\" aria-controls=\"panel-vanliga-fragor-vanliga-fragor-4\" type=\"button\">\n\t\t\t\t\t\t\t\t<span class=\"toggle-title\">Varf\u00f6r \u00e4r det olika pris n\u00e4r man betalar f\u00f6r ett m\u00f6te i kabinettet j\u00e4mf\u00f6rt med att ha en fest i kabinettet?<\/span>\n\t\t\t\t\t\t\t\t<span class=\"toggle-icon\" aria-hidden=\"true\"><\/span>\n\t\t\t\t\t\t\t<\/button>\n\t\t\t\t\t\t<\/h3>\n\t\t\t\t\t<div id=\"panel-vanliga-fragor-vanliga-fragor-4\" aria-labelledby=\"button-vanliga-fragor-vanliga-fragor-4\" class=\"accordion-panel\" role=\"region\">\n\t\t\t\t\t\t<div class=\"accordion-inner\">\n\t\t\t\t\t\t\t<div class=\"accordion-inner-wrap\">\n\t\t\t\t\t\t\t\t<div class=\"content-wrap\">\n\t\t\t\t\t\t\t\t\t<div class=\"content content-wysiwyg\">\n\t\t\t\t\t\t\t\t\t\t<p>Priserna kan variera beroende p\u00e5 anv\u00e4ndnings\u00e4ndam\u00e5l, eftersom festtillf\u00e4llen ofta kr\u00e4ver mer f\u00f6rberedelser, st\u00e4dning, m\u00f6blering eller l\u00e4ngre anv\u00e4ndningstid. M\u00f6ten \u00e4r vanligtvis kortare och kr\u00e4ver f\u00e4rre resurser.<\/p>\n\t\t\t\t\t\t\t\t\t<\/div>\n\n\t\t\t\t\t\t\t\t\t\t\t\t\t\t\t\t\t<\/div>\n\t\t\t\t\t\t\t<\/div>\n\t\t\t\t\t\t<\/div>\n\t\t\t\t\t<\/div>\n\t\t\t\t<\/div>\n\t\t\t\t\t<\/div>\n\n\t\t\t<\/div>\n<\/section>\n\n\n\n<div style=\"height:41px\" aria-hidden=\"true\" class=\"wp-block-spacer\"><\/div>\n\n\n\n<section class=\"block block-banner layout-left theme-light has-image image-sizing-cover image-inside-container image-rounded-corners\">\n\t\t\t<div class=\"image-container \">\n\t\t\t<img loading=\"lazy\" decoding=\"async\" width=\"800\" height=\"534\" src=\"https:\/\/www.vaasanseudunareenat.fi\/botniahalli\/wp-content\/uploads\/sites\/2\/2024\/11\/juoksu-ryhma-1024x683.jpg\" class=\"img\" alt=\"\" srcset=\"https:\/\/www.vaasanseudunareenat.fi\/botniahalli\/wp-content\/uploads\/sites\/2\/2024\/11\/juoksu-ryhma-1024x683.jpg 1024w, https:\/\/www.vaasanseudunareenat.fi\/botniahalli\/wp-content\/uploads\/sites\/2\/2024\/11\/juoksu-ryhma-300x200.jpg 300w, https:\/\/www.vaasanseudunareenat.fi\/botniahalli\/wp-content\/uploads\/sites\/2\/2024\/11\/juoksu-ryhma-768x512.jpg 768w, https:\/\/www.vaasanseudunareenat.fi\/botniahalli\/wp-content\/uploads\/sites\/2\/2024\/11\/juoksu-ryhma-1536x1025.jpg 1536w\" sizes=\"(max-width: 800px) 100vw, 800px\" \/>\t\t<\/div>\n\t\n\t\n\t<div class=\"container text-left\">\n\t\t<div class=\"content\">\n\t\t\t<h2 class=\"title h2\">Tillg\u00e4nglighet<\/h2>\t\t\t\t<div class=\"content-wysiwyg\">\n\t\t\t\t\t<ul>\n<li>Tillg\u00e4nglig ing\u00e5ng<\/li>\n<li>Tillg\u00e4nglig toalett (INVA WC)<\/li>\n<li>L\u00e4tt tillg\u00e5ng f\u00f6r synskadade<\/li>\n<li>En fast induktionsslinga (fler kan installeras vid behov)<\/li>\n<li>Parkeringsplatser f\u00f6r personer med funktionsneds\u00e4ttning n\u00e4ra huvuding\u00e5ngen<\/li>\n<\/ul>\n\t\t\t\t<\/div>\n\t\t\t\t\n\t<ul class=\"buttons\">\n\t\t\t\t\t<li class=\"button-item\">\n\t\t\t\t\t\t\t<\/li>\n\t\t\t<\/ul>\n\t\t\t<\/div>\n\t<\/div>\n<\/section>\n\n\n\n<div style=\"height:55px\" aria-hidden=\"true\" class=\"wp-block-spacer\"><\/div>\n\n\n\n<hr class=\"wp-block-separator has-alpha-channel-opacity\" \/>\n\n\n\n<section class=\"block block-columns theme-light\">\n\t<div class=\"container\">\n\t\t\t\t\t<header class=\"header\">\n\t\t\t\t<h2 class=\"title h2\">Tre olika arenor \u2013 obegr\u00e4nsade m\u00f6jligheter<\/h2>\n\t\t\t\t\t\t\t<\/header>\n\t\t\n\t\t\t\t\t<div class=\"columns grid-columns-3 text-left\">\n\t\t\t\t\t\t\t\t\t<div class=\"column\">\n\t\t\t\t\t\t\t\t\t\t\t\t\t<div class=\"image image-horizontal\">\n\t\t\t\t\t\t\t\t<img loading=\"lazy\" decoding=\"async\" width=\"768\" height=\"432\" src=\"https:\/\/www.vaasanseudunareenat.fi\/botniahalli\/wp-content\/uploads\/sites\/2\/2024\/11\/mg-8650-e1536054745129-768x432.jpg\" class=\"img\" alt=\"\" srcset=\"https:\/\/www.vaasanseudunareenat.fi\/botniahalli\/wp-content\/uploads\/sites\/2\/2024\/11\/mg-8650-e1536054745129-768x432.jpg 768w, https:\/\/www.vaasanseudunareenat.fi\/botniahalli\/wp-content\/uploads\/sites\/2\/2024\/11\/mg-8650-e1536054745129-1920x1080.jpg 1920w, https:\/\/www.vaasanseudunareenat.fi\/botniahalli\/wp-content\/uploads\/sites\/2\/2024\/11\/mg-8650-e1536054745129-1440x810.jpg 1440w, https:\/\/www.vaasanseudunareenat.fi\/botniahalli\/wp-content\/uploads\/sites\/2\/2024\/11\/mg-8650-e1536054745129-1024x576.jpg 1024w, https:\/\/www.vaasanseudunareenat.fi\/botniahalli\/wp-content\/uploads\/sites\/2\/2024\/11\/mg-8650-e1536054745129-576x324.jpg 576w\" sizes=\"(max-width: 768px) 100vw, 768px\" \/>\t\t\t\t\t\t\t<\/div>\n\t\t\t\t\t\t\n\t\t\t\t\t\t\t\t\t\t\t\t\t<h3 class=\"title h4\">Botniahallen<\/h3>\t\t\t\t\t\t\n\t\t\t\t\t\t\t\t\t\t\t\t\t<div class=\"content content-wysiwyg\">\n\t\t\t\t\t\t\t\t<p>Finlands st\u00f6rsta och mest m\u00e5ngsidiga arena f\u00f6r idrott, motion och b\u00e5de stora och sm\u00e5 publikevenemang. Professionellt arrangerade TYKY-dagar, fystr\u00e4ning, testning och grenspecifik tr\u00e4ning, personlig tr\u00e4ning och grupptr\u00e4ning.<\/p>\n\t\t\t\t\t\t\t<\/div>\n\t\t\t\t\t\t\n\t\t\t\t\t\t\t\t\t\t\t<\/div>\n\t\t\t\t\t\t\t\t\t<div class=\"column\">\n\t\t\t\t\t\t\t\t\t\t\t\t\t<div class=\"image image-horizontal\">\n\t\t\t\t\t\t\t\t<img loading=\"lazy\" decoding=\"async\" width=\"768\" height=\"432\" src=\"https:\/\/www.vaasanseudunareenat.fi\/botniahalli\/wp-content\/uploads\/sites\/2\/2024\/11\/stadion-ilmakuva-11-2016-768x432.jpg\" class=\"img\" alt=\"\" srcset=\"https:\/\/www.vaasanseudunareenat.fi\/botniahalli\/wp-content\/uploads\/sites\/2\/2024\/11\/stadion-ilmakuva-11-2016-768x432.jpg 768w, https:\/\/www.vaasanseudunareenat.fi\/botniahalli\/wp-content\/uploads\/sites\/2\/2024\/11\/stadion-ilmakuva-11-2016-576x324.jpg 576w\" sizes=\"(max-width: 768px) 100vw, 768px\" \/>\t\t\t\t\t\t\t<\/div>\n\t\t\t\t\t\t\n\t\t\t\t\t\t<h3 class=\"title h4\"><a class=\"title-link\" href=\"#\" target=\"_self\">Lemonsoft Stadion<\/a><\/h3>\t\t\t\t\t\t\n\t\t\t\t\t\t\t\t\t\t\t\t\t<div class=\"content content-wysiwyg\">\n\t\t\t\t\t\t\t\t<p>Fantastiska faciliteter och h\u00f6gklassiga till\u00e4ggstj\u00e4nster m\u00f6jligg\u00f6r allt fr\u00e5n motion och tr\u00e4ning till inspirerande m\u00f6ten, stora publikevenemang och storslagna konserter.<\/p>\n\t\t\t\t\t\t\t<\/div>\n\t\t\t\t\t\t\n\t\t\t\t\t\t\t\t\t\t\t<\/div>\n\t\t\t\t\t\t\t\t\t<div class=\"column\">\n\t\t\t\t\t\t\t\t\t\t\t\t\t<div class=\"image image-horizontal\">\n\t\t\t\t\t\t\t\t<img loading=\"lazy\" decoding=\"async\" width=\"768\" height=\"432\" src=\"https:\/\/www.vaasanseudunareenat.fi\/botniahalli\/wp-content\/uploads\/sites\/2\/2024\/11\/vaasan-sahko-areena-nettikoko-kuva-esa-siltaloppi-e1606993685530-768x432.jpg\" class=\"img\" alt=\"\" srcset=\"https:\/\/www.vaasanseudunareenat.fi\/botniahalli\/wp-content\/uploads\/sites\/2\/2024\/11\/vaasan-sahko-areena-nettikoko-kuva-esa-siltaloppi-e1606993685530-768x432.jpg 768w, https:\/\/www.vaasanseudunareenat.fi\/botniahalli\/wp-content\/uploads\/sites\/2\/2024\/11\/vaasan-sahko-areena-nettikoko-kuva-esa-siltaloppi-e1606993685530-1440x810.jpg 1440w, https:\/\/www.vaasanseudunareenat.fi\/botniahalli\/wp-content\/uploads\/sites\/2\/2024\/11\/vaasan-sahko-areena-nettikoko-kuva-esa-siltaloppi-e1606993685530-1024x576.jpg 1024w, https:\/\/www.vaasanseudunareenat.fi\/botniahalli\/wp-content\/uploads\/sites\/2\/2024\/11\/vaasan-sahko-areena-nettikoko-kuva-esa-siltaloppi-e1606993685530-576x324.jpg 576w\" sizes=\"(max-width: 768px) 100vw, 768px\" \/>\t\t\t\t\t\t\t<\/div>\n\t\t\t\t\t\t\n\t\t\t\t\t\t<h3 class=\"title h4\"><a class=\"title-link\" href=\"#\" target=\"_self\">Vasa Elektriska Arena<\/a><\/h3>\t\t\t\t\t\t\n\t\t\t\t\t\t\t\t\t\t\t\t\t<div class=\"content content-wysiwyg\">\n\t\t\t\t\t\t\t\t<p>Ett unikt centrum f\u00f6r isidrott och evenemang d\u00e4r fyra isytor ryms under samma tak. Arenan erbjuder ocks\u00e5 utm\u00e4rkta f\u00f6ruts\u00e4ttningar f\u00f6r konserter, publikevenemang och TYKY-dagar.<\/p>\n\t\t\t\t\t\t\t<\/div>\n\t\t\t\t\t\t\n\t\t\t\t\t\t\t\t\t\t\t<\/div>\n\t\t\t\t\t\t\t<\/div>\n\t\t\n\t\t\t<\/div>\n<\/section>\n","protected":false},"excerpt":{"rendered":"","protected":false},"author":13,"featured_media":0,"parent":0,"menu_order":0,"comment_status":"closed","ping_status":"closed","template":"","meta":{"_acf_changed":false,"footnotes":""},"class_list":["post-1311","page","type-page","status-publish","hentry"],"acf":[],"yoast_head":"<!-- This site is optimized with the Yoast SEO plugin v27.5 - https:\/\/yoast.com\/product\/yoast-seo-wordpress\/ -->\n<title>Utrymmen - Botniahalli<\/title>\n<meta name=\"robots\" content=\"index, follow, max-snippet:-1, max-image-preview:large, max-video-preview:-1\" \/>\n<link rel=\"canonical\" href=\"https:\/\/www.vaasanseudunareenat.fi\/botniahalli\/sv\/utrymmen\/\" \/>\n<meta property=\"og:locale\" content=\"en_US\" \/>\n<meta property=\"og:type\" content=\"article\" \/>\n<meta property=\"og:title\" content=\"Utrymmen - Botniahalli\" \/>\n<meta property=\"og:url\" content=\"https:\/\/www.vaasanseudunareenat.fi\/botniahalli\/sv\/utrymmen\/\" \/>\n<meta property=\"og:site_name\" content=\"Botniahalli\" \/>\n<meta property=\"article:modified_time\" content=\"2026-02-24T11:39:41+00:00\" \/>\n<meta name=\"twitter:card\" content=\"summary_large_image\" \/>\n<script type=\"application\/ld+json\" class=\"yoast-schema-graph\">{\"@context\":\"https:\\\/\\\/schema.org\",\"@graph\":[{\"@type\":\"WebPage\",\"@id\":\"https:\\\/\\\/www.vaasanseudunareenat.fi\\\/botniahalli\\\/sv\\\/utrymmen\\\/\",\"url\":\"https:\\\/\\\/www.vaasanseudunareenat.fi\\\/botniahalli\\\/sv\\\/utrymmen\\\/\",\"name\":\"Utrymmen - Botniahalli\",\"isPartOf\":{\"@id\":\"https:\\\/\\\/www.vaasanseudunareenat.fi\\\/botniahalli\\\/#website\"},\"datePublished\":\"2025-06-13T10:13:06+00:00\",\"dateModified\":\"2026-02-24T11:39:41+00:00\",\"breadcrumb\":{\"@id\":\"https:\\\/\\\/www.vaasanseudunareenat.fi\\\/botniahalli\\\/sv\\\/utrymmen\\\/#breadcrumb\"},\"inLanguage\":\"en-US\",\"potentialAction\":[{\"@type\":\"ReadAction\",\"target\":[\"https:\\\/\\\/www.vaasanseudunareenat.fi\\\/botniahalli\\\/sv\\\/utrymmen\\\/\"]}]},{\"@type\":\"BreadcrumbList\",\"@id\":\"https:\\\/\\\/www.vaasanseudunareenat.fi\\\/botniahalli\\\/sv\\\/utrymmen\\\/#breadcrumb\",\"itemListElement\":[{\"@type\":\"ListItem\",\"position\":1,\"name\":\"Home\",\"item\":\"https:\\\/\\\/www.vaasanseudunareenat.fi\\\/botniahalli\\\/\"},{\"@type\":\"ListItem\",\"position\":2,\"name\":\"Utrymmen\"}]},{\"@type\":\"WebSite\",\"@id\":\"https:\\\/\\\/www.vaasanseudunareenat.fi\\\/botniahalli\\\/#website\",\"url\":\"https:\\\/\\\/www.vaasanseudunareenat.fi\\\/botniahalli\\\/\",\"name\":\"Botniahalli\",\"description\":\"\",\"potentialAction\":[{\"@type\":\"SearchAction\",\"target\":{\"@type\":\"EntryPoint\",\"urlTemplate\":\"https:\\\/\\\/www.vaasanseudunareenat.fi\\\/botniahalli\\\/?s={search_term_string}\"},\"query-input\":{\"@type\":\"PropertyValueSpecification\",\"valueRequired\":true,\"valueName\":\"search_term_string\"}}],\"inLanguage\":\"en-US\"}]}<\/script>\n<!-- \/ Yoast SEO plugin. -->","yoast_head_json":{"title":"Utrymmen - Botniahalli","robots":{"index":"index","follow":"follow","max-snippet":"max-snippet:-1","max-image-preview":"max-image-preview:large","max-video-preview":"max-video-preview:-1"},"canonical":"https:\/\/www.vaasanseudunareenat.fi\/botniahalli\/sv\/utrymmen\/","og_locale":"en_US","og_type":"article","og_title":"Utrymmen - Botniahalli","og_url":"https:\/\/www.vaasanseudunareenat.fi\/botniahalli\/sv\/utrymmen\/","og_site_name":"Botniahalli","article_modified_time":"2026-02-24T11:39:41+00:00","twitter_card":"summary_large_image","schema":{"@context":"https:\/\/schema.org","@graph":[{"@type":"WebPage","@id":"https:\/\/www.vaasanseudunareenat.fi\/botniahalli\/sv\/utrymmen\/","url":"https:\/\/www.vaasanseudunareenat.fi\/botniahalli\/sv\/utrymmen\/","name":"Utrymmen - Botniahalli","isPartOf":{"@id":"https:\/\/www.vaasanseudunareenat.fi\/botniahalli\/#website"},"datePublished":"2025-06-13T10:13:06+00:00","dateModified":"2026-02-24T11:39:41+00:00","breadcrumb":{"@id":"https:\/\/www.vaasanseudunareenat.fi\/botniahalli\/sv\/utrymmen\/#breadcrumb"},"inLanguage":"en-US","potentialAction":[{"@type":"ReadAction","target":["https:\/\/www.vaasanseudunareenat.fi\/botniahalli\/sv\/utrymmen\/"]}]},{"@type":"BreadcrumbList","@id":"https:\/\/www.vaasanseudunareenat.fi\/botniahalli\/sv\/utrymmen\/#breadcrumb","itemListElement":[{"@type":"ListItem","position":1,"name":"Home","item":"https:\/\/www.vaasanseudunareenat.fi\/botniahalli\/"},{"@type":"ListItem","position":2,"name":"Utrymmen"}]},{"@type":"WebSite","@id":"https:\/\/www.vaasanseudunareenat.fi\/botniahalli\/#website","url":"https:\/\/www.vaasanseudunareenat.fi\/botniahalli\/","name":"Botniahalli","description":"","potentialAction":[{"@type":"SearchAction","target":{"@type":"EntryPoint","urlTemplate":"https:\/\/www.vaasanseudunareenat.fi\/botniahalli\/?s={search_term_string}"},"query-input":{"@type":"PropertyValueSpecification","valueRequired":true,"valueName":"search_term_string"}}],"inLanguage":"en-US"}]}},"lang":"sv","translations":{"sv":1311,"fi":718},"pll_sync_post":{},"_links":{"self":[{"href":"https:\/\/www.vaasanseudunareenat.fi\/botniahalli\/wp-json\/wp\/v2\/pages\/1311","targetHints":{"allow":["GET"]}}],"collection":[{"href":"https:\/\/www.vaasanseudunareenat.fi\/botniahalli\/wp-json\/wp\/v2\/pages"}],"about":[{"href":"https:\/\/www.vaasanseudunareenat.fi\/botniahalli\/wp-json\/wp\/v2\/types\/page"}],"author":[{"embeddable":true,"href":"https:\/\/www.vaasanseudunareenat.fi\/botniahalli\/wp-json\/wp\/v2\/users\/13"}],"replies":[{"embeddable":true,"href":"https:\/\/www.vaasanseudunareenat.fi\/botniahalli\/wp-json\/wp\/v2\/comments?post=1311"}],"version-history":[{"count":8,"href":"https:\/\/www.vaasanseudunareenat.fi\/botniahalli\/wp-json\/wp\/v2\/pages\/1311\/revisions"}],"predecessor-version":[{"id":2004,"href":"https:\/\/www.vaasanseudunareenat.fi\/botniahalli\/wp-json\/wp\/v2\/pages\/1311\/revisions\/2004"}],"wp:attachment":[{"href":"https:\/\/www.vaasanseudunareenat.fi\/botniahalli\/wp-json\/wp\/v2\/media?parent=1311"}],"curies":[{"name":"wp","href":"https:\/\/api.w.org\/{rel}","templated":true}]}}