{"id":1304,"date":"2025-06-13T12:51:38","date_gmt":"2025-06-13T09:51:38","guid":{"rendered":"https:\/\/www.vaasanseudunareenat.fi\/botniahalli\/?page_id=1304"},"modified":"2026-03-23T09:50:11","modified_gmt":"2026-03-23T07:50:11","slug":"oppettider","status":"publish","type":"page","link":"https:\/\/www.vaasanseudunareenat.fi\/botniahalli\/sv\/oppettider\/","title":{"rendered":"\u00d6ppettider"},"content":{"rendered":"\n<section class=\"block block-banner layout-right theme-white image-sizing-cover image-rounded-corners\">\n\t\n\t\n\t<div class=\"container text-left\">\n\t\t<div class=\"content\">\n\t\t\t<h2 class=\"title h1\">\u00d6ppettider<\/h2>\t\t\t\t<div class=\"content-wysiwyg\">\n\t\t\t\t\t<p>Kontrollera alltid bokningsl\u00e4get i bokningskalendern.<\/p>\n\t\t\t\t<\/div>\n\t\t\t\t\n\t<ul class=\"buttons\">\n\t\t\t\t\t<li class=\"button-item\">\n\t\t\t\t<a href=\"https:\/\/varaus.vaasa.fi\/WebTimmi\/getWelcome.do?startPage=1\" class=\"link\" target=\"_blank\">TIMMI BOKNINGSKALENDER<\/a>\t\t\t<\/li>\n\t\t\t\t\t<li class=\"button-item\">\n\t\t\t\t<a href=\"https:\/\/varaus.vaasa.fi\/WebTimmi\/login.do?loginName=GUEST_AREENAT&#038;password=NO&#038;profileId=401&#038;adminAreaId=18\" class=\"link\" target=\"_self\">TIMMI &#8211; BANORNA<\/a>\t\t\t<\/li>\n\t\t\t\t\t<li class=\"button-item\">\n\t\t\t\t<a href=\"https:\/\/varaus.vaasa.fi\/WebTimmi\/login.do?loginName=GUEST_AREENAT&#038;password=NO&#038;profileId=13&#038;adminAreaId=18\" class=\"link\" target=\"_blank\">TIMMI &#8211; UTEKONSTGR\u00c4S<\/a>\t\t\t<\/li>\n\t\t\t<\/ul>\n\t\t\t<\/div>\n\t<\/div>\n<\/section>\n\n\n\n<section class=\"block block-arena-opening-hours theme-light\">\n\t<div class=\"container\">\n\t\t<h1 class=\"title h2\">\u00d6ppettider f\u00f6r Botniahallen<\/h1>\t\t\t\t<div class=\"info-container\">\n\t\t\t\t\t<span class=\"icon fa-regular fa-circle-info\" aria-hidden=\"true\"><\/span>\n\t\t\t\t\t<div class=\"content\">\n\t\t\t\t\t\t\t\t\t\t\t\t\t<h2 class=\"info-title h4\">\n\t\t\t\t\t\t\t\tUtanf\u00f6r kassans \u00f6ppettider kommer du in med seriekort, eng\u00e5ngsbiljett k\u00f6pt via webbutiken eller f\u00f6reningars\/f\u00f6retags faktureringskort\t\t\t\t\t\t\t<\/h2>\n\t\t\t\t\t\t\n\t\t\t\t\t\t\t\t\t\t\t<\/div>\n\t\t\t\t<\/div>\n\t\t\t\t\t\n\t\t<div class=\"opening-hours-container grid-columns-3\">\n\t\t\t<div class=\"opening-hours\">\n\t\t\t\t<h3 class=\"h4\">\n\t\t\t\t\tOpening hours\t\t\t\t<\/h3>\n\t\t\t\t\t\t\t\t\t<div class=\"day\">\n\t\t\t\t\t\t<p class=\"day-title\">\n\t\t\t\t\t\t\t<span aria-hidden=\"true\">Mon<\/span>\n\t\t\t\t\t\t\t<span class=\"screen-reader-text\">Monday<\/span>\n\t\t\t\t\t\t<\/p>\n\t\t\t\t\t\t<div class=\"hours\">\n\t\t\t\t\t\t\tClosed\t\t\t\t\t\t<\/div>\n\t\t\t\t\t<\/div>\n\t\t\t\t\t\t\t\t\t<div class=\"day\">\n\t\t\t\t\t\t<p class=\"day-title\">\n\t\t\t\t\t\t\t<span aria-hidden=\"true\">Tue<\/span>\n\t\t\t\t\t\t\t<span class=\"screen-reader-text\">Tuesday<\/span>\n\t\t\t\t\t\t<\/p>\n\t\t\t\t\t\t<div class=\"hours\">\n\t\t\t\t\t\t\tClosed\t\t\t\t\t\t<\/div>\n\t\t\t\t\t<\/div>\n\t\t\t\t\t\t\t\t\t<div class=\"day\">\n\t\t\t\t\t\t<p class=\"day-title\">\n\t\t\t\t\t\t\t<span aria-hidden=\"true\">Wed<\/span>\n\t\t\t\t\t\t\t<span class=\"screen-reader-text\">Wednesday<\/span>\n\t\t\t\t\t\t<\/p>\n\t\t\t\t\t\t<div class=\"hours\">\n\t\t\t\t\t\t\tClosed\t\t\t\t\t\t<\/div>\n\t\t\t\t\t<\/div>\n\t\t\t\t\t\t\t\t\t<div class=\"day\">\n\t\t\t\t\t\t<p class=\"day-title\">\n\t\t\t\t\t\t\t<span aria-hidden=\"true\">Thu<\/span>\n\t\t\t\t\t\t\t<span class=\"screen-reader-text\">Thursday<\/span>\n\t\t\t\t\t\t<\/p>\n\t\t\t\t\t\t<div class=\"hours\">\n\t\t\t\t\t\t\tClosed\t\t\t\t\t\t<\/div>\n\t\t\t\t\t<\/div>\n\t\t\t\t\t\t\t\t\t<div class=\"day\">\n\t\t\t\t\t\t<p class=\"day-title\">\n\t\t\t\t\t\t\t<span aria-hidden=\"true\">Fri<\/span>\n\t\t\t\t\t\t\t<span class=\"screen-reader-text\">Friday<\/span>\n\t\t\t\t\t\t<\/p>\n\t\t\t\t\t\t<div class=\"hours\">\n\t\t\t\t\t\t\tClosed\t\t\t\t\t\t<\/div>\n\t\t\t\t\t<\/div>\n\t\t\t\t\t\t\t\t\t<div class=\"day\">\n\t\t\t\t\t\t<p class=\"day-title\">\n\t\t\t\t\t\t\t<span aria-hidden=\"true\">Sat<\/span>\n\t\t\t\t\t\t\t<span class=\"screen-reader-text\">Saturday<\/span>\n\t\t\t\t\t\t<\/p>\n\t\t\t\t\t\t<div class=\"hours\">\n\t\t\t\t\t\t\tClosed\t\t\t\t\t\t<\/div>\n\t\t\t\t\t<\/div>\n\t\t\t\t\t\t\t\t\t<div class=\"day\">\n\t\t\t\t\t\t<p class=\"day-title\">\n\t\t\t\t\t\t\t<span aria-hidden=\"true\">Sun<\/span>\n\t\t\t\t\t\t\t<span class=\"screen-reader-text\">Sunday<\/span>\n\t\t\t\t\t\t<\/p>\n\t\t\t\t\t\t<div class=\"hours\">\n\t\t\t\t\t\t\tClosed\t\t\t\t\t\t<\/div>\n\t\t\t\t\t<\/div>\n\t\t\t\t\n\t\t\t\t\t\t\t<\/div>\n\n\t\t\t\n\t\t\t\t\t\t\t<div class=\"recurring-exceptions\">\n\t\t\t\t\t<h3 class=\"h4\">\n\t\t\t\t\t\tRecurring restrictions\t\t\t\t\t<\/h3>\n\t\t\t\t\t\t\t\t\t\t\t<div class=\"recurring-exception\">\n\t\t\t\t\t\t\t<p class=\"recurring-exception-title\">Tiistaisin<\/p>\n\t\t\t\t\t\t\t<p>t\u00e4llaisia rajoituksia<\/p>\n\t\t\t\t\t\t<\/div>\n\t\t\t\t\t\t\t\t\t\t\t<div class=\"recurring-exception\">\n\t\t\t\t\t\t\t<p class=\"recurring-exception-title\">Torstaisin<\/p>\n\t\t\t\t\t\t\t<p>Lorem ipsum dolor sit amet, consectetur adipiscing elit, sed do eiusmod tempor incididunt ut labore et dolore magna aliqua. Ut enim ad minim veniam, quis nostrud exercitation ullamco laboris nisi ut aliquip ex ea commodo consequat. Duis aute irure dolor in reprehenderit in voluptate velit esse cillum dolore eu fugiat nulla pariatur. \r\n\r\nExcepteur sint occaecat cupidatat non proident, sunt in culpa qui officia deserunt mollit anim id est laborum.<\/p>\n\t\t\t\t\t\t<\/div>\n\t\t\t\t\t\t\t\t\t<\/div>\n\t\t\t\t\t<\/div>\n\t<\/div>\n<\/section>\n","protected":false},"excerpt":{"rendered":"","protected":false},"author":13,"featured_media":0,"parent":0,"menu_order":0,"comment_status":"closed","ping_status":"closed","template":"","meta":{"_acf_changed":false,"footnotes":""},"class_list":["post-1304","page","type-page","status-publish","hentry"],"acf":[],"yoast_head":"<!-- This site is optimized with the Yoast SEO plugin v27.5 - https:\/\/yoast.com\/product\/yoast-seo-wordpress\/ -->\n<title>\u00d6ppettider - Botniahalli<\/title>\n<meta name=\"robots\" content=\"index, follow, max-snippet:-1, max-image-preview:large, max-video-preview:-1\" \/>\n<link rel=\"canonical\" href=\"https:\/\/www.vaasanseudunareenat.fi\/botniahalli\/sv\/oppettider\/\" \/>\n<meta property=\"og:locale\" content=\"en_US\" \/>\n<meta property=\"og:type\" content=\"article\" \/>\n<meta property=\"og:title\" content=\"\u00d6ppettider - Botniahalli\" \/>\n<meta property=\"og:url\" content=\"https:\/\/www.vaasanseudunareenat.fi\/botniahalli\/sv\/oppettider\/\" \/>\n<meta property=\"og:site_name\" content=\"Botniahalli\" \/>\n<meta property=\"article:modified_time\" content=\"2026-03-23T07:50:11+00:00\" \/>\n<meta name=\"twitter:card\" content=\"summary_large_image\" \/>\n<script type=\"application\/ld+json\" class=\"yoast-schema-graph\">{\"@context\":\"https:\\\/\\\/schema.org\",\"@graph\":[{\"@type\":\"WebPage\",\"@id\":\"https:\\\/\\\/www.vaasanseudunareenat.fi\\\/botniahalli\\\/sv\\\/oppettider\\\/\",\"url\":\"https:\\\/\\\/www.vaasanseudunareenat.fi\\\/botniahalli\\\/sv\\\/oppettider\\\/\",\"name\":\"\u00d6ppettider - Botniahalli\",\"isPartOf\":{\"@id\":\"https:\\\/\\\/www.vaasanseudunareenat.fi\\\/botniahalli\\\/#website\"},\"datePublished\":\"2025-06-13T09:51:38+00:00\",\"dateModified\":\"2026-03-23T07:50:11+00:00\",\"breadcrumb\":{\"@id\":\"https:\\\/\\\/www.vaasanseudunareenat.fi\\\/botniahalli\\\/sv\\\/oppettider\\\/#breadcrumb\"},\"inLanguage\":\"en-US\",\"potentialAction\":[{\"@type\":\"ReadAction\",\"target\":[\"https:\\\/\\\/www.vaasanseudunareenat.fi\\\/botniahalli\\\/sv\\\/oppettider\\\/\"]}]},{\"@type\":\"BreadcrumbList\",\"@id\":\"https:\\\/\\\/www.vaasanseudunareenat.fi\\\/botniahalli\\\/sv\\\/oppettider\\\/#breadcrumb\",\"itemListElement\":[{\"@type\":\"ListItem\",\"position\":1,\"name\":\"Home\",\"item\":\"https:\\\/\\\/www.vaasanseudunareenat.fi\\\/botniahalli\\\/\"},{\"@type\":\"ListItem\",\"position\":2,\"name\":\"\u00d6ppettider\"}]},{\"@type\":\"WebSite\",\"@id\":\"https:\\\/\\\/www.vaasanseudunareenat.fi\\\/botniahalli\\\/#website\",\"url\":\"https:\\\/\\\/www.vaasanseudunareenat.fi\\\/botniahalli\\\/\",\"name\":\"Botniahalli\",\"description\":\"\",\"potentialAction\":[{\"@type\":\"SearchAction\",\"target\":{\"@type\":\"EntryPoint\",\"urlTemplate\":\"https:\\\/\\\/www.vaasanseudunareenat.fi\\\/botniahalli\\\/?s={search_term_string}\"},\"query-input\":{\"@type\":\"PropertyValueSpecification\",\"valueRequired\":true,\"valueName\":\"search_term_string\"}}],\"inLanguage\":\"en-US\"}]}<\/script>\n<!-- \/ Yoast SEO plugin. -->","yoast_head_json":{"title":"\u00d6ppettider - Botniahalli","robots":{"index":"index","follow":"follow","max-snippet":"max-snippet:-1","max-image-preview":"max-image-preview:large","max-video-preview":"max-video-preview:-1"},"canonical":"https:\/\/www.vaasanseudunareenat.fi\/botniahalli\/sv\/oppettider\/","og_locale":"en_US","og_type":"article","og_title":"\u00d6ppettider - Botniahalli","og_url":"https:\/\/www.vaasanseudunareenat.fi\/botniahalli\/sv\/oppettider\/","og_site_name":"Botniahalli","article_modified_time":"2026-03-23T07:50:11+00:00","twitter_card":"summary_large_image","schema":{"@context":"https:\/\/schema.org","@graph":[{"@type":"WebPage","@id":"https:\/\/www.vaasanseudunareenat.fi\/botniahalli\/sv\/oppettider\/","url":"https:\/\/www.vaasanseudunareenat.fi\/botniahalli\/sv\/oppettider\/","name":"\u00d6ppettider - Botniahalli","isPartOf":{"@id":"https:\/\/www.vaasanseudunareenat.fi\/botniahalli\/#website"},"datePublished":"2025-06-13T09:51:38+00:00","dateModified":"2026-03-23T07:50:11+00:00","breadcrumb":{"@id":"https:\/\/www.vaasanseudunareenat.fi\/botniahalli\/sv\/oppettider\/#breadcrumb"},"inLanguage":"en-US","potentialAction":[{"@type":"ReadAction","target":["https:\/\/www.vaasanseudunareenat.fi\/botniahalli\/sv\/oppettider\/"]}]},{"@type":"BreadcrumbList","@id":"https:\/\/www.vaasanseudunareenat.fi\/botniahalli\/sv\/oppettider\/#breadcrumb","itemListElement":[{"@type":"ListItem","position":1,"name":"Home","item":"https:\/\/www.vaasanseudunareenat.fi\/botniahalli\/"},{"@type":"ListItem","position":2,"name":"\u00d6ppettider"}]},{"@type":"WebSite","@id":"https:\/\/www.vaasanseudunareenat.fi\/botniahalli\/#website","url":"https:\/\/www.vaasanseudunareenat.fi\/botniahalli\/","name":"Botniahalli","description":"","potentialAction":[{"@type":"SearchAction","target":{"@type":"EntryPoint","urlTemplate":"https:\/\/www.vaasanseudunareenat.fi\/botniahalli\/?s={search_term_string}"},"query-input":{"@type":"PropertyValueSpecification","valueRequired":true,"valueName":"search_term_string"}}],"inLanguage":"en-US"}]}},"lang":"sv","translations":{"sv":1304,"fi":250},"pll_sync_post":{},"_links":{"self":[{"href":"https:\/\/www.vaasanseudunareenat.fi\/botniahalli\/wp-json\/wp\/v2\/pages\/1304","targetHints":{"allow":["GET"]}}],"collection":[{"href":"https:\/\/www.vaasanseudunareenat.fi\/botniahalli\/wp-json\/wp\/v2\/pages"}],"about":[{"href":"https:\/\/www.vaasanseudunareenat.fi\/botniahalli\/wp-json\/wp\/v2\/types\/page"}],"author":[{"embeddable":true,"href":"https:\/\/www.vaasanseudunareenat.fi\/botniahalli\/wp-json\/wp\/v2\/users\/13"}],"replies":[{"embeddable":true,"href":"https:\/\/www.vaasanseudunareenat.fi\/botniahalli\/wp-json\/wp\/v2\/comments?post=1304"}],"version-history":[{"count":18,"href":"https:\/\/www.vaasanseudunareenat.fi\/botniahalli\/wp-json\/wp\/v2\/pages\/1304\/revisions"}],"predecessor-version":[{"id":2231,"href":"https:\/\/www.vaasanseudunareenat.fi\/botniahalli\/wp-json\/wp\/v2\/pages\/1304\/revisions\/2231"}],"wp:attachment":[{"href":"https:\/\/www.vaasanseudunareenat.fi\/botniahalli\/wp-json\/wp\/v2\/media?parent=1304"}],"curies":[{"name":"wp","href":"https:\/\/api.w.org\/{rel}","templated":true}]}}