{"id":1290,"date":"2025-06-13T12:29:12","date_gmt":"2025-06-13T09:29:12","guid":{"rendered":"https:\/\/www.vaasanseudunareenat.fi\/botniahalli\/?page_id=1290"},"modified":"2025-06-18T14:56:20","modified_gmt":"2025-06-18T11:56:20","slug":"for-evenemangsarrangorer","status":"publish","type":"page","link":"https:\/\/www.vaasanseudunareenat.fi\/botniahalli\/sv\/for-evenemangsarrangorer\/","title":{"rendered":"F\u00f6r evenemangsarrang\u00f6rer"},"content":{"rendered":"\n<section class=\"block block-hero has-overlay\">\n\t<div class=\"hero-inner\">\n\t\t\t\t\t<div class=\"image-container background-container\">\n\t\t\t\t<img decoding=\"async\" width=\"1600\" height=\"900\" src=\"https:\/\/www.vaasanseudunareenat.fi\/botniahalli\/wp-content\/uploads\/sites\/2\/2024\/11\/Lemonsoft-stadion-kuvatTapahtumajarjestajille1.jpg\" class=\"img\" alt=\"\" fetchpriority=\"high\" srcset=\"https:\/\/www.vaasanseudunareenat.fi\/botniahalli\/wp-content\/uploads\/sites\/2\/2024\/11\/Lemonsoft-stadion-kuvatTapahtumajarjestajille1.jpg 1600w, https:\/\/www.vaasanseudunareenat.fi\/botniahalli\/wp-content\/uploads\/sites\/2\/2024\/11\/Lemonsoft-stadion-kuvatTapahtumajarjestajille1-300x169.jpg 300w, https:\/\/www.vaasanseudunareenat.fi\/botniahalli\/wp-content\/uploads\/sites\/2\/2024\/11\/Lemonsoft-stadion-kuvatTapahtumajarjestajille1-1024x576.jpg 1024w, https:\/\/www.vaasanseudunareenat.fi\/botniahalli\/wp-content\/uploads\/sites\/2\/2024\/11\/Lemonsoft-stadion-kuvatTapahtumajarjestajille1-768x432.jpg 768w, https:\/\/www.vaasanseudunareenat.fi\/botniahalli\/wp-content\/uploads\/sites\/2\/2024\/11\/Lemonsoft-stadion-kuvatTapahtumajarjestajille1-1536x864.jpg 1536w, https:\/\/www.vaasanseudunareenat.fi\/botniahalli\/wp-content\/uploads\/sites\/2\/2024\/11\/Lemonsoft-stadion-kuvatTapahtumajarjestajille1-1440x810.jpg 1440w, https:\/\/www.vaasanseudunareenat.fi\/botniahalli\/wp-content\/uploads\/sites\/2\/2024\/11\/Lemonsoft-stadion-kuvatTapahtumajarjestajille1-576x324.jpg 576w\" sizes=\"(max-width: 1600px) 100vw, 1600px\" \/>\t\t\t<\/div>\n\t\t\t\n\t\t\t\t<div class=\"container text-left\">\n\t\t\t<div class=\"hero-content\">\n\t\t\t\t<h1 class=\"title h1\">Evenemangs&shy;arrangemang i Vasa<\/h1>\n\t\t\t\t\t\t\t\t\t<div class=\"content-wysiwyg\">\n\t\t\t\t\t\t<p>Tre arenor med fantastiska faciliteter och h\u00f6gklassiga till\u00e4ggstj\u00e4nster m\u00f6jligg\u00f6r allt fr\u00e5n idrottsevenemang till inspirerande m\u00f6ten, stora publikevenemang och storslagna konserter.<\/p>\n<p>Vi erbjuder enast\u00e5ende ramar f\u00f6r evenemang i alla storlekar.<\/p>\n\t\t\t\t\t<\/div>\n\t\t\t\t\n\t\t\t\t\n\t<ul class=\"buttons\">\n\t\t\t\t\t<li class=\"button-item\">\n\t\t\t\t<a href=\"#kontakt\" class=\"button\" target=\"_self\">Ta kontakt<\/a>\t\t\t<\/li>\n\t\t\t<\/ul>\n\t\t\t\t<\/div>\n\t\t<\/div>\n\n\t\t<div class=\"hero-columns grid-columns-2\">\n\t\t\t\n\t\t\t\t\t<\/div>\n\t<\/div>\n<\/section>\n\n\n\n<div style=\"height:100px\" aria-hidden=\"true\" class=\"wp-block-spacer\"><\/div>\n\n\n\n<h2 class=\"wp-block-heading has-text-align-center\">M\u00f6jligheterna vid v\u00e5ra tre arenor<\/h2>\n\n\n\n<div class=\"wp-block-columns is-layout-flex wp-container-core-columns-is-layout-9d6595d7 wp-block-columns-is-layout-flex\">\n<div class=\"wp-block-column is-layout-flow wp-block-column-is-layout-flow\">\n<h3 class=\"wp-block-heading\">Botniahallen<\/h3>\n\n\n\n<p>Botniahallen \u00e4r till ytan Finlands st\u00f6rsta sammanh\u00e4ngande multihall och erbjuder rerbjuder utrymme f\u00f6r m\u00e5nga olika typer av storskaliga evenemang. Botniahallen kan omvandlas till exempelvis en konsertarena, m\u00e4sscentrum eller konferenslokal.<\/p>\n<\/div>\n\n\n\n<div class=\"wp-block-column is-layout-flow wp-block-column-is-layout-flow\">\n<h3 class=\"wp-block-heading\">Lemonsoft Stadion<\/h3>\n\n\n\n<p>Lemonsoft Stadion \u00e4r en modern stadion n\u00e4ra Vasa centrum. Den \u00e4r en ypperlig evenemangsplats f\u00f6r utomhuskonserter och olika idrottsevenemang.<\/p>\n<\/div>\n\n\n\n<div class=\"wp-block-column is-layout-flow wp-block-column-is-layout-flow\">\n<h3 class=\"wp-block-heading\">Vasa Elektriska Arena<\/h3>\n\n\n\n<p>Vasa Elektriska Arenan erbjuder ramar f\u00f6r en m\u00e4ngd olika storskaliga evenemang. T\u00e4vlingsarenan kan \u00e5ret runt omvandlas till exempelvis en konsertarena, m\u00e4ssomr\u00e5de eller plats f\u00f6r konferenser.<\/p>\n<\/div>\n<\/div>\n\n\n\n<div style=\"height:91px\" aria-hidden=\"true\" class=\"wp-block-spacer\"><\/div>\n\n\n\n<hr class=\"wp-block-separator has-alpha-channel-opacity\" \/>\n\n\n\n<section class=\"block block-columns theme-light\">\n\t<div class=\"container\">\n\t\t\t\t\t<header class=\"header\">\n\t\t\t\t<h2 class=\"title h2\">Referenser fr\u00e5n n\u00e5gra h\u00f6jdpunkter<\/h2>\n\t\t\t\t\t\t\t\t\t<div class=\"description\">\n\t\t\t\t\t\t<p>N\u00e4r vi ordnar evenemang i Vasa s\u00e5 g\u00f6r vi det ordentligt. Vi samarbetar smidigt \u00f6ver organisationsgr\u00e4nserna och f\u00f6r arrang\u00f6rerna m\u00e4rks det i form av konkret st\u00f6d och engagerat genomf\u00f6rande.<\/p>\n\t\t\t\t\t<\/div>\n\t\t\t\t\t\t\t<\/header>\n\t\t\n\t\t\t\t\t<div class=\"columns grid-columns-3 text-left\">\n\t\t\t\t\t\t\t\t\t<div class=\"column\">\n\t\t\t\t\t\t\t\t\t\t\t\t\t<div class=\"image image-horizontal\">\n\t\t\t\t\t\t\t\t<img loading=\"lazy\" decoding=\"async\" width=\"768\" height=\"432\" src=\"https:\/\/www.vaasanseudunareenat.fi\/botniahalli\/wp-content\/uploads\/sites\/2\/2024\/11\/mg-8650-e1536054745129-768x432.jpg\" class=\"img\" alt=\"\" srcset=\"https:\/\/www.vaasanseudunareenat.fi\/botniahalli\/wp-content\/uploads\/sites\/2\/2024\/11\/mg-8650-e1536054745129-768x432.jpg 768w, https:\/\/www.vaasanseudunareenat.fi\/botniahalli\/wp-content\/uploads\/sites\/2\/2024\/11\/mg-8650-e1536054745129-1920x1080.jpg 1920w, https:\/\/www.vaasanseudunareenat.fi\/botniahalli\/wp-content\/uploads\/sites\/2\/2024\/11\/mg-8650-e1536054745129-1440x810.jpg 1440w, https:\/\/www.vaasanseudunareenat.fi\/botniahalli\/wp-content\/uploads\/sites\/2\/2024\/11\/mg-8650-e1536054745129-1024x576.jpg 1024w, https:\/\/www.vaasanseudunareenat.fi\/botniahalli\/wp-content\/uploads\/sites\/2\/2024\/11\/mg-8650-e1536054745129-576x324.jpg 576w\" sizes=\"(max-width: 768px) 100vw, 768px\" \/>\t\t\t\t\t\t\t<\/div>\n\t\t\t\t\t\t\n\t\t\t\t\t\t\t\t\t\t\t\t\t<h3 class=\"title h4\">Nationella vattenf\u00f6rs\u00f6rjningsdagarna i Botniahallen<\/h3>\t\t\t\t\t\t\n\t\t\t\t\t\t\t\t\t\t\t\t\t<div class=\"content content-wysiwyg\">\n\t\t\t\t\t\t\t\t<p>&#8220;Vi arrangerade de nationella Vattenf\u00f6rs\u00f6rjningsdagarna i Botniahallen under tv\u00e5 dagar i maj 2022. Ursprungligen skulle evenemanget ha h\u00e5llits v\u00e5ren 2020, men p\u00e5 grund av pandemin sk\u00f6ts tidpunkten upp flera g\u00e5nger \u2013 Botniahallens personal agerade snabbt och flexibelt p\u00e5 \u00e4ndringarna. Alla arrangemang l\u00f6pte verkligen smidigt och professionellt fr\u00e5n b\u00f6rjan till slut, och vi fick enormt mycket hj\u00e4lp med alla praktiska detaljer b\u00e5de f\u00f6re och under evenemanget. Ett stort tack till Pia och Mikki fr\u00e5n Botniahallen \u2013 det var ett verkligt n\u00f6je att samarbeta med dem.<\/p>\n<p>Botniahallen passade oss utm\u00e4rkt som seminarie- och utst\u00e4llningsomr\u00e5de, och vi fick mycket positiv respons fr\u00e5n deltagarna. Jag rekommenderar varmt Botniahallen som plats f\u00f6r liknande evenemang.&#8221;<\/p>\n<p>\u2013 Heli Ala-Pohja, koordinator, Vattenverksf\u00f6reningen<\/p>\n\t\t\t\t\t\t\t<\/div>\n\t\t\t\t\t\t\n\t\t\t\t\t\t\t\t\t\t\t<\/div>\n\t\t\t\t\t\t\t\t\t<div class=\"column\">\n\t\t\t\t\t\t\t\t\t\t\t\t\t<div class=\"image image-horizontal\">\n\t\t\t\t\t\t\t\t<img loading=\"lazy\" decoding=\"async\" width=\"768\" height=\"432\" src=\"https:\/\/www.vaasanseudunareenat.fi\/botniahalli\/wp-content\/uploads\/sites\/2\/2025\/06\/467833047_18176675086307910_7044566471220425117_n-768x432.jpg\" class=\"img\" alt=\"\" srcset=\"https:\/\/www.vaasanseudunareenat.fi\/botniahalli\/wp-content\/uploads\/sites\/2\/2025\/06\/467833047_18176675086307910_7044566471220425117_n-768x432.jpg 768w, https:\/\/www.vaasanseudunareenat.fi\/botniahalli\/wp-content\/uploads\/sites\/2\/2025\/06\/467833047_18176675086307910_7044566471220425117_n-1440x810.jpg 1440w, https:\/\/www.vaasanseudunareenat.fi\/botniahalli\/wp-content\/uploads\/sites\/2\/2025\/06\/467833047_18176675086307910_7044566471220425117_n-1024x576.jpg 1024w, https:\/\/www.vaasanseudunareenat.fi\/botniahalli\/wp-content\/uploads\/sites\/2\/2025\/06\/467833047_18176675086307910_7044566471220425117_n-576x324.jpg 576w\" sizes=\"(max-width: 768px) 100vw, 768px\" \/>\t\t\t\t\t\t\t<\/div>\n\t\t\t\t\t\t\n\t\t\t\t\t\t\t\t\t\t\t\t\t<h3 class=\"title h4\">Damjan-turneringen<\/h3>\t\t\t\t\t\t\n\t\t\t\t\t\t\t\t\t\t\t\t\t<div class=\"content content-wysiwyg\">\n\t\t\t\t\t\t\t\t<p>Damjan Futsal-turneringen \u00e4r en \u00e5rligen \u00e5terkommande futsalturnering som ordnas i Vasa till minne av Damjan. Turneringen pr\u00e4glas av fart, t\u00e4vling och gemenskap. \u00c5r 2024 ordnades den tv\u00e5 dagar l\u00e5nga turneringen i Botniahallen f\u00f6r andra g\u00e5ngen och samlade hundratals futsalentusiaster.<\/p>\n\t\t\t\t\t\t\t<\/div>\n\t\t\t\t\t\t\n\t\t\t\t\t\t\t\t\t\t\t<\/div>\n\t\t\t\t\t\t\t\t\t<div class=\"column\">\n\t\t\t\t\t\t\t\t\t\t\t\t\t<div class=\"image image-horizontal\">\n\t\t\t\t\t\t\t\t<img loading=\"lazy\" decoding=\"async\" width=\"768\" height=\"432\" src=\"https:\/\/www.vaasanseudunareenat.fi\/botniahalli\/wp-content\/uploads\/sites\/2\/2024\/11\/img-4199-wwwesasiltaloppifi-768x432.jpg\" class=\"img\" alt=\"\" srcset=\"https:\/\/www.vaasanseudunareenat.fi\/botniahalli\/wp-content\/uploads\/sites\/2\/2024\/11\/img-4199-wwwesasiltaloppifi-768x432.jpg 768w, https:\/\/www.vaasanseudunareenat.fi\/botniahalli\/wp-content\/uploads\/sites\/2\/2024\/11\/img-4199-wwwesasiltaloppifi-1920x1080.jpg 1920w, https:\/\/www.vaasanseudunareenat.fi\/botniahalli\/wp-content\/uploads\/sites\/2\/2024\/11\/img-4199-wwwesasiltaloppifi-1440x810.jpg 1440w, https:\/\/www.vaasanseudunareenat.fi\/botniahalli\/wp-content\/uploads\/sites\/2\/2024\/11\/img-4199-wwwesasiltaloppifi-1024x576.jpg 1024w, https:\/\/www.vaasanseudunareenat.fi\/botniahalli\/wp-content\/uploads\/sites\/2\/2024\/11\/img-4199-wwwesasiltaloppifi-576x324.jpg 576w\" sizes=\"(max-width: 768px) 100vw, 768px\" \/>\t\t\t\t\t\t\t<\/div>\n\t\t\t\t\t\t\n\t\t\t\t\t\t\t\t\t\t\t\t\t<h3 class=\"title h4\">Nationella F\u00f6retagardagarna<\/h3>\t\t\t\t\t\t\n\t\t\t\t\t\t\t\t\t\t\t\t\t<div class=\"content content-wysiwyg\">\n\t\t\t\t\t\t\t\t<p>De Nationella F\u00f6retagardagarna ordnades i Vasa \u00e5r 2016 i Botniahallen. Evenemanget varade i tre dagar och lockade omkring 1 300 deltagare. I programmet ingick F\u00f6rbundskongressen f\u00f6r F\u00f6retagarna i Finland, inspirerande tal (bl.a. Bruce Oreck och Gustav H\u00e4gglund), festmiddagar och n\u00e4tverksm\u00f6jligheter. Evenemanget fick ber\u00f6m f\u00f6r sina goda arrangemang, de v\u00e4lfungerande lokalerna och den goda st\u00e4mningen. Evenemanget hade ocks\u00e5 regional betydelse, d\u00e5 de finsk- och svenskspr\u00e5kiga f\u00f6retagarf\u00f6reningarna i Kust-\u00d6sterbotten gick samman under evenemanget. Detta st\u00e4rkte regionens st\u00e4llning som ett centrum f\u00f6r f\u00f6retagsamhet och evenemang i Finland.<\/p>\n\t\t\t\t\t\t\t<\/div>\n\t\t\t\t\t\t\n\t\t\t\t\t\t\t\t\t\t\t<\/div>\n\t\t\t\t\t\t\t<\/div>\n\t\t\n\t\t\t<\/div>\n<\/section>\n\n\n\n<section class=\"block block-separator top-color-light shape-downward-arc\">\n\t<svg xmlns=\"http:\/\/www.w3.org\/2000\/svg\" height=\"100\" viewBox=\"0 0 100 100\" preserveAspectRatio=\"none\"><path d=\"M0 100V50s16.03 7.74 47.17 7.91S100 0 100 0v100z\" fill=\"#fff\"\/><\/svg><\/section>\n\n\n\n<section class=\"block block-columns theme-white\">\n\t<div class=\"container\">\n\t\t\n\t\t\t\t\t<div class=\"columns grid-columns-3 text-center\">\n\t\t\t\t\t\t\t\t\t<div class=\"column\">\n\t\t\t\t\t\t\n\t\t\t\t\t\t\t\t\t\t\t\t\t<h2 class=\"title h3\">Utrymmen<\/h2>\t\t\t\t\t\t\n\t\t\t\t\t\t\t\t\t\t\t\t\t<div class=\"content content-wysiwyg\">\n\t\t\t\t\t\t\t\t<p>Idrott, konserter, kulturevenemang, m\u00e4ssor, seminarier och m\u00f6ten \u2013 alla tre Arenor \u00e4r m\u00e5ngsidiga. F\u00f6rutom traditionella musik- och m\u00e4ssarrangemang finns det utm\u00e4rkta f\u00f6ruts\u00e4ttningar \u00e4ven f\u00f6r barnaktiviteter, olika typer av f\u00f6retagsevenemang, utst\u00e4llningar och ocks\u00e5 idrott p\u00e5 internationell niv\u00e5.<\/p>\n\t\t\t\t\t\t\t<\/div>\n\t\t\t\t\t\t\n\t\t\t\t\t\t\t\t\t\t\t<\/div>\n\t\t\t\t\t\t\t\t\t<div class=\"column\">\n\t\t\t\t\t\t\n\t\t\t\t\t\t\t\t\t\t\t\t\t<h2 class=\"title h3\">Tj\u00e4nster<\/h2>\t\t\t\t\t\t\n\t\t\t\t\t\t\t\t\t\t\t\t\t<div class=\"content content-wysiwyg\">\n\t\t\t\t\t\t\t\t<p>Bes\u00f6karna f\u00e5r njuta av ett m\u00e5ngsidigt utbud av mat och dryck. Alla hallar \u00e4r l\u00e4ttillg\u00e4ngliga oavsett f\u00e4rdmedel.<\/p>\n\t\t\t\t\t\t\t<\/div>\n\t\t\t\t\t\t\n\t\t\t\t\t\t\t\t\t\t\t<\/div>\n\t\t\t\t\t\t\t\t\t<div class=\"column\">\n\t\t\t\t\t\t\n\t\t\t\t\t\t\t\t\t\t\t\t\t<h2 class=\"title h3\">Kompetent personal<\/h2>\t\t\t\t\t\t\n\t\t\t\t\t\t\t\t\t\t\t\t\t<div class=\"content content-wysiwyg\">\n\t\t\t\t\t\t\t\t<p>Tillsammans med v\u00e5ra samarbetspartner m\u00f6jligg\u00f6r vi helhetsupplevelser i form av fantastiska evenemang i Vasa.<\/p>\n\t\t\t\t\t\t\t<\/div>\n\t\t\t\t\t\t\n\t\t\t\t\t\t\t\t\t\t\t<\/div>\n\t\t\t\t\t\t\t<\/div>\n\t\t\n\t\t\t<\/div>\n<\/section>\n\n\n\n<section class=\"block block-separator top-color-white shape-upward-arc\">\n\t<svg xmlns=\"http:\/\/www.w3.org\/2000\/svg\" height=\"100\" viewBox=\"0 0 100 100\" preserveAspectRatio=\"none\"><path d=\"M0 0v49.671s16.03-2.66 47.17-2.71S100 99.989 100 99.989V0z\" fill=\"#fff\"\/><\/svg><\/section>\n\n\n\n<section class=\"block block-banner layout-full theme-light\">\n\t\n\t\n\t<div class=\"container text-center\">\n\t\t<div class=\"content\">\n\t\t\t<h2 class=\"title h3\">&quot;Alla arrangemang fungerade proffsigt fr\u00e5n b\u00f6rjan till slut, och vi fick v\u00e4ldigt mycket hj\u00e4lp med alla praktiska detaljer b\u00e5de f\u00f6re och under evenemanget.&quot;<\/h2>\t\t\t\t<div class=\"content-wysiwyg\">\n\t\t\t\t\t<p>Heli Ala-Pohja, Vattenverksf\u00f6reningen<\/p>\n\t\t\t\t<\/div>\n\t\t\t\t\t\t<\/div>\n\t<\/div>\n<\/section>\n\n\n\n<section class=\"block block-banner layout-left theme-light has-image image-sizing-cover image-inside-container image-rounded-corners\">\n\t\t\t<div class=\"image-container \">\n\t\t\t<img loading=\"lazy\" decoding=\"async\" width=\"800\" height=\"534\" src=\"https:\/\/www.vaasanseudunareenat.fi\/botniahalli\/wp-content\/uploads\/sites\/2\/2024\/11\/img-4199-wwwesasiltaloppifi-1024x683.jpg\" class=\"img\" alt=\"\" srcset=\"https:\/\/www.vaasanseudunareenat.fi\/botniahalli\/wp-content\/uploads\/sites\/2\/2024\/11\/img-4199-wwwesasiltaloppifi-1024x683.jpg 1024w, https:\/\/www.vaasanseudunareenat.fi\/botniahalli\/wp-content\/uploads\/sites\/2\/2024\/11\/img-4199-wwwesasiltaloppifi-300x200.jpg 300w, https:\/\/www.vaasanseudunareenat.fi\/botniahalli\/wp-content\/uploads\/sites\/2\/2024\/11\/img-4199-wwwesasiltaloppifi-768x512.jpg 768w, https:\/\/www.vaasanseudunareenat.fi\/botniahalli\/wp-content\/uploads\/sites\/2\/2024\/11\/img-4199-wwwesasiltaloppifi-1536x1024.jpg 1536w\" sizes=\"(max-width: 800px) 100vw, 800px\" \/>\t\t<\/div>\n\t\n\t\n\t<div class=\"container text-left\">\n\t\t<div class=\"content\">\n\t\t\t<h2 class=\"title h2\">R\u00f6relse och upplevelser \u2013 allt under ett och samma tak<\/h2>\t\t\t\t<div class=\"content-wysiwyg\">\n\t\t\t\t\t<p>F\u00f6rutom Botniahallen st\u00e5r \u00e4ven Vasa Elektriska Arenan och Lemonsoft Stadion till tj\u00e4nst f\u00f6r evenemangsarrang\u00f6rer i alla storlekar.<\/p>\n\t\t\t\t<\/div>\n\t\t\t\t\t\t<\/div>\n\t<\/div>\n<\/section>\n\n\n\n<section id=\"kontakt\" class=\"block block-columns theme-light\">\n\t<div class=\"container\">\n\t\t\t\t\t<header class=\"header\">\n\t\t\t\t<h2 class=\"title h2\">Kontakta oss \u2013 vi hj\u00e4lper dig att ordna ett of\u00f6rgl\u00f6mligt evenemang!<\/h2>\n\t\t\t\t\t\t\t<\/header>\n\t\t\n\t\t\t\t\t<div class=\"columns grid-columns-4 text-left\">\n\t\t\t\t\t\t\t\t\t<div class=\"column\">\n\t\t\t\t\t\t\n\t\t\t\t\t\t\n\t\t\t\t\t\t\n\t\t\t\t\t\t\t\t\t\t\t<\/div>\n\t\t\t\t\t\t\t\t\t<div class=\"column\">\n\t\t\t\t\t\t\n\t\t\t\t\t\t\t\t\t\t\t\t\t<h3 class=\"title h4\">Pia Reini<\/h3>\t\t\t\t\t\t\n\t\t\t\t\t\t\t\t\t\t\t\t\t<div class=\"content content-wysiwyg\">\n\t\t\t\t\t\t\t\t<p>F\u00f6rs\u00e4ljnings- och marknadsf\u00f6ringschef<\/p>\n<div class=\"content-wysiwyg\">\n<p class=\"p2\">tel. <a href=\"tel:040%204845%20222\"><span class=\"s1\">040 4845 222<\/span><\/a><br \/>\n<a href=\"mailto:pia.reini@vaasanseudunareenat.fi\"><span class=\"s1\">pia.reini@vaasanseudunareenat.fi<\/span><\/a><\/p>\n<\/div>\n\t\t\t\t\t\t\t<\/div>\n\t\t\t\t\t\t\n\t\t\t\t\t\t\t\t\t\t\t<\/div>\n\t\t\t\t\t\t\t\t\t<div class=\"column\">\n\t\t\t\t\t\t\n\t\t\t\t\t\t\t\t\t\t\t\t\t<h3 class=\"title h4\">Michael Lyyski<\/h3>\t\t\t\t\t\t\n\t\t\t\t\t\t\t\t\t\t\t\t\t<div class=\"content content-wysiwyg\">\n\t\t\t\t\t\t\t\t<p>Direkt\u00f6r<\/p>\n<p>tel. <a href=\"tel:0500919949\">050 091 9949<\/a><br \/>\n<a href=\"mailto:michael.lyyski@vaasanseudunareenat.fi\">michael.lyyski@vaasanseudunareenat.fi<\/a><\/p>\n\t\t\t\t\t\t\t<\/div>\n\t\t\t\t\t\t\n\t\t\t\t\t\t\t\t\t\t\t<\/div>\n\t\t\t\t\t\t\t\t\t<div class=\"column\">\n\t\t\t\t\t\t\n\t\t\t\t\t\t\n\t\t\t\t\t\t\n\t\t\t\t\t\t\t\t\t\t\t<\/div>\n\t\t\t\t\t\t\t<\/div>\n\t\t\n\t\t\t<\/div>\n<\/section>\n","protected":false},"excerpt":{"rendered":"<p>M\u00f6jligheterna vid v\u00e5ra tre arenor Botniahallen Botniahallen \u00e4r till ytan Finlands st\u00f6rsta sammanh\u00e4ngande multihall och erbjuder rerbjuder utrymme f\u00f6r m\u00e5nga olika typer av storskaliga evenemang.\u2026<\/p>\n","protected":false},"author":13,"featured_media":0,"parent":0,"menu_order":0,"comment_status":"closed","ping_status":"closed","template":"","meta":{"_acf_changed":false,"footnotes":""},"class_list":["post-1290","page","type-page","status-publish","hentry"],"acf":[],"yoast_head":"<!-- This site is optimized with the Yoast SEO plugin v27.6 - https:\/\/yoast.com\/product\/yoast-seo-wordpress\/ -->\n<title>F\u00f6r evenemangsarrang\u00f6rer - Botniahalli<\/title>\n<meta name=\"robots\" content=\"index, follow, max-snippet:-1, max-image-preview:large, max-video-preview:-1\" \/>\n<link rel=\"canonical\" href=\"https:\/\/www.vaasanseudunareenat.fi\/botniahalli\/sv\/for-evenemangsarrangorer\/\" \/>\n<meta property=\"og:locale\" content=\"en_US\" \/>\n<meta property=\"og:type\" content=\"article\" \/>\n<meta property=\"og:title\" content=\"F\u00f6r evenemangsarrang\u00f6rer - Botniahalli\" \/>\n<meta property=\"og:description\" content=\"M\u00f6jligheterna vid v\u00e5ra tre arenor Botniahallen Botniahallen \u00e4r till ytan Finlands st\u00f6rsta sammanh\u00e4ngande multihall och erbjuder rerbjuder utrymme f\u00f6r m\u00e5nga olika typer av storskaliga evenemang.\u2026\" \/>\n<meta property=\"og:url\" content=\"https:\/\/www.vaasanseudunareenat.fi\/botniahalli\/sv\/for-evenemangsarrangorer\/\" \/>\n<meta property=\"og:site_name\" content=\"Botniahalli\" \/>\n<meta property=\"article:modified_time\" content=\"2025-06-18T11:56:20+00:00\" \/>\n<meta name=\"twitter:card\" content=\"summary_large_image\" \/>\n<meta name=\"twitter:label1\" content=\"Est. reading time\" \/>\n\t<meta name=\"twitter:data1\" content=\"1 minute\" \/>\n<script type=\"application\/ld+json\" class=\"yoast-schema-graph\">{\"@context\":\"https:\\\/\\\/schema.org\",\"@graph\":[{\"@type\":\"WebPage\",\"@id\":\"https:\\\/\\\/www.vaasanseudunareenat.fi\\\/botniahalli\\\/sv\\\/for-evenemangsarrangorer\\\/\",\"url\":\"https:\\\/\\\/www.vaasanseudunareenat.fi\\\/botniahalli\\\/sv\\\/for-evenemangsarrangorer\\\/\",\"name\":\"F\u00f6r evenemangsarrang\u00f6rer - Botniahalli\",\"isPartOf\":{\"@id\":\"https:\\\/\\\/www.vaasanseudunareenat.fi\\\/botniahalli\\\/#website\"},\"datePublished\":\"2025-06-13T09:29:12+00:00\",\"dateModified\":\"2025-06-18T11:56:20+00:00\",\"breadcrumb\":{\"@id\":\"https:\\\/\\\/www.vaasanseudunareenat.fi\\\/botniahalli\\\/sv\\\/for-evenemangsarrangorer\\\/#breadcrumb\"},\"inLanguage\":\"en-US\",\"potentialAction\":[{\"@type\":\"ReadAction\",\"target\":[\"https:\\\/\\\/www.vaasanseudunareenat.fi\\\/botniahalli\\\/sv\\\/for-evenemangsarrangorer\\\/\"]}]},{\"@type\":\"BreadcrumbList\",\"@id\":\"https:\\\/\\\/www.vaasanseudunareenat.fi\\\/botniahalli\\\/sv\\\/for-evenemangsarrangorer\\\/#breadcrumb\",\"itemListElement\":[{\"@type\":\"ListItem\",\"position\":1,\"name\":\"Home\",\"item\":\"https:\\\/\\\/www.vaasanseudunareenat.fi\\\/botniahalli\\\/\"},{\"@type\":\"ListItem\",\"position\":2,\"name\":\"F\u00f6r evenemangsarrang\u00f6rer\"}]},{\"@type\":\"WebSite\",\"@id\":\"https:\\\/\\\/www.vaasanseudunareenat.fi\\\/botniahalli\\\/#website\",\"url\":\"https:\\\/\\\/www.vaasanseudunareenat.fi\\\/botniahalli\\\/\",\"name\":\"Botniahalli\",\"description\":\"\",\"potentialAction\":[{\"@type\":\"SearchAction\",\"target\":{\"@type\":\"EntryPoint\",\"urlTemplate\":\"https:\\\/\\\/www.vaasanseudunareenat.fi\\\/botniahalli\\\/?s={search_term_string}\"},\"query-input\":{\"@type\":\"PropertyValueSpecification\",\"valueRequired\":true,\"valueName\":\"search_term_string\"}}],\"inLanguage\":\"en-US\"}]}<\/script>\n<!-- \/ Yoast SEO plugin. -->","yoast_head_json":{"title":"F\u00f6r evenemangsarrang\u00f6rer - Botniahalli","robots":{"index":"index","follow":"follow","max-snippet":"max-snippet:-1","max-image-preview":"max-image-preview:large","max-video-preview":"max-video-preview:-1"},"canonical":"https:\/\/www.vaasanseudunareenat.fi\/botniahalli\/sv\/for-evenemangsarrangorer\/","og_locale":"en_US","og_type":"article","og_title":"F\u00f6r evenemangsarrang\u00f6rer - Botniahalli","og_description":"M\u00f6jligheterna vid v\u00e5ra tre arenor Botniahallen Botniahallen \u00e4r till ytan Finlands st\u00f6rsta sammanh\u00e4ngande multihall och erbjuder rerbjuder utrymme f\u00f6r m\u00e5nga olika typer av storskaliga evenemang.\u2026","og_url":"https:\/\/www.vaasanseudunareenat.fi\/botniahalli\/sv\/for-evenemangsarrangorer\/","og_site_name":"Botniahalli","article_modified_time":"2025-06-18T11:56:20+00:00","twitter_card":"summary_large_image","twitter_misc":{"Est. reading time":"1 minute"},"schema":{"@context":"https:\/\/schema.org","@graph":[{"@type":"WebPage","@id":"https:\/\/www.vaasanseudunareenat.fi\/botniahalli\/sv\/for-evenemangsarrangorer\/","url":"https:\/\/www.vaasanseudunareenat.fi\/botniahalli\/sv\/for-evenemangsarrangorer\/","name":"F\u00f6r evenemangsarrang\u00f6rer - Botniahalli","isPartOf":{"@id":"https:\/\/www.vaasanseudunareenat.fi\/botniahalli\/#website"},"datePublished":"2025-06-13T09:29:12+00:00","dateModified":"2025-06-18T11:56:20+00:00","breadcrumb":{"@id":"https:\/\/www.vaasanseudunareenat.fi\/botniahalli\/sv\/for-evenemangsarrangorer\/#breadcrumb"},"inLanguage":"en-US","potentialAction":[{"@type":"ReadAction","target":["https:\/\/www.vaasanseudunareenat.fi\/botniahalli\/sv\/for-evenemangsarrangorer\/"]}]},{"@type":"BreadcrumbList","@id":"https:\/\/www.vaasanseudunareenat.fi\/botniahalli\/sv\/for-evenemangsarrangorer\/#breadcrumb","itemListElement":[{"@type":"ListItem","position":1,"name":"Home","item":"https:\/\/www.vaasanseudunareenat.fi\/botniahalli\/"},{"@type":"ListItem","position":2,"name":"F\u00f6r evenemangsarrang\u00f6rer"}]},{"@type":"WebSite","@id":"https:\/\/www.vaasanseudunareenat.fi\/botniahalli\/#website","url":"https:\/\/www.vaasanseudunareenat.fi\/botniahalli\/","name":"Botniahalli","description":"","potentialAction":[{"@type":"SearchAction","target":{"@type":"EntryPoint","urlTemplate":"https:\/\/www.vaasanseudunareenat.fi\/botniahalli\/?s={search_term_string}"},"query-input":{"@type":"PropertyValueSpecification","valueRequired":true,"valueName":"search_term_string"}}],"inLanguage":"en-US"}]}},"lang":"sv","translations":{"sv":1290,"fi":77},"pll_sync_post":{},"_links":{"self":[{"href":"https:\/\/www.vaasanseudunareenat.fi\/botniahalli\/wp-json\/wp\/v2\/pages\/1290","targetHints":{"allow":["GET"]}}],"collection":[{"href":"https:\/\/www.vaasanseudunareenat.fi\/botniahalli\/wp-json\/wp\/v2\/pages"}],"about":[{"href":"https:\/\/www.vaasanseudunareenat.fi\/botniahalli\/wp-json\/wp\/v2\/types\/page"}],"author":[{"embeddable":true,"href":"https:\/\/www.vaasanseudunareenat.fi\/botniahalli\/wp-json\/wp\/v2\/users\/13"}],"replies":[{"embeddable":true,"href":"https:\/\/www.vaasanseudunareenat.fi\/botniahalli\/wp-json\/wp\/v2\/comments?post=1290"}],"version-history":[{"count":9,"href":"https:\/\/www.vaasanseudunareenat.fi\/botniahalli\/wp-json\/wp\/v2\/pages\/1290\/revisions"}],"predecessor-version":[{"id":1362,"href":"https:\/\/www.vaasanseudunareenat.fi\/botniahalli\/wp-json\/wp\/v2\/pages\/1290\/revisions\/1362"}],"wp:attachment":[{"href":"https:\/\/www.vaasanseudunareenat.fi\/botniahalli\/wp-json\/wp\/v2\/media?parent=1290"}],"curies":[{"name":"wp","href":"https:\/\/api.w.org\/{rel}","templated":true}]}}