{"id":1260,"date":"2025-06-12T21:03:33","date_gmt":"2025-06-12T18:03:33","guid":{"rendered":"https:\/\/www.vaasanseudunareenat.fi\/botniahalli\/?page_id=1260"},"modified":"2026-04-29T11:51:54","modified_gmt":"2026-04-29T08:51:54","slug":"fasta-turer","status":"publish","type":"page","link":"https:\/\/www.vaasanseudunareenat.fi\/botniahalli\/sv\/fasta-turer\/","title":{"rendered":"Fasta turer"},"content":{"rendered":"\n<section class=\"block block-hero\">\n\t<div class=\"hero-inner\">\n\t\t\t\t\t<div class=\"image-container background-container\">\n\t\t\t\t<img decoding=\"async\" width=\"800\" height=\"554\" src=\"https:\/\/www.vaasanseudunareenat.fi\/botniahalli\/wp-content\/uploads\/sites\/2\/2025\/01\/MG_8410-800x554-1.jpg\" class=\"img\" alt=\"\" fetchpriority=\"high\" srcset=\"https:\/\/www.vaasanseudunareenat.fi\/botniahalli\/wp-content\/uploads\/sites\/2\/2025\/01\/MG_8410-800x554-1.jpg 800w, https:\/\/www.vaasanseudunareenat.fi\/botniahalli\/wp-content\/uploads\/sites\/2\/2025\/01\/MG_8410-800x554-1-300x208.jpg 300w, https:\/\/www.vaasanseudunareenat.fi\/botniahalli\/wp-content\/uploads\/sites\/2\/2025\/01\/MG_8410-800x554-1-768x532.jpg 768w\" sizes=\"(max-width: 800px) 100vw, 800px\" \/>\t\t\t<\/div>\n\t\t\t\n\t\t\t\t<div class=\"container text-center\">\n\t\t\t<div class=\"hero-content\">\n\t\t\t\t<h1 class=\"title h1\">Ans\u00f6k om en fast tur!<\/h1>\n\t\t\t\t\n\t\t\t\t\t\t\t<\/div>\n\t\t<\/div>\n\n\t\t<div class=\"hero-columns grid-columns-2\">\n\t\t\t\n\t\t\t\t\t<\/div>\n\t<\/div>\n<\/section>\n\n\n\n<section class=\"block block-banner layout-right theme-white has-image image-sizing-contain image-inside-container\">\n\t\t\t<div class=\"image-container \">\n\t\t\t<img loading=\"lazy\" decoding=\"async\" width=\"800\" height=\"874\" src=\"https:\/\/www.vaasanseudunareenat.fi\/botniahalli\/wp-content\/uploads\/sites\/2\/2024\/11\/Vaasanseudun-areenat-botniahalli-937x1024.png\" class=\"img\" alt=\"\" srcset=\"https:\/\/www.vaasanseudunareenat.fi\/botniahalli\/wp-content\/uploads\/sites\/2\/2024\/11\/Vaasanseudun-areenat-botniahalli-937x1024.png 937w, https:\/\/www.vaasanseudunareenat.fi\/botniahalli\/wp-content\/uploads\/sites\/2\/2024\/11\/Vaasanseudun-areenat-botniahalli-274x300.png 274w, https:\/\/www.vaasanseudunareenat.fi\/botniahalli\/wp-content\/uploads\/sites\/2\/2024\/11\/Vaasanseudun-areenat-botniahalli-768x840.png 768w, https:\/\/www.vaasanseudunareenat.fi\/botniahalli\/wp-content\/uploads\/sites\/2\/2024\/11\/Vaasanseudun-areenat-botniahalli.png 988w\" sizes=\"(max-width: 800px) 100vw, 800px\" \/>\t\t<\/div>\n\t\n\t\n\t<div class=\"container text-left\">\n\t\t<div class=\"content\">\n\t\t\t<h2 class=\"title h2\">P\u00e5g\u00e5ende ans\u00f6kningar<\/h2>\t\t\t\t<div class=\"content-wysiwyg\">\n\t\t\t\t\t<h3>Botniahallens utekonstgr\u00e4s\u00a0 v\u00e5ren &#8211; sommar -h\u00f6st 2026<\/h3>\n<p>&nbsp;<\/p>\n<h3>Innebandy \/ Futsal<\/h3>\n<p>Fasta tr\u00e4ningsturer f\u00f6r s\u00e4songen 3.8.2026 \u2013 11.4.2027<\/p>\n<p>Ans\u00f6kningstiden: 4.5.2026 &#8211; 17.5.2026<\/p>\n<p><a href=\"https:\/\/www.vaasanseudunareenat.fi\/botniahalli\/wp-content\/uploads\/sites\/2\/2026\/04\/Hakulomake_ansokningsblanket-BH-Futsal_Salibandy_innebandy_2026-27.xlsx\">Hakulomake_ans\u00f6kningsblanket BH Futsal_Salibandy_innebandy_2026-27<\/a><\/p>\n\t\t\t\t<\/div>\n\t\t\t\t\t\t<\/div>\n\t<\/div>\n<\/section>\n\n\n\n<section class=\"block block-separator top-color-white shape-downward-arc\">\n\t<svg xmlns=\"http:\/\/www.w3.org\/2000\/svg\" height=\"100\" viewBox=\"0 0 100 100\" preserveAspectRatio=\"none\"><path d=\"M0 100V50s16.03 7.74 47.17 7.91S100 0 100 0v100z\" fill=\"#fff\"\/><\/svg><\/section>\n\n\n\n<section class=\"block block-banner layout-left theme-light has-image image-sizing-cover image-inside-container image-rounded-corners\">\n\t\t\t<div class=\"image-container \">\n\t\t\t<img loading=\"lazy\" decoding=\"async\" width=\"800\" height=\"534\" src=\"https:\/\/www.vaasanseudunareenat.fi\/botniahalli\/wp-content\/uploads\/sites\/2\/2025\/04\/Jalkapalloakatemia-10.3.2025-9-1024x683.jpg\" class=\"img\" alt=\"\" srcset=\"https:\/\/www.vaasanseudunareenat.fi\/botniahalli\/wp-content\/uploads\/sites\/2\/2025\/04\/Jalkapalloakatemia-10.3.2025-9-1024x683.jpg 1024w, https:\/\/www.vaasanseudunareenat.fi\/botniahalli\/wp-content\/uploads\/sites\/2\/2025\/04\/Jalkapalloakatemia-10.3.2025-9-300x200.jpg 300w, https:\/\/www.vaasanseudunareenat.fi\/botniahalli\/wp-content\/uploads\/sites\/2\/2025\/04\/Jalkapalloakatemia-10.3.2025-9-768x512.jpg 768w, https:\/\/www.vaasanseudunareenat.fi\/botniahalli\/wp-content\/uploads\/sites\/2\/2025\/04\/Jalkapalloakatemia-10.3.2025-9-1536x1024.jpg 1536w\" sizes=\"(max-width: 800px) 100vw, 800px\" \/>\t\t<\/div>\n\t\n\t\n\t<div class=\"container text-left\">\n\t\t<div class=\"content\">\n\t\t\t<h2 class=\"title h2\">Fasta turer<\/h2>\t\t\t\t<div class=\"content-wysiwyg\">\n\t\t\t\t\t<ul>\n<li>Ans\u00f6k om fast tur enligt den egna kommunens dagar (se nedan).<\/li>\n<li>Tiderna f\u00f6rdelas enligt de principer som Vasas och Korsholms idrottsverk kommit \u00f6verens om.<\/li>\n<li>Ans\u00f6k samtidigt om turneringar.<\/li>\n<li>Bekanta dig med <a href=\"https:\/\/www.vaasanseudunareenat.fi\/botniahalli\/wp-content\/uploads\/sites\/2\/2025\/07\/Boknings-och-annulleringsvillkor2025.pdf\" target=\"_blank\" rel=\"noopener\">Boknings- och annulleringsvillkor2025<\/a><\/li>\n<\/ul>\n<p><strong>Tr\u00e4ningstider f\u00f6r Korsholms f\u00f6reningar:<\/strong><\/p>\n<p>M\u00e5n, ons kl. 15\u201322.30<br \/>\nFre kl. 15\u201319.30<br \/>\nL\u00f6r kl. 8\u201310 \/ 18\u201322.30<br \/>\nS\u00f6n kl. 14.30\u201322.30<\/p>\n<p><strong>Tr\u00e4ningstider f\u00f6r Vasas f\u00f6reningar:<\/strong><\/p>\n<p>Tis, tors kl. 15\u201322.30<br \/>\nFre kl. 19.30\u201322.30<br \/>\nL\u00f6r kl. 10\u201318<br \/>\nS\u00f6n kl. 8\u201314.30<\/p>\n<h3>Botniahallens konstgr\u00e4s utomhus v\u00e5r\/sommar<\/h3>\n<p>S\u00e4song v\u00e5r: april \u2013 30.5.2026<br \/>\nS\u00e4song sommar: 1.6 \u2013 30.9.2026<br \/>\nAns\u00f6kningstidens slut: <strong>15.2.2026<\/strong><\/p>\n<p>Mer information: <a href=\"mailto:botniainfo@vaasanseudunareenat.fi\">botniainfo@vaasanseudunareenat.fi<\/a>, tel. <a href=\"0201201755\">0201201775<\/a><\/p>\n\t\t\t\t<\/div>\n\t\t\t\t\t\t<\/div>\n\t<\/div>\n<\/section>\n\n\n\n<section class=\"block block-separator top-color-light shape-downward-arc\">\n\t<svg xmlns=\"http:\/\/www.w3.org\/2000\/svg\" height=\"100\" viewBox=\"0 0 100 100\" preserveAspectRatio=\"none\"><path d=\"M0 100V50s16.03 7.74 47.17 7.91S100 0 100 0v100z\" fill=\"#fff\"\/><\/svg><\/section>\n","protected":false},"excerpt":{"rendered":"","protected":false},"author":13,"featured_media":0,"parent":0,"menu_order":0,"comment_status":"closed","ping_status":"closed","template":"","meta":{"_acf_changed":false,"footnotes":""},"class_list":["post-1260","page","type-page","status-publish","hentry"],"acf":[],"yoast_head":"<!-- This site is optimized with the Yoast SEO plugin v27.5 - https:\/\/yoast.com\/product\/yoast-seo-wordpress\/ -->\n<title>Fasta turer - Botniahalli<\/title>\n<meta name=\"robots\" content=\"index, follow, max-snippet:-1, max-image-preview:large, max-video-preview:-1\" \/>\n<link rel=\"canonical\" href=\"https:\/\/www.vaasanseudunareenat.fi\/botniahalli\/sv\/fasta-turer\/\" \/>\n<meta property=\"og:locale\" content=\"en_US\" \/>\n<meta property=\"og:type\" content=\"article\" \/>\n<meta property=\"og:title\" content=\"Fasta turer - Botniahalli\" \/>\n<meta property=\"og:url\" content=\"https:\/\/www.vaasanseudunareenat.fi\/botniahalli\/sv\/fasta-turer\/\" \/>\n<meta property=\"og:site_name\" content=\"Botniahalli\" \/>\n<meta property=\"article:modified_time\" content=\"2026-04-29T08:51:54+00:00\" \/>\n<meta name=\"twitter:card\" content=\"summary_large_image\" \/>\n<script type=\"application\/ld+json\" class=\"yoast-schema-graph\">{\"@context\":\"https:\\\/\\\/schema.org\",\"@graph\":[{\"@type\":\"WebPage\",\"@id\":\"https:\\\/\\\/www.vaasanseudunareenat.fi\\\/botniahalli\\\/sv\\\/fasta-turer\\\/\",\"url\":\"https:\\\/\\\/www.vaasanseudunareenat.fi\\\/botniahalli\\\/sv\\\/fasta-turer\\\/\",\"name\":\"Fasta turer - Botniahalli\",\"isPartOf\":{\"@id\":\"https:\\\/\\\/www.vaasanseudunareenat.fi\\\/botniahalli\\\/#website\"},\"datePublished\":\"2025-06-12T18:03:33+00:00\",\"dateModified\":\"2026-04-29T08:51:54+00:00\",\"breadcrumb\":{\"@id\":\"https:\\\/\\\/www.vaasanseudunareenat.fi\\\/botniahalli\\\/sv\\\/fasta-turer\\\/#breadcrumb\"},\"inLanguage\":\"en-US\",\"potentialAction\":[{\"@type\":\"ReadAction\",\"target\":[\"https:\\\/\\\/www.vaasanseudunareenat.fi\\\/botniahalli\\\/sv\\\/fasta-turer\\\/\"]}]},{\"@type\":\"BreadcrumbList\",\"@id\":\"https:\\\/\\\/www.vaasanseudunareenat.fi\\\/botniahalli\\\/sv\\\/fasta-turer\\\/#breadcrumb\",\"itemListElement\":[{\"@type\":\"ListItem\",\"position\":1,\"name\":\"Home\",\"item\":\"https:\\\/\\\/www.vaasanseudunareenat.fi\\\/botniahalli\\\/\"},{\"@type\":\"ListItem\",\"position\":2,\"name\":\"Fasta turer\"}]},{\"@type\":\"WebSite\",\"@id\":\"https:\\\/\\\/www.vaasanseudunareenat.fi\\\/botniahalli\\\/#website\",\"url\":\"https:\\\/\\\/www.vaasanseudunareenat.fi\\\/botniahalli\\\/\",\"name\":\"Botniahalli\",\"description\":\"\",\"potentialAction\":[{\"@type\":\"SearchAction\",\"target\":{\"@type\":\"EntryPoint\",\"urlTemplate\":\"https:\\\/\\\/www.vaasanseudunareenat.fi\\\/botniahalli\\\/?s={search_term_string}\"},\"query-input\":{\"@type\":\"PropertyValueSpecification\",\"valueRequired\":true,\"valueName\":\"search_term_string\"}}],\"inLanguage\":\"en-US\"}]}<\/script>\n<!-- \/ Yoast SEO plugin. -->","yoast_head_json":{"title":"Fasta turer - Botniahalli","robots":{"index":"index","follow":"follow","max-snippet":"max-snippet:-1","max-image-preview":"max-image-preview:large","max-video-preview":"max-video-preview:-1"},"canonical":"https:\/\/www.vaasanseudunareenat.fi\/botniahalli\/sv\/fasta-turer\/","og_locale":"en_US","og_type":"article","og_title":"Fasta turer - Botniahalli","og_url":"https:\/\/www.vaasanseudunareenat.fi\/botniahalli\/sv\/fasta-turer\/","og_site_name":"Botniahalli","article_modified_time":"2026-04-29T08:51:54+00:00","twitter_card":"summary_large_image","schema":{"@context":"https:\/\/schema.org","@graph":[{"@type":"WebPage","@id":"https:\/\/www.vaasanseudunareenat.fi\/botniahalli\/sv\/fasta-turer\/","url":"https:\/\/www.vaasanseudunareenat.fi\/botniahalli\/sv\/fasta-turer\/","name":"Fasta turer - Botniahalli","isPartOf":{"@id":"https:\/\/www.vaasanseudunareenat.fi\/botniahalli\/#website"},"datePublished":"2025-06-12T18:03:33+00:00","dateModified":"2026-04-29T08:51:54+00:00","breadcrumb":{"@id":"https:\/\/www.vaasanseudunareenat.fi\/botniahalli\/sv\/fasta-turer\/#breadcrumb"},"inLanguage":"en-US","potentialAction":[{"@type":"ReadAction","target":["https:\/\/www.vaasanseudunareenat.fi\/botniahalli\/sv\/fasta-turer\/"]}]},{"@type":"BreadcrumbList","@id":"https:\/\/www.vaasanseudunareenat.fi\/botniahalli\/sv\/fasta-turer\/#breadcrumb","itemListElement":[{"@type":"ListItem","position":1,"name":"Home","item":"https:\/\/www.vaasanseudunareenat.fi\/botniahalli\/"},{"@type":"ListItem","position":2,"name":"Fasta turer"}]},{"@type":"WebSite","@id":"https:\/\/www.vaasanseudunareenat.fi\/botniahalli\/#website","url":"https:\/\/www.vaasanseudunareenat.fi\/botniahalli\/","name":"Botniahalli","description":"","potentialAction":[{"@type":"SearchAction","target":{"@type":"EntryPoint","urlTemplate":"https:\/\/www.vaasanseudunareenat.fi\/botniahalli\/?s={search_term_string}"},"query-input":{"@type":"PropertyValueSpecification","valueRequired":true,"valueName":"search_term_string"}}],"inLanguage":"en-US"}]}},"lang":"sv","translations":{"sv":1260,"fi":541},"pll_sync_post":{},"_links":{"self":[{"href":"https:\/\/www.vaasanseudunareenat.fi\/botniahalli\/wp-json\/wp\/v2\/pages\/1260","targetHints":{"allow":["GET"]}}],"collection":[{"href":"https:\/\/www.vaasanseudunareenat.fi\/botniahalli\/wp-json\/wp\/v2\/pages"}],"about":[{"href":"https:\/\/www.vaasanseudunareenat.fi\/botniahalli\/wp-json\/wp\/v2\/types\/page"}],"author":[{"embeddable":true,"href":"https:\/\/www.vaasanseudunareenat.fi\/botniahalli\/wp-json\/wp\/v2\/users\/13"}],"replies":[{"embeddable":true,"href":"https:\/\/www.vaasanseudunareenat.fi\/botniahalli\/wp-json\/wp\/v2\/comments?post=1260"}],"version-history":[{"count":23,"href":"https:\/\/www.vaasanseudunareenat.fi\/botniahalli\/wp-json\/wp\/v2\/pages\/1260\/revisions"}],"predecessor-version":[{"id":2247,"href":"https:\/\/www.vaasanseudunareenat.fi\/botniahalli\/wp-json\/wp\/v2\/pages\/1260\/revisions\/2247"}],"wp:attachment":[{"href":"https:\/\/www.vaasanseudunareenat.fi\/botniahalli\/wp-json\/wp\/v2\/media?parent=1260"}],"curies":[{"name":"wp","href":"https:\/\/api.w.org\/{rel}","templated":true}]}}