{"id":1234,"date":"2025-06-12T20:12:55","date_gmt":"2025-06-12T17:12:55","guid":{"rendered":"https:\/\/www.vaasanseudunareenat.fi\/botniahalli\/?page_id=1234"},"modified":"2025-07-30T10:21:43","modified_gmt":"2025-07-30T07:21:43","slug":"inbody-matning","status":"publish","type":"page","link":"https:\/\/www.vaasanseudunareenat.fi\/botniahalli\/sv\/inbody-matning\/","title":{"rendered":"InBody-m\u00e4tning"},"content":{"rendered":"\n<section class=\"block block-banner layout-right theme-light has-image image-sizing-cover image-inside-container image-rounded-corners\">\n\t\t\t<div class=\"image-container \">\n\t\t\t<img loading=\"lazy\" decoding=\"async\" width=\"683\" height=\"1024\" src=\"https:\/\/www.vaasanseudunareenat.fi\/botniahalli\/wp-content\/uploads\/sites\/2\/2024\/11\/5i3a9276-683x1024.jpg\" class=\"img\" alt=\"\" srcset=\"https:\/\/www.vaasanseudunareenat.fi\/botniahalli\/wp-content\/uploads\/sites\/2\/2024\/11\/5i3a9276-683x1024.jpg 683w, https:\/\/www.vaasanseudunareenat.fi\/botniahalli\/wp-content\/uploads\/sites\/2\/2024\/11\/5i3a9276-200x300.jpg 200w, https:\/\/www.vaasanseudunareenat.fi\/botniahalli\/wp-content\/uploads\/sites\/2\/2024\/11\/5i3a9276-768x1152.jpg 768w, https:\/\/www.vaasanseudunareenat.fi\/botniahalli\/wp-content\/uploads\/sites\/2\/2024\/11\/5i3a9276-1024x1536.jpg 1024w, https:\/\/www.vaasanseudunareenat.fi\/botniahalli\/wp-content\/uploads\/sites\/2\/2024\/11\/5i3a9276-1365x2048.jpg 1365w, https:\/\/www.vaasanseudunareenat.fi\/botniahalli\/wp-content\/uploads\/sites\/2\/2024\/11\/5i3a9276-scaled.jpg 1707w\" sizes=\"(max-width: 683px) 100vw, 683px\" \/>\t\t<\/div>\n\t\n\t\n\t<div class=\"container text-left\">\n\t\t<div class=\"content\">\n\t\t\t<h1 class=\"title h2\">InBody-m\u00e4tning av kroppssamman&shy;s\u00e4ttning<\/h1>\t\t\t\t<div class=\"content-wysiwyg\">\n\t\t\t\t\t<p>InBody770 \u00e4r ett system f\u00f6r att m\u00e4ta kroppssammans\u00e4ttning p\u00e5 ett exakt s\u00e4tt.<\/p>\n<p>InBody-m\u00e4tningen m\u00e4ter bland annat:<\/p>\n<ul>\n<li>muskelmassan och -balansen<\/li>\n<li>fettmassan och -procenten<\/li>\n<li>viscerala fettet som samlas kring inre organen<\/li>\n<li>basalmetabolismen<\/li>\n<\/ul>\n<p>InBody-m\u00e4tningen \u00e4r ett mycket noggrant och funktionellt verktyg f\u00f6r att f\u00f6lja upp kundens utveckling.<\/p>\n<p>Priset f\u00f6r InBody 770-kroppsanalys \u00e4r <strong>25\u202f\u20ac \/ person<\/strong>.<\/p>\n<p><strong>Boka tid:<\/strong><br \/>\n<a href=\"mailto:sales@vaasanseudunareenat.fi\">sales@vaasanseudunareenat.fi<\/a><\/p>\n\t\t\t\t<\/div>\n\t\t\t\t\t\t<\/div>\n\t<\/div>\n<\/section>\n","protected":false},"excerpt":{"rendered":"","protected":false},"author":13,"featured_media":0,"parent":0,"menu_order":0,"comment_status":"closed","ping_status":"closed","template":"","meta":{"_acf_changed":false,"footnotes":""},"class_list":["post-1234","page","type-page","status-publish","hentry"],"acf":[],"yoast_head":"<!-- This site is optimized with the Yoast SEO plugin v27.5 - https:\/\/yoast.com\/product\/yoast-seo-wordpress\/ -->\n<title>InBody-m\u00e4tning - Botniahalli<\/title>\n<meta name=\"robots\" content=\"index, follow, max-snippet:-1, max-image-preview:large, max-video-preview:-1\" \/>\n<link rel=\"canonical\" href=\"https:\/\/www.vaasanseudunareenat.fi\/botniahalli\/sv\/inbody-matning\/\" \/>\n<meta property=\"og:locale\" content=\"en_US\" \/>\n<meta property=\"og:type\" content=\"article\" \/>\n<meta property=\"og:title\" content=\"InBody-m\u00e4tning - Botniahalli\" \/>\n<meta property=\"og:url\" content=\"https:\/\/www.vaasanseudunareenat.fi\/botniahalli\/sv\/inbody-matning\/\" \/>\n<meta property=\"og:site_name\" content=\"Botniahalli\" \/>\n<meta property=\"article:modified_time\" content=\"2025-07-30T07:21:43+00:00\" \/>\n<meta name=\"twitter:card\" content=\"summary_large_image\" \/>\n<script type=\"application\/ld+json\" class=\"yoast-schema-graph\">{\"@context\":\"https:\\\/\\\/schema.org\",\"@graph\":[{\"@type\":\"WebPage\",\"@id\":\"https:\\\/\\\/www.vaasanseudunareenat.fi\\\/botniahalli\\\/sv\\\/inbody-matning\\\/\",\"url\":\"https:\\\/\\\/www.vaasanseudunareenat.fi\\\/botniahalli\\\/sv\\\/inbody-matning\\\/\",\"name\":\"InBody-m\u00e4tning - Botniahalli\",\"isPartOf\":{\"@id\":\"https:\\\/\\\/www.vaasanseudunareenat.fi\\\/botniahalli\\\/#website\"},\"datePublished\":\"2025-06-12T17:12:55+00:00\",\"dateModified\":\"2025-07-30T07:21:43+00:00\",\"breadcrumb\":{\"@id\":\"https:\\\/\\\/www.vaasanseudunareenat.fi\\\/botniahalli\\\/sv\\\/inbody-matning\\\/#breadcrumb\"},\"inLanguage\":\"en-US\",\"potentialAction\":[{\"@type\":\"ReadAction\",\"target\":[\"https:\\\/\\\/www.vaasanseudunareenat.fi\\\/botniahalli\\\/sv\\\/inbody-matning\\\/\"]}]},{\"@type\":\"BreadcrumbList\",\"@id\":\"https:\\\/\\\/www.vaasanseudunareenat.fi\\\/botniahalli\\\/sv\\\/inbody-matning\\\/#breadcrumb\",\"itemListElement\":[{\"@type\":\"ListItem\",\"position\":1,\"name\":\"Home\",\"item\":\"https:\\\/\\\/www.vaasanseudunareenat.fi\\\/botniahalli\\\/\"},{\"@type\":\"ListItem\",\"position\":2,\"name\":\"InBody-m\u00e4tning\"}]},{\"@type\":\"WebSite\",\"@id\":\"https:\\\/\\\/www.vaasanseudunareenat.fi\\\/botniahalli\\\/#website\",\"url\":\"https:\\\/\\\/www.vaasanseudunareenat.fi\\\/botniahalli\\\/\",\"name\":\"Botniahalli\",\"description\":\"\",\"potentialAction\":[{\"@type\":\"SearchAction\",\"target\":{\"@type\":\"EntryPoint\",\"urlTemplate\":\"https:\\\/\\\/www.vaasanseudunareenat.fi\\\/botniahalli\\\/?s={search_term_string}\"},\"query-input\":{\"@type\":\"PropertyValueSpecification\",\"valueRequired\":true,\"valueName\":\"search_term_string\"}}],\"inLanguage\":\"en-US\"}]}<\/script>\n<!-- \/ Yoast SEO plugin. -->","yoast_head_json":{"title":"InBody-m\u00e4tning - Botniahalli","robots":{"index":"index","follow":"follow","max-snippet":"max-snippet:-1","max-image-preview":"max-image-preview:large","max-video-preview":"max-video-preview:-1"},"canonical":"https:\/\/www.vaasanseudunareenat.fi\/botniahalli\/sv\/inbody-matning\/","og_locale":"en_US","og_type":"article","og_title":"InBody-m\u00e4tning - Botniahalli","og_url":"https:\/\/www.vaasanseudunareenat.fi\/botniahalli\/sv\/inbody-matning\/","og_site_name":"Botniahalli","article_modified_time":"2025-07-30T07:21:43+00:00","twitter_card":"summary_large_image","schema":{"@context":"https:\/\/schema.org","@graph":[{"@type":"WebPage","@id":"https:\/\/www.vaasanseudunareenat.fi\/botniahalli\/sv\/inbody-matning\/","url":"https:\/\/www.vaasanseudunareenat.fi\/botniahalli\/sv\/inbody-matning\/","name":"InBody-m\u00e4tning - Botniahalli","isPartOf":{"@id":"https:\/\/www.vaasanseudunareenat.fi\/botniahalli\/#website"},"datePublished":"2025-06-12T17:12:55+00:00","dateModified":"2025-07-30T07:21:43+00:00","breadcrumb":{"@id":"https:\/\/www.vaasanseudunareenat.fi\/botniahalli\/sv\/inbody-matning\/#breadcrumb"},"inLanguage":"en-US","potentialAction":[{"@type":"ReadAction","target":["https:\/\/www.vaasanseudunareenat.fi\/botniahalli\/sv\/inbody-matning\/"]}]},{"@type":"BreadcrumbList","@id":"https:\/\/www.vaasanseudunareenat.fi\/botniahalli\/sv\/inbody-matning\/#breadcrumb","itemListElement":[{"@type":"ListItem","position":1,"name":"Home","item":"https:\/\/www.vaasanseudunareenat.fi\/botniahalli\/"},{"@type":"ListItem","position":2,"name":"InBody-m\u00e4tning"}]},{"@type":"WebSite","@id":"https:\/\/www.vaasanseudunareenat.fi\/botniahalli\/#website","url":"https:\/\/www.vaasanseudunareenat.fi\/botniahalli\/","name":"Botniahalli","description":"","potentialAction":[{"@type":"SearchAction","target":{"@type":"EntryPoint","urlTemplate":"https:\/\/www.vaasanseudunareenat.fi\/botniahalli\/?s={search_term_string}"},"query-input":{"@type":"PropertyValueSpecification","valueRequired":true,"valueName":"search_term_string"}}],"inLanguage":"en-US"}]}},"lang":"sv","translations":{"sv":1234,"fi":521},"pll_sync_post":{},"_links":{"self":[{"href":"https:\/\/www.vaasanseudunareenat.fi\/botniahalli\/wp-json\/wp\/v2\/pages\/1234","targetHints":{"allow":["GET"]}}],"collection":[{"href":"https:\/\/www.vaasanseudunareenat.fi\/botniahalli\/wp-json\/wp\/v2\/pages"}],"about":[{"href":"https:\/\/www.vaasanseudunareenat.fi\/botniahalli\/wp-json\/wp\/v2\/types\/page"}],"author":[{"embeddable":true,"href":"https:\/\/www.vaasanseudunareenat.fi\/botniahalli\/wp-json\/wp\/v2\/users\/13"}],"replies":[{"embeddable":true,"href":"https:\/\/www.vaasanseudunareenat.fi\/botniahalli\/wp-json\/wp\/v2\/comments?post=1234"}],"version-history":[{"count":7,"href":"https:\/\/www.vaasanseudunareenat.fi\/botniahalli\/wp-json\/wp\/v2\/pages\/1234\/revisions"}],"predecessor-version":[{"id":1521,"href":"https:\/\/www.vaasanseudunareenat.fi\/botniahalli\/wp-json\/wp\/v2\/pages\/1234\/revisions\/1521"}],"wp:attachment":[{"href":"https:\/\/www.vaasanseudunareenat.fi\/botniahalli\/wp-json\/wp\/v2\/media?parent=1234"}],"curies":[{"name":"wp","href":"https:\/\/api.w.org\/{rel}","templated":true}]}}