{"id":1212,"date":"2025-06-11T20:42:56","date_gmt":"2025-06-11T17:42:56","guid":{"rendered":"https:\/\/www.vaasanseudunareenat.fi\/botniahalli\/?page_id=1212"},"modified":"2026-01-21T14:43:13","modified_gmt":"2026-01-21T12:43:13","slug":"prislistor","status":"publish","type":"page","link":"https:\/\/www.vaasanseudunareenat.fi\/botniahalli\/sv\/prislistor\/","title":{"rendered":"Prislistor"},"content":{"rendered":"\n<section class=\"block block-hero has-overlay\">\n\t<div class=\"hero-inner\">\n\t\t\t\t\t<div class=\"image-container background-container\">\n\t\t\t\t<img decoding=\"async\" width=\"1920\" height=\"1080\" src=\"https:\/\/www.vaasanseudunareenat.fi\/botniahalli\/wp-content\/uploads\/sites\/2\/2024\/11\/juoksu-ryhma-scaled-1-1920x1080.jpg\" class=\"img\" alt=\"\" fetchpriority=\"high\" srcset=\"https:\/\/www.vaasanseudunareenat.fi\/botniahalli\/wp-content\/uploads\/sites\/2\/2024\/11\/juoksu-ryhma-scaled-1-1920x1080.jpg 1920w, https:\/\/www.vaasanseudunareenat.fi\/botniahalli\/wp-content\/uploads\/sites\/2\/2024\/11\/juoksu-ryhma-scaled-1-1440x810.jpg 1440w, https:\/\/www.vaasanseudunareenat.fi\/botniahalli\/wp-content\/uploads\/sites\/2\/2024\/11\/juoksu-ryhma-scaled-1-1024x576.jpg 1024w, https:\/\/www.vaasanseudunareenat.fi\/botniahalli\/wp-content\/uploads\/sites\/2\/2024\/11\/juoksu-ryhma-scaled-1-768x432.jpg 768w, https:\/\/www.vaasanseudunareenat.fi\/botniahalli\/wp-content\/uploads\/sites\/2\/2024\/11\/juoksu-ryhma-scaled-1-576x324.jpg 576w\" sizes=\"(max-width: 1920px) 100vw, 1920px\" \/>\t\t\t<\/div>\n\t\t\t\n\t\t\t\t<div class=\"container text-center\">\n\t\t\t<div class=\"hero-content\">\n\t\t\t\t<h1 class=\"title h1\">Priser f\u00f6r Botniahallen<\/h1>\n\t\t\t\t\n\t\t\t\t\t\t\t<\/div>\n\t\t<\/div>\n\n\t\t<div class=\"hero-columns grid-columns-2\">\n\t\t\t\n\t\t\t\t\t<\/div>\n\t<\/div>\n<\/section>\n\n\n\n<section class=\"block block-banner layout-right theme-light has-image image-sizing-contain image-inside-container\">\n\t\t\t<div class=\"image-container \">\n\t\t\t<img loading=\"lazy\" decoding=\"async\" width=\"800\" height=\"800\" src=\"https:\/\/www.vaasanseudunareenat.fi\/botniahalli\/wp-content\/uploads\/sites\/2\/2025\/06\/halsa-upplevelser-motion-1024x1024.png\" class=\"img\" alt=\"\" srcset=\"https:\/\/www.vaasanseudunareenat.fi\/botniahalli\/wp-content\/uploads\/sites\/2\/2025\/06\/halsa-upplevelser-motion-1024x1024.png 1024w, https:\/\/www.vaasanseudunareenat.fi\/botniahalli\/wp-content\/uploads\/sites\/2\/2025\/06\/halsa-upplevelser-motion-300x300.png 300w, https:\/\/www.vaasanseudunareenat.fi\/botniahalli\/wp-content\/uploads\/sites\/2\/2025\/06\/halsa-upplevelser-motion-150x150.png 150w, https:\/\/www.vaasanseudunareenat.fi\/botniahalli\/wp-content\/uploads\/sites\/2\/2025\/06\/halsa-upplevelser-motion-768x768.png 768w, https:\/\/www.vaasanseudunareenat.fi\/botniahalli\/wp-content\/uploads\/sites\/2\/2025\/06\/halsa-upplevelser-motion-640x640.png 640w, https:\/\/www.vaasanseudunareenat.fi\/botniahalli\/wp-content\/uploads\/sites\/2\/2025\/06\/halsa-upplevelser-motion-420x420.png 420w, https:\/\/www.vaasanseudunareenat.fi\/botniahalli\/wp-content\/uploads\/sites\/2\/2025\/06\/halsa-upplevelser-motion-360x360.png 360w, https:\/\/www.vaasanseudunareenat.fi\/botniahalli\/wp-content\/uploads\/sites\/2\/2025\/06\/halsa-upplevelser-motion.png 1080w\" sizes=\"(max-width: 800px) 100vw, 800px\" \/>\t\t<\/div>\n\t\n\t\n\t<div class=\"container text-left\">\n\t\t<div class=\"content\">\n\t\t\t<h2 class=\"title h2\">Eng\u00e5ngsavgifter<\/h2>\t\t\t\t<div class=\"content-wysiwyg\">\n\t\t\t\t\t<ul>\n<li>Vuxna: 4,80\u202f\u20ac vardagar f\u00f6re kl. 16.00<\/li>\n<li>Vuxna: 7,50\u202f\u20ac vardagar efter kl. 16.00, l\u00f6\u2013s\u00f6 samt helgdagar<\/li>\n<li>Barn (4\u201317 \u00e5r): 3,80\u202f\u20ac<\/li>\n<li>Seniorer: 3,80\u202f\u20ac<\/li>\n<li>Grupptr\u00e4ning: 7,50\u202f\u20ac<\/li>\n<li>Grupptr\u00e4ning seniorer: 4,30\u202f\u20ac<\/li>\n<\/ul>\n\t\t\t\t<\/div>\n\t\t\t\t\n\t<ul class=\"buttons\">\n\t\t\t\t\t<li class=\"button-item\">\n\t\t\t\t<a href=\"#alla-priser\" class=\"link\" target=\"_self\">Se alla priser<\/a>\t\t\t<\/li>\n\t\t\t\t\t<li class=\"button-item\">\n\t\t\t\t<a href=\"https:\/\/www.vaasanseudunareenat.fi\/vaasan-sahko-areena\/hinnastot\/\" class=\"link\" target=\"_self\">Prislista f\u00f6r Vasa Elektriska Arena<\/a>\t\t\t<\/li>\n\t\t\t\t\t<li class=\"button-item\">\n\t\t\t\t<a href=\"https:\/\/www.vaasanseudunareenat.fi\/lemonsoft-stadion\/hinnastot\/\" class=\"link\" target=\"_self\">Prislista f\u00f6r Lemonsoft Stadion<\/a>\t\t\t<\/li>\n\t\t\t<\/ul>\n\t\t\t<\/div>\n\t<\/div>\n<\/section>\n\n\n\n<section class=\"block block-separator top-color-light shape-upward-arc\">\n\t<svg xmlns=\"http:\/\/www.w3.org\/2000\/svg\" height=\"100\" viewBox=\"0 0 100 100\" preserveAspectRatio=\"none\"><path d=\"M0 0v49.671s16.03-2.66 47.17-2.71S100 99.989 100 99.989V0z\" fill=\"#fff\"\/><\/svg><\/section>\n\n\n\n<section id=\"verkkokauppa\" class=\"block block-columns theme-white\">\n\t<div class=\"container\">\n\t\t\t\t\t<header class=\"header\">\n\t\t\t\t<h2 class=\"title h2\">Handla i webbutiken<\/h2>\n\t\t\t\t\t\t\t\t\t<div class=\"description\">\n\t\t\t\t\t\t<p>P\u00e5 grund av renoveringen och st\u00e4ngningen av Botniahallen rekommenderas att ink\u00f6p gjorda i b\u00f6rjan av 2025 anv\u00e4nds f\u00f6re 15.4.2025. Vid problem hj\u00e4lper vi bara under infons \u00f6ppettider! Kolla alltid Botniahallens \u00f6ppettider innan du g\u00f6r ett k\u00f6p!<\/p>\n\t\t\t\t\t<\/div>\n\t\t\t\t\t\t\t<\/header>\n\t\t\n\t\t\t\t\t<div class=\"columns grid-columns-2 text-left\">\n\t\t\t\t\t\t\t\t\t<div class=\"column\">\n\t\t\t\t\t\t\n\t\t\t\t\t\t\t\t\t\t\t\t\t<h3 class=\"title h3\">Produkter till salu i webbutiken:<\/h3>\t\t\t\t\t\t\n\t\t\t\t\t\t\t\t\t\t\t\t\t<div class=\"content content-wysiwyg\">\n\t\t\t\t\t\t\t\t<ul>\n<li>Vuxnas eng\u00e5ngsbes\u00f6k f\u00f6re kl. 16.00: 4,70 \u20ac\/g\u00e5ng<\/li>\n<li>Vuxnas eng\u00e5ngsbes\u00f6k efter kl. 16.00: 7,30 \u20ac\/g\u00e5ng<\/li>\n<li>Seniorer och barn (under 18 \u00e5r): 3,70 \u20ac\/g\u00e5ng<\/li>\n<\/ul>\n<p>\u00d6vriga produkter kan k\u00f6pas i Botniahallens info under \u00f6ppettiderna.<\/p>\n<p><strong>Observera att barn under 12 \u00e5r inte f\u00e5r vistas i hallen utan v\u00e5rdnadshavare.<\/strong><\/p>\n<p>F\u00f6r att handla online beh\u00f6ver du en dator eller mobil med internetuppkoppling, n\u00e4tbankskoder eller ett betalkort samt en fungerande e-postadress.<\/p>\n\t\t\t\t\t\t\t<\/div>\n\t\t\t\t\t\t\n\t\t\t\t\t\t\t\t\t\t\t<\/div>\n\t\t\t\t\t\t\t\t\t<div class=\"column\">\n\t\t\t\t\t\t\n\t\t\t\t\t\t\t\t\t\t\t\t\t<h3 class=\"title h3\">Hur sker laddningen?<\/h3>\t\t\t\t\t\t\n\t\t\t\t\t\t\t\t\t\t\t\t\t<div class=\"content content-wysiwyg\">\n\t\t\t\t\t\t\t\t<ol>\n<li>G\u00e5 till v\u00e5r webbutik via hemsidan<\/li>\n<li>V\u00e4lj produkt och tryck p\u00e5 &#8220;Forts\u00e4tt&#8221;-knappen<\/li>\n<li>L\u00e4s noggrant igenom webbutikens leveransvillkor och forts\u00e4tt<\/li>\n<li>Godk\u00e4nn best\u00e4llningen och ange din e-postadress dit du f\u00e5r en orderbekr\u00e4ftelse<\/li>\n<li>Godk\u00e4nn och g\u00e5 vidare till betalning<\/li>\n<li>V\u00e4lj din bank och betala med n\u00e4tbankskoder eller betalkort<\/li>\n<li>Efter betalningen \u2013 kom ih\u00e5g att \u00e5terv\u00e4nda till s\u00e4ljarens tj\u00e4nst<\/li>\n<li>Produktens kod visas direkt i webbl\u00e4saren efter betalningen. Du f\u00e5r dessutom koden och kvittot per e-post.<\/li>\n<li>Du kan l\u00e4sa av koden i Botniahallens l\u00e4sare vid ing\u00e5ngen<\/li>\n<li>Laddningen \u00e4r giltig i 7 dagar fr\u00e5n ink\u00f6psdatumet<\/li>\n<\/ol>\n<p><strong>Spara kvittot!<\/strong><\/p>\n\t\t\t\t\t\t\t<\/div>\n\t\t\t\t\t\t\n\t\t\t\t\t\t\t\t\t\t\t<\/div>\n\t\t\t\t\t\t\t<\/div>\n\t\t\n\t\t\t\t\t<footer class=\"footer\">\n\t\t\t\t\n\t<ul class=\"buttons\">\n\t\t\t\t\t<li class=\"button-item\">\n\t\t\t\t<a href=\"https:\/\/osteri.pusatec.fi\/sv\/botnia\" class=\"button\" target=\"_blank\">G\u00e5 till butiken<\/a>\t\t\t<\/li>\n\t\t\t\t\t<li class=\"button-item\">\n\t\t\t\t\t\t\t<\/li>\n\t\t\t<\/ul>\n\t\t\t\t<\/footer>\n\t\t\t<\/div>\n<\/section>\n\n\n\n<section class=\"block block-separator top-color-white shape-upward-arc\">\n\t<svg xmlns=\"http:\/\/www.w3.org\/2000\/svg\" height=\"100\" viewBox=\"0 0 100 100\" preserveAspectRatio=\"none\"><path d=\"M0 0v49.671s16.03-2.66 47.17-2.71S100 99.989 100 99.989V0z\" fill=\"#fff\"\/><\/svg><\/section>\n\n\n\n<section id=\"alla-priser\" class=\"block block-columns theme-light show-in-boxes\">\n\t<div class=\"container\">\n\t\t\t\t\t<header class=\"header\">\n\t\t\t\t<h2 class=\"title h2\">Se alla priser<\/h2>\n\t\t\t\t\t\t\t\t\t<div class=\"description\">\n\t\t\t\t\t\t<p>Priserna inkluderar 14 % moms.<br \/>\nF\u00f6r bastu, m\u00f6ten, omkl\u00e4dningsrum, utrustningsuthyrning och tester till\u00e4mpas 25,50 % moms.<\/p>\n<p>Bekanta dig med priserna nedan eller ladda prislistan som en <a href=\"https:\/\/www.vaasanseudunareenat.fi\/botniahalli\/wp-content\/uploads\/sites\/2\/2026\/01\/Prislista-2026-Botniahallen.pdf\">Prislista 2026 Botniahallen<\/a><\/p>\n\t\t\t\t\t<\/div>\n\t\t\t\t\t\t\t<\/header>\n\t\t\n\t\t\t\t\t<div class=\"columns grid-columns-3 text-left\">\n\t\t\t\t\t\t\t\t\t<div class=\"column\">\n\t\t\t\t\t\t\n\t\t\t\t\t\t<h3 class=\"title h4\"><a class=\"title-link\" href=\"#allmanhetens-avgifter\" target=\"_self\">Avgifter f\u00f6r fria tr\u00e4ningstider och \u00f6vriga priser<\/a><\/h3>\t\t\t\t\t\t\n\t\t\t\t\t\t\n\t\t\t\t\t\t\t\t\t\t\t<\/div>\n\t\t\t\t\t\t\t\t\t<div class=\"column\">\n\t\t\t\t\t\t\n\t\t\t\t\t\t<h3 class=\"title h4\"><a class=\"title-link\" href=\"#idrottsforeningar\" target=\"_self\">Idrottsf\u00f6reningar i Vasa och Korsholm<\/a><\/h3>\t\t\t\t\t\t\n\t\t\t\t\t\t\n\t\t\t\t\t\t\t\t\t\t\t<\/div>\n\t\t\t\t\t\t\t\t\t<div class=\"column\">\n\t\t\t\t\t\t\n\t\t\t\t\t\t\t\t\t\t\t\t\t<h3 class=\"title h4\">\u00d6vriga f\u00f6reningar och f\u00f6retag<\/h3>\t\t\t\t\t\t\n\t\t\t\t\t\t\t\t\t\t\t\t\t<div class=\"content content-wysiwyg\">\n\t\t\t\t\t\t\t\t<p>Du kan ocks\u00e5 boka en plan som privatperson.<\/p>\n\t\t\t\t\t\t\t<\/div>\n\t\t\t\t\t\t\n\t\t\t\t\t\t\t\t\t\t\t<\/div>\n\t\t\t\t\t\t\t<\/div>\n\t\t\n\t\t\t<\/div>\n<\/section>\n\n\n\n<h3 class=\"wp-block-heading\" id=\"allmanhetens-avgifter\">Avgifter f\u00f6r fria tr\u00e4ningstider och \u00f6vriga priser<\/h3>\n\n\n\n<table id=\"tablepress-6\" class=\"tablepress tablepress-id-6 tbody-has-connected-cells\">\n<thead>\n<tr class=\"row-1\">\n\t<td class=\"column-1\"><\/td><th class=\"column-2\"><h4> Vardagar f\u00f6re kl. 16<\/th><th class=\"column-3\"><h4> Vardagar efter kl. 16,<br \/>\nl\u00f6\u2013s\u00f6 och helgdagar<\/th>\n<\/tr>\n<\/thead>\n<tbody class=\"row-striping row-hover\">\n<tr class=\"row-2\">\n\t<td colspan=\"3\" class=\"column-1\"><h5>Eng\u00e5ngsavgifter<\/td>\n<\/tr>\n<tr class=\"row-3\">\n\t<td class=\"column-1\">Eng\u00e5ngsavgift vuxna<\/td><td class=\"column-2\">4,80<\/td><td class=\"column-3\">7,50<\/td>\n<\/tr>\n<tr class=\"row-4\">\n\t<td class=\"column-1\">Eng\u00e5ngsavgift f\u00f6r studerande(visa studiekort)<\/td><td class=\"column-2\">4,40<\/td><td class=\"column-3\">6,70<\/td>\n<\/tr>\n<tr class=\"row-5\">\n\t<td class=\"column-1\">Eng\u00e5ngsavgift barn (under 18 \u00e5r)<br \/>\nBarn under 4 \u00e5r gratis<\/td><td class=\"column-2\">3,80<\/td><td class=\"column-3\">3,80<\/td>\n<\/tr>\n<tr class=\"row-6\">\n\t<td class=\"column-1\">Eng\u00e5ngsavgift seniorer<\/td><td class=\"column-2\">3,80<\/td><td class=\"column-3\">3,80<\/td>\n<\/tr>\n<tr class=\"row-7\">\n\t<td class=\"column-1\">Grupptr\u00e4ning<\/td><td class=\"column-2\">7,50<\/td><td class=\"column-3\">7,50<\/td>\n<\/tr>\n<tr class=\"row-8\">\n\t<td class=\"column-1\">Grupptr\u00e4ning \/ seniorer<\/td><td class=\"column-2\">4,30<\/td><td class=\"column-3\">4,30<\/td>\n<\/tr>\n<tr class=\"row-9\">\n\t<td class=\"column-1\">Skolklass Vasa\u2013Korsholm vardagar \/ timme<\/td><td class=\"column-2\">36,00<\/td><td class=\"column-3\"><\/td>\n<\/tr>\n<tr class=\"row-10\">\n\t<td class=\"column-1\">Skolklass Vasa\u2013Korsholm turnering \/ timme<\/td><td class=\"column-2\">53,60<\/td><td class=\"column-3\"><\/td>\n<\/tr>\n<tr class=\"row-11\">\n\t<td colspan=\"3\" class=\"column-1\"><h5> Seriekort 10x (giltigt i 2 \u00e5r)<\/td>\n<\/tr>\n<tr class=\"row-12\">\n\t<td class=\"column-1\">Vuxna<\/td><td class=\"column-2\">42,70<\/td><td class=\"column-3\">66,30<\/td>\n<\/tr>\n<tr class=\"row-13\">\n\t<td class=\"column-1\">Barn 4\u201317 \u00e5r \/ Seniorer<\/td><td class=\"column-2\">33,20<\/td><td class=\"column-3\">33,20<\/td>\n<\/tr>\n<tr class=\"row-14\">\n\t<td class=\"column-1\">Avgift f\u00f6r nytt kort<\/td><td class=\"column-2\">5,00<\/td><td class=\"column-3\">5,00<\/td>\n<\/tr>\n<tr class=\"row-15\">\n\t<td colspan=\"3\" class=\"column-1\"><h5>\u00d6vriga priser<\/td>\n<\/tr>\n<tr class=\"row-16\">\n\t<td class=\"column-1\">Badmintonbana \/ timme<\/td><td class=\"column-2\">19,80<\/td><td class=\"column-3\">19,80<\/td>\n<\/tr>\n<tr class=\"row-17\">\n\t<td class=\"column-1\">Bordtennisbord \/ timme<\/td><td class=\"column-2\">19,80<\/td><td class=\"column-3\">19,80<\/td>\n<\/tr>\n<tr class=\"row-18\">\n\t<td class=\"column-1\">Botniakabinett (inkl. AV-utrustning)\/timme<\/td><td class=\"column-2\">31,50<\/td><td class=\"column-3\">31,50<\/td>\n<\/tr>\n<tr class=\"row-19\">\n\t<td colspan=\"3\" class=\"column-1\"><h5> Utrustningsuthyrning<\/td>\n<\/tr>\n<tr class=\"row-20\">\n\t<td class=\"column-1\">Inlines<\/td><td class=\"column-2\">5,80<\/td><td class=\"column-3\">5,80<\/td>\n<\/tr>\n<\/tbody>\n<tfoot>\n<tr class=\"row-21\">\n\t<th class=\"column-1\">Racketar och stavar<\/th><th class=\"column-2\">3,70<\/th><th class=\"column-3\">3,70<\/th>\n<\/tr>\n<\/tfoot>\n<\/table>\n\n\n\n\n<div style=\"height:48px\" aria-hidden=\"true\" class=\"wp-block-spacer\"><\/div>\n\n\n\n<h3 class=\"wp-block-heading\" id=\"idrottsforeningar\">Idrottsf\u00f6reningar i Vasa och Korsholm<\/h3>\n\n\n\n<table id=\"tablepress-7\" class=\"tablepress tablepress-id-7 tbody-has-connected-cells\">\n<thead>\n<tr class=\"row-1\">\n\t<th class=\"column-1\">AVGIFTER F\u00d6R PUBLIKA TIDER OCH ANDRA PRISER<\/th><th class=\"column-2\">Vardagar f\u00f6re kl. 16<\/th><th class=\"column-3\">Vardagar efter kl. 16,<br \/>\nl\u00f6r\u2013s\u00f6n och helgdagar<\/th>\n<\/tr>\n<\/thead>\n<tbody class=\"row-striping row-hover\">\n<tr class=\"row-2\">\n\t<td class=\"column-1\"><strong>BOLLPLAN<\/strong><\/td><td colspan=\"2\" class=\"column-2\"><strong>TR\u00c4NINGSPRISER \/ <br \/>\nTIMME<\/strong><\/td>\n<\/tr>\n<tr class=\"row-3\">\n\t<td class=\"column-1\">Hela planen inomhus<\/td><td class=\"column-2\">59,60<\/td><td class=\"column-3\">116,50<\/td>\n<\/tr>\n<tr class=\"row-4\">\n\t<td class=\"column-1\">1\/3 plan inomhus<\/td><td class=\"column-2\">25,80<\/td><td class=\"column-3\">51,30<\/td>\n<\/tr>\n<tr class=\"row-5\">\n\t<td class=\"column-1\">1\/2 plan inomhus (juni\u2013september)<\/td><td class=\"column-2\">37,70<\/td><td class=\"column-3\">78,40<\/td>\n<\/tr>\n<tr class=\"row-6\">\n\t<td colspan=\"3\" class=\"column-1\"><strong>UTOMHUSPLAN<\/strong><\/td>\n<\/tr>\n<tr class=\"row-7\">\n\t<td class=\"column-1\">Hel konstgr\u00e4splan utomhus<\/td><td class=\"column-2\">70,00<\/td><td class=\"column-3\">70,00<\/td>\n<\/tr>\n<tr class=\"row-8\">\n\t<td class=\"column-1\">1\/2 konstgr\u00e4splan utomhus<\/td><td class=\"column-2\">35,30<\/td><td class=\"column-3\">35,30<\/td>\n<\/tr>\n<tr class=\"row-9\">\n\t<td class=\"column-1\">Konstgr\u00e4splan utomhus (juni\u2013september)<\/td><td class=\"column-2\">31,50<\/td><td class=\"column-3\">31,50<\/td>\n<\/tr>\n<tr class=\"row-10\">\n\t<td class=\"column-1\">1\/2 konstgr\u00e4splan utomhus (juni\u2013september)<\/td><td class=\"column-2\">23,70<\/td><td class=\"column-3\">23,70<\/td>\n<\/tr>\n<tr class=\"row-11\">\n\t<td colspan=\"3\" class=\"column-1\"><strong>\u00d6VRIGA UTRYMMEN<\/strong><\/td>\n<\/tr>\n<tr class=\"row-12\">\n\t<td class=\"column-1\">Innebandy \/ Futsal<\/td><td class=\"column-2\">48,60<\/td><td class=\"column-3\">48,60<\/td>\n<\/tr>\n<tr class=\"row-13\">\n\t<td class=\"column-1\">Gymnastiksal<\/td><td class=\"column-2\">26,40<\/td><td class=\"column-3\">26,40<\/td>\n<\/tr>\n<tr class=\"row-14\">\n\t<td class=\"column-1\">Uppv\u00e4rmning \/ nedvarvningstid bokas separat. Pris \/ lag \/ timme i samband med tid<\/td><td class=\"column-2\">33,50<\/td><td class=\"column-3\">33,50<\/td>\n<\/tr>\n<tr class=\"row-15\">\n\t<td class=\"column-1\">Endast omkl\u00e4dningsrum<\/td><td class=\"column-2\">26,40<\/td><td class=\"column-3\">26,40<\/td>\n<\/tr>\n<tr class=\"row-16\">\n\t<td class=\"column-1\">Kabinettsrum f\u00f6r f\u00f6reningar \/ timme<\/td><td class=\"column-2\">19,70<\/td><td class=\"column-3\">19,70<\/td>\n<\/tr>\n<tr class=\"row-17\">\n\t<td class=\"column-1\"><strong>BOLLPLAN<\/strong><\/td><td colspan=\"2\" class=\"column-2\"><strong>TURNERINGS- OCH <br \/>\nMATCHPRISER \/ TIMME<\/strong><\/td>\n<\/tr>\n<tr class=\"row-18\">\n\t<td class=\"column-1\">Hela planen<\/td><td class=\"column-2\">89,20<\/td><td class=\"column-3\">174,50<\/td>\n<\/tr>\n<tr class=\"row-19\">\n\t<td class=\"column-1\">1\/3 plan inomhus<\/td><td class=\"column-2\">38,50<\/td><td class=\"column-3\">76,60<\/td>\n<\/tr>\n<tr class=\"row-20\">\n\t<td class=\"column-1\">1\/2 plan inomhus (juni\u2013september)<\/td><td class=\"column-2\">56,70<\/td><td class=\"column-3\">112,70<\/td>\n<\/tr>\n<tr class=\"row-21\">\n\t<td class=\"column-1\">Hela hallen bokad \/ timme (matcher, turneringar och t\u00e4vlingar)<\/td><td class=\"column-2\"><\/td><td class=\"column-3\">315,60<\/td>\n<\/tr>\n<tr class=\"row-22\">\n\t<td class=\"column-1\"><strong>UTOMHUSPLAN<\/strong><\/td><td class=\"column-2\"><\/td><td class=\"column-3\"><\/td>\n<\/tr>\n<tr class=\"row-23\">\n\t<td class=\"column-1\">Hel konstgr\u00e4splan utomhus<\/td><td class=\"column-2\">104,90<\/td><td class=\"column-3\">104,90<\/td>\n<\/tr>\n<tr class=\"row-24\">\n\t<td class=\"column-1\">1\/2 konstgr\u00e4splan utomhus<\/td><td class=\"column-2\">52,60<\/td><td class=\"column-3\">52,60<\/td>\n<\/tr>\n<tr class=\"row-25\">\n\t<td class=\"column-1\">Konstgr\u00e4splan utomhus (juni\u2013september)<\/td><td class=\"column-2\">31,50<\/td><td class=\"column-3\">31,50<\/td>\n<\/tr>\n<tr class=\"row-26\">\n\t<td class=\"column-1\">1\/2 konstgr\u00e4splan utomhus (juni\u2013september)<\/td><td class=\"column-2\">23,70<\/td><td class=\"column-3\">23,70<\/td>\n<\/tr>\n<tr class=\"row-27\">\n\t<td colspan=\"3\" class=\"column-1\"><strong>INNEBANDY \/ FUTSAL<\/strong><\/td>\n<\/tr>\n<tr class=\"row-28\">\n\t<td class=\"column-1\">Match eller turnering<\/td><td class=\"column-2\">72,80<\/td><td class=\"column-3\">72,80<\/td>\n<\/tr>\n<\/tbody>\n<tfoot>\n<tr class=\"row-29\">\n\t<th colspan=\"3\" class=\"column-1\"><strong>I priserna ing\u00e5r 14 % moms. Bastu, m\u00f6ten, omkl\u00e4dningsrum, utrustningsuthyrning och tester 25,50 %.<\/strong><\/th>\n<\/tr>\n<\/tfoot>\n<\/table>\n\n\n\n\n<p><\/p>\n","protected":false},"excerpt":{"rendered":"<p>Avgifter f\u00f6r fria tr\u00e4ningstider och \u00f6vriga priser Idrottsf\u00f6reningar i Vasa och Korsholm<\/p>\n","protected":false},"author":13,"featured_media":0,"parent":0,"menu_order":0,"comment_status":"closed","ping_status":"closed","template":"","meta":{"_acf_changed":false,"footnotes":""},"class_list":["post-1212","page","type-page","status-publish","hentry"],"acf":[],"yoast_head":"<!-- This site is optimized with the Yoast SEO plugin v27.4 - https:\/\/yoast.com\/product\/yoast-seo-wordpress\/ -->\n<title>Prislistor - Botniahalli<\/title>\n<meta name=\"robots\" content=\"index, follow, max-snippet:-1, max-image-preview:large, max-video-preview:-1\" \/>\n<link rel=\"canonical\" href=\"https:\/\/www.vaasanseudunareenat.fi\/botniahalli\/sv\/prislistor\/\" \/>\n<meta property=\"og:locale\" content=\"en_US\" \/>\n<meta property=\"og:type\" content=\"article\" \/>\n<meta property=\"og:title\" content=\"Prislistor - Botniahalli\" \/>\n<meta property=\"og:description\" content=\"Avgifter f\u00f6r fria tr\u00e4ningstider och \u00f6vriga priser Idrottsf\u00f6reningar i Vasa och Korsholm\" \/>\n<meta property=\"og:url\" content=\"https:\/\/www.vaasanseudunareenat.fi\/botniahalli\/sv\/prislistor\/\" \/>\n<meta property=\"og:site_name\" content=\"Botniahalli\" \/>\n<meta property=\"article:modified_time\" content=\"2026-01-21T12:43:13+00:00\" \/>\n<meta name=\"twitter:card\" content=\"summary_large_image\" \/>\n<meta name=\"twitter:label1\" content=\"Est. reading time\" \/>\n\t<meta name=\"twitter:data1\" content=\"1 minute\" \/>\n<script type=\"application\/ld+json\" class=\"yoast-schema-graph\">{\"@context\":\"https:\\\/\\\/schema.org\",\"@graph\":[{\"@type\":\"WebPage\",\"@id\":\"https:\\\/\\\/www.vaasanseudunareenat.fi\\\/botniahalli\\\/sv\\\/prislistor\\\/\",\"url\":\"https:\\\/\\\/www.vaasanseudunareenat.fi\\\/botniahalli\\\/sv\\\/prislistor\\\/\",\"name\":\"Prislistor - Botniahalli\",\"isPartOf\":{\"@id\":\"https:\\\/\\\/www.vaasanseudunareenat.fi\\\/botniahalli\\\/#website\"},\"datePublished\":\"2025-06-11T17:42:56+00:00\",\"dateModified\":\"2026-01-21T12:43:13+00:00\",\"breadcrumb\":{\"@id\":\"https:\\\/\\\/www.vaasanseudunareenat.fi\\\/botniahalli\\\/sv\\\/prislistor\\\/#breadcrumb\"},\"inLanguage\":\"en-US\",\"potentialAction\":[{\"@type\":\"ReadAction\",\"target\":[\"https:\\\/\\\/www.vaasanseudunareenat.fi\\\/botniahalli\\\/sv\\\/prislistor\\\/\"]}]},{\"@type\":\"BreadcrumbList\",\"@id\":\"https:\\\/\\\/www.vaasanseudunareenat.fi\\\/botniahalli\\\/sv\\\/prislistor\\\/#breadcrumb\",\"itemListElement\":[{\"@type\":\"ListItem\",\"position\":1,\"name\":\"Home\",\"item\":\"https:\\\/\\\/www.vaasanseudunareenat.fi\\\/botniahalli\\\/\"},{\"@type\":\"ListItem\",\"position\":2,\"name\":\"Prislistor\"}]},{\"@type\":\"WebSite\",\"@id\":\"https:\\\/\\\/www.vaasanseudunareenat.fi\\\/botniahalli\\\/#website\",\"url\":\"https:\\\/\\\/www.vaasanseudunareenat.fi\\\/botniahalli\\\/\",\"name\":\"Botniahalli\",\"description\":\"\",\"potentialAction\":[{\"@type\":\"SearchAction\",\"target\":{\"@type\":\"EntryPoint\",\"urlTemplate\":\"https:\\\/\\\/www.vaasanseudunareenat.fi\\\/botniahalli\\\/?s={search_term_string}\"},\"query-input\":{\"@type\":\"PropertyValueSpecification\",\"valueRequired\":true,\"valueName\":\"search_term_string\"}}],\"inLanguage\":\"en-US\"}]}<\/script>\n<!-- \/ Yoast SEO plugin. -->","yoast_head_json":{"title":"Prislistor - Botniahalli","robots":{"index":"index","follow":"follow","max-snippet":"max-snippet:-1","max-image-preview":"max-image-preview:large","max-video-preview":"max-video-preview:-1"},"canonical":"https:\/\/www.vaasanseudunareenat.fi\/botniahalli\/sv\/prislistor\/","og_locale":"en_US","og_type":"article","og_title":"Prislistor - Botniahalli","og_description":"Avgifter f\u00f6r fria tr\u00e4ningstider och \u00f6vriga priser Idrottsf\u00f6reningar i Vasa och Korsholm","og_url":"https:\/\/www.vaasanseudunareenat.fi\/botniahalli\/sv\/prislistor\/","og_site_name":"Botniahalli","article_modified_time":"2026-01-21T12:43:13+00:00","twitter_card":"summary_large_image","twitter_misc":{"Est. reading time":"1 minute"},"schema":{"@context":"https:\/\/schema.org","@graph":[{"@type":"WebPage","@id":"https:\/\/www.vaasanseudunareenat.fi\/botniahalli\/sv\/prislistor\/","url":"https:\/\/www.vaasanseudunareenat.fi\/botniahalli\/sv\/prislistor\/","name":"Prislistor - Botniahalli","isPartOf":{"@id":"https:\/\/www.vaasanseudunareenat.fi\/botniahalli\/#website"},"datePublished":"2025-06-11T17:42:56+00:00","dateModified":"2026-01-21T12:43:13+00:00","breadcrumb":{"@id":"https:\/\/www.vaasanseudunareenat.fi\/botniahalli\/sv\/prislistor\/#breadcrumb"},"inLanguage":"en-US","potentialAction":[{"@type":"ReadAction","target":["https:\/\/www.vaasanseudunareenat.fi\/botniahalli\/sv\/prislistor\/"]}]},{"@type":"BreadcrumbList","@id":"https:\/\/www.vaasanseudunareenat.fi\/botniahalli\/sv\/prislistor\/#breadcrumb","itemListElement":[{"@type":"ListItem","position":1,"name":"Home","item":"https:\/\/www.vaasanseudunareenat.fi\/botniahalli\/"},{"@type":"ListItem","position":2,"name":"Prislistor"}]},{"@type":"WebSite","@id":"https:\/\/www.vaasanseudunareenat.fi\/botniahalli\/#website","url":"https:\/\/www.vaasanseudunareenat.fi\/botniahalli\/","name":"Botniahalli","description":"","potentialAction":[{"@type":"SearchAction","target":{"@type":"EntryPoint","urlTemplate":"https:\/\/www.vaasanseudunareenat.fi\/botniahalli\/?s={search_term_string}"},"query-input":{"@type":"PropertyValueSpecification","valueRequired":true,"valueName":"search_term_string"}}],"inLanguage":"en-US"}]}},"lang":"sv","translations":{"sv":1212,"fi":133},"pll_sync_post":[],"_links":{"self":[{"href":"https:\/\/www.vaasanseudunareenat.fi\/botniahalli\/wp-json\/wp\/v2\/pages\/1212","targetHints":{"allow":["GET"]}}],"collection":[{"href":"https:\/\/www.vaasanseudunareenat.fi\/botniahalli\/wp-json\/wp\/v2\/pages"}],"about":[{"href":"https:\/\/www.vaasanseudunareenat.fi\/botniahalli\/wp-json\/wp\/v2\/types\/page"}],"author":[{"embeddable":true,"href":"https:\/\/www.vaasanseudunareenat.fi\/botniahalli\/wp-json\/wp\/v2\/users\/13"}],"replies":[{"embeddable":true,"href":"https:\/\/www.vaasanseudunareenat.fi\/botniahalli\/wp-json\/wp\/v2\/comments?post=1212"}],"version-history":[{"count":16,"href":"https:\/\/www.vaasanseudunareenat.fi\/botniahalli\/wp-json\/wp\/v2\/pages\/1212\/revisions"}],"predecessor-version":[{"id":1945,"href":"https:\/\/www.vaasanseudunareenat.fi\/botniahalli\/wp-json\/wp\/v2\/pages\/1212\/revisions\/1945"}],"wp:attachment":[{"href":"https:\/\/www.vaasanseudunareenat.fi\/botniahalli\/wp-json\/wp\/v2\/media?parent=1212"}],"curies":[{"name":"wp","href":"https:\/\/api.w.org\/{rel}","templated":true}]}}